{"id":11933,"date":"2025-11-03T20:10:33","date_gmt":"2025-11-03T19:10:33","guid":{"rendered":"https:\/\/malenki.net\/?post_type=product&#038;p=11933"},"modified":"2026-03-29T18:33:52","modified_gmt":"2026-03-29T16:33:52","slug":"masse","status":"publish","type":"product","link":"https:\/\/malenki.net\/de\/produkt\/masse\/","title":{"rendered":"Masse"},"content":{"rendered":"<p>Michael Gessners Arbeit \u201eMasse\u201c wirft ein neues, scharfes Licht auf die im Alltag eingebetteten Zeichen der \u00dcberwachung. Das Fotobuch, das als soziologische Untersuchung des Massenverhaltens im digitalen Zeitalter konzipiert wurde, l\u00e4dt zur Betrachtung der unz\u00e4hligen Arten ein, wie Individuen \u00fcberwacht werden \u2013 und wie sie sich selbst \u00fcberwachen \u2013 w\u00e4hrend sie die verschwimmenden Grenzen zwischen der digitalen und der physischen Welt \u00fcberschreiten.<\/p>\n<p><em>Masse<\/em> beginnt mit einem Bild, das ein Paar gl\u00e4nzender Bronzet\u00fcren zeigt. Der Blick wird auf einen schwarzen Kasten gelenkt, der schr\u00e4g \u00fcber dem Eingang angebracht ist. Was sieht es? Und wer schaut zu? Obwohl die Fragen unbeantwortet bleiben, ist der Ton f\u00fcr die folgenden Seiten gesetzt, die Gessners k\u00fcnstlerisches Geschick offenbaren, indem er nahtlos von hyperstilisierten Aufnahmen von Hardware zu klassischen Architekturfotos, collagierten Fitbits, verschmierten Abdr\u00fccken, die die Bewegung von Fingerabdr\u00fccken auf einem Bildschirm nachzeichnen, und beschnittenen Stra\u00dfenansichten in Berlin, Seoul und New York \u00fcbergeht. Satellitenanlagen auf D\u00e4chern, Funkt\u00fcrme und \u00dcberwachungskameras werden aus ihrem Umfeld herausgel\u00f6st und distanziert, pr\u00e4zise untersucht.<\/p>\n<p>\u00dcberall verstreut zeigt eine Serie von sechs abstrakten Werken Bruchst\u00fccke einer Leiterplatte, die in immer kleinere Fragmente zerfallen \u2013 w\u00e4hrend Spuren der \u00dcberwachungsgesellschaft in den Fokus r\u00fccken, wird auch die digitale Kopie des Selbst zunehmend differenzierter. In Gessners Werken steht die zur\u00fcckhaltende Verf\u00fchrungskraft seiner Bildsprache, die er mit unfehlbarer Pr\u00e4zision ausf\u00fchrt, in starkem Kontrast zur Komplexit\u00e4t des Themas, das seine Kamera untersucht. In ein gedankliches Panoptikum gelockt, blickt der Betrachter vom Rand hinein und schaut aus dem Zentrum der Masse hinaus; er ist zugleich Beobachter und Beobachtetes.<\/p>\n","protected":false},"excerpt":{"rendered":"<p>Michael Gessners Arbeit \u201eMasse\u201c wirft ein neues, scharfes Licht auf die im Alltag eingebetteten Zeichen der \u00dcberwachung. Das Fotobuch, das als soziologische Untersuchung des Massenverhaltens im digitalen Zeitalter konzipiert wurde, l\u00e4dt zur Betrachtung der unz\u00e4hligen Arten ein, wie Individuen \u00fcberwacht werden \u2013 und wie sie sich selbst \u00fcberwachen \u2013 w\u00e4hrend sie die verschwimmenden Grenzen zwischen&hellip; <a class=\"more-link\" href=\"https:\/\/malenki.net\/de\/produkt\/masse\/\"><span class=\"screen-reader-text\">Masse<\/span> weiterlesen<\/a><\/p>\n","protected":false},"featured_media":11980,"template":"","meta":{"pgc_sgb_lightbox_settings":""},"product_brand":[],"product_cat":[6532],"product_tag":[6666,6668,6549,6546,4865,6539,5081,6667],"class_list":{"0":"post-11933","1":"product","2":"type-product","3":"status-publish","4":"has-post-thumbnail","6":"product_cat-michael-gessner","7":"product_tag-digitales-zeitalter","8":"product_tag-drittel-books","9":"product_tag-gessner","10":"product_tag-michael-gessner","11":"product_tag-offentlicher-raum","12":"product_tag-ramon-reichert","13":"product_tag-stadtlandschaft","14":"product_tag-uberwachung","15":"entry","17":"first","18":"instock","19":"shipping-taxable","20":"purchasable","21":"product-type-simple"},"yoast_head":"<!-- This site is optimized with the Yoast SEO plugin v27.2 - https:\/\/yoast.com\/product\/yoast-seo-wordpress\/ -->\n<title>malenki.net | Masse | Michael Gessner<\/title>\n<meta name=\"robots\" content=\"index, follow, max-snippet:-1, max-image-preview:large, max-video-preview:-1\" \/>\n<link rel=\"canonical\" href=\"https:\/\/malenki.net\/de\/produkt\/masse\/\" \/>\n<meta property=\"og:locale\" content=\"de_DE\" \/>\n<meta property=\"og:type\" content=\"article\" \/>\n<meta property=\"og:title\" content=\"malenki.net | Masse | Michael Gessner\" \/>\n<meta property=\"og:description\" content=\"Michael Gessners Arbeit \u201eMasse\u201c wirft ein neues, scharfes Licht auf die im Alltag eingebetteten Zeichen der \u00dcberwachung. Das Fotobuch, das als soziologische Untersuchung des Massenverhaltens im digitalen Zeitalter konzipiert wurde, l\u00e4dt zur Betrachtung der unz\u00e4hligen Arten ein, wie Individuen \u00fcberwacht werden \u2013 und wie sie sich selbst \u00fcberwachen \u2013 w\u00e4hrend sie die verschwimmenden Grenzen zwischen&hellip; Masse weiterlesen\" \/>\n<meta property=\"og:url\" content=\"https:\/\/malenki.net\/de\/produkt\/masse\/\" \/>\n<meta property=\"og:site_name\" content=\"malenki.net\" \/>\n<meta property=\"article:publisher\" content=\"https:\/\/www.facebook.com\/malenki.editionen\/\" \/>\n<meta property=\"article:modified_time\" content=\"2026-03-29T16:33:52+00:00\" \/>\n<meta property=\"og:image\" content=\"https:\/\/malenki.net\/wp-content\/uploads\/2025\/12\/Michael-Gessner-Masse-600x750-01.jpg\" \/>\n\t<meta property=\"og:image:width\" content=\"751\" \/>\n\t<meta property=\"og:image:height\" content=\"600\" \/>\n\t<meta property=\"og:image:type\" content=\"image\/jpeg\" \/>\n<meta name=\"twitter:card\" content=\"summary_large_image\" \/>\n<meta name=\"twitter:label1\" content=\"Gesch\u00e4tzte Lesezeit\" \/>\n\t<meta name=\"twitter:data1\" content=\"1\u00a0Minute\" \/>\n<script type=\"application\/ld+json\" class=\"yoast-schema-graph\">{\"@context\":\"https:\/\/schema.org\",\"@graph\":[{\"@type\":\"WebPage\",\"@id\":\"https:\/\/malenki.net\/de\/produkt\/masse\/\",\"url\":\"https:\/\/malenki.net\/de\/produkt\/masse\/\",\"name\":\"malenki.net | Masse | Michael Gessner\",\"isPartOf\":{\"@id\":\"https:\/\/malenki.net\/de\/#website\"},\"primaryImageOfPage\":{\"@id\":\"https:\/\/malenki.net\/de\/produkt\/masse\/#primaryimage\"},\"image\":{\"@id\":\"https:\/\/malenki.net\/de\/produkt\/masse\/#primaryimage\"},\"thumbnailUrl\":\"https:\/\/malenki.net\/wp-content\/uploads\/2025\/12\/Michael-Gessner-Masse-600x750-01.jpg\",\"datePublished\":\"2025-11-03T19:10:33+00:00\",\"dateModified\":\"2026-03-29T16:33:52+00:00\",\"breadcrumb\":{\"@id\":\"https:\/\/malenki.net\/de\/produkt\/masse\/#breadcrumb\"},\"inLanguage\":\"de\",\"potentialAction\":[{\"@type\":\"ReadAction\",\"target\":[\"https:\/\/malenki.net\/de\/produkt\/masse\/\"]}]},{\"@type\":\"ImageObject\",\"inLanguage\":\"de\",\"@id\":\"https:\/\/malenki.net\/de\/produkt\/masse\/#primaryimage\",\"url\":\"https:\/\/malenki.net\/wp-content\/uploads\/2025\/12\/Michael-Gessner-Masse-600x750-01.jpg\",\"contentUrl\":\"https:\/\/malenki.net\/wp-content\/uploads\/2025\/12\/Michael-Gessner-Masse-600x750-01.jpg\",\"width\":751,\"height\":600,\"caption\":\"Michael Gessner \u2014 Masse\"},{\"@type\":\"BreadcrumbList\",\"@id\":\"https:\/\/malenki.net\/de\/produkt\/masse\/#breadcrumb\",\"itemListElement\":[{\"@type\":\"ListItem\",\"position\":1,\"name\":\"Home\",\"item\":\"https:\/\/malenki.net\/de\/\"},{\"@type\":\"ListItem\",\"position\":2,\"name\":\"Editionen\",\"item\":\"https:\/\/malenki.net\/de\/\"},{\"@type\":\"ListItem\",\"position\":3,\"name\":\"Masse\"}]},{\"@type\":\"WebSite\",\"@id\":\"https:\/\/malenki.net\/de\/#website\",\"url\":\"https:\/\/malenki.net\/de\/\",\"name\":\"malenki.net\",\"description\":\"Fotografie Editionen\",\"publisher\":{\"@id\":\"https:\/\/malenki.net\/de\/#organization\"},\"potentialAction\":[{\"@type\":\"SearchAction\",\"target\":{\"@type\":\"EntryPoint\",\"urlTemplate\":\"https:\/\/malenki.net\/de\/?s={search_term_string}\"},\"query-input\":{\"@type\":\"PropertyValueSpecification\",\"valueRequired\":true,\"valueName\":\"search_term_string\"}}],\"inLanguage\":\"de\"},{\"@type\":\"Organization\",\"@id\":\"https:\/\/malenki.net\/de\/#organization\",\"name\":\"malenki.net\",\"url\":\"https:\/\/malenki.net\/de\/\",\"logo\":{\"@type\":\"ImageObject\",\"inLanguage\":\"de\",\"@id\":\"https:\/\/malenki.net\/de\/#\/schema\/logo\/image\/\",\"url\":\"https:\/\/malenki.net\/wp-content\/uploads\/2023\/03\/malenki-logo-2019.gif\",\"contentUrl\":\"https:\/\/malenki.net\/wp-content\/uploads\/2023\/03\/malenki-logo-2019.gif\",\"width\":524,\"height\":138,\"caption\":\"malenki.net\"},\"image\":{\"@id\":\"https:\/\/malenki.net\/de\/#\/schema\/logo\/image\/\"},\"sameAs\":[\"https:\/\/www.facebook.com\/malenki.editionen\/\",\"https:\/\/www.instagram.com\/malenkinet\/\"]}]}<\/script>\n<!-- \/ Yoast SEO plugin. -->","yoast_head_json":{"title":"malenki.net | Masse | Michael Gessner","robots":{"index":"index","follow":"follow","max-snippet":"max-snippet:-1","max-image-preview":"max-image-preview:large","max-video-preview":"max-video-preview:-1"},"canonical":"https:\/\/malenki.net\/de\/produkt\/masse\/","og_locale":"de_DE","og_type":"article","og_title":"malenki.net | Masse | Michael Gessner","og_description":"Michael Gessners Arbeit \u201eMasse\u201c wirft ein neues, scharfes Licht auf die im Alltag eingebetteten Zeichen der \u00dcberwachung. Das Fotobuch, das als soziologische Untersuchung des Massenverhaltens im digitalen Zeitalter konzipiert wurde, l\u00e4dt zur Betrachtung der unz\u00e4hligen Arten ein, wie Individuen \u00fcberwacht werden \u2013 und wie sie sich selbst \u00fcberwachen \u2013 w\u00e4hrend sie die verschwimmenden Grenzen zwischen&hellip; Masse weiterlesen","og_url":"https:\/\/malenki.net\/de\/produkt\/masse\/","og_site_name":"malenki.net","article_publisher":"https:\/\/www.facebook.com\/malenki.editionen\/","article_modified_time":"2026-03-29T16:33:52+00:00","og_image":[{"width":751,"height":600,"url":"https:\/\/malenki.net\/wp-content\/uploads\/2025\/12\/Michael-Gessner-Masse-600x750-01.jpg","type":"image\/jpeg"}],"twitter_card":"summary_large_image","twitter_misc":{"Gesch\u00e4tzte Lesezeit":"1\u00a0Minute"},"schema":{"@context":"https:\/\/schema.org","@graph":[{"@type":"WebPage","@id":"https:\/\/malenki.net\/de\/produkt\/masse\/","url":"https:\/\/malenki.net\/de\/produkt\/masse\/","name":"malenki.net | Masse | Michael Gessner","isPartOf":{"@id":"https:\/\/malenki.net\/de\/#website"},"primaryImageOfPage":{"@id":"https:\/\/malenki.net\/de\/produkt\/masse\/#primaryimage"},"image":{"@id":"https:\/\/malenki.net\/de\/produkt\/masse\/#primaryimage"},"thumbnailUrl":"https:\/\/malenki.net\/wp-content\/uploads\/2025\/12\/Michael-Gessner-Masse-600x750-01.jpg","datePublished":"2025-11-03T19:10:33+00:00","dateModified":"2026-03-29T16:33:52+00:00","breadcrumb":{"@id":"https:\/\/malenki.net\/de\/produkt\/masse\/#breadcrumb"},"inLanguage":"de","potentialAction":[{"@type":"ReadAction","target":["https:\/\/malenki.net\/de\/produkt\/masse\/"]}]},{"@type":"ImageObject","inLanguage":"de","@id":"https:\/\/malenki.net\/de\/produkt\/masse\/#primaryimage","url":"https:\/\/malenki.net\/wp-content\/uploads\/2025\/12\/Michael-Gessner-Masse-600x750-01.jpg","contentUrl":"https:\/\/malenki.net\/wp-content\/uploads\/2025\/12\/Michael-Gessner-Masse-600x750-01.jpg","width":751,"height":600,"caption":"Michael Gessner \u2014 Masse"},{"@type":"BreadcrumbList","@id":"https:\/\/malenki.net\/de\/produkt\/masse\/#breadcrumb","itemListElement":[{"@type":"ListItem","position":1,"name":"Home","item":"https:\/\/malenki.net\/de\/"},{"@type":"ListItem","position":2,"name":"Editionen","item":"https:\/\/malenki.net\/de\/"},{"@type":"ListItem","position":3,"name":"Masse"}]},{"@type":"WebSite","@id":"https:\/\/malenki.net\/de\/#website","url":"https:\/\/malenki.net\/de\/","name":"malenki.net","description":"Fotografie Editionen","publisher":{"@id":"https:\/\/malenki.net\/de\/#organization"},"potentialAction":[{"@type":"SearchAction","target":{"@type":"EntryPoint","urlTemplate":"https:\/\/malenki.net\/de\/?s={search_term_string}"},"query-input":{"@type":"PropertyValueSpecification","valueRequired":true,"valueName":"search_term_string"}}],"inLanguage":"de"},{"@type":"Organization","@id":"https:\/\/malenki.net\/de\/#organization","name":"malenki.net","url":"https:\/\/malenki.net\/de\/","logo":{"@type":"ImageObject","inLanguage":"de","@id":"https:\/\/malenki.net\/de\/#\/schema\/logo\/image\/","url":"https:\/\/malenki.net\/wp-content\/uploads\/2023\/03\/malenki-logo-2019.gif","contentUrl":"https:\/\/malenki.net\/wp-content\/uploads\/2023\/03\/malenki-logo-2019.gif","width":524,"height":138,"caption":"malenki.net"},"image":{"@id":"https:\/\/malenki.net\/de\/#\/schema\/logo\/image\/"},"sameAs":["https:\/\/www.facebook.com\/malenki.editionen\/","https:\/\/www.instagram.com\/malenkinet\/"]}]}},"wps_subtitle":"Michael Gessner","_links":{"self":[{"href":"https:\/\/malenki.net\/de\/wp-json\/wp\/v2\/product\/11933","targetHints":{"allow":["GET"]}}],"collection":[{"href":"https:\/\/malenki.net\/de\/wp-json\/wp\/v2\/product"}],"about":[{"href":"https:\/\/malenki.net\/de\/wp-json\/wp\/v2\/types\/product"}],"wp:featuredmedia":[{"embeddable":true,"href":"https:\/\/malenki.net\/de\/wp-json\/wp\/v2\/media\/11980"}],"wp:attachment":[{"href":"https:\/\/malenki.net\/de\/wp-json\/wp\/v2\/media?parent=11933"}],"wp:term":[{"taxonomy":"product_brand","embeddable":true,"href":"https:\/\/malenki.net\/de\/wp-json\/wp\/v2\/product_brand?post=11933"},{"taxonomy":"product_cat","embeddable":true,"href":"https:\/\/malenki.net\/de\/wp-json\/wp\/v2\/product_cat?post=11933"},{"taxonomy":"product_tag","embeddable":true,"href":"https:\/\/malenki.net\/de\/wp-json\/wp\/v2\/product_tag?post=11933"}],"curies":[{"name":"wp","href":"https:\/\/api.w.org\/{rel}","templated":true}]}}