{"id":11875,"date":"2025-11-26T21:27:05","date_gmt":"2025-11-26T20:27:05","guid":{"rendered":"https:\/\/malenki.net\/?post_type=product&#038;p=11875"},"modified":"2025-11-27T13:05:51","modified_gmt":"2025-11-27T12:05:51","slug":"gutschein","status":"publish","type":"product","link":"https:\/\/malenki.net\/de\/produkt\/gutschein\/","title":{"rendered":"Gutschein"},"content":{"rendered":"<p>Verschenke Freude mit einem Gutschein von malenki.net f\u00fcr Fotob\u00fccher, Editionen und andere Druckerzeugnisse. Du hast die Wahl zwischen Betr\u00e4gen von 10 EUR bis 100 EUR. <\/p>\n<p>&nbsp;<\/p>\n<p>Wir bieten digitale Gutscheine an. Nach Abschluss Deiner Bestellung erh\u00e4ltst du eine PDF-Datei mit einem Gutscheincode. Der Gutschein ist drei Jahre g\u00fcltig. Eine Barauszahlung des Gutscheinbetrags ist nicht m\u00f6glich.. Wenn nach Einl\u00f6sung ein Restguthaben vorhanden ist, kann dieses f\u00fcr einen zuk\u00fcnftigen Einkauf verwendet werden.    <\/p>\n","protected":false},"excerpt":{"rendered":"<p>Gutschein f\u00fcr Fotob\u00fccher, Editionen und andere Druckerzeugnisse.<\/p>\n","protected":false},"featured_media":11920,"template":"","meta":{"pgc_sgb_lightbox_settings":""},"product_brand":[],"product_cat":[6534],"product_tag":[6558,6562,6611,6563,6541,6613],"class_list":{"0":"post-11875","1":"product","2":"type-product","3":"status-publish","4":"has-post-thumbnail","6":"product_cat-gutscheine","7":"product_tag-featured","8":"product_tag-fotobuch-gutschein","9":"product_tag-fotobuch-gutschein-2","10":"product_tag-geschenkgutschein","11":"product_tag-gutschein","12":"product_tag-gutschein-2","13":"entry","15":"first","16":"instock","17":"shipping-taxable","18":"purchasable","19":"product-type-variable"},"yoast_head":"<!-- This site is optimized with the Yoast SEO plugin v27.2 - https:\/\/yoast.com\/product\/yoast-seo-wordpress\/ -->\n<title>malenki.net | Gutschein |<\/title>\n<meta name=\"description\" content=\"Kaufen Sie einen Gutschein auf malenki.net und geben Sie ihn an Ihre Freunde weiter. Diese k\u00f6nnen ihn ganz einfach ihrem Warenkorb hinzuf\u00fcgen.\" \/>\n<meta name=\"robots\" content=\"index, follow, max-snippet:-1, max-image-preview:large, max-video-preview:-1\" \/>\n<link rel=\"canonical\" href=\"https:\/\/malenki.net\/de\/produkt\/gutschein\/\" \/>\n<meta property=\"og:locale\" content=\"de_DE\" \/>\n<meta property=\"og:type\" content=\"article\" \/>\n<meta property=\"og:title\" content=\"malenki.net | Gutschein |\" \/>\n<meta property=\"og:description\" content=\"Kaufen Sie einen Gutschein auf malenki.net und geben Sie ihn an Ihre Freunde weiter. Diese k\u00f6nnen ihn ganz einfach ihrem Warenkorb hinzuf\u00fcgen.\" \/>\n<meta property=\"og:url\" content=\"https:\/\/malenki.net\/de\/produkt\/gutschein\/\" \/>\n<meta property=\"og:site_name\" content=\"malenki.net\" \/>\n<meta property=\"article:publisher\" content=\"https:\/\/www.facebook.com\/malenki.editionen\/\" \/>\n<meta property=\"article:modified_time\" content=\"2025-11-27T12:05:51+00:00\" \/>\n<meta property=\"og:image\" content=\"https:\/\/malenki.net\/wp-content\/uploads\/2025\/11\/malenki-coupon-de-2025.jpg\" \/>\n\t<meta property=\"og:image:width\" content=\"1024\" \/>\n\t<meta property=\"og:image:height\" content=\"819\" \/>\n\t<meta property=\"og:image:type\" content=\"image\/jpeg\" \/>\n<meta name=\"twitter:card\" content=\"summary_large_image\" \/>\n<script type=\"application\/ld+json\" class=\"yoast-schema-graph\">{\"@context\":\"https:\/\/schema.org\",\"@graph\":[{\"@type\":\"WebPage\",\"@id\":\"https:\/\/malenki.net\/de\/produkt\/gutschein\/\",\"url\":\"https:\/\/malenki.net\/de\/produkt\/gutschein\/\",\"name\":\"malenki.net | Gutschein |\",\"isPartOf\":{\"@id\":\"https:\/\/malenki.net\/de\/#website\"},\"primaryImageOfPage\":{\"@id\":\"https:\/\/malenki.net\/de\/produkt\/gutschein\/#primaryimage\"},\"image\":{\"@id\":\"https:\/\/malenki.net\/de\/produkt\/gutschein\/#primaryimage\"},\"thumbnailUrl\":\"https:\/\/malenki.net\/wp-content\/uploads\/2025\/11\/malenki-coupon-de-2025.jpg\",\"datePublished\":\"2025-11-26T20:27:05+00:00\",\"dateModified\":\"2025-11-27T12:05:51+00:00\",\"description\":\"Kaufen Sie einen Gutschein auf malenki.net und geben Sie ihn an Ihre Freunde weiter. Diese k\u00f6nnen ihn ganz einfach ihrem Warenkorb hinzuf\u00fcgen.\",\"breadcrumb\":{\"@id\":\"https:\/\/malenki.net\/de\/produkt\/gutschein\/#breadcrumb\"},\"inLanguage\":\"de\",\"potentialAction\":[{\"@type\":\"ReadAction\",\"target\":[\"https:\/\/malenki.net\/de\/produkt\/gutschein\/\"]}]},{\"@type\":\"ImageObject\",\"inLanguage\":\"de\",\"@id\":\"https:\/\/malenki.net\/de\/produkt\/gutschein\/#primaryimage\",\"url\":\"https:\/\/malenki.net\/wp-content\/uploads\/2025\/11\/malenki-coupon-de-2025.jpg\",\"contentUrl\":\"https:\/\/malenki.net\/wp-content\/uploads\/2025\/11\/malenki-coupon-de-2025.jpg\",\"width\":1024,\"height\":819,\"caption\":\"malenki.net \u2014 Gutschein\"},{\"@type\":\"BreadcrumbList\",\"@id\":\"https:\/\/malenki.net\/de\/produkt\/gutschein\/#breadcrumb\",\"itemListElement\":[{\"@type\":\"ListItem\",\"position\":1,\"name\":\"Home\",\"item\":\"https:\/\/malenki.net\/de\/\"},{\"@type\":\"ListItem\",\"position\":2,\"name\":\"Editionen\",\"item\":\"https:\/\/malenki.net\/de\/\"},{\"@type\":\"ListItem\",\"position\":3,\"name\":\"Gutschein\"}]},{\"@type\":\"WebSite\",\"@id\":\"https:\/\/malenki.net\/de\/#website\",\"url\":\"https:\/\/malenki.net\/de\/\",\"name\":\"malenki.net\",\"description\":\"Fotografie Editionen\",\"publisher\":{\"@id\":\"https:\/\/malenki.net\/de\/#organization\"},\"potentialAction\":[{\"@type\":\"SearchAction\",\"target\":{\"@type\":\"EntryPoint\",\"urlTemplate\":\"https:\/\/malenki.net\/de\/?s={search_term_string}\"},\"query-input\":{\"@type\":\"PropertyValueSpecification\",\"valueRequired\":true,\"valueName\":\"search_term_string\"}}],\"inLanguage\":\"de\"},{\"@type\":\"Organization\",\"@id\":\"https:\/\/malenki.net\/de\/#organization\",\"name\":\"malenki.net\",\"url\":\"https:\/\/malenki.net\/de\/\",\"logo\":{\"@type\":\"ImageObject\",\"inLanguage\":\"de\",\"@id\":\"https:\/\/malenki.net\/de\/#\/schema\/logo\/image\/\",\"url\":\"https:\/\/malenki.net\/wp-content\/uploads\/2023\/03\/malenki-logo-2019.gif\",\"contentUrl\":\"https:\/\/malenki.net\/wp-content\/uploads\/2023\/03\/malenki-logo-2019.gif\",\"width\":524,\"height\":138,\"caption\":\"malenki.net\"},\"image\":{\"@id\":\"https:\/\/malenki.net\/de\/#\/schema\/logo\/image\/\"},\"sameAs\":[\"https:\/\/www.facebook.com\/malenki.editionen\/\",\"https:\/\/www.instagram.com\/malenkinet\/\"]}]}<\/script>\n<!-- \/ Yoast SEO plugin. -->","yoast_head_json":{"title":"malenki.net | Gutschein |","description":"Kaufen Sie einen Gutschein auf malenki.net und geben Sie ihn an Ihre Freunde weiter. Diese k\u00f6nnen ihn ganz einfach ihrem Warenkorb hinzuf\u00fcgen.","robots":{"index":"index","follow":"follow","max-snippet":"max-snippet:-1","max-image-preview":"max-image-preview:large","max-video-preview":"max-video-preview:-1"},"canonical":"https:\/\/malenki.net\/de\/produkt\/gutschein\/","og_locale":"de_DE","og_type":"article","og_title":"malenki.net | Gutschein |","og_description":"Kaufen Sie einen Gutschein auf malenki.net und geben Sie ihn an Ihre Freunde weiter. Diese k\u00f6nnen ihn ganz einfach ihrem Warenkorb hinzuf\u00fcgen.","og_url":"https:\/\/malenki.net\/de\/produkt\/gutschein\/","og_site_name":"malenki.net","article_publisher":"https:\/\/www.facebook.com\/malenki.editionen\/","article_modified_time":"2025-11-27T12:05:51+00:00","og_image":[{"width":1024,"height":819,"url":"https:\/\/malenki.net\/wp-content\/uploads\/2025\/11\/malenki-coupon-de-2025.jpg","type":"image\/jpeg"}],"twitter_card":"summary_large_image","schema":{"@context":"https:\/\/schema.org","@graph":[{"@type":"WebPage","@id":"https:\/\/malenki.net\/de\/produkt\/gutschein\/","url":"https:\/\/malenki.net\/de\/produkt\/gutschein\/","name":"malenki.net | Gutschein |","isPartOf":{"@id":"https:\/\/malenki.net\/de\/#website"},"primaryImageOfPage":{"@id":"https:\/\/malenki.net\/de\/produkt\/gutschein\/#primaryimage"},"image":{"@id":"https:\/\/malenki.net\/de\/produkt\/gutschein\/#primaryimage"},"thumbnailUrl":"https:\/\/malenki.net\/wp-content\/uploads\/2025\/11\/malenki-coupon-de-2025.jpg","datePublished":"2025-11-26T20:27:05+00:00","dateModified":"2025-11-27T12:05:51+00:00","description":"Kaufen Sie einen Gutschein auf malenki.net und geben Sie ihn an Ihre Freunde weiter. Diese k\u00f6nnen ihn ganz einfach ihrem Warenkorb hinzuf\u00fcgen.","breadcrumb":{"@id":"https:\/\/malenki.net\/de\/produkt\/gutschein\/#breadcrumb"},"inLanguage":"de","potentialAction":[{"@type":"ReadAction","target":["https:\/\/malenki.net\/de\/produkt\/gutschein\/"]}]},{"@type":"ImageObject","inLanguage":"de","@id":"https:\/\/malenki.net\/de\/produkt\/gutschein\/#primaryimage","url":"https:\/\/malenki.net\/wp-content\/uploads\/2025\/11\/malenki-coupon-de-2025.jpg","contentUrl":"https:\/\/malenki.net\/wp-content\/uploads\/2025\/11\/malenki-coupon-de-2025.jpg","width":1024,"height":819,"caption":"malenki.net \u2014 Gutschein"},{"@type":"BreadcrumbList","@id":"https:\/\/malenki.net\/de\/produkt\/gutschein\/#breadcrumb","itemListElement":[{"@type":"ListItem","position":1,"name":"Home","item":"https:\/\/malenki.net\/de\/"},{"@type":"ListItem","position":2,"name":"Editionen","item":"https:\/\/malenki.net\/de\/"},{"@type":"ListItem","position":3,"name":"Gutschein"}]},{"@type":"WebSite","@id":"https:\/\/malenki.net\/de\/#website","url":"https:\/\/malenki.net\/de\/","name":"malenki.net","description":"Fotografie Editionen","publisher":{"@id":"https:\/\/malenki.net\/de\/#organization"},"potentialAction":[{"@type":"SearchAction","target":{"@type":"EntryPoint","urlTemplate":"https:\/\/malenki.net\/de\/?s={search_term_string}"},"query-input":{"@type":"PropertyValueSpecification","valueRequired":true,"valueName":"search_term_string"}}],"inLanguage":"de"},{"@type":"Organization","@id":"https:\/\/malenki.net\/de\/#organization","name":"malenki.net","url":"https:\/\/malenki.net\/de\/","logo":{"@type":"ImageObject","inLanguage":"de","@id":"https:\/\/malenki.net\/de\/#\/schema\/logo\/image\/","url":"https:\/\/malenki.net\/wp-content\/uploads\/2023\/03\/malenki-logo-2019.gif","contentUrl":"https:\/\/malenki.net\/wp-content\/uploads\/2023\/03\/malenki-logo-2019.gif","width":524,"height":138,"caption":"malenki.net"},"image":{"@id":"https:\/\/malenki.net\/de\/#\/schema\/logo\/image\/"},"sameAs":["https:\/\/www.facebook.com\/malenki.editionen\/","https:\/\/www.instagram.com\/malenkinet\/"]}]}},"wps_subtitle":"","_links":{"self":[{"href":"https:\/\/malenki.net\/de\/wp-json\/wp\/v2\/product\/11875","targetHints":{"allow":["GET"]}}],"collection":[{"href":"https:\/\/malenki.net\/de\/wp-json\/wp\/v2\/product"}],"about":[{"href":"https:\/\/malenki.net\/de\/wp-json\/wp\/v2\/types\/product"}],"wp:featuredmedia":[{"embeddable":true,"href":"https:\/\/malenki.net\/de\/wp-json\/wp\/v2\/media\/11920"}],"wp:attachment":[{"href":"https:\/\/malenki.net\/de\/wp-json\/wp\/v2\/media?parent=11875"}],"wp:term":[{"taxonomy":"product_brand","embeddable":true,"href":"https:\/\/malenki.net\/de\/wp-json\/wp\/v2\/product_brand?post=11875"},{"taxonomy":"product_cat","embeddable":true,"href":"https:\/\/malenki.net\/de\/wp-json\/wp\/v2\/product_cat?post=11875"},{"taxonomy":"product_tag","embeddable":true,"href":"https:\/\/malenki.net\/de\/wp-json\/wp\/v2\/product_tag?post=11875"}],"curies":[{"name":"wp","href":"https:\/\/api.w.org\/{rel}","templated":true}]}}