{"id":11860,"date":"2025-11-24T21:46:15","date_gmt":"2025-11-24T20:46:15","guid":{"rendered":"https:\/\/malenki.net\/?post_type=product&#038;p=11860"},"modified":"2025-11-25T10:36:32","modified_gmt":"2025-11-25T09:36:32","slug":"between-faces-stories-and-power","status":"publish","type":"product","link":"https:\/\/malenki.net\/de\/produkt\/between-faces-stories-and-power\/","title":{"rendered":"Between Faces, Stories and Power"},"content":{"rendered":"<p>Historisch gesehen war China ein stark zentralisierter Ort, in dem die Macht oft auf einen einzigen Herrscher konzentriert war. Diese Zentralisierung zeigt sich nicht nur in politischen Strukturen, sondern auch in der Anh\u00e4ufung von Materialarchiven. Die Verbotene Stadt war einst das Epizentrum dieser zentralisierten Macht, in der Artefakte, Dokumente und Sch\u00e4tze sorgf\u00e4ltig gesammelt und aufbewahrt wurden. Dieses Buch von <a href=\"https:\/\/malenki.net\/de\/produkt-kategorie\/lai-ping-so\/\">Lai Ping So<\/a> und <a href=\"https:\/\/malenki.net\/de\/produkt-kategorie\/wai-lun-hsu\/\">Wai Lun Hsu<\/a> untersucht die zentralisierte Struktur erneut, indem es diese Artefakte in einem zeitgen\u00f6ssischen Kontext erneut betrachtet. In dieser Arbeit kuratierten die K\u00fcnstler historische, archivierte und zeitgen\u00f6ssische Fragmente, Bilder von Besuchen in den drei Palastmuseen (Taipeh, Peking, Hongkong) und Archivmaterial aus dem Nationalen Palastmuseum in Taipeh. Die drei Museen sind durch ein gemeinsames Archiv verbunden, das urspr\u00fcnglich aus der kaiserlichen Sammlung der Verbotenen Stadt stammt. Die nichtlineare Struktur der B\u00fccher untersucht zentralisierte Hierarchien in der ostasiatischen Geschichte und ihre Verbindungen zur traditionellen chinesischen Philosophie und \u00c4sthetik.      <\/p>\n","protected":false},"excerpt":{"rendered":"<p>Historisch gesehen war China ein stark zentralisierter Ort, in dem die Macht oft auf einen einzigen Herrscher konzentriert war. Diese Zentralisierung zeigt sich nicht nur in politischen Strukturen, sondern auch in der Anh\u00e4ufung von Materialarchiven. Die Verbotene Stadt war einst das Epizentrum dieser zentralisierten Macht, in der Artefakte, Dokumente und Sch\u00e4tze sorgf\u00e4ltig gesammelt und aufbewahrt&hellip; <a class=\"more-link\" href=\"https:\/\/malenki.net\/de\/produkt\/between-faces-stories-and-power\/\"><span class=\"screen-reader-text\">Between Faces, Stories and Power<\/span> weiterlesen<\/a><\/p>\n","protected":false},"featured_media":11906,"template":"","meta":{"pgc_sgb_lightbox_settings":""},"product_brand":[],"product_cat":[6531,6533],"product_tag":[4549,6536,3928,6553,6538,6542,6543,6548,6535,6551,6544,6540,6550],"class_list":{"0":"post-11860","1":"product","2":"type-product","3":"status-publish","4":"has-post-thumbnail","6":"product_cat-lai-ping-so","7":"product_cat-wai-lun-hsu","8":"product_tag-asien","9":"product_tag-china","10":"product_tag-geschichte","11":"product_tag-hongkong","12":"product_tag-lai-ping-so","13":"product_tag-mmmmor-studio","14":"product_tag-mmmmor-studio-duesseldorf","15":"product_tag-ostasiatische-geschichte","16":"product_tag-peking","17":"product_tag-taipeh","18":"product_tag-verbotene-stadt","19":"product_tag-wai-lun-hsu","20":"product_tag-zentralisierte-macht","21":"entry","23":"first","24":"instock","25":"shipping-taxable","26":"purchasable","27":"product-type-simple"},"yoast_head":"<!-- This site is optimized with the Yoast SEO plugin v27.2 - https:\/\/yoast.com\/product\/yoast-seo-wordpress\/ -->\n<title>malenki.net | Between Faces, Stories and Power | Lai Ping So &amp; Wai Lun Hsu<\/title>\n<meta name=\"robots\" content=\"index, follow, max-snippet:-1, max-image-preview:large, max-video-preview:-1\" \/>\n<link rel=\"canonical\" href=\"https:\/\/malenki.net\/de\/produkt\/between-faces-stories-and-power\/\" \/>\n<meta property=\"og:locale\" content=\"de_DE\" \/>\n<meta property=\"og:type\" content=\"article\" \/>\n<meta property=\"og:title\" content=\"malenki.net | Between Faces, Stories and Power | Lai Ping So &amp; Wai Lun Hsu\" \/>\n<meta property=\"og:description\" content=\"Historisch gesehen war China ein stark zentralisierter Ort, in dem die Macht oft auf einen einzigen Herrscher konzentriert war. Diese Zentralisierung zeigt sich nicht nur in politischen Strukturen, sondern auch in der Anh\u00e4ufung von Materialarchiven. Die Verbotene Stadt war einst das Epizentrum dieser zentralisierten Macht, in der Artefakte, Dokumente und Sch\u00e4tze sorgf\u00e4ltig gesammelt und aufbewahrt&hellip; Between Faces, Stories and Power weiterlesen\" \/>\n<meta property=\"og:url\" content=\"https:\/\/malenki.net\/de\/produkt\/between-faces-stories-and-power\/\" \/>\n<meta property=\"og:site_name\" content=\"malenki.net\" \/>\n<meta property=\"article:publisher\" content=\"https:\/\/www.facebook.com\/malenki.editionen\/\" \/>\n<meta property=\"article:modified_time\" content=\"2025-11-25T09:36:32+00:00\" \/>\n<meta property=\"og:image\" content=\"https:\/\/malenki.net\/wp-content\/uploads\/2025\/11\/Ping-So-Lun-Hsu-Between-Faces-01.jpg\" \/>\n\t<meta property=\"og:image:width\" content=\"749\" \/>\n\t<meta property=\"og:image:height\" content=\"600\" \/>\n\t<meta property=\"og:image:type\" content=\"image\/jpeg\" \/>\n<meta name=\"twitter:card\" content=\"summary_large_image\" \/>\n<meta name=\"twitter:label1\" content=\"Gesch\u00e4tzte Lesezeit\" \/>\n\t<meta name=\"twitter:data1\" content=\"1\u00a0Minute\" \/>\n<script type=\"application\/ld+json\" class=\"yoast-schema-graph\">{\"@context\":\"https:\/\/schema.org\",\"@graph\":[{\"@type\":\"WebPage\",\"@id\":\"https:\/\/malenki.net\/de\/produkt\/between-faces-stories-and-power\/\",\"url\":\"https:\/\/malenki.net\/de\/produkt\/between-faces-stories-and-power\/\",\"name\":\"malenki.net | Between Faces, Stories and Power | Lai Ping So & Wai Lun Hsu\",\"isPartOf\":{\"@id\":\"https:\/\/malenki.net\/de\/#website\"},\"primaryImageOfPage\":{\"@id\":\"https:\/\/malenki.net\/de\/produkt\/between-faces-stories-and-power\/#primaryimage\"},\"image\":{\"@id\":\"https:\/\/malenki.net\/de\/produkt\/between-faces-stories-and-power\/#primaryimage\"},\"thumbnailUrl\":\"https:\/\/malenki.net\/wp-content\/uploads\/2025\/11\/Ping-So-Lun-Hsu-Between-Faces-01.jpg\",\"datePublished\":\"2025-11-24T20:46:15+00:00\",\"dateModified\":\"2025-11-25T09:36:32+00:00\",\"breadcrumb\":{\"@id\":\"https:\/\/malenki.net\/de\/produkt\/between-faces-stories-and-power\/#breadcrumb\"},\"inLanguage\":\"de\",\"potentialAction\":[{\"@type\":\"ReadAction\",\"target\":[\"https:\/\/malenki.net\/de\/produkt\/between-faces-stories-and-power\/\"]}]},{\"@type\":\"ImageObject\",\"inLanguage\":\"de\",\"@id\":\"https:\/\/malenki.net\/de\/produkt\/between-faces-stories-and-power\/#primaryimage\",\"url\":\"https:\/\/malenki.net\/wp-content\/uploads\/2025\/11\/Ping-So-Lun-Hsu-Between-Faces-01.jpg\",\"contentUrl\":\"https:\/\/malenki.net\/wp-content\/uploads\/2025\/11\/Ping-So-Lun-Hsu-Between-Faces-01.jpg\",\"width\":749,\"height\":600,\"caption\":\"Lai Ping So & Wai Lun Hsu \u2013 Between Faces, Stories and Power\"},{\"@type\":\"BreadcrumbList\",\"@id\":\"https:\/\/malenki.net\/de\/produkt\/between-faces-stories-and-power\/#breadcrumb\",\"itemListElement\":[{\"@type\":\"ListItem\",\"position\":1,\"name\":\"Home\",\"item\":\"https:\/\/malenki.net\/de\/\"},{\"@type\":\"ListItem\",\"position\":2,\"name\":\"Editionen\",\"item\":\"https:\/\/malenki.net\/de\/\"},{\"@type\":\"ListItem\",\"position\":3,\"name\":\"Between Faces, Stories and Power\"}]},{\"@type\":\"WebSite\",\"@id\":\"https:\/\/malenki.net\/de\/#website\",\"url\":\"https:\/\/malenki.net\/de\/\",\"name\":\"malenki.net\",\"description\":\"Fotografie Editionen\",\"publisher\":{\"@id\":\"https:\/\/malenki.net\/de\/#organization\"},\"potentialAction\":[{\"@type\":\"SearchAction\",\"target\":{\"@type\":\"EntryPoint\",\"urlTemplate\":\"https:\/\/malenki.net\/de\/?s={search_term_string}\"},\"query-input\":{\"@type\":\"PropertyValueSpecification\",\"valueRequired\":true,\"valueName\":\"search_term_string\"}}],\"inLanguage\":\"de\"},{\"@type\":\"Organization\",\"@id\":\"https:\/\/malenki.net\/de\/#organization\",\"name\":\"malenki.net\",\"url\":\"https:\/\/malenki.net\/de\/\",\"logo\":{\"@type\":\"ImageObject\",\"inLanguage\":\"de\",\"@id\":\"https:\/\/malenki.net\/de\/#\/schema\/logo\/image\/\",\"url\":\"https:\/\/malenki.net\/wp-content\/uploads\/2023\/03\/malenki-logo-2019.gif\",\"contentUrl\":\"https:\/\/malenki.net\/wp-content\/uploads\/2023\/03\/malenki-logo-2019.gif\",\"width\":524,\"height\":138,\"caption\":\"malenki.net\"},\"image\":{\"@id\":\"https:\/\/malenki.net\/de\/#\/schema\/logo\/image\/\"},\"sameAs\":[\"https:\/\/www.facebook.com\/malenki.editionen\/\",\"https:\/\/www.instagram.com\/malenkinet\/\"]}]}<\/script>\n<!-- \/ Yoast SEO plugin. -->","yoast_head_json":{"title":"malenki.net | Between Faces, Stories and Power | Lai Ping So & Wai Lun Hsu","robots":{"index":"index","follow":"follow","max-snippet":"max-snippet:-1","max-image-preview":"max-image-preview:large","max-video-preview":"max-video-preview:-1"},"canonical":"https:\/\/malenki.net\/de\/produkt\/between-faces-stories-and-power\/","og_locale":"de_DE","og_type":"article","og_title":"malenki.net | Between Faces, Stories and Power | Lai Ping So & Wai Lun Hsu","og_description":"Historisch gesehen war China ein stark zentralisierter Ort, in dem die Macht oft auf einen einzigen Herrscher konzentriert war. Diese Zentralisierung zeigt sich nicht nur in politischen Strukturen, sondern auch in der Anh\u00e4ufung von Materialarchiven. Die Verbotene Stadt war einst das Epizentrum dieser zentralisierten Macht, in der Artefakte, Dokumente und Sch\u00e4tze sorgf\u00e4ltig gesammelt und aufbewahrt&hellip; Between Faces, Stories and Power weiterlesen","og_url":"https:\/\/malenki.net\/de\/produkt\/between-faces-stories-and-power\/","og_site_name":"malenki.net","article_publisher":"https:\/\/www.facebook.com\/malenki.editionen\/","article_modified_time":"2025-11-25T09:36:32+00:00","og_image":[{"width":749,"height":600,"url":"https:\/\/malenki.net\/wp-content\/uploads\/2025\/11\/Ping-So-Lun-Hsu-Between-Faces-01.jpg","type":"image\/jpeg"}],"twitter_card":"summary_large_image","twitter_misc":{"Gesch\u00e4tzte Lesezeit":"1\u00a0Minute"},"schema":{"@context":"https:\/\/schema.org","@graph":[{"@type":"WebPage","@id":"https:\/\/malenki.net\/de\/produkt\/between-faces-stories-and-power\/","url":"https:\/\/malenki.net\/de\/produkt\/between-faces-stories-and-power\/","name":"malenki.net | Between Faces, Stories and Power | Lai Ping So & Wai Lun Hsu","isPartOf":{"@id":"https:\/\/malenki.net\/de\/#website"},"primaryImageOfPage":{"@id":"https:\/\/malenki.net\/de\/produkt\/between-faces-stories-and-power\/#primaryimage"},"image":{"@id":"https:\/\/malenki.net\/de\/produkt\/between-faces-stories-and-power\/#primaryimage"},"thumbnailUrl":"https:\/\/malenki.net\/wp-content\/uploads\/2025\/11\/Ping-So-Lun-Hsu-Between-Faces-01.jpg","datePublished":"2025-11-24T20:46:15+00:00","dateModified":"2025-11-25T09:36:32+00:00","breadcrumb":{"@id":"https:\/\/malenki.net\/de\/produkt\/between-faces-stories-and-power\/#breadcrumb"},"inLanguage":"de","potentialAction":[{"@type":"ReadAction","target":["https:\/\/malenki.net\/de\/produkt\/between-faces-stories-and-power\/"]}]},{"@type":"ImageObject","inLanguage":"de","@id":"https:\/\/malenki.net\/de\/produkt\/between-faces-stories-and-power\/#primaryimage","url":"https:\/\/malenki.net\/wp-content\/uploads\/2025\/11\/Ping-So-Lun-Hsu-Between-Faces-01.jpg","contentUrl":"https:\/\/malenki.net\/wp-content\/uploads\/2025\/11\/Ping-So-Lun-Hsu-Between-Faces-01.jpg","width":749,"height":600,"caption":"Lai Ping So & Wai Lun Hsu \u2013 Between Faces, Stories and Power"},{"@type":"BreadcrumbList","@id":"https:\/\/malenki.net\/de\/produkt\/between-faces-stories-and-power\/#breadcrumb","itemListElement":[{"@type":"ListItem","position":1,"name":"Home","item":"https:\/\/malenki.net\/de\/"},{"@type":"ListItem","position":2,"name":"Editionen","item":"https:\/\/malenki.net\/de\/"},{"@type":"ListItem","position":3,"name":"Between Faces, Stories and Power"}]},{"@type":"WebSite","@id":"https:\/\/malenki.net\/de\/#website","url":"https:\/\/malenki.net\/de\/","name":"malenki.net","description":"Fotografie Editionen","publisher":{"@id":"https:\/\/malenki.net\/de\/#organization"},"potentialAction":[{"@type":"SearchAction","target":{"@type":"EntryPoint","urlTemplate":"https:\/\/malenki.net\/de\/?s={search_term_string}"},"query-input":{"@type":"PropertyValueSpecification","valueRequired":true,"valueName":"search_term_string"}}],"inLanguage":"de"},{"@type":"Organization","@id":"https:\/\/malenki.net\/de\/#organization","name":"malenki.net","url":"https:\/\/malenki.net\/de\/","logo":{"@type":"ImageObject","inLanguage":"de","@id":"https:\/\/malenki.net\/de\/#\/schema\/logo\/image\/","url":"https:\/\/malenki.net\/wp-content\/uploads\/2023\/03\/malenki-logo-2019.gif","contentUrl":"https:\/\/malenki.net\/wp-content\/uploads\/2023\/03\/malenki-logo-2019.gif","width":524,"height":138,"caption":"malenki.net"},"image":{"@id":"https:\/\/malenki.net\/de\/#\/schema\/logo\/image\/"},"sameAs":["https:\/\/www.facebook.com\/malenki.editionen\/","https:\/\/www.instagram.com\/malenkinet\/"]}]}},"wps_subtitle":"Lai Ping So & Wai Lun Hsu","_links":{"self":[{"href":"https:\/\/malenki.net\/de\/wp-json\/wp\/v2\/product\/11860","targetHints":{"allow":["GET"]}}],"collection":[{"href":"https:\/\/malenki.net\/de\/wp-json\/wp\/v2\/product"}],"about":[{"href":"https:\/\/malenki.net\/de\/wp-json\/wp\/v2\/types\/product"}],"wp:featuredmedia":[{"embeddable":true,"href":"https:\/\/malenki.net\/de\/wp-json\/wp\/v2\/media\/11906"}],"wp:attachment":[{"href":"https:\/\/malenki.net\/de\/wp-json\/wp\/v2\/media?parent=11860"}],"wp:term":[{"taxonomy":"product_brand","embeddable":true,"href":"https:\/\/malenki.net\/de\/wp-json\/wp\/v2\/product_brand?post=11860"},{"taxonomy":"product_cat","embeddable":true,"href":"https:\/\/malenki.net\/de\/wp-json\/wp\/v2\/product_cat?post=11860"},{"taxonomy":"product_tag","embeddable":true,"href":"https:\/\/malenki.net\/de\/wp-json\/wp\/v2\/product_tag?post=11860"}],"curies":[{"name":"wp","href":"https:\/\/api.w.org\/{rel}","templated":true}]}}