{"id":11713,"date":"2025-11-03T20:20:31","date_gmt":"2025-11-03T19:20:31","guid":{"rendered":"https:\/\/malenki.net\/?post_type=product&#038;p=11713"},"modified":"2026-03-29T18:34:03","modified_gmt":"2026-03-29T16:34:03","slug":"katalog","status":"publish","type":"product","link":"https:\/\/malenki.net\/de\/produkt\/katalog\/","title":{"rendered":"Catalogue"},"content":{"rendered":"<p>Seit den sp\u00e4ten 90er Jahren hat sich Kapstadt zum bevorzugten Standort f\u00fcr kommerzielle Foto- und Filmaufnahmen entwickelt. Der Ort ist ein Verwandlungsk\u00fcnstler \u2013 seine Stra\u00dfen und Str\u00e4nde, H\u00fcgel und H\u00e4user sind dazu geschaffen, fast jeden Ort der Welt nachzubilden.<\/p>\n<p>Die Fotografien von <em>Catalogue<\/em>, die von <a href=\"https:\/\/malenki.net\/de\/produkt-kategorie\/kuenstlerinnen\/julian-faulhaber\/\">Julian Faulhaber<\/a> \u00fcber mehrere Jahre seiner Arbeit bei diesen Shootings gesammelt wurden, enth\u00fcllen die Welt hinter den perfekten Bildern, denen wir auf unseren Bildschirmen und in Hochglanzmagazinen begegnen.<\/p>\n<p>Wie eine wirkungsvolle Werbung verspricht <em>Catalogue<\/em> Bedeutung: eine Antwort, eine L\u00f6sung, einen Weg, menschliche Begierden zu stillen. Doch anders als bei einer Werbung wird diese Bedeutung nie ganz enth\u00fcllt. Sie ist immer knapp au\u00dferhalb der Reichweite, nur eine Seite entfernt oder gerade au\u00dferhalb des Bildausschnitts.<\/p>\n","protected":false},"excerpt":{"rendered":"<p>Seit den sp\u00e4ten 90er Jahren hat sich Kapstadt zum bevorzugten Standort f\u00fcr kommerzielle Foto- und Filmaufnahmen entwickelt. Der Ort ist ein Verwandlungsk\u00fcnstler \u2013 seine Stra\u00dfen und Str\u00e4nde, H\u00fcgel und H\u00e4user sind dazu geschaffen, fast jeden Ort der Welt nachzubilden. Die Fotografien von Catalogue, die von Julian Faulhaber \u00fcber mehrere Jahre seiner Arbeit bei diesen Shootings&hellip; <a class=\"more-link\" href=\"https:\/\/malenki.net\/de\/produkt\/katalog\/\"><span class=\"screen-reader-text\">Catalogue<\/span> weiterlesen<\/a><\/p>\n","protected":false},"featured_media":11956,"template":"","meta":{"pgc_sgb_lightbox_settings":""},"product_brand":[],"product_cat":[6442],"product_tag":[6668,6450,6451,6449,6448,5086],"class_list":{"0":"post-11713","1":"product","2":"type-product","3":"status-publish","4":"has-post-thumbnail","6":"product_cat-julian-faulhaber","7":"product_tag-drittel-books","8":"product_tag-faulhaber","9":"product_tag-judith-anna-ruther","10":"product_tag-julian-faulhaber","11":"product_tag-seyyal-carnetto","12":"product_tag-uber-fotografie","13":"entry","15":"first","16":"instock","17":"shipping-taxable","18":"purchasable","19":"product-type-simple"},"yoast_head":"<!-- This site is optimized with the Yoast SEO plugin v27.2 - https:\/\/yoast.com\/product\/yoast-seo-wordpress\/ -->\n<title>malenki.net | Catalogue | Julian Faulhaber<\/title>\n<meta name=\"robots\" content=\"index, follow, max-snippet:-1, max-image-preview:large, max-video-preview:-1\" \/>\n<link rel=\"canonical\" href=\"https:\/\/malenki.net\/de\/produkt\/katalog\/\" \/>\n<meta property=\"og:locale\" content=\"de_DE\" \/>\n<meta property=\"og:type\" content=\"article\" \/>\n<meta property=\"og:title\" content=\"malenki.net | Catalogue | Julian Faulhaber\" \/>\n<meta property=\"og:description\" content=\"Seit den sp\u00e4ten 90er Jahren hat sich Kapstadt zum bevorzugten Standort f\u00fcr kommerzielle Foto- und Filmaufnahmen entwickelt. Der Ort ist ein Verwandlungsk\u00fcnstler \u2013 seine Stra\u00dfen und Str\u00e4nde, H\u00fcgel und H\u00e4user sind dazu geschaffen, fast jeden Ort der Welt nachzubilden. Die Fotografien von Catalogue, die von Julian Faulhaber \u00fcber mehrere Jahre seiner Arbeit bei diesen Shootings&hellip; Catalogue weiterlesen\" \/>\n<meta property=\"og:url\" content=\"https:\/\/malenki.net\/de\/produkt\/katalog\/\" \/>\n<meta property=\"og:site_name\" content=\"malenki.net\" \/>\n<meta property=\"article:publisher\" content=\"https:\/\/www.facebook.com\/malenki.editionen\/\" \/>\n<meta property=\"article:modified_time\" content=\"2026-03-29T16:34:03+00:00\" \/>\n<meta property=\"og:image\" content=\"https:\/\/malenki.net\/wp-content\/uploads\/2025\/12\/J-Faulhaber-catalogue01.jpg\" \/>\n\t<meta property=\"og:image:width\" content=\"750\" \/>\n\t<meta property=\"og:image:height\" content=\"600\" \/>\n\t<meta property=\"og:image:type\" content=\"image\/jpeg\" \/>\n<meta name=\"twitter:card\" content=\"summary_large_image\" \/>\n<meta name=\"twitter:label1\" content=\"Gesch\u00e4tzte Lesezeit\" \/>\n\t<meta name=\"twitter:data1\" content=\"1\u00a0Minute\" \/>\n<script type=\"application\/ld+json\" class=\"yoast-schema-graph\">{\"@context\":\"https:\/\/schema.org\",\"@graph\":[{\"@type\":\"WebPage\",\"@id\":\"https:\/\/malenki.net\/de\/produkt\/katalog\/\",\"url\":\"https:\/\/malenki.net\/de\/produkt\/katalog\/\",\"name\":\"malenki.net | Catalogue | Julian Faulhaber\",\"isPartOf\":{\"@id\":\"https:\/\/malenki.net\/de\/#website\"},\"primaryImageOfPage\":{\"@id\":\"https:\/\/malenki.net\/de\/produkt\/katalog\/#primaryimage\"},\"image\":{\"@id\":\"https:\/\/malenki.net\/de\/produkt\/katalog\/#primaryimage\"},\"thumbnailUrl\":\"https:\/\/malenki.net\/wp-content\/uploads\/2025\/12\/J-Faulhaber-catalogue01.jpg\",\"datePublished\":\"2025-11-03T19:20:31+00:00\",\"dateModified\":\"2026-03-29T16:34:03+00:00\",\"breadcrumb\":{\"@id\":\"https:\/\/malenki.net\/de\/produkt\/katalog\/#breadcrumb\"},\"inLanguage\":\"de\",\"potentialAction\":[{\"@type\":\"ReadAction\",\"target\":[\"https:\/\/malenki.net\/de\/produkt\/katalog\/\"]}]},{\"@type\":\"ImageObject\",\"inLanguage\":\"de\",\"@id\":\"https:\/\/malenki.net\/de\/produkt\/katalog\/#primaryimage\",\"url\":\"https:\/\/malenki.net\/wp-content\/uploads\/2025\/12\/J-Faulhaber-catalogue01.jpg\",\"contentUrl\":\"https:\/\/malenki.net\/wp-content\/uploads\/2025\/12\/J-Faulhaber-catalogue01.jpg\",\"width\":750,\"height\":600,\"caption\":\"Julian Faulhaber \u2013 Catalogue\"},{\"@type\":\"BreadcrumbList\",\"@id\":\"https:\/\/malenki.net\/de\/produkt\/katalog\/#breadcrumb\",\"itemListElement\":[{\"@type\":\"ListItem\",\"position\":1,\"name\":\"Home\",\"item\":\"https:\/\/malenki.net\/de\/\"},{\"@type\":\"ListItem\",\"position\":2,\"name\":\"Editionen\",\"item\":\"https:\/\/malenki.net\/de\/\"},{\"@type\":\"ListItem\",\"position\":3,\"name\":\"Catalogue\"}]},{\"@type\":\"WebSite\",\"@id\":\"https:\/\/malenki.net\/de\/#website\",\"url\":\"https:\/\/malenki.net\/de\/\",\"name\":\"malenki.net\",\"description\":\"Fotografie Editionen\",\"publisher\":{\"@id\":\"https:\/\/malenki.net\/de\/#organization\"},\"potentialAction\":[{\"@type\":\"SearchAction\",\"target\":{\"@type\":\"EntryPoint\",\"urlTemplate\":\"https:\/\/malenki.net\/de\/?s={search_term_string}\"},\"query-input\":{\"@type\":\"PropertyValueSpecification\",\"valueRequired\":true,\"valueName\":\"search_term_string\"}}],\"inLanguage\":\"de\"},{\"@type\":\"Organization\",\"@id\":\"https:\/\/malenki.net\/de\/#organization\",\"name\":\"malenki.net\",\"url\":\"https:\/\/malenki.net\/de\/\",\"logo\":{\"@type\":\"ImageObject\",\"inLanguage\":\"de\",\"@id\":\"https:\/\/malenki.net\/de\/#\/schema\/logo\/image\/\",\"url\":\"https:\/\/malenki.net\/wp-content\/uploads\/2023\/03\/malenki-logo-2019.gif\",\"contentUrl\":\"https:\/\/malenki.net\/wp-content\/uploads\/2023\/03\/malenki-logo-2019.gif\",\"width\":524,\"height\":138,\"caption\":\"malenki.net\"},\"image\":{\"@id\":\"https:\/\/malenki.net\/de\/#\/schema\/logo\/image\/\"},\"sameAs\":[\"https:\/\/www.facebook.com\/malenki.editionen\/\",\"https:\/\/www.instagram.com\/malenkinet\/\"]}]}<\/script>\n<!-- \/ Yoast SEO plugin. -->","yoast_head_json":{"title":"malenki.net | Catalogue | Julian Faulhaber","robots":{"index":"index","follow":"follow","max-snippet":"max-snippet:-1","max-image-preview":"max-image-preview:large","max-video-preview":"max-video-preview:-1"},"canonical":"https:\/\/malenki.net\/de\/produkt\/katalog\/","og_locale":"de_DE","og_type":"article","og_title":"malenki.net | Catalogue | Julian Faulhaber","og_description":"Seit den sp\u00e4ten 90er Jahren hat sich Kapstadt zum bevorzugten Standort f\u00fcr kommerzielle Foto- und Filmaufnahmen entwickelt. Der Ort ist ein Verwandlungsk\u00fcnstler \u2013 seine Stra\u00dfen und Str\u00e4nde, H\u00fcgel und H\u00e4user sind dazu geschaffen, fast jeden Ort der Welt nachzubilden. Die Fotografien von Catalogue, die von Julian Faulhaber \u00fcber mehrere Jahre seiner Arbeit bei diesen Shootings&hellip; Catalogue weiterlesen","og_url":"https:\/\/malenki.net\/de\/produkt\/katalog\/","og_site_name":"malenki.net","article_publisher":"https:\/\/www.facebook.com\/malenki.editionen\/","article_modified_time":"2026-03-29T16:34:03+00:00","og_image":[{"width":750,"height":600,"url":"https:\/\/malenki.net\/wp-content\/uploads\/2025\/12\/J-Faulhaber-catalogue01.jpg","type":"image\/jpeg"}],"twitter_card":"summary_large_image","twitter_misc":{"Gesch\u00e4tzte Lesezeit":"1\u00a0Minute"},"schema":{"@context":"https:\/\/schema.org","@graph":[{"@type":"WebPage","@id":"https:\/\/malenki.net\/de\/produkt\/katalog\/","url":"https:\/\/malenki.net\/de\/produkt\/katalog\/","name":"malenki.net | Catalogue | Julian Faulhaber","isPartOf":{"@id":"https:\/\/malenki.net\/de\/#website"},"primaryImageOfPage":{"@id":"https:\/\/malenki.net\/de\/produkt\/katalog\/#primaryimage"},"image":{"@id":"https:\/\/malenki.net\/de\/produkt\/katalog\/#primaryimage"},"thumbnailUrl":"https:\/\/malenki.net\/wp-content\/uploads\/2025\/12\/J-Faulhaber-catalogue01.jpg","datePublished":"2025-11-03T19:20:31+00:00","dateModified":"2026-03-29T16:34:03+00:00","breadcrumb":{"@id":"https:\/\/malenki.net\/de\/produkt\/katalog\/#breadcrumb"},"inLanguage":"de","potentialAction":[{"@type":"ReadAction","target":["https:\/\/malenki.net\/de\/produkt\/katalog\/"]}]},{"@type":"ImageObject","inLanguage":"de","@id":"https:\/\/malenki.net\/de\/produkt\/katalog\/#primaryimage","url":"https:\/\/malenki.net\/wp-content\/uploads\/2025\/12\/J-Faulhaber-catalogue01.jpg","contentUrl":"https:\/\/malenki.net\/wp-content\/uploads\/2025\/12\/J-Faulhaber-catalogue01.jpg","width":750,"height":600,"caption":"Julian Faulhaber \u2013 Catalogue"},{"@type":"BreadcrumbList","@id":"https:\/\/malenki.net\/de\/produkt\/katalog\/#breadcrumb","itemListElement":[{"@type":"ListItem","position":1,"name":"Home","item":"https:\/\/malenki.net\/de\/"},{"@type":"ListItem","position":2,"name":"Editionen","item":"https:\/\/malenki.net\/de\/"},{"@type":"ListItem","position":3,"name":"Catalogue"}]},{"@type":"WebSite","@id":"https:\/\/malenki.net\/de\/#website","url":"https:\/\/malenki.net\/de\/","name":"malenki.net","description":"Fotografie Editionen","publisher":{"@id":"https:\/\/malenki.net\/de\/#organization"},"potentialAction":[{"@type":"SearchAction","target":{"@type":"EntryPoint","urlTemplate":"https:\/\/malenki.net\/de\/?s={search_term_string}"},"query-input":{"@type":"PropertyValueSpecification","valueRequired":true,"valueName":"search_term_string"}}],"inLanguage":"de"},{"@type":"Organization","@id":"https:\/\/malenki.net\/de\/#organization","name":"malenki.net","url":"https:\/\/malenki.net\/de\/","logo":{"@type":"ImageObject","inLanguage":"de","@id":"https:\/\/malenki.net\/de\/#\/schema\/logo\/image\/","url":"https:\/\/malenki.net\/wp-content\/uploads\/2023\/03\/malenki-logo-2019.gif","contentUrl":"https:\/\/malenki.net\/wp-content\/uploads\/2023\/03\/malenki-logo-2019.gif","width":524,"height":138,"caption":"malenki.net"},"image":{"@id":"https:\/\/malenki.net\/de\/#\/schema\/logo\/image\/"},"sameAs":["https:\/\/www.facebook.com\/malenki.editionen\/","https:\/\/www.instagram.com\/malenkinet\/"]}]}},"wps_subtitle":"Julian Faulhaber","_links":{"self":[{"href":"https:\/\/malenki.net\/de\/wp-json\/wp\/v2\/product\/11713","targetHints":{"allow":["GET"]}}],"collection":[{"href":"https:\/\/malenki.net\/de\/wp-json\/wp\/v2\/product"}],"about":[{"href":"https:\/\/malenki.net\/de\/wp-json\/wp\/v2\/types\/product"}],"wp:featuredmedia":[{"embeddable":true,"href":"https:\/\/malenki.net\/de\/wp-json\/wp\/v2\/media\/11956"}],"wp:attachment":[{"href":"https:\/\/malenki.net\/de\/wp-json\/wp\/v2\/media?parent=11713"}],"wp:term":[{"taxonomy":"product_brand","embeddable":true,"href":"https:\/\/malenki.net\/de\/wp-json\/wp\/v2\/product_brand?post=11713"},{"taxonomy":"product_cat","embeddable":true,"href":"https:\/\/malenki.net\/de\/wp-json\/wp\/v2\/product_cat?post=11713"},{"taxonomy":"product_tag","embeddable":true,"href":"https:\/\/malenki.net\/de\/wp-json\/wp\/v2\/product_tag?post=11713"}],"curies":[{"name":"wp","href":"https:\/\/api.w.org\/{rel}","templated":true}]}}