{"id":11706,"date":"2025-11-03T22:04:05","date_gmt":"2025-11-03T21:04:05","guid":{"rendered":"https:\/\/malenki.net\/?post_type=product&#038;p=11706"},"modified":"2025-11-28T10:11:02","modified_gmt":"2025-11-28T09:11:02","slug":"boehm-57-unreal-estates","status":"publish","type":"product","link":"https:\/\/malenki.net\/de\/produkt\/boehm-57-unreal-estates\/","title":{"rendered":"B\u00f6hm #57 \u2013 unreal estates"},"content":{"rendered":"<p><em>Die B\u00f6hm <\/em>ist ein Fanzine, das seit 1999 von Katja Stuke und Oliver Sieber herausgegeben wird. Jede Ausgabe stellt zwei unterschiedliche Werkreihen, jeweils eine von Stuke und eine von Sieber, unter einem gemeinsamen Titel gegen\u00fcber. <\/p>\n<p>Beide Fotograf:innen besch\u00e4ftigen sich vor allem mit Fragen der Portr\u00e4tfotografie, dem medial vermittelten Bild und den von der Popul\u00e4rkultur, insbesondere von Jugend-Subkulturen, beeinflussten Ausdrucksformen der Selbstidentit\u00e4t \u2014 Darius Himes, Photobookreview 2012<\/p>\n<p class=\"p1\"><em>Die B\u00f6hm<\/em> wird ein- bis zweimal j\u00e4hrlich ver\u00f6ffentlicht.<\/p>\n<p class=\"p1\"><span class=\"s1\"><a href=\"https:\/\/malenki.net\/de\/produkt\/boehm-55-grand-tourismo\/\">B\u00f6hm #55<\/a>, B\u00f6hm #56 and B\u00f6hm #57 bestehen aus Bildern, die Katja Stuke und Oliver Sieber w\u00e4hrend ihres Aufenthalts bei Note di Sguardi (Giovanna Sarti) im Jahr 2023 in und um Cervia (Italien) aufgenommen haben.<\/span><\/p>\n","protected":false},"excerpt":{"rendered":"<p>Die B\u00f6hm ist ein Fanzine, das seit 1999 von Katja Stuke und Oliver Sieber herausgegeben wird. Jede Ausgabe stellt zwei unterschiedliche Werkreihen, jeweils eine von Stuke und eine von Sieber, unter einem gemeinsamen Titel gegen\u00fcber. Beide Fotograf:innen besch\u00e4ftigen sich vor allem mit Fragen der Portr\u00e4tfotografie, dem medial vermittelten Bild und den von der Popul\u00e4rkultur, insbesondere&hellip; <a class=\"more-link\" href=\"https:\/\/malenki.net\/de\/produkt\/boehm-57-unreal-estates\/\"><span class=\"screen-reader-text\">B\u00f6hm #57 \u2013 unreal estates<\/span> weiterlesen<\/a><\/p>\n","protected":false},"featured_media":11828,"template":"","meta":{"pgc_sgb_lightbox_settings":""},"product_brand":[],"product_cat":[5296,5344],"product_tag":[5167,5168,6547,6438,6537,5172,6552,5175,3059,5179,5181,6439,3054,3994],"class_list":{"0":"post-11706","1":"product","2":"type-product","3":"status-publish","4":"has-post-thumbnail","6":"product_cat-katja-stuke-de-artists","7":"product_cat-oliver-sieber-de","8":"product_tag-boehm","9":"product_tag-bohm-kobayashi-de","10":"product_tag-cervia","11":"product_tag-fanzine","12":"product_tag-giovanna-sarti","13":"product_tag-katja-stuke-de","14":"product_tag-note-di-sguardi","15":"product_tag-oliver-sieber-de","16":"product_tag-schwarz-weiss","17":"product_tag-sieber-de","18":"product_tag-stuke-de","19":"product_tag-unreal-estates","20":"product_tag-xerox-de","21":"product_tag-zine-de","22":"entry","24":"first","25":"instock","26":"shipping-taxable","27":"purchasable","28":"product-type-simple"},"yoast_head":"<!-- This site is optimized with the Yoast SEO plugin v27.2 - https:\/\/yoast.com\/product\/yoast-seo-wordpress\/ -->\n<title>malenki.net | B\u00f6hm #57 \u2013 unreal estates | Katja Stuke &amp; Oliver Sieber<\/title>\n<meta name=\"robots\" content=\"index, follow, max-snippet:-1, max-image-preview:large, max-video-preview:-1\" \/>\n<link rel=\"canonical\" href=\"https:\/\/malenki.net\/de\/produkt\/boehm-57-unreal-estates\/\" \/>\n<meta property=\"og:locale\" content=\"de_DE\" \/>\n<meta property=\"og:type\" content=\"article\" \/>\n<meta property=\"og:title\" content=\"malenki.net | B\u00f6hm #57 \u2013 unreal estates | Katja Stuke &amp; Oliver Sieber\" \/>\n<meta property=\"og:description\" content=\"Die B\u00f6hm ist ein Fanzine, das seit 1999 von Katja Stuke und Oliver Sieber herausgegeben wird. Jede Ausgabe stellt zwei unterschiedliche Werkreihen, jeweils eine von Stuke und eine von Sieber, unter einem gemeinsamen Titel gegen\u00fcber. Beide Fotograf:innen besch\u00e4ftigen sich vor allem mit Fragen der Portr\u00e4tfotografie, dem medial vermittelten Bild und den von der Popul\u00e4rkultur, insbesondere&hellip; B\u00f6hm #57 \u2013 unreal estates weiterlesen\" \/>\n<meta property=\"og:url\" content=\"https:\/\/malenki.net\/de\/produkt\/boehm-57-unreal-estates\/\" \/>\n<meta property=\"og:site_name\" content=\"malenki.net\" \/>\n<meta property=\"article:publisher\" content=\"https:\/\/www.facebook.com\/malenki.editionen\/\" \/>\n<meta property=\"article:modified_time\" content=\"2025-11-28T09:11:02+00:00\" \/>\n<meta property=\"og:image\" content=\"https:\/\/malenki.net\/wp-content\/uploads\/2025\/11\/Stuke-Sieber-Boehm57-1-600x750-1.jpg\" \/>\n\t<meta property=\"og:image:width\" content=\"752\" \/>\n\t<meta property=\"og:image:height\" content=\"600\" \/>\n\t<meta property=\"og:image:type\" content=\"image\/jpeg\" \/>\n<meta name=\"twitter:card\" content=\"summary_large_image\" \/>\n<meta name=\"twitter:label1\" content=\"Gesch\u00e4tzte Lesezeit\" \/>\n\t<meta name=\"twitter:data1\" content=\"1\u00a0Minute\" \/>\n<script type=\"application\/ld+json\" class=\"yoast-schema-graph\">{\"@context\":\"https:\/\/schema.org\",\"@graph\":[{\"@type\":\"WebPage\",\"@id\":\"https:\/\/malenki.net\/de\/produkt\/boehm-57-unreal-estates\/\",\"url\":\"https:\/\/malenki.net\/de\/produkt\/boehm-57-unreal-estates\/\",\"name\":\"malenki.net | B\u00f6hm #57 \u2013 unreal estates | Katja Stuke & Oliver Sieber\",\"isPartOf\":{\"@id\":\"https:\/\/malenki.net\/de\/#website\"},\"primaryImageOfPage\":{\"@id\":\"https:\/\/malenki.net\/de\/produkt\/boehm-57-unreal-estates\/#primaryimage\"},\"image\":{\"@id\":\"https:\/\/malenki.net\/de\/produkt\/boehm-57-unreal-estates\/#primaryimage\"},\"thumbnailUrl\":\"https:\/\/malenki.net\/wp-content\/uploads\/2025\/11\/Stuke-Sieber-Boehm57-1-600x750-1.jpg\",\"datePublished\":\"2025-11-03T21:04:05+00:00\",\"dateModified\":\"2025-11-28T09:11:02+00:00\",\"breadcrumb\":{\"@id\":\"https:\/\/malenki.net\/de\/produkt\/boehm-57-unreal-estates\/#breadcrumb\"},\"inLanguage\":\"de\",\"potentialAction\":[{\"@type\":\"ReadAction\",\"target\":[\"https:\/\/malenki.net\/de\/produkt\/boehm-57-unreal-estates\/\"]}]},{\"@type\":\"ImageObject\",\"inLanguage\":\"de\",\"@id\":\"https:\/\/malenki.net\/de\/produkt\/boehm-57-unreal-estates\/#primaryimage\",\"url\":\"https:\/\/malenki.net\/wp-content\/uploads\/2025\/11\/Stuke-Sieber-Boehm57-1-600x750-1.jpg\",\"contentUrl\":\"https:\/\/malenki.net\/wp-content\/uploads\/2025\/11\/Stuke-Sieber-Boehm57-1-600x750-1.jpg\",\"width\":752,\"height\":600,\"caption\":\"Katja Stuke &amp; Oliver Sieber \u2014 B\u00f6hm #57\"},{\"@type\":\"BreadcrumbList\",\"@id\":\"https:\/\/malenki.net\/de\/produkt\/boehm-57-unreal-estates\/#breadcrumb\",\"itemListElement\":[{\"@type\":\"ListItem\",\"position\":1,\"name\":\"Home\",\"item\":\"https:\/\/malenki.net\/de\/\"},{\"@type\":\"ListItem\",\"position\":2,\"name\":\"Editionen\",\"item\":\"https:\/\/malenki.net\/de\/\"},{\"@type\":\"ListItem\",\"position\":3,\"name\":\"B\u00f6hm #57 \u2013 unreal estates\"}]},{\"@type\":\"WebSite\",\"@id\":\"https:\/\/malenki.net\/de\/#website\",\"url\":\"https:\/\/malenki.net\/de\/\",\"name\":\"malenki.net\",\"description\":\"Fotografie Editionen\",\"publisher\":{\"@id\":\"https:\/\/malenki.net\/de\/#organization\"},\"potentialAction\":[{\"@type\":\"SearchAction\",\"target\":{\"@type\":\"EntryPoint\",\"urlTemplate\":\"https:\/\/malenki.net\/de\/?s={search_term_string}\"},\"query-input\":{\"@type\":\"PropertyValueSpecification\",\"valueRequired\":true,\"valueName\":\"search_term_string\"}}],\"inLanguage\":\"de\"},{\"@type\":\"Organization\",\"@id\":\"https:\/\/malenki.net\/de\/#organization\",\"name\":\"malenki.net\",\"url\":\"https:\/\/malenki.net\/de\/\",\"logo\":{\"@type\":\"ImageObject\",\"inLanguage\":\"de\",\"@id\":\"https:\/\/malenki.net\/de\/#\/schema\/logo\/image\/\",\"url\":\"https:\/\/malenki.net\/wp-content\/uploads\/2023\/03\/malenki-logo-2019.gif\",\"contentUrl\":\"https:\/\/malenki.net\/wp-content\/uploads\/2023\/03\/malenki-logo-2019.gif\",\"width\":524,\"height\":138,\"caption\":\"malenki.net\"},\"image\":{\"@id\":\"https:\/\/malenki.net\/de\/#\/schema\/logo\/image\/\"},\"sameAs\":[\"https:\/\/www.facebook.com\/malenki.editionen\/\",\"https:\/\/www.instagram.com\/malenkinet\/\"]}]}<\/script>\n<!-- \/ Yoast SEO plugin. -->","yoast_head_json":{"title":"malenki.net | B\u00f6hm #57 \u2013 unreal estates | Katja Stuke & Oliver Sieber","robots":{"index":"index","follow":"follow","max-snippet":"max-snippet:-1","max-image-preview":"max-image-preview:large","max-video-preview":"max-video-preview:-1"},"canonical":"https:\/\/malenki.net\/de\/produkt\/boehm-57-unreal-estates\/","og_locale":"de_DE","og_type":"article","og_title":"malenki.net | B\u00f6hm #57 \u2013 unreal estates | Katja Stuke & Oliver Sieber","og_description":"Die B\u00f6hm ist ein Fanzine, das seit 1999 von Katja Stuke und Oliver Sieber herausgegeben wird. Jede Ausgabe stellt zwei unterschiedliche Werkreihen, jeweils eine von Stuke und eine von Sieber, unter einem gemeinsamen Titel gegen\u00fcber. Beide Fotograf:innen besch\u00e4ftigen sich vor allem mit Fragen der Portr\u00e4tfotografie, dem medial vermittelten Bild und den von der Popul\u00e4rkultur, insbesondere&hellip; B\u00f6hm #57 \u2013 unreal estates weiterlesen","og_url":"https:\/\/malenki.net\/de\/produkt\/boehm-57-unreal-estates\/","og_site_name":"malenki.net","article_publisher":"https:\/\/www.facebook.com\/malenki.editionen\/","article_modified_time":"2025-11-28T09:11:02+00:00","og_image":[{"width":752,"height":600,"url":"https:\/\/malenki.net\/wp-content\/uploads\/2025\/11\/Stuke-Sieber-Boehm57-1-600x750-1.jpg","type":"image\/jpeg"}],"twitter_card":"summary_large_image","twitter_misc":{"Gesch\u00e4tzte Lesezeit":"1\u00a0Minute"},"schema":{"@context":"https:\/\/schema.org","@graph":[{"@type":"WebPage","@id":"https:\/\/malenki.net\/de\/produkt\/boehm-57-unreal-estates\/","url":"https:\/\/malenki.net\/de\/produkt\/boehm-57-unreal-estates\/","name":"malenki.net | B\u00f6hm #57 \u2013 unreal estates | Katja Stuke & Oliver Sieber","isPartOf":{"@id":"https:\/\/malenki.net\/de\/#website"},"primaryImageOfPage":{"@id":"https:\/\/malenki.net\/de\/produkt\/boehm-57-unreal-estates\/#primaryimage"},"image":{"@id":"https:\/\/malenki.net\/de\/produkt\/boehm-57-unreal-estates\/#primaryimage"},"thumbnailUrl":"https:\/\/malenki.net\/wp-content\/uploads\/2025\/11\/Stuke-Sieber-Boehm57-1-600x750-1.jpg","datePublished":"2025-11-03T21:04:05+00:00","dateModified":"2025-11-28T09:11:02+00:00","breadcrumb":{"@id":"https:\/\/malenki.net\/de\/produkt\/boehm-57-unreal-estates\/#breadcrumb"},"inLanguage":"de","potentialAction":[{"@type":"ReadAction","target":["https:\/\/malenki.net\/de\/produkt\/boehm-57-unreal-estates\/"]}]},{"@type":"ImageObject","inLanguage":"de","@id":"https:\/\/malenki.net\/de\/produkt\/boehm-57-unreal-estates\/#primaryimage","url":"https:\/\/malenki.net\/wp-content\/uploads\/2025\/11\/Stuke-Sieber-Boehm57-1-600x750-1.jpg","contentUrl":"https:\/\/malenki.net\/wp-content\/uploads\/2025\/11\/Stuke-Sieber-Boehm57-1-600x750-1.jpg","width":752,"height":600,"caption":"Katja Stuke &amp; Oliver Sieber \u2014 B\u00f6hm #57"},{"@type":"BreadcrumbList","@id":"https:\/\/malenki.net\/de\/produkt\/boehm-57-unreal-estates\/#breadcrumb","itemListElement":[{"@type":"ListItem","position":1,"name":"Home","item":"https:\/\/malenki.net\/de\/"},{"@type":"ListItem","position":2,"name":"Editionen","item":"https:\/\/malenki.net\/de\/"},{"@type":"ListItem","position":3,"name":"B\u00f6hm #57 \u2013 unreal estates"}]},{"@type":"WebSite","@id":"https:\/\/malenki.net\/de\/#website","url":"https:\/\/malenki.net\/de\/","name":"malenki.net","description":"Fotografie Editionen","publisher":{"@id":"https:\/\/malenki.net\/de\/#organization"},"potentialAction":[{"@type":"SearchAction","target":{"@type":"EntryPoint","urlTemplate":"https:\/\/malenki.net\/de\/?s={search_term_string}"},"query-input":{"@type":"PropertyValueSpecification","valueRequired":true,"valueName":"search_term_string"}}],"inLanguage":"de"},{"@type":"Organization","@id":"https:\/\/malenki.net\/de\/#organization","name":"malenki.net","url":"https:\/\/malenki.net\/de\/","logo":{"@type":"ImageObject","inLanguage":"de","@id":"https:\/\/malenki.net\/de\/#\/schema\/logo\/image\/","url":"https:\/\/malenki.net\/wp-content\/uploads\/2023\/03\/malenki-logo-2019.gif","contentUrl":"https:\/\/malenki.net\/wp-content\/uploads\/2023\/03\/malenki-logo-2019.gif","width":524,"height":138,"caption":"malenki.net"},"image":{"@id":"https:\/\/malenki.net\/de\/#\/schema\/logo\/image\/"},"sameAs":["https:\/\/www.facebook.com\/malenki.editionen\/","https:\/\/www.instagram.com\/malenkinet\/"]}]}},"wps_subtitle":"Katja Stuke & Oliver Sieber ","_links":{"self":[{"href":"https:\/\/malenki.net\/de\/wp-json\/wp\/v2\/product\/11706","targetHints":{"allow":["GET"]}}],"collection":[{"href":"https:\/\/malenki.net\/de\/wp-json\/wp\/v2\/product"}],"about":[{"href":"https:\/\/malenki.net\/de\/wp-json\/wp\/v2\/types\/product"}],"wp:featuredmedia":[{"embeddable":true,"href":"https:\/\/malenki.net\/de\/wp-json\/wp\/v2\/media\/11828"}],"wp:attachment":[{"href":"https:\/\/malenki.net\/de\/wp-json\/wp\/v2\/media?parent=11706"}],"wp:term":[{"taxonomy":"product_brand","embeddable":true,"href":"https:\/\/malenki.net\/de\/wp-json\/wp\/v2\/product_brand?post=11706"},{"taxonomy":"product_cat","embeddable":true,"href":"https:\/\/malenki.net\/de\/wp-json\/wp\/v2\/product_cat?post=11706"},{"taxonomy":"product_tag","embeddable":true,"href":"https:\/\/malenki.net\/de\/wp-json\/wp\/v2\/product_tag?post=11706"}],"curies":[{"name":"wp","href":"https:\/\/api.w.org\/{rel}","templated":true}]}}