{"id":11308,"date":"2025-06-30T17:27:33","date_gmt":"2025-06-30T15:27:33","guid":{"rendered":"https:\/\/malenki.net\/product\/different-basic-shapes-of-puddles-poster\/"},"modified":"2025-11-16T15:02:35","modified_gmt":"2025-11-16T14:02:35","slug":"different-basic-shapes-of-puddles-poster","status":"publish","type":"product","link":"https:\/\/malenki.net\/de\/produkt\/different-basic-shapes-of-puddles-poster\/","title":{"rendered":"Different basic shapes of puddles &#8211; Poster"},"content":{"rendered":"<p>Ein Poster als Schautafel, angelehnt an klassifizierende Darstellungen des 18. Jahrhunderts in der Naturwissenschaft. <\/p>\n<p>1.Schildpf\u00fctze (clipeus planus) 2. W\u00f6lkchenpf\u00fctze (nimbus) 3.Rundpf\u00fctze (rotundus) 4. Rillenpf\u00fctze (striatus) 5. Winkelpf\u00fctze (angulus) 6.Kettenpf\u00fctze (series continuus) 7. Fetzenpf\u00fctze (multi diffidi) 8. Ovalpf\u00fctze (ovatus longus) 9. Figurpf\u00fctze (forma figura) 10. Gei\u00dfelpf\u00fctze (flagella)<\/p>\n","protected":false},"excerpt":{"rendered":"<p>Ein Poster als Schautafel, angelehnt an klassifizierende Darstellungen des 18. Jahrhunderts in der Naturwissenschaft. 1.Schildpf\u00fctze (clipeus planus) 2. W\u00f6lkchenpf\u00fctze (nimbus) 3.Rundpf\u00fctze (rotundus) 4. Rillenpf\u00fctze (striatus) 5. Winkelpf\u00fctze (angulus) 6.Kettenpf\u00fctze (series continuus) 7. Fetzenpf\u00fctze (multi diffidi) 8. Ovalpf\u00fctze (ovatus longus) 9. Figurpf\u00fctze (forma figura) 10. Gei\u00dfelpf\u00fctze (flagella)<\/p>\n","protected":false},"featured_media":11328,"template":"","meta":{"pgc_sgb_lightbox_settings":""},"product_brand":[],"product_cat":[6076],"product_tag":[6095,6096,6097,5559],"class_list":{"0":"post-11308","1":"product","2":"type-product","3":"status-publish","4":"has-post-thumbnail","6":"product_cat-mirja-busch-de","7":"product_tag-mirja-busch-de","8":"product_tag-pfutze","9":"product_tag-pfutzen-beobachtung","10":"product_tag-poster-de","11":"product_shipping_class-rolle","12":"entry","14":"first","15":"outofstock","16":"shipping-taxable","17":"purchasable","18":"product-type-simple"},"yoast_head":"<!-- This site is optimized with the Yoast SEO plugin v27.2 - https:\/\/yoast.com\/product\/yoast-seo-wordpress\/ -->\n<title>malenki.net | Different basic shapes of puddles - Poster | Mirja Busch<\/title>\n<meta name=\"description\" content=\"Das Poster &#039;Different basic shapes of puddles&#039; der K\u00fcnstlerin Mirja Busch bei malenki.net\" \/>\n<meta name=\"robots\" content=\"index, follow, max-snippet:-1, max-image-preview:large, max-video-preview:-1\" \/>\n<link rel=\"canonical\" href=\"https:\/\/malenki.net\/de\/produkt\/different-basic-shapes-of-puddles-poster\/\" \/>\n<meta property=\"og:locale\" content=\"de_DE\" \/>\n<meta property=\"og:type\" content=\"article\" \/>\n<meta property=\"og:title\" content=\"malenki.net | Different basic shapes of puddles - Poster | Mirja Busch\" \/>\n<meta property=\"og:description\" content=\"Das Poster &#039;Different basic shapes of puddles&#039; der K\u00fcnstlerin Mirja Busch bei malenki.net\" \/>\n<meta property=\"og:url\" content=\"https:\/\/malenki.net\/de\/produkt\/different-basic-shapes-of-puddles-poster\/\" \/>\n<meta property=\"og:site_name\" content=\"malenki.net\" \/>\n<meta property=\"article:publisher\" content=\"https:\/\/www.facebook.com\/malenki.editionen\/\" \/>\n<meta property=\"article:modified_time\" content=\"2025-11-16T14:02:35+00:00\" \/>\n<meta property=\"og:image\" content=\"https:\/\/malenki.net\/wp-content\/uploads\/2025\/07\/mirja-busch-Basic-Shapes.jpg\" \/>\n\t<meta property=\"og:image:width\" content=\"1024\" \/>\n\t<meta property=\"og:image:height\" content=\"816\" \/>\n\t<meta property=\"og:image:type\" content=\"image\/jpeg\" \/>\n<meta name=\"twitter:card\" content=\"summary_large_image\" \/>\n<script type=\"application\/ld+json\" class=\"yoast-schema-graph\">{\"@context\":\"https:\/\/schema.org\",\"@graph\":[{\"@type\":\"WebPage\",\"@id\":\"https:\/\/malenki.net\/de\/produkt\/different-basic-shapes-of-puddles-poster\/\",\"url\":\"https:\/\/malenki.net\/de\/produkt\/different-basic-shapes-of-puddles-poster\/\",\"name\":\"malenki.net | Different basic shapes of puddles - Poster | Mirja Busch\",\"isPartOf\":{\"@id\":\"https:\/\/malenki.net\/de\/#website\"},\"primaryImageOfPage\":{\"@id\":\"https:\/\/malenki.net\/de\/produkt\/different-basic-shapes-of-puddles-poster\/#primaryimage\"},\"image\":{\"@id\":\"https:\/\/malenki.net\/de\/produkt\/different-basic-shapes-of-puddles-poster\/#primaryimage\"},\"thumbnailUrl\":\"https:\/\/malenki.net\/wp-content\/uploads\/2025\/07\/mirja-busch-Basic-Shapes.jpg\",\"datePublished\":\"2025-06-30T15:27:33+00:00\",\"dateModified\":\"2025-11-16T14:02:35+00:00\",\"description\":\"Das Poster 'Different basic shapes of puddles' der K\u00fcnstlerin Mirja Busch bei malenki.net\",\"breadcrumb\":{\"@id\":\"https:\/\/malenki.net\/de\/produkt\/different-basic-shapes-of-puddles-poster\/#breadcrumb\"},\"inLanguage\":\"de\",\"potentialAction\":[{\"@type\":\"ReadAction\",\"target\":[\"https:\/\/malenki.net\/de\/produkt\/different-basic-shapes-of-puddles-poster\/\"]}]},{\"@type\":\"ImageObject\",\"inLanguage\":\"de\",\"@id\":\"https:\/\/malenki.net\/de\/produkt\/different-basic-shapes-of-puddles-poster\/#primaryimage\",\"url\":\"https:\/\/malenki.net\/wp-content\/uploads\/2025\/07\/mirja-busch-Basic-Shapes.jpg\",\"contentUrl\":\"https:\/\/malenki.net\/wp-content\/uploads\/2025\/07\/mirja-busch-Basic-Shapes.jpg\",\"width\":1024,\"height\":816},{\"@type\":\"BreadcrumbList\",\"@id\":\"https:\/\/malenki.net\/de\/produkt\/different-basic-shapes-of-puddles-poster\/#breadcrumb\",\"itemListElement\":[{\"@type\":\"ListItem\",\"position\":1,\"name\":\"Home\",\"item\":\"https:\/\/malenki.net\/de\/\"},{\"@type\":\"ListItem\",\"position\":2,\"name\":\"Editionen\",\"item\":\"https:\/\/malenki.net\/de\/\"},{\"@type\":\"ListItem\",\"position\":3,\"name\":\"Different basic shapes of puddles &#8211; Poster\"}]},{\"@type\":\"WebSite\",\"@id\":\"https:\/\/malenki.net\/de\/#website\",\"url\":\"https:\/\/malenki.net\/de\/\",\"name\":\"malenki.net\",\"description\":\"Fotografie Editionen\",\"publisher\":{\"@id\":\"https:\/\/malenki.net\/de\/#organization\"},\"potentialAction\":[{\"@type\":\"SearchAction\",\"target\":{\"@type\":\"EntryPoint\",\"urlTemplate\":\"https:\/\/malenki.net\/de\/?s={search_term_string}\"},\"query-input\":{\"@type\":\"PropertyValueSpecification\",\"valueRequired\":true,\"valueName\":\"search_term_string\"}}],\"inLanguage\":\"de\"},{\"@type\":\"Organization\",\"@id\":\"https:\/\/malenki.net\/de\/#organization\",\"name\":\"malenki.net\",\"url\":\"https:\/\/malenki.net\/de\/\",\"logo\":{\"@type\":\"ImageObject\",\"inLanguage\":\"de\",\"@id\":\"https:\/\/malenki.net\/de\/#\/schema\/logo\/image\/\",\"url\":\"https:\/\/malenki.net\/wp-content\/uploads\/2023\/03\/malenki-logo-2019.gif\",\"contentUrl\":\"https:\/\/malenki.net\/wp-content\/uploads\/2023\/03\/malenki-logo-2019.gif\",\"width\":524,\"height\":138,\"caption\":\"malenki.net\"},\"image\":{\"@id\":\"https:\/\/malenki.net\/de\/#\/schema\/logo\/image\/\"},\"sameAs\":[\"https:\/\/www.facebook.com\/malenki.editionen\/\",\"https:\/\/www.instagram.com\/malenkinet\/\"]}]}<\/script>\n<!-- \/ Yoast SEO plugin. -->","yoast_head_json":{"title":"malenki.net | Different basic shapes of puddles - Poster | Mirja Busch","description":"Das Poster 'Different basic shapes of puddles' der K\u00fcnstlerin Mirja Busch bei malenki.net","robots":{"index":"index","follow":"follow","max-snippet":"max-snippet:-1","max-image-preview":"max-image-preview:large","max-video-preview":"max-video-preview:-1"},"canonical":"https:\/\/malenki.net\/de\/produkt\/different-basic-shapes-of-puddles-poster\/","og_locale":"de_DE","og_type":"article","og_title":"malenki.net | Different basic shapes of puddles - Poster | Mirja Busch","og_description":"Das Poster 'Different basic shapes of puddles' der K\u00fcnstlerin Mirja Busch bei malenki.net","og_url":"https:\/\/malenki.net\/de\/produkt\/different-basic-shapes-of-puddles-poster\/","og_site_name":"malenki.net","article_publisher":"https:\/\/www.facebook.com\/malenki.editionen\/","article_modified_time":"2025-11-16T14:02:35+00:00","og_image":[{"width":1024,"height":816,"url":"https:\/\/malenki.net\/wp-content\/uploads\/2025\/07\/mirja-busch-Basic-Shapes.jpg","type":"image\/jpeg"}],"twitter_card":"summary_large_image","schema":{"@context":"https:\/\/schema.org","@graph":[{"@type":"WebPage","@id":"https:\/\/malenki.net\/de\/produkt\/different-basic-shapes-of-puddles-poster\/","url":"https:\/\/malenki.net\/de\/produkt\/different-basic-shapes-of-puddles-poster\/","name":"malenki.net | Different basic shapes of puddles - Poster | Mirja Busch","isPartOf":{"@id":"https:\/\/malenki.net\/de\/#website"},"primaryImageOfPage":{"@id":"https:\/\/malenki.net\/de\/produkt\/different-basic-shapes-of-puddles-poster\/#primaryimage"},"image":{"@id":"https:\/\/malenki.net\/de\/produkt\/different-basic-shapes-of-puddles-poster\/#primaryimage"},"thumbnailUrl":"https:\/\/malenki.net\/wp-content\/uploads\/2025\/07\/mirja-busch-Basic-Shapes.jpg","datePublished":"2025-06-30T15:27:33+00:00","dateModified":"2025-11-16T14:02:35+00:00","description":"Das Poster 'Different basic shapes of puddles' der K\u00fcnstlerin Mirja Busch bei malenki.net","breadcrumb":{"@id":"https:\/\/malenki.net\/de\/produkt\/different-basic-shapes-of-puddles-poster\/#breadcrumb"},"inLanguage":"de","potentialAction":[{"@type":"ReadAction","target":["https:\/\/malenki.net\/de\/produkt\/different-basic-shapes-of-puddles-poster\/"]}]},{"@type":"ImageObject","inLanguage":"de","@id":"https:\/\/malenki.net\/de\/produkt\/different-basic-shapes-of-puddles-poster\/#primaryimage","url":"https:\/\/malenki.net\/wp-content\/uploads\/2025\/07\/mirja-busch-Basic-Shapes.jpg","contentUrl":"https:\/\/malenki.net\/wp-content\/uploads\/2025\/07\/mirja-busch-Basic-Shapes.jpg","width":1024,"height":816},{"@type":"BreadcrumbList","@id":"https:\/\/malenki.net\/de\/produkt\/different-basic-shapes-of-puddles-poster\/#breadcrumb","itemListElement":[{"@type":"ListItem","position":1,"name":"Home","item":"https:\/\/malenki.net\/de\/"},{"@type":"ListItem","position":2,"name":"Editionen","item":"https:\/\/malenki.net\/de\/"},{"@type":"ListItem","position":3,"name":"Different basic shapes of puddles &#8211; Poster"}]},{"@type":"WebSite","@id":"https:\/\/malenki.net\/de\/#website","url":"https:\/\/malenki.net\/de\/","name":"malenki.net","description":"Fotografie Editionen","publisher":{"@id":"https:\/\/malenki.net\/de\/#organization"},"potentialAction":[{"@type":"SearchAction","target":{"@type":"EntryPoint","urlTemplate":"https:\/\/malenki.net\/de\/?s={search_term_string}"},"query-input":{"@type":"PropertyValueSpecification","valueRequired":true,"valueName":"search_term_string"}}],"inLanguage":"de"},{"@type":"Organization","@id":"https:\/\/malenki.net\/de\/#organization","name":"malenki.net","url":"https:\/\/malenki.net\/de\/","logo":{"@type":"ImageObject","inLanguage":"de","@id":"https:\/\/malenki.net\/de\/#\/schema\/logo\/image\/","url":"https:\/\/malenki.net\/wp-content\/uploads\/2023\/03\/malenki-logo-2019.gif","contentUrl":"https:\/\/malenki.net\/wp-content\/uploads\/2023\/03\/malenki-logo-2019.gif","width":524,"height":138,"caption":"malenki.net"},"image":{"@id":"https:\/\/malenki.net\/de\/#\/schema\/logo\/image\/"},"sameAs":["https:\/\/www.facebook.com\/malenki.editionen\/","https:\/\/www.instagram.com\/malenkinet\/"]}]}},"wps_subtitle":"Mirja Busch","_links":{"self":[{"href":"https:\/\/malenki.net\/de\/wp-json\/wp\/v2\/product\/11308","targetHints":{"allow":["GET"]}}],"collection":[{"href":"https:\/\/malenki.net\/de\/wp-json\/wp\/v2\/product"}],"about":[{"href":"https:\/\/malenki.net\/de\/wp-json\/wp\/v2\/types\/product"}],"wp:featuredmedia":[{"embeddable":true,"href":"https:\/\/malenki.net\/de\/wp-json\/wp\/v2\/media\/11328"}],"wp:attachment":[{"href":"https:\/\/malenki.net\/de\/wp-json\/wp\/v2\/media?parent=11308"}],"wp:term":[{"taxonomy":"product_brand","embeddable":true,"href":"https:\/\/malenki.net\/de\/wp-json\/wp\/v2\/product_brand?post=11308"},{"taxonomy":"product_cat","embeddable":true,"href":"https:\/\/malenki.net\/de\/wp-json\/wp\/v2\/product_cat?post=11308"},{"taxonomy":"product_tag","embeddable":true,"href":"https:\/\/malenki.net\/de\/wp-json\/wp\/v2\/product_tag?post=11308"}],"curies":[{"name":"wp","href":"https:\/\/api.w.org\/{rel}","templated":true}]}}