{"id":11306,"date":"2025-06-30T16:34:35","date_gmt":"2025-06-30T14:34:35","guid":{"rendered":"https:\/\/malenki.net\/product\/woodward\/"},"modified":"2025-11-25T11:48:36","modified_gmt":"2025-11-25T10:48:36","slug":"woodward","status":"publish","type":"product","link":"https:\/\/malenki.net\/de\/produkt\/woodward\/","title":{"rendered":"Woodward"},"content":{"rendered":"<p>Die Woodward Avenue ist eine der f\u00fcnf gro\u00dfen Avenues von Detroit und f\u00fchrt vom Stadtzentrum zu wohlhabenden Vororten. Die Fotografien im selbst verlegten und spiralgebundenen Fotoband &#8218;Woodward&#8216; wurden 2015 aufgenommen, teils zu Fu\u00df, teils vom Beifahrersitz aus. Durch die Aneinanderreihung in Form eines Buches vermitteln die Bilder die Ver\u00e4nderung des Stadtgef\u00fcges entlang der Strecke und damit die sich ver\u00e4ndernden sozialen und wirtschaftlichen Verh\u00e4ltnisse in den verschiedenen Teilen Detroits, die durchquert wurden.Dar\u00fcber hinaus verweisen dieAufnahmen aus dem fahrenden Auto auf die Geschichte Detroits als ein Ursprungsort des Automobils, auf die Art und Weise, wie das Stadtbild im Hinblick auf seine Sichtbarkeit f\u00fcr Autofahrer konstruiert ist, und auf die historisch enge Verbindung zwischen Fotografie und Stra\u00dfe. \u2014 Christian Kasners<\/p>\n","protected":false},"excerpt":{"rendered":"<p>Die Woodward Avenue ist eine der f\u00fcnf gro\u00dfen Avenues von Detroit und f\u00fchrt vom Stadtzentrum zu wohlhabenden Vororten. Die Fotografien im selbst verlegten und spiralgebundenen Fotoband &#8218;Woodward&#8216; wurden 2015 aufgenommen, teils zu Fu\u00df, teils vom Beifahrersitz aus. Durch die Aneinanderreihung in Form eines Buches vermitteln die Bilder die Ver\u00e4nderung des Stadtgef\u00fcges entlang der Strecke und&hellip; <a class=\"more-link\" href=\"https:\/\/malenki.net\/de\/produkt\/woodward\/\"><span class=\"screen-reader-text\">Woodward<\/span> weiterlesen<\/a><\/p>\n","protected":false},"featured_media":11838,"template":"","meta":{"pgc_sgb_lightbox_settings":""},"product_brand":[],"product_cat":[6348],"product_tag":[6358,6360,6357,5081,6359,6361],"class_list":{"0":"post-11306","1":"product","2":"type-product","3":"status-publish","4":"has-post-thumbnail","6":"product_cat-christian-kasners-de","7":"product_tag-christian-kasners-de","8":"product_tag-detroit-de","9":"product_tag-kasners-de","10":"product_tag-stadtlandschaft","11":"product_tag-suburbs-de","12":"product_tag-woodward-avenue-de","13":"entry","15":"first","16":"instock","17":"shipping-taxable","18":"purchasable","19":"product-type-simple"},"yoast_head":"<!-- This site is optimized with the Yoast SEO plugin v27.2 - https:\/\/yoast.com\/product\/yoast-seo-wordpress\/ -->\n<title>malenki.net | Woodward | Christian Kasners<\/title>\n<meta name=\"description\" content=\"Das selbstverlegte und spiralgebundene Fotobuch &#039;Woodward&#039; von Christian Kasners, aufgenommen 2015 in Detroit entlang der Woodward Avenue und in den Bloomfield Hills.\" \/>\n<meta name=\"robots\" content=\"index, follow, max-snippet:-1, max-image-preview:large, max-video-preview:-1\" \/>\n<link rel=\"canonical\" href=\"https:\/\/malenki.net\/de\/produkt\/woodward\/\" \/>\n<meta property=\"og:locale\" content=\"de_DE\" \/>\n<meta property=\"og:type\" content=\"article\" \/>\n<meta property=\"og:title\" content=\"malenki.net | Woodward | Christian Kasners\" \/>\n<meta property=\"og:description\" content=\"Das selbstverlegte und spiralgebundene Fotobuch &#039;Woodward&#039; von Christian Kasners, aufgenommen 2015 in Detroit entlang der Woodward Avenue und in den Bloomfield Hills.\" \/>\n<meta property=\"og:url\" content=\"https:\/\/malenki.net\/de\/produkt\/woodward\/\" \/>\n<meta property=\"og:site_name\" content=\"malenki.net\" \/>\n<meta property=\"article:publisher\" content=\"https:\/\/www.facebook.com\/malenki.editionen\/\" \/>\n<meta property=\"article:modified_time\" content=\"2025-11-25T10:48:36+00:00\" \/>\n<meta property=\"og:image\" content=\"https:\/\/malenki.net\/wp-content\/uploads\/2020\/04\/fb.jpg\" \/>\n\t<meta property=\"og:image:width\" content=\"1200\" \/>\n\t<meta property=\"og:image:height\" content=\"630\" \/>\n\t<meta property=\"og:image:type\" content=\"image\/jpeg\" \/>\n<meta name=\"twitter:card\" content=\"summary_large_image\" \/>\n<meta name=\"twitter:label1\" content=\"Gesch\u00e4tzte Lesezeit\" \/>\n\t<meta name=\"twitter:data1\" content=\"1\u00a0Minute\" \/>\n<script type=\"application\/ld+json\" class=\"yoast-schema-graph\">{\"@context\":\"https:\/\/schema.org\",\"@graph\":[{\"@type\":\"WebPage\",\"@id\":\"https:\/\/malenki.net\/de\/produkt\/woodward\/\",\"url\":\"https:\/\/malenki.net\/de\/produkt\/woodward\/\",\"name\":\"malenki.net | Woodward | Christian Kasners\",\"isPartOf\":{\"@id\":\"https:\/\/malenki.net\/de\/#website\"},\"primaryImageOfPage\":{\"@id\":\"https:\/\/malenki.net\/de\/produkt\/woodward\/#primaryimage\"},\"image\":{\"@id\":\"https:\/\/malenki.net\/de\/produkt\/woodward\/#primaryimage\"},\"thumbnailUrl\":\"https:\/\/malenki.net\/wp-content\/uploads\/2025\/11\/Christian-Krasner-Woodland01-650x700-1.jpg\",\"datePublished\":\"2025-06-30T14:34:35+00:00\",\"dateModified\":\"2025-11-25T10:48:36+00:00\",\"description\":\"Das selbstverlegte und spiralgebundene Fotobuch 'Woodward' von Christian Kasners, aufgenommen 2015 in Detroit entlang der Woodward Avenue und in den Bloomfield Hills.\",\"breadcrumb\":{\"@id\":\"https:\/\/malenki.net\/de\/produkt\/woodward\/#breadcrumb\"},\"inLanguage\":\"de\",\"potentialAction\":[{\"@type\":\"ReadAction\",\"target\":[\"https:\/\/malenki.net\/de\/produkt\/woodward\/\"]}]},{\"@type\":\"ImageObject\",\"inLanguage\":\"de\",\"@id\":\"https:\/\/malenki.net\/de\/produkt\/woodward\/#primaryimage\",\"url\":\"https:\/\/malenki.net\/wp-content\/uploads\/2025\/11\/Christian-Krasner-Woodland01-650x700-1.jpg\",\"contentUrl\":\"https:\/\/malenki.net\/wp-content\/uploads\/2025\/11\/Christian-Krasner-Woodland01-650x700-1.jpg\",\"width\":749,\"height\":600,\"caption\":\"Christian Krasner \u2014 Woodward\"},{\"@type\":\"BreadcrumbList\",\"@id\":\"https:\/\/malenki.net\/de\/produkt\/woodward\/#breadcrumb\",\"itemListElement\":[{\"@type\":\"ListItem\",\"position\":1,\"name\":\"Home\",\"item\":\"https:\/\/malenki.net\/de\/\"},{\"@type\":\"ListItem\",\"position\":2,\"name\":\"Editionen\",\"item\":\"https:\/\/malenki.net\/de\/\"},{\"@type\":\"ListItem\",\"position\":3,\"name\":\"Woodward\"}]},{\"@type\":\"WebSite\",\"@id\":\"https:\/\/malenki.net\/de\/#website\",\"url\":\"https:\/\/malenki.net\/de\/\",\"name\":\"malenki.net\",\"description\":\"Fotografie Editionen\",\"publisher\":{\"@id\":\"https:\/\/malenki.net\/de\/#organization\"},\"potentialAction\":[{\"@type\":\"SearchAction\",\"target\":{\"@type\":\"EntryPoint\",\"urlTemplate\":\"https:\/\/malenki.net\/de\/?s={search_term_string}\"},\"query-input\":{\"@type\":\"PropertyValueSpecification\",\"valueRequired\":true,\"valueName\":\"search_term_string\"}}],\"inLanguage\":\"de\"},{\"@type\":\"Organization\",\"@id\":\"https:\/\/malenki.net\/de\/#organization\",\"name\":\"malenki.net\",\"url\":\"https:\/\/malenki.net\/de\/\",\"logo\":{\"@type\":\"ImageObject\",\"inLanguage\":\"de\",\"@id\":\"https:\/\/malenki.net\/de\/#\/schema\/logo\/image\/\",\"url\":\"https:\/\/malenki.net\/wp-content\/uploads\/2023\/03\/malenki-logo-2019.gif\",\"contentUrl\":\"https:\/\/malenki.net\/wp-content\/uploads\/2023\/03\/malenki-logo-2019.gif\",\"width\":524,\"height\":138,\"caption\":\"malenki.net\"},\"image\":{\"@id\":\"https:\/\/malenki.net\/de\/#\/schema\/logo\/image\/\"},\"sameAs\":[\"https:\/\/www.facebook.com\/malenki.editionen\/\",\"https:\/\/www.instagram.com\/malenkinet\/\"]}]}<\/script>\n<!-- \/ Yoast SEO plugin. -->","yoast_head_json":{"title":"malenki.net | Woodward | Christian Kasners","description":"Das selbstverlegte und spiralgebundene Fotobuch 'Woodward' von Christian Kasners, aufgenommen 2015 in Detroit entlang der Woodward Avenue und in den Bloomfield Hills.","robots":{"index":"index","follow":"follow","max-snippet":"max-snippet:-1","max-image-preview":"max-image-preview:large","max-video-preview":"max-video-preview:-1"},"canonical":"https:\/\/malenki.net\/de\/produkt\/woodward\/","og_locale":"de_DE","og_type":"article","og_title":"malenki.net | Woodward | Christian Kasners","og_description":"Das selbstverlegte und spiralgebundene Fotobuch 'Woodward' von Christian Kasners, aufgenommen 2015 in Detroit entlang der Woodward Avenue und in den Bloomfield Hills.","og_url":"https:\/\/malenki.net\/de\/produkt\/woodward\/","og_site_name":"malenki.net","article_publisher":"https:\/\/www.facebook.com\/malenki.editionen\/","article_modified_time":"2025-11-25T10:48:36+00:00","og_image":[{"width":1200,"height":630,"url":"https:\/\/malenki.net\/wp-content\/uploads\/2020\/04\/fb.jpg","type":"image\/jpeg"}],"twitter_card":"summary_large_image","twitter_misc":{"Gesch\u00e4tzte Lesezeit":"1\u00a0Minute"},"schema":{"@context":"https:\/\/schema.org","@graph":[{"@type":"WebPage","@id":"https:\/\/malenki.net\/de\/produkt\/woodward\/","url":"https:\/\/malenki.net\/de\/produkt\/woodward\/","name":"malenki.net | Woodward | Christian Kasners","isPartOf":{"@id":"https:\/\/malenki.net\/de\/#website"},"primaryImageOfPage":{"@id":"https:\/\/malenki.net\/de\/produkt\/woodward\/#primaryimage"},"image":{"@id":"https:\/\/malenki.net\/de\/produkt\/woodward\/#primaryimage"},"thumbnailUrl":"https:\/\/malenki.net\/wp-content\/uploads\/2025\/11\/Christian-Krasner-Woodland01-650x700-1.jpg","datePublished":"2025-06-30T14:34:35+00:00","dateModified":"2025-11-25T10:48:36+00:00","description":"Das selbstverlegte und spiralgebundene Fotobuch 'Woodward' von Christian Kasners, aufgenommen 2015 in Detroit entlang der Woodward Avenue und in den Bloomfield Hills.","breadcrumb":{"@id":"https:\/\/malenki.net\/de\/produkt\/woodward\/#breadcrumb"},"inLanguage":"de","potentialAction":[{"@type":"ReadAction","target":["https:\/\/malenki.net\/de\/produkt\/woodward\/"]}]},{"@type":"ImageObject","inLanguage":"de","@id":"https:\/\/malenki.net\/de\/produkt\/woodward\/#primaryimage","url":"https:\/\/malenki.net\/wp-content\/uploads\/2025\/11\/Christian-Krasner-Woodland01-650x700-1.jpg","contentUrl":"https:\/\/malenki.net\/wp-content\/uploads\/2025\/11\/Christian-Krasner-Woodland01-650x700-1.jpg","width":749,"height":600,"caption":"Christian Krasner \u2014 Woodward"},{"@type":"BreadcrumbList","@id":"https:\/\/malenki.net\/de\/produkt\/woodward\/#breadcrumb","itemListElement":[{"@type":"ListItem","position":1,"name":"Home","item":"https:\/\/malenki.net\/de\/"},{"@type":"ListItem","position":2,"name":"Editionen","item":"https:\/\/malenki.net\/de\/"},{"@type":"ListItem","position":3,"name":"Woodward"}]},{"@type":"WebSite","@id":"https:\/\/malenki.net\/de\/#website","url":"https:\/\/malenki.net\/de\/","name":"malenki.net","description":"Fotografie Editionen","publisher":{"@id":"https:\/\/malenki.net\/de\/#organization"},"potentialAction":[{"@type":"SearchAction","target":{"@type":"EntryPoint","urlTemplate":"https:\/\/malenki.net\/de\/?s={search_term_string}"},"query-input":{"@type":"PropertyValueSpecification","valueRequired":true,"valueName":"search_term_string"}}],"inLanguage":"de"},{"@type":"Organization","@id":"https:\/\/malenki.net\/de\/#organization","name":"malenki.net","url":"https:\/\/malenki.net\/de\/","logo":{"@type":"ImageObject","inLanguage":"de","@id":"https:\/\/malenki.net\/de\/#\/schema\/logo\/image\/","url":"https:\/\/malenki.net\/wp-content\/uploads\/2023\/03\/malenki-logo-2019.gif","contentUrl":"https:\/\/malenki.net\/wp-content\/uploads\/2023\/03\/malenki-logo-2019.gif","width":524,"height":138,"caption":"malenki.net"},"image":{"@id":"https:\/\/malenki.net\/de\/#\/schema\/logo\/image\/"},"sameAs":["https:\/\/www.facebook.com\/malenki.editionen\/","https:\/\/www.instagram.com\/malenkinet\/"]}]}},"wps_subtitle":"Christian Kasners","_links":{"self":[{"href":"https:\/\/malenki.net\/de\/wp-json\/wp\/v2\/product\/11306","targetHints":{"allow":["GET"]}}],"collection":[{"href":"https:\/\/malenki.net\/de\/wp-json\/wp\/v2\/product"}],"about":[{"href":"https:\/\/malenki.net\/de\/wp-json\/wp\/v2\/types\/product"}],"wp:featuredmedia":[{"embeddable":true,"href":"https:\/\/malenki.net\/de\/wp-json\/wp\/v2\/media\/11838"}],"wp:attachment":[{"href":"https:\/\/malenki.net\/de\/wp-json\/wp\/v2\/media?parent=11306"}],"wp:term":[{"taxonomy":"product_brand","embeddable":true,"href":"https:\/\/malenki.net\/de\/wp-json\/wp\/v2\/product_brand?post=11306"},{"taxonomy":"product_cat","embeddable":true,"href":"https:\/\/malenki.net\/de\/wp-json\/wp\/v2\/product_cat?post=11306"},{"taxonomy":"product_tag","embeddable":true,"href":"https:\/\/malenki.net\/de\/wp-json\/wp\/v2\/product_tag?post=11306"}],"curies":[{"name":"wp","href":"https:\/\/api.w.org\/{rel}","templated":true}]}}