{"id":11301,"date":"2025-06-30T15:08:42","date_gmt":"2025-06-30T13:08:42","guid":{"rendered":"https:\/\/malenki.net\/product\/japan-in-der-ddr-meine-begegnung-mit-drei-japanischen-haeusern-in-ostdeutschland-2nd-edition\/"},"modified":"2025-10-20T18:45:38","modified_gmt":"2025-10-20T16:45:38","slug":"japan-in-der-ddr-meine-begegnung-mit-drei-japanischen-haeusern-in-ostdeutschland-2nd-edition","status":"publish","type":"product","link":"https:\/\/malenki.net\/de\/produkt\/japan-in-der-ddr-meine-begegnung-mit-drei-japanischen-haeusern-in-ostdeutschland-2nd-edition\/","title":{"rendered":"Japan in der DDR &#8211; Meine Begegnung mit drei japanischen H\u00e4usern in Ostdeutschland (2nd edition)"},"content":{"rendered":"<p>Tamami Iinuma im Vorwort: \u201eJapan in der DDR &#8211; Meine Begegnung mit drei japanischen H\u00e4usern in Ostdeutschland\u201c ist ein Projekt, welches mit der Begegnung mit dem heute noch existierenden Geb\u00e4ude \u201eInterhotel Merkur\u201c (das heutige Westin) in Leipzig begann (&#8230;). Bald nach (dieser) Begegnung (&#8230;) erfuhr ich, dass es sich hierbei um das erste Projekt des japanischen Unternehmens Kajima Corporation in Europa handelte (er\u00f6ffnet 1981), ein Geb\u00e4ude, welches zu einem von vier gro\u00dfen schl\u00fcsselfertigen Projekten z\u00e4hlte. Die anderen drei sind das \u201eInternationale Handelszentrum Berlin\u201c, das \u201eInterhotel Bellevue Dresden\u201c (1984) und das \u201eGrandhotel Berlin\u201c (1987). (&#8230;) Von diesen vier entschloss ich mich, mein Augenmerk auf die Hotels zu richten. Der Grund daf\u00fcr war mein Interesse an Hotels als theatralischer Raum, welcher oft als Schauplatz von Filmen oder Romanen genutzt wird. Auch an der Tatsache, dass in den verschiedenen Quellen zum Merkur das Wort \u201eHotel\u201c h\u00e4ufig durch \u201eHaus\u201c ersetzt wurde, sp\u00fcrte ich etwas, das mich stark anzieht, da ich schon seit einiger Zeit Interesse an der Poetik des \u201eHauses\u201c hatte.\u201c<\/p>\n","protected":false},"excerpt":{"rendered":"<p>Tamami Iinuma im Vorwort: \u201eJapan in der DDR &#8211; Meine Begegnung mit drei japanischen H\u00e4usern in Ostdeutschland\u201c ist ein Projekt, welches mit der Begegnung mit dem heute noch existierenden Geb\u00e4ude \u201eInterhotel Merkur\u201c (das heutige Westin) in Leipzig begann (&#8230;). Bald nach (dieser) Begegnung (&#8230;) erfuhr ich, dass es sich hierbei um das erste Projekt des&hellip; <a class=\"more-link\" href=\"https:\/\/malenki.net\/de\/produkt\/japan-in-der-ddr-meine-begegnung-mit-drei-japanischen-haeusern-in-ostdeutschland-2nd-edition\/\"><span class=\"screen-reader-text\">Japan in der DDR &#8211; Meine Begegnung mit drei japanischen H\u00e4usern in Ostdeutschland (2nd edition)<\/span> weiterlesen<\/a><\/p>\n","protected":false},"featured_media":11641,"template":"","meta":{"pgc_sgb_lightbox_settings":""},"product_brand":[],"product_cat":[3015],"product_tag":[3982,5793,3935,4802,3971,3797,3970,3989,5124,4005,6320],"class_list":{"0":"post-11301","1":"product","2":"type-product","3":"status-publish","4":"has-post-thumbnail","6":"product_cat-tamami-iinuma-de","7":"product_tag-architektur","8":"product_tag-ddr","9":"product_tag-deutsche-demokratische-republik","10":"product_tag-hgb-de","11":"product_tag-iinuma-de","12":"product_tag-japan-de","13":"product_tag-japan-in-der-ddr-de","14":"product_tag-modernismus","15":"product_tag-sozialistisch","16":"product_tag-tamami-iinuma-de","17":"product_tag-wohnen","18":"entry","20":"first","21":"outofstock","22":"shipping-taxable","23":"purchasable","24":"product-type-simple"},"yoast_head":"<!-- This site is optimized with the Yoast SEO plugin v27.2 - https:\/\/yoast.com\/product\/yoast-seo-wordpress\/ -->\n<title>malenki.net | Japan in der DDR - Meine Begegnung mit drei japanischen H\u00e4usern in Ostdeutschland (2nd edition) | Tamami Iinuma<\/title>\n<meta name=\"description\" content=\"&#039;Japan in der DDR - Meine Begegnung mit drei japanischen H\u00e4usern in Ostdeutschland&#039; (2nd edition) von der japanischen K\u00fcnstlerin Tamami Iinuma bei malenki.net.\" \/>\n<meta name=\"robots\" content=\"index, follow, max-snippet:-1, max-image-preview:large, max-video-preview:-1\" \/>\n<link rel=\"canonical\" href=\"https:\/\/malenki.net\/de\/produkt\/japan-in-der-ddr-meine-begegnung-mit-drei-japanischen-haeusern-in-ostdeutschland-2nd-edition\/\" \/>\n<meta property=\"og:locale\" content=\"de_DE\" \/>\n<meta property=\"og:type\" content=\"article\" \/>\n<meta property=\"og:title\" content=\"malenki.net | Japan in der DDR - Meine Begegnung mit drei japanischen H\u00e4usern in Ostdeutschland (2nd edition) | Tamami Iinuma\" \/>\n<meta property=\"og:description\" content=\"&#039;Japan in der DDR - Meine Begegnung mit drei japanischen H\u00e4usern in Ostdeutschland&#039; (2nd edition) von der japanischen K\u00fcnstlerin Tamami Iinuma bei malenki.net.\" \/>\n<meta property=\"og:url\" content=\"https:\/\/malenki.net\/de\/produkt\/japan-in-der-ddr-meine-begegnung-mit-drei-japanischen-haeusern-in-ostdeutschland-2nd-edition\/\" \/>\n<meta property=\"og:site_name\" content=\"malenki.net\" \/>\n<meta property=\"article:publisher\" content=\"https:\/\/www.facebook.com\/malenki.editionen\/\" \/>\n<meta property=\"article:modified_time\" content=\"2025-10-20T16:45:38+00:00\" \/>\n<meta property=\"og:image\" content=\"https:\/\/malenki.net\/wp-content\/uploads\/2025\/07\/TIinuma_JapanDDR.jpg\" \/>\n\t<meta property=\"og:image:width\" content=\"1024\" \/>\n\t<meta property=\"og:image:height\" content=\"818\" \/>\n\t<meta property=\"og:image:type\" content=\"image\/jpeg\" \/>\n<meta name=\"twitter:card\" content=\"summary_large_image\" \/>\n<meta name=\"twitter:label1\" content=\"Gesch\u00e4tzte Lesezeit\" \/>\n\t<meta name=\"twitter:data1\" content=\"1\u00a0Minute\" \/>\n<script type=\"application\/ld+json\" class=\"yoast-schema-graph\">{\"@context\":\"https:\/\/schema.org\",\"@graph\":[{\"@type\":\"WebPage\",\"@id\":\"https:\/\/malenki.net\/de\/produkt\/japan-in-der-ddr-meine-begegnung-mit-drei-japanischen-haeusern-in-ostdeutschland-2nd-edition\/\",\"url\":\"https:\/\/malenki.net\/de\/produkt\/japan-in-der-ddr-meine-begegnung-mit-drei-japanischen-haeusern-in-ostdeutschland-2nd-edition\/\",\"name\":\"malenki.net | Japan in der DDR - Meine Begegnung mit drei japanischen H\u00e4usern in Ostdeutschland (2nd edition) | Tamami Iinuma\",\"isPartOf\":{\"@id\":\"https:\/\/malenki.net\/de\/#website\"},\"primaryImageOfPage\":{\"@id\":\"https:\/\/malenki.net\/de\/produkt\/japan-in-der-ddr-meine-begegnung-mit-drei-japanischen-haeusern-in-ostdeutschland-2nd-edition\/#primaryimage\"},\"image\":{\"@id\":\"https:\/\/malenki.net\/de\/produkt\/japan-in-der-ddr-meine-begegnung-mit-drei-japanischen-haeusern-in-ostdeutschland-2nd-edition\/#primaryimage\"},\"thumbnailUrl\":\"https:\/\/malenki.net\/wp-content\/uploads\/2025\/10\/tamami-iinuma-Japan-in-der-DDR-3rd-01-600x750-1.jpg\",\"datePublished\":\"2025-06-30T13:08:42+00:00\",\"dateModified\":\"2025-10-20T16:45:38+00:00\",\"description\":\"'Japan in der DDR - Meine Begegnung mit drei japanischen H\u00e4usern in Ostdeutschland' (2nd edition) von der japanischen K\u00fcnstlerin Tamami Iinuma bei malenki.net.\",\"breadcrumb\":{\"@id\":\"https:\/\/malenki.net\/de\/produkt\/japan-in-der-ddr-meine-begegnung-mit-drei-japanischen-haeusern-in-ostdeutschland-2nd-edition\/#breadcrumb\"},\"inLanguage\":\"de\",\"potentialAction\":[{\"@type\":\"ReadAction\",\"target\":[\"https:\/\/malenki.net\/de\/produkt\/japan-in-der-ddr-meine-begegnung-mit-drei-japanischen-haeusern-in-ostdeutschland-2nd-edition\/\"]}]},{\"@type\":\"ImageObject\",\"inLanguage\":\"de\",\"@id\":\"https:\/\/malenki.net\/de\/produkt\/japan-in-der-ddr-meine-begegnung-mit-drei-japanischen-haeusern-in-ostdeutschland-2nd-edition\/#primaryimage\",\"url\":\"https:\/\/malenki.net\/wp-content\/uploads\/2025\/10\/tamami-iinuma-Japan-in-der-DDR-3rd-01-600x750-1.jpg\",\"contentUrl\":\"https:\/\/malenki.net\/wp-content\/uploads\/2025\/10\/tamami-iinuma-Japan-in-der-DDR-3rd-01-600x750-1.jpg\",\"width\":750,\"height\":600,\"caption\":\"Tamami Iinuma Japan in der DDR 3rd edition\"},{\"@type\":\"BreadcrumbList\",\"@id\":\"https:\/\/malenki.net\/de\/produkt\/japan-in-der-ddr-meine-begegnung-mit-drei-japanischen-haeusern-in-ostdeutschland-2nd-edition\/#breadcrumb\",\"itemListElement\":[{\"@type\":\"ListItem\",\"position\":1,\"name\":\"Home\",\"item\":\"https:\/\/malenki.net\/de\/\"},{\"@type\":\"ListItem\",\"position\":2,\"name\":\"Editionen\",\"item\":\"https:\/\/malenki.net\/de\/\"},{\"@type\":\"ListItem\",\"position\":3,\"name\":\"Japan in der DDR &#8211; Meine Begegnung mit drei japanischen H\u00e4usern in Ostdeutschland (2nd edition)\"}]},{\"@type\":\"WebSite\",\"@id\":\"https:\/\/malenki.net\/de\/#website\",\"url\":\"https:\/\/malenki.net\/de\/\",\"name\":\"malenki.net\",\"description\":\"Fotografie Editionen\",\"publisher\":{\"@id\":\"https:\/\/malenki.net\/de\/#organization\"},\"potentialAction\":[{\"@type\":\"SearchAction\",\"target\":{\"@type\":\"EntryPoint\",\"urlTemplate\":\"https:\/\/malenki.net\/de\/?s={search_term_string}\"},\"query-input\":{\"@type\":\"PropertyValueSpecification\",\"valueRequired\":true,\"valueName\":\"search_term_string\"}}],\"inLanguage\":\"de\"},{\"@type\":\"Organization\",\"@id\":\"https:\/\/malenki.net\/de\/#organization\",\"name\":\"malenki.net\",\"url\":\"https:\/\/malenki.net\/de\/\",\"logo\":{\"@type\":\"ImageObject\",\"inLanguage\":\"de\",\"@id\":\"https:\/\/malenki.net\/de\/#\/schema\/logo\/image\/\",\"url\":\"https:\/\/malenki.net\/wp-content\/uploads\/2023\/03\/malenki-logo-2019.gif\",\"contentUrl\":\"https:\/\/malenki.net\/wp-content\/uploads\/2023\/03\/malenki-logo-2019.gif\",\"width\":524,\"height\":138,\"caption\":\"malenki.net\"},\"image\":{\"@id\":\"https:\/\/malenki.net\/de\/#\/schema\/logo\/image\/\"},\"sameAs\":[\"https:\/\/www.facebook.com\/malenki.editionen\/\",\"https:\/\/www.instagram.com\/malenkinet\/\"]}]}<\/script>\n<!-- \/ Yoast SEO plugin. -->","yoast_head_json":{"title":"malenki.net | Japan in der DDR - Meine Begegnung mit drei japanischen H\u00e4usern in Ostdeutschland (2nd edition) | Tamami Iinuma","description":"'Japan in der DDR - Meine Begegnung mit drei japanischen H\u00e4usern in Ostdeutschland' (2nd edition) von der japanischen K\u00fcnstlerin Tamami Iinuma bei malenki.net.","robots":{"index":"index","follow":"follow","max-snippet":"max-snippet:-1","max-image-preview":"max-image-preview:large","max-video-preview":"max-video-preview:-1"},"canonical":"https:\/\/malenki.net\/de\/produkt\/japan-in-der-ddr-meine-begegnung-mit-drei-japanischen-haeusern-in-ostdeutschland-2nd-edition\/","og_locale":"de_DE","og_type":"article","og_title":"malenki.net | Japan in der DDR - Meine Begegnung mit drei japanischen H\u00e4usern in Ostdeutschland (2nd edition) | Tamami Iinuma","og_description":"'Japan in der DDR - Meine Begegnung mit drei japanischen H\u00e4usern in Ostdeutschland' (2nd edition) von der japanischen K\u00fcnstlerin Tamami Iinuma bei malenki.net.","og_url":"https:\/\/malenki.net\/de\/produkt\/japan-in-der-ddr-meine-begegnung-mit-drei-japanischen-haeusern-in-ostdeutschland-2nd-edition\/","og_site_name":"malenki.net","article_publisher":"https:\/\/www.facebook.com\/malenki.editionen\/","article_modified_time":"2025-10-20T16:45:38+00:00","og_image":[{"width":1024,"height":818,"url":"https:\/\/malenki.net\/wp-content\/uploads\/2025\/07\/TIinuma_JapanDDR.jpg","type":"image\/jpeg"}],"twitter_card":"summary_large_image","twitter_misc":{"Gesch\u00e4tzte Lesezeit":"1\u00a0Minute"},"schema":{"@context":"https:\/\/schema.org","@graph":[{"@type":"WebPage","@id":"https:\/\/malenki.net\/de\/produkt\/japan-in-der-ddr-meine-begegnung-mit-drei-japanischen-haeusern-in-ostdeutschland-2nd-edition\/","url":"https:\/\/malenki.net\/de\/produkt\/japan-in-der-ddr-meine-begegnung-mit-drei-japanischen-haeusern-in-ostdeutschland-2nd-edition\/","name":"malenki.net | Japan in der DDR - Meine Begegnung mit drei japanischen H\u00e4usern in Ostdeutschland (2nd edition) | Tamami Iinuma","isPartOf":{"@id":"https:\/\/malenki.net\/de\/#website"},"primaryImageOfPage":{"@id":"https:\/\/malenki.net\/de\/produkt\/japan-in-der-ddr-meine-begegnung-mit-drei-japanischen-haeusern-in-ostdeutschland-2nd-edition\/#primaryimage"},"image":{"@id":"https:\/\/malenki.net\/de\/produkt\/japan-in-der-ddr-meine-begegnung-mit-drei-japanischen-haeusern-in-ostdeutschland-2nd-edition\/#primaryimage"},"thumbnailUrl":"https:\/\/malenki.net\/wp-content\/uploads\/2025\/10\/tamami-iinuma-Japan-in-der-DDR-3rd-01-600x750-1.jpg","datePublished":"2025-06-30T13:08:42+00:00","dateModified":"2025-10-20T16:45:38+00:00","description":"'Japan in der DDR - Meine Begegnung mit drei japanischen H\u00e4usern in Ostdeutschland' (2nd edition) von der japanischen K\u00fcnstlerin Tamami Iinuma bei malenki.net.","breadcrumb":{"@id":"https:\/\/malenki.net\/de\/produkt\/japan-in-der-ddr-meine-begegnung-mit-drei-japanischen-haeusern-in-ostdeutschland-2nd-edition\/#breadcrumb"},"inLanguage":"de","potentialAction":[{"@type":"ReadAction","target":["https:\/\/malenki.net\/de\/produkt\/japan-in-der-ddr-meine-begegnung-mit-drei-japanischen-haeusern-in-ostdeutschland-2nd-edition\/"]}]},{"@type":"ImageObject","inLanguage":"de","@id":"https:\/\/malenki.net\/de\/produkt\/japan-in-der-ddr-meine-begegnung-mit-drei-japanischen-haeusern-in-ostdeutschland-2nd-edition\/#primaryimage","url":"https:\/\/malenki.net\/wp-content\/uploads\/2025\/10\/tamami-iinuma-Japan-in-der-DDR-3rd-01-600x750-1.jpg","contentUrl":"https:\/\/malenki.net\/wp-content\/uploads\/2025\/10\/tamami-iinuma-Japan-in-der-DDR-3rd-01-600x750-1.jpg","width":750,"height":600,"caption":"Tamami Iinuma Japan in der DDR 3rd edition"},{"@type":"BreadcrumbList","@id":"https:\/\/malenki.net\/de\/produkt\/japan-in-der-ddr-meine-begegnung-mit-drei-japanischen-haeusern-in-ostdeutschland-2nd-edition\/#breadcrumb","itemListElement":[{"@type":"ListItem","position":1,"name":"Home","item":"https:\/\/malenki.net\/de\/"},{"@type":"ListItem","position":2,"name":"Editionen","item":"https:\/\/malenki.net\/de\/"},{"@type":"ListItem","position":3,"name":"Japan in der DDR &#8211; Meine Begegnung mit drei japanischen H\u00e4usern in Ostdeutschland (2nd edition)"}]},{"@type":"WebSite","@id":"https:\/\/malenki.net\/de\/#website","url":"https:\/\/malenki.net\/de\/","name":"malenki.net","description":"Fotografie Editionen","publisher":{"@id":"https:\/\/malenki.net\/de\/#organization"},"potentialAction":[{"@type":"SearchAction","target":{"@type":"EntryPoint","urlTemplate":"https:\/\/malenki.net\/de\/?s={search_term_string}"},"query-input":{"@type":"PropertyValueSpecification","valueRequired":true,"valueName":"search_term_string"}}],"inLanguage":"de"},{"@type":"Organization","@id":"https:\/\/malenki.net\/de\/#organization","name":"malenki.net","url":"https:\/\/malenki.net\/de\/","logo":{"@type":"ImageObject","inLanguage":"de","@id":"https:\/\/malenki.net\/de\/#\/schema\/logo\/image\/","url":"https:\/\/malenki.net\/wp-content\/uploads\/2023\/03\/malenki-logo-2019.gif","contentUrl":"https:\/\/malenki.net\/wp-content\/uploads\/2023\/03\/malenki-logo-2019.gif","width":524,"height":138,"caption":"malenki.net"},"image":{"@id":"https:\/\/malenki.net\/de\/#\/schema\/logo\/image\/"},"sameAs":["https:\/\/www.facebook.com\/malenki.editionen\/","https:\/\/www.instagram.com\/malenkinet\/"]}]}},"wps_subtitle":"Tamami Iinuma","_links":{"self":[{"href":"https:\/\/malenki.net\/de\/wp-json\/wp\/v2\/product\/11301","targetHints":{"allow":["GET"]}}],"collection":[{"href":"https:\/\/malenki.net\/de\/wp-json\/wp\/v2\/product"}],"about":[{"href":"https:\/\/malenki.net\/de\/wp-json\/wp\/v2\/types\/product"}],"wp:featuredmedia":[{"embeddable":true,"href":"https:\/\/malenki.net\/de\/wp-json\/wp\/v2\/media\/11641"}],"wp:attachment":[{"href":"https:\/\/malenki.net\/de\/wp-json\/wp\/v2\/media?parent=11301"}],"wp:term":[{"taxonomy":"product_brand","embeddable":true,"href":"https:\/\/malenki.net\/de\/wp-json\/wp\/v2\/product_brand?post=11301"},{"taxonomy":"product_cat","embeddable":true,"href":"https:\/\/malenki.net\/de\/wp-json\/wp\/v2\/product_cat?post=11301"},{"taxonomy":"product_tag","embeddable":true,"href":"https:\/\/malenki.net\/de\/wp-json\/wp\/v2\/product_tag?post=11301"}],"curies":[{"name":"wp","href":"https:\/\/api.w.org\/{rel}","templated":true}]}}