{"id":11294,"date":"2025-06-25T18:15:02","date_gmt":"2025-06-25T16:15:02","guid":{"rendered":"https:\/\/malenki.net\/product\/real-estate\/"},"modified":"2025-06-25T18:15:02","modified_gmt":"2025-06-25T16:15:02","slug":"real-estate","status":"publish","type":"product","link":"https:\/\/malenki.net\/de\/produkt\/real-estate\/","title":{"rendered":"Real Estate"},"content":{"rendered":"<p>&#8222;Ich besuchte Higashikawa zum ersten Mal im Sommer 2007. W\u00e4hrend meines Aufenthalts war ich von den H\u00e4usern der Stadt fasziniert&#8230; . (Sp\u00e4ter) erfuhr ich mehr \u00fcber die H\u00e4user in Higashikawa, die auf dem \u201eGesetz zur F\u00f6rderung des Baus von gutem l\u00e4ndlichem Wohnraum\u201c basieren. (&#8230;) Die Silhouette jedes Hauses ist so gezeichnet, dass sie mit dem Kamm der nahe gelegenen Vulkangruppe Daisetsuzan harmoniert. Die Dachneigung, die Farbpalette und der Abstand vom B\u00fcrgersteig zum Eingang werden ber\u00fccksichtigt, wobei auch die Verwendung lokaler H\u00f6lzer gef\u00f6rdert wird. Das Ergebnis ist beeindruckend, und jedes St\u00fcck Architektur hat eine starke Wirkung &#8230; . \u2014 Tamami Iinuma in Case Study: \u201eA place that is truly photogenic\u201c: The gentrification of provincial towns in Japan <\/p>\n<p>&#8230; fotografische Begegnungen erzeugen Geschichten, die die Menschheit feiern und die Natur preisen. (&#8230;) Wir, die Bewohner von Higashikawa, hoffen, eine neue Welt zu schaffen, die das Beste der vier Jahreszeiten in unserer Stadt verk\u00f6rpert, eine Gemeinschaft mit Herz, die offen f\u00fcr die Menschen der Welt ist, und einen Ort, der wahrhaftig fotografisch ist, zu errichten, um M\u00f6glichkeiten f\u00fcr die emotionale Aufregung zu schaffen, die mit der Fotografie einhergeht. \u2014 \u00dcbersetzt ins Deutsche aus Photo Town Manifesto Higashikawa-cho, Kamikawa-gun, Hokkaido (1. Juni 1985)<\/p>\n","protected":false},"excerpt":{"rendered":"<p>&#8222;Ich besuchte Higashikawa zum ersten Mal im Sommer 2007. W\u00e4hrend meines Aufenthalts war ich von den H\u00e4usern der Stadt fasziniert&#8230; . (Sp\u00e4ter) erfuhr ich mehr \u00fcber die H\u00e4user in Higashikawa, die auf dem \u201eGesetz zur F\u00f6rderung des Baus von gutem l\u00e4ndlichem Wohnraum\u201c basieren. (&#8230;) Die Silhouette jedes Hauses ist so gezeichnet, dass sie mit dem&hellip; <a class=\"more-link\" href=\"https:\/\/malenki.net\/de\/produkt\/real-estate\/\"><span class=\"screen-reader-text\">Real Estate<\/span> weiterlesen<\/a><\/p>\n","protected":false},"featured_media":11661,"template":"","meta":{"pgc_sgb_lightbox_settings":""},"product_brand":[],"product_cat":[3015],"product_tag":[3982,6322,3971,3797,5104,6321,4005,6320],"class_list":{"0":"post-11294","1":"product","2":"type-product","3":"status-publish","4":"has-post-thumbnail","6":"product_cat-tamami-iinuma-de","7":"product_tag-architektur","8":"product_tag-higashikawa-de","9":"product_tag-iinuma-de","10":"product_tag-japan-de","11":"product_tag-landlich","12":"product_tag-landliches-wohnen","13":"product_tag-tamami-iinuma-de","14":"product_tag-wohnen","15":"entry","17":"first","18":"outofstock","19":"shipping-taxable","20":"purchasable","21":"product-type-simple"},"yoast_head":"<!-- This site is optimized with the Yoast SEO plugin v27.2 - https:\/\/yoast.com\/product\/yoast-seo-wordpress\/ -->\n<title>malenki.net | Real Estate | Tamami Iinuma<\/title>\n<meta name=\"robots\" content=\"index, follow, max-snippet:-1, max-image-preview:large, max-video-preview:-1\" \/>\n<link rel=\"canonical\" href=\"https:\/\/malenki.net\/de\/produkt\/real-estate\/\" \/>\n<meta property=\"og:locale\" content=\"de_DE\" \/>\n<meta property=\"og:type\" content=\"article\" \/>\n<meta property=\"og:title\" content=\"malenki.net | Real Estate | Tamami Iinuma\" \/>\n<meta property=\"og:description\" content=\"&#8222;Ich besuchte Higashikawa zum ersten Mal im Sommer 2007. W\u00e4hrend meines Aufenthalts war ich von den H\u00e4usern der Stadt fasziniert&#8230; . (Sp\u00e4ter) erfuhr ich mehr \u00fcber die H\u00e4user in Higashikawa, die auf dem \u201eGesetz zur F\u00f6rderung des Baus von gutem l\u00e4ndlichem Wohnraum\u201c basieren. (&#8230;) Die Silhouette jedes Hauses ist so gezeichnet, dass sie mit dem&hellip; Real Estate weiterlesen\" \/>\n<meta property=\"og:url\" content=\"https:\/\/malenki.net\/de\/produkt\/real-estate\/\" \/>\n<meta property=\"og:site_name\" content=\"malenki.net\" \/>\n<meta property=\"article:publisher\" content=\"https:\/\/www.facebook.com\/malenki.editionen\/\" \/>\n<meta property=\"og:image\" content=\"https:\/\/malenki.net\/wp-content\/uploads\/2020\/04\/fb.jpg\" \/>\n\t<meta property=\"og:image:width\" content=\"1200\" \/>\n\t<meta property=\"og:image:height\" content=\"630\" \/>\n\t<meta property=\"og:image:type\" content=\"image\/jpeg\" \/>\n<meta name=\"twitter:card\" content=\"summary_large_image\" \/>\n<meta name=\"twitter:label1\" content=\"Gesch\u00e4tzte Lesezeit\" \/>\n\t<meta name=\"twitter:data1\" content=\"1\u00a0Minute\" \/>\n<script type=\"application\/ld+json\" class=\"yoast-schema-graph\">{\"@context\":\"https:\/\/schema.org\",\"@graph\":[{\"@type\":\"WebPage\",\"@id\":\"https:\/\/malenki.net\/de\/produkt\/real-estate\/\",\"url\":\"https:\/\/malenki.net\/de\/produkt\/real-estate\/\",\"name\":\"malenki.net | Real Estate | Tamami Iinuma\",\"isPartOf\":{\"@id\":\"https:\/\/malenki.net\/de\/#website\"},\"primaryImageOfPage\":{\"@id\":\"https:\/\/malenki.net\/de\/produkt\/real-estate\/#primaryimage\"},\"image\":{\"@id\":\"https:\/\/malenki.net\/de\/produkt\/real-estate\/#primaryimage\"},\"thumbnailUrl\":\"https:\/\/malenki.net\/wp-content\/uploads\/2025\/10\/tamami-iinuma-RealEstate-01-600x750-1.jpg\",\"datePublished\":\"2025-06-25T16:15:02+00:00\",\"breadcrumb\":{\"@id\":\"https:\/\/malenki.net\/de\/produkt\/real-estate\/#breadcrumb\"},\"inLanguage\":\"de\",\"potentialAction\":[{\"@type\":\"ReadAction\",\"target\":[\"https:\/\/malenki.net\/de\/produkt\/real-estate\/\"]}]},{\"@type\":\"ImageObject\",\"inLanguage\":\"de\",\"@id\":\"https:\/\/malenki.net\/de\/produkt\/real-estate\/#primaryimage\",\"url\":\"https:\/\/malenki.net\/wp-content\/uploads\/2025\/10\/tamami-iinuma-RealEstate-01-600x750-1.jpg\",\"contentUrl\":\"https:\/\/malenki.net\/wp-content\/uploads\/2025\/10\/tamami-iinuma-RealEstate-01-600x750-1.jpg\",\"width\":750,\"height\":600,\"caption\":\"Tamami Iinuma Portfolio Photography as Habitation \u2013 House of Architecture\"},{\"@type\":\"BreadcrumbList\",\"@id\":\"https:\/\/malenki.net\/de\/produkt\/real-estate\/#breadcrumb\",\"itemListElement\":[{\"@type\":\"ListItem\",\"position\":1,\"name\":\"Home\",\"item\":\"https:\/\/malenki.net\/de\/\"},{\"@type\":\"ListItem\",\"position\":2,\"name\":\"Editionen\",\"item\":\"https:\/\/malenki.net\/de\/\"},{\"@type\":\"ListItem\",\"position\":3,\"name\":\"Real Estate\"}]},{\"@type\":\"WebSite\",\"@id\":\"https:\/\/malenki.net\/de\/#website\",\"url\":\"https:\/\/malenki.net\/de\/\",\"name\":\"malenki.net\",\"description\":\"Fotografie Editionen\",\"publisher\":{\"@id\":\"https:\/\/malenki.net\/de\/#organization\"},\"potentialAction\":[{\"@type\":\"SearchAction\",\"target\":{\"@type\":\"EntryPoint\",\"urlTemplate\":\"https:\/\/malenki.net\/de\/?s={search_term_string}\"},\"query-input\":{\"@type\":\"PropertyValueSpecification\",\"valueRequired\":true,\"valueName\":\"search_term_string\"}}],\"inLanguage\":\"de\"},{\"@type\":\"Organization\",\"@id\":\"https:\/\/malenki.net\/de\/#organization\",\"name\":\"malenki.net\",\"url\":\"https:\/\/malenki.net\/de\/\",\"logo\":{\"@type\":\"ImageObject\",\"inLanguage\":\"de\",\"@id\":\"https:\/\/malenki.net\/de\/#\/schema\/logo\/image\/\",\"url\":\"https:\/\/malenki.net\/wp-content\/uploads\/2023\/03\/malenki-logo-2019.gif\",\"contentUrl\":\"https:\/\/malenki.net\/wp-content\/uploads\/2023\/03\/malenki-logo-2019.gif\",\"width\":524,\"height\":138,\"caption\":\"malenki.net\"},\"image\":{\"@id\":\"https:\/\/malenki.net\/de\/#\/schema\/logo\/image\/\"},\"sameAs\":[\"https:\/\/www.facebook.com\/malenki.editionen\/\",\"https:\/\/www.instagram.com\/malenkinet\/\"]}]}<\/script>\n<!-- \/ Yoast SEO plugin. -->","yoast_head_json":{"title":"malenki.net | Real Estate | Tamami Iinuma","robots":{"index":"index","follow":"follow","max-snippet":"max-snippet:-1","max-image-preview":"max-image-preview:large","max-video-preview":"max-video-preview:-1"},"canonical":"https:\/\/malenki.net\/de\/produkt\/real-estate\/","og_locale":"de_DE","og_type":"article","og_title":"malenki.net | Real Estate | Tamami Iinuma","og_description":"&#8222;Ich besuchte Higashikawa zum ersten Mal im Sommer 2007. W\u00e4hrend meines Aufenthalts war ich von den H\u00e4usern der Stadt fasziniert&#8230; . (Sp\u00e4ter) erfuhr ich mehr \u00fcber die H\u00e4user in Higashikawa, die auf dem \u201eGesetz zur F\u00f6rderung des Baus von gutem l\u00e4ndlichem Wohnraum\u201c basieren. (&#8230;) Die Silhouette jedes Hauses ist so gezeichnet, dass sie mit dem&hellip; Real Estate weiterlesen","og_url":"https:\/\/malenki.net\/de\/produkt\/real-estate\/","og_site_name":"malenki.net","article_publisher":"https:\/\/www.facebook.com\/malenki.editionen\/","og_image":[{"width":1200,"height":630,"url":"https:\/\/malenki.net\/wp-content\/uploads\/2020\/04\/fb.jpg","type":"image\/jpeg"}],"twitter_card":"summary_large_image","twitter_misc":{"Gesch\u00e4tzte Lesezeit":"1\u00a0Minute"},"schema":{"@context":"https:\/\/schema.org","@graph":[{"@type":"WebPage","@id":"https:\/\/malenki.net\/de\/produkt\/real-estate\/","url":"https:\/\/malenki.net\/de\/produkt\/real-estate\/","name":"malenki.net | Real Estate | Tamami Iinuma","isPartOf":{"@id":"https:\/\/malenki.net\/de\/#website"},"primaryImageOfPage":{"@id":"https:\/\/malenki.net\/de\/produkt\/real-estate\/#primaryimage"},"image":{"@id":"https:\/\/malenki.net\/de\/produkt\/real-estate\/#primaryimage"},"thumbnailUrl":"https:\/\/malenki.net\/wp-content\/uploads\/2025\/10\/tamami-iinuma-RealEstate-01-600x750-1.jpg","datePublished":"2025-06-25T16:15:02+00:00","breadcrumb":{"@id":"https:\/\/malenki.net\/de\/produkt\/real-estate\/#breadcrumb"},"inLanguage":"de","potentialAction":[{"@type":"ReadAction","target":["https:\/\/malenki.net\/de\/produkt\/real-estate\/"]}]},{"@type":"ImageObject","inLanguage":"de","@id":"https:\/\/malenki.net\/de\/produkt\/real-estate\/#primaryimage","url":"https:\/\/malenki.net\/wp-content\/uploads\/2025\/10\/tamami-iinuma-RealEstate-01-600x750-1.jpg","contentUrl":"https:\/\/malenki.net\/wp-content\/uploads\/2025\/10\/tamami-iinuma-RealEstate-01-600x750-1.jpg","width":750,"height":600,"caption":"Tamami Iinuma Portfolio Photography as Habitation \u2013 House of Architecture"},{"@type":"BreadcrumbList","@id":"https:\/\/malenki.net\/de\/produkt\/real-estate\/#breadcrumb","itemListElement":[{"@type":"ListItem","position":1,"name":"Home","item":"https:\/\/malenki.net\/de\/"},{"@type":"ListItem","position":2,"name":"Editionen","item":"https:\/\/malenki.net\/de\/"},{"@type":"ListItem","position":3,"name":"Real Estate"}]},{"@type":"WebSite","@id":"https:\/\/malenki.net\/de\/#website","url":"https:\/\/malenki.net\/de\/","name":"malenki.net","description":"Fotografie Editionen","publisher":{"@id":"https:\/\/malenki.net\/de\/#organization"},"potentialAction":[{"@type":"SearchAction","target":{"@type":"EntryPoint","urlTemplate":"https:\/\/malenki.net\/de\/?s={search_term_string}"},"query-input":{"@type":"PropertyValueSpecification","valueRequired":true,"valueName":"search_term_string"}}],"inLanguage":"de"},{"@type":"Organization","@id":"https:\/\/malenki.net\/de\/#organization","name":"malenki.net","url":"https:\/\/malenki.net\/de\/","logo":{"@type":"ImageObject","inLanguage":"de","@id":"https:\/\/malenki.net\/de\/#\/schema\/logo\/image\/","url":"https:\/\/malenki.net\/wp-content\/uploads\/2023\/03\/malenki-logo-2019.gif","contentUrl":"https:\/\/malenki.net\/wp-content\/uploads\/2023\/03\/malenki-logo-2019.gif","width":524,"height":138,"caption":"malenki.net"},"image":{"@id":"https:\/\/malenki.net\/de\/#\/schema\/logo\/image\/"},"sameAs":["https:\/\/www.facebook.com\/malenki.editionen\/","https:\/\/www.instagram.com\/malenkinet\/"]}]}},"wps_subtitle":"Tamami Iinuma","_links":{"self":[{"href":"https:\/\/malenki.net\/de\/wp-json\/wp\/v2\/product\/11294","targetHints":{"allow":["GET"]}}],"collection":[{"href":"https:\/\/malenki.net\/de\/wp-json\/wp\/v2\/product"}],"about":[{"href":"https:\/\/malenki.net\/de\/wp-json\/wp\/v2\/types\/product"}],"wp:featuredmedia":[{"embeddable":true,"href":"https:\/\/malenki.net\/de\/wp-json\/wp\/v2\/media\/11661"}],"wp:attachment":[{"href":"https:\/\/malenki.net\/de\/wp-json\/wp\/v2\/media?parent=11294"}],"wp:term":[{"taxonomy":"product_brand","embeddable":true,"href":"https:\/\/malenki.net\/de\/wp-json\/wp\/v2\/product_brand?post=11294"},{"taxonomy":"product_cat","embeddable":true,"href":"https:\/\/malenki.net\/de\/wp-json\/wp\/v2\/product_cat?post=11294"},{"taxonomy":"product_tag","embeddable":true,"href":"https:\/\/malenki.net\/de\/wp-json\/wp\/v2\/product_tag?post=11294"}],"curies":[{"name":"wp","href":"https:\/\/api.w.org\/{rel}","templated":true}]}}