{"id":11275,"date":"2025-04-16T14:50:53","date_gmt":"2025-04-16T12:50:53","guid":{"rendered":"https:\/\/malenki.net\/product\/apocalypse-zine-3\/"},"modified":"2025-04-17T15:48:00","modified_gmt":"2025-04-17T13:48:00","slug":"apocalypse-zine-3","status":"publish","type":"product","link":"https:\/\/malenki.net\/de\/produkt\/apocalypse-zine-3\/","title":{"rendered":"Apocalypse zine #3"},"content":{"rendered":"<p>Apocalypse vereint subjektive und poetische Positionen aus verschiedenen Kunst- und Denkbereichen, die zeitgen\u00f6ssische Themen sowie k\u00fcnstlerische, pers\u00f6nliche, philosophische und politische Themen ber\u00fchren. Aus der \u00dcberzeugung heraus, dass es entscheidend ist, den intellektuellen Diskurs \u00fcber einfache Antworten und Anschuldigungen hinaus zu st\u00e4rken. Als K\u00fcnstlerin interessiert mich ein distanzierter Blick auf unsere Welt, der neue Perspektiven auf unsere gemeinsame Alltagsrealit\u00e4t erm\u00f6glicht \u2013 ein Denken, das die M\u00f6glichkeit unterschiedlicher Realit\u00e4ten anerkennt. \u2013 Sarah Sharif, Wien 2023.<\/p>\n","protected":false},"excerpt":{"rendered":"<p>Apocalypse vereint subjektive und poetische Positionen aus verschiedenen Kunst- und Denkbereichen, die zeitgen\u00f6ssische Themen sowie k\u00fcnstlerische, pers\u00f6nliche, philosophische und politische Themen ber\u00fchren. Aus der \u00dcberzeugung heraus, dass es entscheidend ist, den intellektuellen Diskurs \u00fcber einfache Antworten und Anschuldigungen hinaus zu st\u00e4rken. Als K\u00fcnstlerin interessiert mich ein distanzierter Blick auf unsere Welt, der neue Perspektiven auf&hellip; <a class=\"more-link\" href=\"https:\/\/malenki.net\/de\/produkt\/apocalypse-zine-3\/\"><span class=\"screen-reader-text\">Apocalypse zine #3<\/span> weiterlesen<\/a><\/p>\n","protected":false},"featured_media":11232,"template":"","meta":{"pgc_sgb_lightbox_settings":""},"product_brand":[],"product_cat":[3016],"product_tag":[3020,5228,3972,6298,6300,6299,3999,6304,6301,6306,6305,3979,6297,6302,3039,3045,6303,4374,3994],"class_list":{"0":"post-11275","1":"product","2":"type-product","3":"status-publish","4":"has-post-thumbnail","6":"product_cat-sarah-sharafi-de","7":"product_tag-apocalypse-de","8":"product_tag-apocalypse-zine-de","9":"product_tag-holger-schulze-de","10":"product_tag-kristina-cyan-de","11":"product_tag-lars-rosenkohl-de","12":"product_tag-lauren-nikol-de","13":"product_tag-liudmila-kirsanova-de","14":"product_tag-maaijke-middelbeek-de","15":"product_tag-nika-kupprova-de","16":"product_tag-paula-tientjen-de","17":"product_tag-philip-langer-de","18":"product_tag-rainer-menke-de","19":"product_tag-renke-brandt-de","20":"product_tag-robert-gruber-de","21":"product_tag-sarah-pedde-de","22":"product_tag-sharafi-de","23":"product_tag-stefan-klampfe-de","24":"product_tag-tobias-muno-de","25":"product_tag-zine-de","26":"entry","28":"first","29":"instock","30":"shipping-taxable","31":"purchasable","32":"product-type-simple"},"yoast_head":"<!-- This site is optimized with the Yoast SEO plugin v27.2 - https:\/\/yoast.com\/product\/yoast-seo-wordpress\/ -->\n<title>malenki.net | Apocalypse zine #3 | Sarah Sharafi<\/title>\n<meta name=\"description\" content=\"&#039;Apocalypse zine #3&#039; von Sarah Sharafi bei malenki.net\" \/>\n<meta name=\"robots\" content=\"index, follow, max-snippet:-1, max-image-preview:large, max-video-preview:-1\" \/>\n<link rel=\"canonical\" href=\"https:\/\/malenki.net\/de\/produkt\/apocalypse-zine-3\/\" \/>\n<meta property=\"og:locale\" content=\"de_DE\" \/>\n<meta property=\"og:type\" content=\"article\" \/>\n<meta property=\"og:title\" content=\"malenki.net | Apocalypse zine #3 | Sarah Sharafi\" \/>\n<meta property=\"og:description\" content=\"&#039;Apocalypse zine #3&#039; von Sarah Sharafi bei malenki.net\" \/>\n<meta property=\"og:url\" content=\"https:\/\/malenki.net\/de\/produkt\/apocalypse-zine-3\/\" \/>\n<meta property=\"og:site_name\" content=\"malenki.net\" \/>\n<meta property=\"article:publisher\" content=\"https:\/\/www.facebook.com\/malenki.editionen\/\" \/>\n<meta property=\"article:modified_time\" content=\"2025-04-17T13:48:00+00:00\" \/>\n<meta property=\"og:image\" content=\"https:\/\/malenki.net\/wp-content\/uploads\/2025\/04\/sarah-sharafi-apocalypse3-01-750x600-1.jpg\" \/>\n\t<meta property=\"og:image:width\" content=\"750\" \/>\n\t<meta property=\"og:image:height\" content=\"600\" \/>\n\t<meta property=\"og:image:type\" content=\"image\/jpeg\" \/>\n<meta name=\"twitter:card\" content=\"summary_large_image\" \/>\n<script type=\"application\/ld+json\" class=\"yoast-schema-graph\">{\"@context\":\"https:\/\/schema.org\",\"@graph\":[{\"@type\":\"WebPage\",\"@id\":\"https:\/\/malenki.net\/de\/produkt\/apocalypse-zine-3\/\",\"url\":\"https:\/\/malenki.net\/de\/produkt\/apocalypse-zine-3\/\",\"name\":\"malenki.net | Apocalypse zine #3 | Sarah Sharafi\",\"isPartOf\":{\"@id\":\"https:\/\/malenki.net\/de\/#website\"},\"primaryImageOfPage\":{\"@id\":\"https:\/\/malenki.net\/de\/produkt\/apocalypse-zine-3\/#primaryimage\"},\"image\":{\"@id\":\"https:\/\/malenki.net\/de\/produkt\/apocalypse-zine-3\/#primaryimage\"},\"thumbnailUrl\":\"https:\/\/malenki.net\/wp-content\/uploads\/2025\/04\/sarah-sharafi-apocalypse3-01-750x600-1.jpg\",\"datePublished\":\"2025-04-16T12:50:53+00:00\",\"dateModified\":\"2025-04-17T13:48:00+00:00\",\"description\":\"'Apocalypse zine #3' von Sarah Sharafi bei malenki.net\",\"breadcrumb\":{\"@id\":\"https:\/\/malenki.net\/de\/produkt\/apocalypse-zine-3\/#breadcrumb\"},\"inLanguage\":\"de\",\"potentialAction\":[{\"@type\":\"ReadAction\",\"target\":[\"https:\/\/malenki.net\/de\/produkt\/apocalypse-zine-3\/\"]}]},{\"@type\":\"ImageObject\",\"inLanguage\":\"de\",\"@id\":\"https:\/\/malenki.net\/de\/produkt\/apocalypse-zine-3\/#primaryimage\",\"url\":\"https:\/\/malenki.net\/wp-content\/uploads\/2025\/04\/sarah-sharafi-apocalypse3-01-750x600-1.jpg\",\"contentUrl\":\"https:\/\/malenki.net\/wp-content\/uploads\/2025\/04\/sarah-sharafi-apocalypse3-01-750x600-1.jpg\",\"width\":750,\"height\":600,\"caption\":\"Sarah Sharafi - Apocalypse zine 3\"},{\"@type\":\"BreadcrumbList\",\"@id\":\"https:\/\/malenki.net\/de\/produkt\/apocalypse-zine-3\/#breadcrumb\",\"itemListElement\":[{\"@type\":\"ListItem\",\"position\":1,\"name\":\"Home\",\"item\":\"https:\/\/malenki.net\/de\/\"},{\"@type\":\"ListItem\",\"position\":2,\"name\":\"Editionen\",\"item\":\"https:\/\/malenki.net\/de\/\"},{\"@type\":\"ListItem\",\"position\":3,\"name\":\"Apocalypse zine #3\"}]},{\"@type\":\"WebSite\",\"@id\":\"https:\/\/malenki.net\/de\/#website\",\"url\":\"https:\/\/malenki.net\/de\/\",\"name\":\"malenki.net\",\"description\":\"Fotografie Editionen\",\"publisher\":{\"@id\":\"https:\/\/malenki.net\/de\/#organization\"},\"potentialAction\":[{\"@type\":\"SearchAction\",\"target\":{\"@type\":\"EntryPoint\",\"urlTemplate\":\"https:\/\/malenki.net\/de\/?s={search_term_string}\"},\"query-input\":{\"@type\":\"PropertyValueSpecification\",\"valueRequired\":true,\"valueName\":\"search_term_string\"}}],\"inLanguage\":\"de\"},{\"@type\":\"Organization\",\"@id\":\"https:\/\/malenki.net\/de\/#organization\",\"name\":\"malenki.net\",\"url\":\"https:\/\/malenki.net\/de\/\",\"logo\":{\"@type\":\"ImageObject\",\"inLanguage\":\"de\",\"@id\":\"https:\/\/malenki.net\/de\/#\/schema\/logo\/image\/\",\"url\":\"https:\/\/malenki.net\/wp-content\/uploads\/2023\/03\/malenki-logo-2019.gif\",\"contentUrl\":\"https:\/\/malenki.net\/wp-content\/uploads\/2023\/03\/malenki-logo-2019.gif\",\"width\":524,\"height\":138,\"caption\":\"malenki.net\"},\"image\":{\"@id\":\"https:\/\/malenki.net\/de\/#\/schema\/logo\/image\/\"},\"sameAs\":[\"https:\/\/www.facebook.com\/malenki.editionen\/\",\"https:\/\/www.instagram.com\/malenkinet\/\"]}]}<\/script>\n<!-- \/ Yoast SEO plugin. -->","yoast_head_json":{"title":"malenki.net | Apocalypse zine #3 | Sarah Sharafi","description":"'Apocalypse zine #3' von Sarah Sharafi bei malenki.net","robots":{"index":"index","follow":"follow","max-snippet":"max-snippet:-1","max-image-preview":"max-image-preview:large","max-video-preview":"max-video-preview:-1"},"canonical":"https:\/\/malenki.net\/de\/produkt\/apocalypse-zine-3\/","og_locale":"de_DE","og_type":"article","og_title":"malenki.net | Apocalypse zine #3 | Sarah Sharafi","og_description":"'Apocalypse zine #3' von Sarah Sharafi bei malenki.net","og_url":"https:\/\/malenki.net\/de\/produkt\/apocalypse-zine-3\/","og_site_name":"malenki.net","article_publisher":"https:\/\/www.facebook.com\/malenki.editionen\/","article_modified_time":"2025-04-17T13:48:00+00:00","og_image":[{"width":750,"height":600,"url":"https:\/\/malenki.net\/wp-content\/uploads\/2025\/04\/sarah-sharafi-apocalypse3-01-750x600-1.jpg","type":"image\/jpeg"}],"twitter_card":"summary_large_image","schema":{"@context":"https:\/\/schema.org","@graph":[{"@type":"WebPage","@id":"https:\/\/malenki.net\/de\/produkt\/apocalypse-zine-3\/","url":"https:\/\/malenki.net\/de\/produkt\/apocalypse-zine-3\/","name":"malenki.net | Apocalypse zine #3 | Sarah Sharafi","isPartOf":{"@id":"https:\/\/malenki.net\/de\/#website"},"primaryImageOfPage":{"@id":"https:\/\/malenki.net\/de\/produkt\/apocalypse-zine-3\/#primaryimage"},"image":{"@id":"https:\/\/malenki.net\/de\/produkt\/apocalypse-zine-3\/#primaryimage"},"thumbnailUrl":"https:\/\/malenki.net\/wp-content\/uploads\/2025\/04\/sarah-sharafi-apocalypse3-01-750x600-1.jpg","datePublished":"2025-04-16T12:50:53+00:00","dateModified":"2025-04-17T13:48:00+00:00","description":"'Apocalypse zine #3' von Sarah Sharafi bei malenki.net","breadcrumb":{"@id":"https:\/\/malenki.net\/de\/produkt\/apocalypse-zine-3\/#breadcrumb"},"inLanguage":"de","potentialAction":[{"@type":"ReadAction","target":["https:\/\/malenki.net\/de\/produkt\/apocalypse-zine-3\/"]}]},{"@type":"ImageObject","inLanguage":"de","@id":"https:\/\/malenki.net\/de\/produkt\/apocalypse-zine-3\/#primaryimage","url":"https:\/\/malenki.net\/wp-content\/uploads\/2025\/04\/sarah-sharafi-apocalypse3-01-750x600-1.jpg","contentUrl":"https:\/\/malenki.net\/wp-content\/uploads\/2025\/04\/sarah-sharafi-apocalypse3-01-750x600-1.jpg","width":750,"height":600,"caption":"Sarah Sharafi - Apocalypse zine 3"},{"@type":"BreadcrumbList","@id":"https:\/\/malenki.net\/de\/produkt\/apocalypse-zine-3\/#breadcrumb","itemListElement":[{"@type":"ListItem","position":1,"name":"Home","item":"https:\/\/malenki.net\/de\/"},{"@type":"ListItem","position":2,"name":"Editionen","item":"https:\/\/malenki.net\/de\/"},{"@type":"ListItem","position":3,"name":"Apocalypse zine #3"}]},{"@type":"WebSite","@id":"https:\/\/malenki.net\/de\/#website","url":"https:\/\/malenki.net\/de\/","name":"malenki.net","description":"Fotografie Editionen","publisher":{"@id":"https:\/\/malenki.net\/de\/#organization"},"potentialAction":[{"@type":"SearchAction","target":{"@type":"EntryPoint","urlTemplate":"https:\/\/malenki.net\/de\/?s={search_term_string}"},"query-input":{"@type":"PropertyValueSpecification","valueRequired":true,"valueName":"search_term_string"}}],"inLanguage":"de"},{"@type":"Organization","@id":"https:\/\/malenki.net\/de\/#organization","name":"malenki.net","url":"https:\/\/malenki.net\/de\/","logo":{"@type":"ImageObject","inLanguage":"de","@id":"https:\/\/malenki.net\/de\/#\/schema\/logo\/image\/","url":"https:\/\/malenki.net\/wp-content\/uploads\/2023\/03\/malenki-logo-2019.gif","contentUrl":"https:\/\/malenki.net\/wp-content\/uploads\/2023\/03\/malenki-logo-2019.gif","width":524,"height":138,"caption":"malenki.net"},"image":{"@id":"https:\/\/malenki.net\/de\/#\/schema\/logo\/image\/"},"sameAs":["https:\/\/www.facebook.com\/malenki.editionen\/","https:\/\/www.instagram.com\/malenkinet\/"]}]}},"wps_subtitle":"Sarah Sharafi","_links":{"self":[{"href":"https:\/\/malenki.net\/de\/wp-json\/wp\/v2\/product\/11275","targetHints":{"allow":["GET"]}}],"collection":[{"href":"https:\/\/malenki.net\/de\/wp-json\/wp\/v2\/product"}],"about":[{"href":"https:\/\/malenki.net\/de\/wp-json\/wp\/v2\/types\/product"}],"wp:featuredmedia":[{"embeddable":true,"href":"https:\/\/malenki.net\/de\/wp-json\/wp\/v2\/media\/11232"}],"wp:attachment":[{"href":"https:\/\/malenki.net\/de\/wp-json\/wp\/v2\/media?parent=11275"}],"wp:term":[{"taxonomy":"product_brand","embeddable":true,"href":"https:\/\/malenki.net\/de\/wp-json\/wp\/v2\/product_brand?post=11275"},{"taxonomy":"product_cat","embeddable":true,"href":"https:\/\/malenki.net\/de\/wp-json\/wp\/v2\/product_cat?post=11275"},{"taxonomy":"product_tag","embeddable":true,"href":"https:\/\/malenki.net\/de\/wp-json\/wp\/v2\/product_tag?post=11275"}],"curies":[{"name":"wp","href":"https:\/\/api.w.org\/{rel}","templated":true}]}}