{"id":11273,"date":"2025-04-16T14:32:26","date_gmt":"2025-04-16T12:32:26","guid":{"rendered":"https:\/\/malenki.net\/product\/ocean-view-2-verschiebung-des-blickfeldes-2015-2024\/"},"modified":"2026-03-29T18:13:59","modified_gmt":"2026-03-29T16:13:59","slug":"ocean-view-2-verschiebung-des-blickfeldes-2015-2024","status":"publish","type":"product","link":"https:\/\/malenki.net\/de\/produkt\/ocean-view-2-verschiebung-des-blickfeldes-2015-2024\/","title":{"rendered":"OCEAN VIEW 2: Verschiebung des Blickfeldes, 2015 &#8211; 2024"},"content":{"rendered":"<p>\u201eGro\u00dfer Albatros, ich habe dich tot gefunden am Meer zwischen den Felsen. Das Bild deines elenden Verendens hat mich nicht losgelassen.\u201c (2024)<br \/>\nWie hat sich unsere Wahrnehmung, unser Blick auf das Meer durch unser Wissen um Gef\u00e4hrdung und Ausbeutung ver\u00e4ndert? Bleibt die Erinnerung an die Magie kosmischer Energien und Kr\u00e4fte? Ausgangspunkt f\u00fcr diese Arbeit sind analoge Fotografien einer Meeresoberfl\u00e4che, aufgenommen 2015; als kleine Prints auf Papier aufbewahrt im Archiv. Noch einmal hervorgeholt 2024 und abfotografiert. Dabei sind \u00dcberlagerungen entstanden zeitlich und visuell. Keine weitere Dokumentation von Plastik und M\u00fcll, kein toter Vogel. Es sind keine Boote zu sehen, keine Langleinen, kein \u00d6lteppich\u2026<\/p>\n<p>*) Der Wanderalbatros ist einer der gr\u00f6\u00dften V\u00f6gel der Welt mit einer Fl\u00fcgelspannweite bis zu 3.50 Meter. Einige Arten sind vom Aussterben bedroht bis stark gef\u00e4hrdet. Laut dem Vogelsch\u00fctzer Barry Weeber sterben weltweit mehrere 100 000 Albatrosse j\u00e4hrlich als Opfer von Langleinenfischerei und von Plastikteilen im Meer.<\/p>\n<p>OCEAN VIEW 2 besteht aus mehreren Teilen: einem gefalteten Inkjet Print (Umschlag), einem gebundenen Heft (Bildteil), einem Set aus Din-A5-Karten (Illustration und Text) sowie einem Pigmentdruck 20&#215;30 cm (2015\/2024).<\/p>\n","protected":false},"excerpt":{"rendered":"<p>OCEAN VIEW 2 besteht aus mehreren Teilen: einem gefalteten Inkjet Print (Umschlag), einem gebundenen Heft (Bildteil), einem Set aus Din-A5-Karten (Illustration und Text) sowie einem Pigmentdruck 20&#215;30 cm (2015\/2024).<\/p>\n","protected":false},"featured_media":11242,"template":"","meta":{"pgc_sgb_lightbox_settings":""},"product_brand":[],"product_cat":[3018],"product_tag":[3021,6282,6284,3818,3059,6285,3964,6283,6286,3951,3050,3994],"class_list":{"0":"post-11273","1":"product","2":"type-product","3":"status-publish","4":"has-post-thumbnail","6":"product_cat-heidemarie-von-wedel-de","7":"product_tag-heidemarie-von-wedel-de","8":"product_tag-meer-de","9":"product_tag-meerblick","10":"product_tag-natur","11":"product_tag-schwarz-weiss","12":"product_tag-umweltverschmutzung","13":"product_tag-und-eins-de","14":"product_tag-verschmutzung","15":"product_tag-verschmutzung-de","16":"product_tag-von-wedel-de","17":"product_tag-wedel-de","18":"product_tag-zine-de","19":"product_shipping_class-fragil-groser-als-240-x-320-mm","20":"entry","22":"first","23":"outofstock","24":"shipping-taxable","25":"purchasable","26":"product-type-simple"},"yoast_head":"<!-- This site is optimized with the Yoast SEO plugin v27.2 - https:\/\/yoast.com\/product\/yoast-seo-wordpress\/ -->\n<title>malenki.net | OCEAN VIEW 2: Verschiebung des Blickfeldes, 2015 - 2024 | Heidemarie von Wedel<\/title>\n<meta name=\"description\" content=\"&#039;OCEAN VIEW 2: Verschiebung des Blickfeldes, 2015 - 2024&#039; von Heidemarie von Wedel bei malenki.net\" \/>\n<meta name=\"robots\" content=\"index, follow, max-snippet:-1, max-image-preview:large, max-video-preview:-1\" \/>\n<link rel=\"canonical\" href=\"https:\/\/malenki.net\/de\/produkt\/ocean-view-2-verschiebung-des-blickfeldes-2015-2024\/\" \/>\n<meta property=\"og:locale\" content=\"de_DE\" \/>\n<meta property=\"og:type\" content=\"article\" \/>\n<meta property=\"og:title\" content=\"malenki.net | OCEAN VIEW 2: Verschiebung des Blickfeldes, 2015 - 2024 | Heidemarie von Wedel\" \/>\n<meta property=\"og:description\" content=\"&#039;OCEAN VIEW 2: Verschiebung des Blickfeldes, 2015 - 2024&#039; von Heidemarie von Wedel bei malenki.net\" \/>\n<meta property=\"og:url\" content=\"https:\/\/malenki.net\/de\/produkt\/ocean-view-2-verschiebung-des-blickfeldes-2015-2024\/\" \/>\n<meta property=\"og:site_name\" content=\"malenki.net\" \/>\n<meta property=\"article:publisher\" content=\"https:\/\/www.facebook.com\/malenki.editionen\/\" \/>\n<meta property=\"article:modified_time\" content=\"2026-03-29T16:13:59+00:00\" \/>\n<meta property=\"og:image\" content=\"https:\/\/malenki.net\/wp-content\/uploads\/2025\/04\/HvWedel-OceanView2-01-750x600-1.jpg\" \/>\n\t<meta property=\"og:image:width\" content=\"750\" \/>\n\t<meta property=\"og:image:height\" content=\"599\" \/>\n\t<meta property=\"og:image:type\" content=\"image\/jpeg\" \/>\n<meta name=\"twitter:card\" content=\"summary_large_image\" \/>\n<meta name=\"twitter:label1\" content=\"Gesch\u00e4tzte Lesezeit\" \/>\n\t<meta name=\"twitter:data1\" content=\"1\u00a0Minute\" \/>\n<script type=\"application\/ld+json\" class=\"yoast-schema-graph\">{\"@context\":\"https:\/\/schema.org\",\"@graph\":[{\"@type\":\"WebPage\",\"@id\":\"https:\/\/malenki.net\/de\/produkt\/ocean-view-2-verschiebung-des-blickfeldes-2015-2024\/\",\"url\":\"https:\/\/malenki.net\/de\/produkt\/ocean-view-2-verschiebung-des-blickfeldes-2015-2024\/\",\"name\":\"malenki.net | OCEAN VIEW 2: Verschiebung des Blickfeldes, 2015 - 2024 | Heidemarie von Wedel\",\"isPartOf\":{\"@id\":\"https:\/\/malenki.net\/de\/#website\"},\"primaryImageOfPage\":{\"@id\":\"https:\/\/malenki.net\/de\/produkt\/ocean-view-2-verschiebung-des-blickfeldes-2015-2024\/#primaryimage\"},\"image\":{\"@id\":\"https:\/\/malenki.net\/de\/produkt\/ocean-view-2-verschiebung-des-blickfeldes-2015-2024\/#primaryimage\"},\"thumbnailUrl\":\"https:\/\/malenki.net\/wp-content\/uploads\/2025\/04\/HvWedel-OceanView2-01-750x600-1.jpg\",\"datePublished\":\"2025-04-16T12:32:26+00:00\",\"dateModified\":\"2026-03-29T16:13:59+00:00\",\"description\":\"'OCEAN VIEW 2: Verschiebung des Blickfeldes, 2015 - 2024' von Heidemarie von Wedel bei malenki.net\",\"breadcrumb\":{\"@id\":\"https:\/\/malenki.net\/de\/produkt\/ocean-view-2-verschiebung-des-blickfeldes-2015-2024\/#breadcrumb\"},\"inLanguage\":\"de\",\"potentialAction\":[{\"@type\":\"ReadAction\",\"target\":[\"https:\/\/malenki.net\/de\/produkt\/ocean-view-2-verschiebung-des-blickfeldes-2015-2024\/\"]}]},{\"@type\":\"ImageObject\",\"inLanguage\":\"de\",\"@id\":\"https:\/\/malenki.net\/de\/produkt\/ocean-view-2-verschiebung-des-blickfeldes-2015-2024\/#primaryimage\",\"url\":\"https:\/\/malenki.net\/wp-content\/uploads\/2025\/04\/HvWedel-OceanView2-01-750x600-1.jpg\",\"contentUrl\":\"https:\/\/malenki.net\/wp-content\/uploads\/2025\/04\/HvWedel-OceanView2-01-750x600-1.jpg\",\"width\":750,\"height\":599,\"caption\":\"Heidemarie von Wedel - Ocean View 2\"},{\"@type\":\"BreadcrumbList\",\"@id\":\"https:\/\/malenki.net\/de\/produkt\/ocean-view-2-verschiebung-des-blickfeldes-2015-2024\/#breadcrumb\",\"itemListElement\":[{\"@type\":\"ListItem\",\"position\":1,\"name\":\"Home\",\"item\":\"https:\/\/malenki.net\/de\/\"},{\"@type\":\"ListItem\",\"position\":2,\"name\":\"Editionen\",\"item\":\"https:\/\/malenki.net\/de\/\"},{\"@type\":\"ListItem\",\"position\":3,\"name\":\"OCEAN VIEW 2: Verschiebung des Blickfeldes, 2015 &#8211; 2024\"}]},{\"@type\":\"WebSite\",\"@id\":\"https:\/\/malenki.net\/de\/#website\",\"url\":\"https:\/\/malenki.net\/de\/\",\"name\":\"malenki.net\",\"description\":\"Fotografie Editionen\",\"publisher\":{\"@id\":\"https:\/\/malenki.net\/de\/#organization\"},\"potentialAction\":[{\"@type\":\"SearchAction\",\"target\":{\"@type\":\"EntryPoint\",\"urlTemplate\":\"https:\/\/malenki.net\/de\/?s={search_term_string}\"},\"query-input\":{\"@type\":\"PropertyValueSpecification\",\"valueRequired\":true,\"valueName\":\"search_term_string\"}}],\"inLanguage\":\"de\"},{\"@type\":\"Organization\",\"@id\":\"https:\/\/malenki.net\/de\/#organization\",\"name\":\"malenki.net\",\"url\":\"https:\/\/malenki.net\/de\/\",\"logo\":{\"@type\":\"ImageObject\",\"inLanguage\":\"de\",\"@id\":\"https:\/\/malenki.net\/de\/#\/schema\/logo\/image\/\",\"url\":\"https:\/\/malenki.net\/wp-content\/uploads\/2023\/03\/malenki-logo-2019.gif\",\"contentUrl\":\"https:\/\/malenki.net\/wp-content\/uploads\/2023\/03\/malenki-logo-2019.gif\",\"width\":524,\"height\":138,\"caption\":\"malenki.net\"},\"image\":{\"@id\":\"https:\/\/malenki.net\/de\/#\/schema\/logo\/image\/\"},\"sameAs\":[\"https:\/\/www.facebook.com\/malenki.editionen\/\",\"https:\/\/www.instagram.com\/malenkinet\/\"]}]}<\/script>\n<!-- \/ Yoast SEO plugin. -->","yoast_head_json":{"title":"malenki.net | OCEAN VIEW 2: Verschiebung des Blickfeldes, 2015 - 2024 | Heidemarie von Wedel","description":"'OCEAN VIEW 2: Verschiebung des Blickfeldes, 2015 - 2024' von Heidemarie von Wedel bei malenki.net","robots":{"index":"index","follow":"follow","max-snippet":"max-snippet:-1","max-image-preview":"max-image-preview:large","max-video-preview":"max-video-preview:-1"},"canonical":"https:\/\/malenki.net\/de\/produkt\/ocean-view-2-verschiebung-des-blickfeldes-2015-2024\/","og_locale":"de_DE","og_type":"article","og_title":"malenki.net | OCEAN VIEW 2: Verschiebung des Blickfeldes, 2015 - 2024 | Heidemarie von Wedel","og_description":"'OCEAN VIEW 2: Verschiebung des Blickfeldes, 2015 - 2024' von Heidemarie von Wedel bei malenki.net","og_url":"https:\/\/malenki.net\/de\/produkt\/ocean-view-2-verschiebung-des-blickfeldes-2015-2024\/","og_site_name":"malenki.net","article_publisher":"https:\/\/www.facebook.com\/malenki.editionen\/","article_modified_time":"2026-03-29T16:13:59+00:00","og_image":[{"width":750,"height":599,"url":"https:\/\/malenki.net\/wp-content\/uploads\/2025\/04\/HvWedel-OceanView2-01-750x600-1.jpg","type":"image\/jpeg"}],"twitter_card":"summary_large_image","twitter_misc":{"Gesch\u00e4tzte Lesezeit":"1\u00a0Minute"},"schema":{"@context":"https:\/\/schema.org","@graph":[{"@type":"WebPage","@id":"https:\/\/malenki.net\/de\/produkt\/ocean-view-2-verschiebung-des-blickfeldes-2015-2024\/","url":"https:\/\/malenki.net\/de\/produkt\/ocean-view-2-verschiebung-des-blickfeldes-2015-2024\/","name":"malenki.net | OCEAN VIEW 2: Verschiebung des Blickfeldes, 2015 - 2024 | Heidemarie von Wedel","isPartOf":{"@id":"https:\/\/malenki.net\/de\/#website"},"primaryImageOfPage":{"@id":"https:\/\/malenki.net\/de\/produkt\/ocean-view-2-verschiebung-des-blickfeldes-2015-2024\/#primaryimage"},"image":{"@id":"https:\/\/malenki.net\/de\/produkt\/ocean-view-2-verschiebung-des-blickfeldes-2015-2024\/#primaryimage"},"thumbnailUrl":"https:\/\/malenki.net\/wp-content\/uploads\/2025\/04\/HvWedel-OceanView2-01-750x600-1.jpg","datePublished":"2025-04-16T12:32:26+00:00","dateModified":"2026-03-29T16:13:59+00:00","description":"'OCEAN VIEW 2: Verschiebung des Blickfeldes, 2015 - 2024' von Heidemarie von Wedel bei malenki.net","breadcrumb":{"@id":"https:\/\/malenki.net\/de\/produkt\/ocean-view-2-verschiebung-des-blickfeldes-2015-2024\/#breadcrumb"},"inLanguage":"de","potentialAction":[{"@type":"ReadAction","target":["https:\/\/malenki.net\/de\/produkt\/ocean-view-2-verschiebung-des-blickfeldes-2015-2024\/"]}]},{"@type":"ImageObject","inLanguage":"de","@id":"https:\/\/malenki.net\/de\/produkt\/ocean-view-2-verschiebung-des-blickfeldes-2015-2024\/#primaryimage","url":"https:\/\/malenki.net\/wp-content\/uploads\/2025\/04\/HvWedel-OceanView2-01-750x600-1.jpg","contentUrl":"https:\/\/malenki.net\/wp-content\/uploads\/2025\/04\/HvWedel-OceanView2-01-750x600-1.jpg","width":750,"height":599,"caption":"Heidemarie von Wedel - Ocean View 2"},{"@type":"BreadcrumbList","@id":"https:\/\/malenki.net\/de\/produkt\/ocean-view-2-verschiebung-des-blickfeldes-2015-2024\/#breadcrumb","itemListElement":[{"@type":"ListItem","position":1,"name":"Home","item":"https:\/\/malenki.net\/de\/"},{"@type":"ListItem","position":2,"name":"Editionen","item":"https:\/\/malenki.net\/de\/"},{"@type":"ListItem","position":3,"name":"OCEAN VIEW 2: Verschiebung des Blickfeldes, 2015 &#8211; 2024"}]},{"@type":"WebSite","@id":"https:\/\/malenki.net\/de\/#website","url":"https:\/\/malenki.net\/de\/","name":"malenki.net","description":"Fotografie Editionen","publisher":{"@id":"https:\/\/malenki.net\/de\/#organization"},"potentialAction":[{"@type":"SearchAction","target":{"@type":"EntryPoint","urlTemplate":"https:\/\/malenki.net\/de\/?s={search_term_string}"},"query-input":{"@type":"PropertyValueSpecification","valueRequired":true,"valueName":"search_term_string"}}],"inLanguage":"de"},{"@type":"Organization","@id":"https:\/\/malenki.net\/de\/#organization","name":"malenki.net","url":"https:\/\/malenki.net\/de\/","logo":{"@type":"ImageObject","inLanguage":"de","@id":"https:\/\/malenki.net\/de\/#\/schema\/logo\/image\/","url":"https:\/\/malenki.net\/wp-content\/uploads\/2023\/03\/malenki-logo-2019.gif","contentUrl":"https:\/\/malenki.net\/wp-content\/uploads\/2023\/03\/malenki-logo-2019.gif","width":524,"height":138,"caption":"malenki.net"},"image":{"@id":"https:\/\/malenki.net\/de\/#\/schema\/logo\/image\/"},"sameAs":["https:\/\/www.facebook.com\/malenki.editionen\/","https:\/\/www.instagram.com\/malenkinet\/"]}]}},"wps_subtitle":"Heidemarie von Wedel","_links":{"self":[{"href":"https:\/\/malenki.net\/de\/wp-json\/wp\/v2\/product\/11273","targetHints":{"allow":["GET"]}}],"collection":[{"href":"https:\/\/malenki.net\/de\/wp-json\/wp\/v2\/product"}],"about":[{"href":"https:\/\/malenki.net\/de\/wp-json\/wp\/v2\/types\/product"}],"wp:featuredmedia":[{"embeddable":true,"href":"https:\/\/malenki.net\/de\/wp-json\/wp\/v2\/media\/11242"}],"wp:attachment":[{"href":"https:\/\/malenki.net\/de\/wp-json\/wp\/v2\/media?parent=11273"}],"wp:term":[{"taxonomy":"product_brand","embeddable":true,"href":"https:\/\/malenki.net\/de\/wp-json\/wp\/v2\/product_brand?post=11273"},{"taxonomy":"product_cat","embeddable":true,"href":"https:\/\/malenki.net\/de\/wp-json\/wp\/v2\/product_cat?post=11273"},{"taxonomy":"product_tag","embeddable":true,"href":"https:\/\/malenki.net\/de\/wp-json\/wp\/v2\/product_tag?post=11273"}],"curies":[{"name":"wp","href":"https:\/\/api.w.org\/{rel}","templated":true}]}}