{"id":11271,"date":"2025-04-16T13:32:52","date_gmt":"2025-04-16T11:32:52","guid":{"rendered":"https:\/\/malenki.net\/product\/stehen-liegen-haengen\/"},"modified":"2025-04-17T16:22:38","modified_gmt":"2025-04-17T14:22:38","slug":"stehen-liegen-haengen","status":"publish","type":"product","link":"https:\/\/malenki.net\/de\/produkt\/stehen-liegen-haengen\/","title":{"rendered":"Stehen Liegen H\u00e4ngen"},"content":{"rendered":"<p>In her artist book <em>Stehen Liegen H\u00e4ngen<\/em>, <a href=\"https:\/\/malenki.net\/de\/product-category\/kuenstlerinnen\/dorte-eisfeldt\/\">D\u00f6rte Ei\u00dffeldt<\/a> takes us into her studio &#8211; the central location of her artistic work. The artist shares with us her personal view of her practice, of combinations and situations in this place of work.<br \/>\nIn the mid-1970s, D\u00f6rte Ei\u00dffeldt, who comes from painting and film, increasingly turned to photography. For the artist, engaging with this visual medium implies working with fragments of reality. Her montages, multiple exposures, and experimental series are a continuous encounter of the visual potential of photography and at the same time gesture the photographic process of their genesis.<\/p>\n","protected":false},"excerpt":{"rendered":"<p>In her artist book Stehen Liegen H\u00e4ngen, D\u00f6rte Ei\u00dffeldt takes us into her studio &#8211; the central location of her artistic work. The artist shares with us her personal view of her practice, of combinations and situations in this place of work. In the mid-1970s, D\u00f6rte Ei\u00dffeldt, who comes from painting and film, increasingly turned&hellip; <a class=\"more-link\" href=\"https:\/\/malenki.net\/de\/produkt\/stehen-liegen-haengen\/\"><span class=\"screen-reader-text\">Stehen Liegen H\u00e4ngen<\/span> weiterlesen<\/a><\/p>\n","protected":false},"featured_media":11240,"template":"","meta":{"pgc_sgb_lightbox_settings":""},"product_brand":[],"product_cat":[5843],"product_tag":[4232,5850,5851,5852,6310,6309,6272,3961],"class_list":{"0":"post-11271","1":"product","2":"type-product","3":"status-publish","4":"has-post-thumbnail","6":"product_cat-dorte-eisfeldt","7":"product_tag-abstraktion","8":"product_tag-dorte-eisfeldt-de","9":"product_tag-dorte-eissfeldt-de","10":"product_tag-eisfeldt-de","11":"product_tag-rebecca-wilton-de","12":"product_tag-steffen-siegel-de","13":"product_tag-stehen-liegen-hangen-de","14":"product_tag-wahrnehmung","15":"entry","17":"first","18":"instock","19":"shipping-taxable","20":"purchasable","21":"product-type-simple"},"yoast_head":"<!-- This site is optimized with the Yoast SEO plugin v27.2 - https:\/\/yoast.com\/product\/yoast-seo-wordpress\/ -->\n<title>malenki.net | Stehen Liegen H\u00e4ngen | D\u00f6rte Ei\u00dffeldt<\/title>\n<meta name=\"description\" content=\"Stehen Liegen H\u00e4ngen von D\u00f6rte Ei\u00dffeldt bei malenki.net\" \/>\n<meta name=\"robots\" content=\"index, follow, max-snippet:-1, max-image-preview:large, max-video-preview:-1\" \/>\n<link rel=\"canonical\" href=\"https:\/\/malenki.net\/de\/produkt\/stehen-liegen-haengen\/\" \/>\n<meta property=\"og:locale\" content=\"de_DE\" \/>\n<meta property=\"og:type\" content=\"article\" \/>\n<meta property=\"og:title\" content=\"malenki.net | Stehen Liegen H\u00e4ngen | D\u00f6rte Ei\u00dffeldt\" \/>\n<meta property=\"og:description\" content=\"Stehen Liegen H\u00e4ngen von D\u00f6rte Ei\u00dffeldt bei malenki.net\" \/>\n<meta property=\"og:url\" content=\"https:\/\/malenki.net\/de\/produkt\/stehen-liegen-haengen\/\" \/>\n<meta property=\"og:site_name\" content=\"malenki.net\" \/>\n<meta property=\"article:publisher\" content=\"https:\/\/www.facebook.com\/malenki.editionen\/\" \/>\n<meta property=\"article:modified_time\" content=\"2025-04-17T14:22:38+00:00\" \/>\n<meta property=\"og:image\" content=\"https:\/\/malenki.net\/wp-content\/uploads\/2025\/04\/stehenliegen-doerte-eissfeldt-01-750x600-1.jpg\" \/>\n\t<meta property=\"og:image:width\" content=\"750\" \/>\n\t<meta property=\"og:image:height\" content=\"600\" \/>\n\t<meta property=\"og:image:type\" content=\"image\/jpeg\" \/>\n<meta name=\"twitter:card\" content=\"summary_large_image\" \/>\n<meta name=\"twitter:label1\" content=\"Gesch\u00e4tzte Lesezeit\" \/>\n\t<meta name=\"twitter:data1\" content=\"1\u00a0Minute\" \/>\n<script type=\"application\/ld+json\" class=\"yoast-schema-graph\">{\"@context\":\"https:\/\/schema.org\",\"@graph\":[{\"@type\":\"WebPage\",\"@id\":\"https:\/\/malenki.net\/de\/produkt\/stehen-liegen-haengen\/\",\"url\":\"https:\/\/malenki.net\/de\/produkt\/stehen-liegen-haengen\/\",\"name\":\"malenki.net | Stehen Liegen H\u00e4ngen | D\u00f6rte Ei\u00dffeldt\",\"isPartOf\":{\"@id\":\"https:\/\/malenki.net\/de\/#website\"},\"primaryImageOfPage\":{\"@id\":\"https:\/\/malenki.net\/de\/produkt\/stehen-liegen-haengen\/#primaryimage\"},\"image\":{\"@id\":\"https:\/\/malenki.net\/de\/produkt\/stehen-liegen-haengen\/#primaryimage\"},\"thumbnailUrl\":\"https:\/\/malenki.net\/wp-content\/uploads\/2025\/04\/stehenliegen-doerte-eissfeldt-01-750x600-1.jpg\",\"datePublished\":\"2025-04-16T11:32:52+00:00\",\"dateModified\":\"2025-04-17T14:22:38+00:00\",\"description\":\"Stehen Liegen H\u00e4ngen von D\u00f6rte Ei\u00dffeldt bei malenki.net\",\"breadcrumb\":{\"@id\":\"https:\/\/malenki.net\/de\/produkt\/stehen-liegen-haengen\/#breadcrumb\"},\"inLanguage\":\"de\",\"potentialAction\":[{\"@type\":\"ReadAction\",\"target\":[\"https:\/\/malenki.net\/de\/produkt\/stehen-liegen-haengen\/\"]}]},{\"@type\":\"ImageObject\",\"inLanguage\":\"de\",\"@id\":\"https:\/\/malenki.net\/de\/produkt\/stehen-liegen-haengen\/#primaryimage\",\"url\":\"https:\/\/malenki.net\/wp-content\/uploads\/2025\/04\/stehenliegen-doerte-eissfeldt-01-750x600-1.jpg\",\"contentUrl\":\"https:\/\/malenki.net\/wp-content\/uploads\/2025\/04\/stehenliegen-doerte-eissfeldt-01-750x600-1.jpg\",\"width\":750,\"height\":600,\"caption\":\"Doerte Eissfeldt - Stehen Liegen Haengen\"},{\"@type\":\"BreadcrumbList\",\"@id\":\"https:\/\/malenki.net\/de\/produkt\/stehen-liegen-haengen\/#breadcrumb\",\"itemListElement\":[{\"@type\":\"ListItem\",\"position\":1,\"name\":\"Home\",\"item\":\"https:\/\/malenki.net\/de\/\"},{\"@type\":\"ListItem\",\"position\":2,\"name\":\"Editionen\",\"item\":\"https:\/\/malenki.net\/de\/\"},{\"@type\":\"ListItem\",\"position\":3,\"name\":\"Stehen Liegen H\u00e4ngen\"}]},{\"@type\":\"WebSite\",\"@id\":\"https:\/\/malenki.net\/de\/#website\",\"url\":\"https:\/\/malenki.net\/de\/\",\"name\":\"malenki.net\",\"description\":\"Fotografie Editionen\",\"publisher\":{\"@id\":\"https:\/\/malenki.net\/de\/#organization\"},\"potentialAction\":[{\"@type\":\"SearchAction\",\"target\":{\"@type\":\"EntryPoint\",\"urlTemplate\":\"https:\/\/malenki.net\/de\/?s={search_term_string}\"},\"query-input\":{\"@type\":\"PropertyValueSpecification\",\"valueRequired\":true,\"valueName\":\"search_term_string\"}}],\"inLanguage\":\"de\"},{\"@type\":\"Organization\",\"@id\":\"https:\/\/malenki.net\/de\/#organization\",\"name\":\"malenki.net\",\"url\":\"https:\/\/malenki.net\/de\/\",\"logo\":{\"@type\":\"ImageObject\",\"inLanguage\":\"de\",\"@id\":\"https:\/\/malenki.net\/de\/#\/schema\/logo\/image\/\",\"url\":\"https:\/\/malenki.net\/wp-content\/uploads\/2023\/03\/malenki-logo-2019.gif\",\"contentUrl\":\"https:\/\/malenki.net\/wp-content\/uploads\/2023\/03\/malenki-logo-2019.gif\",\"width\":524,\"height\":138,\"caption\":\"malenki.net\"},\"image\":{\"@id\":\"https:\/\/malenki.net\/de\/#\/schema\/logo\/image\/\"},\"sameAs\":[\"https:\/\/www.facebook.com\/malenki.editionen\/\",\"https:\/\/www.instagram.com\/malenkinet\/\"]}]}<\/script>\n<!-- \/ Yoast SEO plugin. -->","yoast_head_json":{"title":"malenki.net | Stehen Liegen H\u00e4ngen | D\u00f6rte Ei\u00dffeldt","description":"Stehen Liegen H\u00e4ngen von D\u00f6rte Ei\u00dffeldt bei malenki.net","robots":{"index":"index","follow":"follow","max-snippet":"max-snippet:-1","max-image-preview":"max-image-preview:large","max-video-preview":"max-video-preview:-1"},"canonical":"https:\/\/malenki.net\/de\/produkt\/stehen-liegen-haengen\/","og_locale":"de_DE","og_type":"article","og_title":"malenki.net | Stehen Liegen H\u00e4ngen | D\u00f6rte Ei\u00dffeldt","og_description":"Stehen Liegen H\u00e4ngen von D\u00f6rte Ei\u00dffeldt bei malenki.net","og_url":"https:\/\/malenki.net\/de\/produkt\/stehen-liegen-haengen\/","og_site_name":"malenki.net","article_publisher":"https:\/\/www.facebook.com\/malenki.editionen\/","article_modified_time":"2025-04-17T14:22:38+00:00","og_image":[{"width":750,"height":600,"url":"https:\/\/malenki.net\/wp-content\/uploads\/2025\/04\/stehenliegen-doerte-eissfeldt-01-750x600-1.jpg","type":"image\/jpeg"}],"twitter_card":"summary_large_image","twitter_misc":{"Gesch\u00e4tzte Lesezeit":"1\u00a0Minute"},"schema":{"@context":"https:\/\/schema.org","@graph":[{"@type":"WebPage","@id":"https:\/\/malenki.net\/de\/produkt\/stehen-liegen-haengen\/","url":"https:\/\/malenki.net\/de\/produkt\/stehen-liegen-haengen\/","name":"malenki.net | Stehen Liegen H\u00e4ngen | D\u00f6rte Ei\u00dffeldt","isPartOf":{"@id":"https:\/\/malenki.net\/de\/#website"},"primaryImageOfPage":{"@id":"https:\/\/malenki.net\/de\/produkt\/stehen-liegen-haengen\/#primaryimage"},"image":{"@id":"https:\/\/malenki.net\/de\/produkt\/stehen-liegen-haengen\/#primaryimage"},"thumbnailUrl":"https:\/\/malenki.net\/wp-content\/uploads\/2025\/04\/stehenliegen-doerte-eissfeldt-01-750x600-1.jpg","datePublished":"2025-04-16T11:32:52+00:00","dateModified":"2025-04-17T14:22:38+00:00","description":"Stehen Liegen H\u00e4ngen von D\u00f6rte Ei\u00dffeldt bei malenki.net","breadcrumb":{"@id":"https:\/\/malenki.net\/de\/produkt\/stehen-liegen-haengen\/#breadcrumb"},"inLanguage":"de","potentialAction":[{"@type":"ReadAction","target":["https:\/\/malenki.net\/de\/produkt\/stehen-liegen-haengen\/"]}]},{"@type":"ImageObject","inLanguage":"de","@id":"https:\/\/malenki.net\/de\/produkt\/stehen-liegen-haengen\/#primaryimage","url":"https:\/\/malenki.net\/wp-content\/uploads\/2025\/04\/stehenliegen-doerte-eissfeldt-01-750x600-1.jpg","contentUrl":"https:\/\/malenki.net\/wp-content\/uploads\/2025\/04\/stehenliegen-doerte-eissfeldt-01-750x600-1.jpg","width":750,"height":600,"caption":"Doerte Eissfeldt - Stehen Liegen Haengen"},{"@type":"BreadcrumbList","@id":"https:\/\/malenki.net\/de\/produkt\/stehen-liegen-haengen\/#breadcrumb","itemListElement":[{"@type":"ListItem","position":1,"name":"Home","item":"https:\/\/malenki.net\/de\/"},{"@type":"ListItem","position":2,"name":"Editionen","item":"https:\/\/malenki.net\/de\/"},{"@type":"ListItem","position":3,"name":"Stehen Liegen H\u00e4ngen"}]},{"@type":"WebSite","@id":"https:\/\/malenki.net\/de\/#website","url":"https:\/\/malenki.net\/de\/","name":"malenki.net","description":"Fotografie Editionen","publisher":{"@id":"https:\/\/malenki.net\/de\/#organization"},"potentialAction":[{"@type":"SearchAction","target":{"@type":"EntryPoint","urlTemplate":"https:\/\/malenki.net\/de\/?s={search_term_string}"},"query-input":{"@type":"PropertyValueSpecification","valueRequired":true,"valueName":"search_term_string"}}],"inLanguage":"de"},{"@type":"Organization","@id":"https:\/\/malenki.net\/de\/#organization","name":"malenki.net","url":"https:\/\/malenki.net\/de\/","logo":{"@type":"ImageObject","inLanguage":"de","@id":"https:\/\/malenki.net\/de\/#\/schema\/logo\/image\/","url":"https:\/\/malenki.net\/wp-content\/uploads\/2023\/03\/malenki-logo-2019.gif","contentUrl":"https:\/\/malenki.net\/wp-content\/uploads\/2023\/03\/malenki-logo-2019.gif","width":524,"height":138,"caption":"malenki.net"},"image":{"@id":"https:\/\/malenki.net\/de\/#\/schema\/logo\/image\/"},"sameAs":["https:\/\/www.facebook.com\/malenki.editionen\/","https:\/\/www.instagram.com\/malenkinet\/"]}]}},"wps_subtitle":"D\u00f6rte Ei\u00dffeldt","_links":{"self":[{"href":"https:\/\/malenki.net\/de\/wp-json\/wp\/v2\/product\/11271","targetHints":{"allow":["GET"]}}],"collection":[{"href":"https:\/\/malenki.net\/de\/wp-json\/wp\/v2\/product"}],"about":[{"href":"https:\/\/malenki.net\/de\/wp-json\/wp\/v2\/types\/product"}],"wp:featuredmedia":[{"embeddable":true,"href":"https:\/\/malenki.net\/de\/wp-json\/wp\/v2\/media\/11240"}],"wp:attachment":[{"href":"https:\/\/malenki.net\/de\/wp-json\/wp\/v2\/media?parent=11271"}],"wp:term":[{"taxonomy":"product_brand","embeddable":true,"href":"https:\/\/malenki.net\/de\/wp-json\/wp\/v2\/product_brand?post=11271"},{"taxonomy":"product_cat","embeddable":true,"href":"https:\/\/malenki.net\/de\/wp-json\/wp\/v2\/product_cat?post=11271"},{"taxonomy":"product_tag","embeddable":true,"href":"https:\/\/malenki.net\/de\/wp-json\/wp\/v2\/product_tag?post=11271"}],"curies":[{"name":"wp","href":"https:\/\/api.w.org\/{rel}","templated":true}]}}