{"id":11123,"date":"2025-01-12T13:12:17","date_gmt":"2025-01-12T12:12:17","guid":{"rendered":"https:\/\/malenki.net\/product\/finger-digitalized-by-google\/"},"modified":"2026-01-24T18:36:05","modified_gmt":"2026-01-24T17:36:05","slug":"finger-digitalized-by-google","status":"publish","type":"product","link":"https:\/\/malenki.net\/de\/produkt\/finger-digitalized-by-google\/","title":{"rendered":"Finger (Digitalized by Google)"},"content":{"rendered":"<p class=\"p1\">Dieses Album des in Hannover lebenden K\u00fcnstlers Dieter Froehlich enth\u00e4lt zwei gro\u00dfformatige Bilderb\u00f6gen, mit Abbildungen von Finger und H\u00e4nden, die versehentlich beim Scannen von Buchseiten im Rahmen der Digitalisierung durch Google Books mit erfasst wurden.<\/p>\n","protected":false},"excerpt":{"rendered":"<p>Dieses Album des in Hannover lebenden K\u00fcnstlers Dieter Froehlich enth\u00e4lt zwei gro\u00dfformatige Bilderb\u00f6gen, mit Abbildungen von Finger und H\u00e4nden, die versehentlich beim Scannen von Buchseiten im Rahmen der Digitalisierung durch Google Books mit erfasst wurden.<\/p>\n","protected":false},"featured_media":12012,"template":"","meta":{"pgc_sgb_lightbox_settings":""},"product_brand":[],"product_cat":[6046],"product_tag":[6645,4066,6651,6644,6154,6155,6646,4630,6650,6652,4384],"class_list":{"0":"post-11123","1":"product","2":"type-product","3":"status-publish","4":"has-post-thumbnail","6":"product_cat-dieter-froelich-de","7":"product_tag-album","8":"product_tag-bild-und-text","9":"product_tag-bilderbogen-2","10":"product_tag-bilderbogen","11":"product_tag-dieter-froelich-de","12":"product_tag-froelich-de","13":"product_tag-google","14":"product_tag-handgemacht","15":"product_tag-sammelalbum","16":"product_tag-sammelalbum-2","17":"product_tag-text-und-bild","18":"entry","20":"first","21":"instock","22":"shipping-taxable","23":"purchasable","24":"product-type-simple"},"yoast_head":"<!-- This site is optimized with the Yoast SEO plugin v27.2 - https:\/\/yoast.com\/product\/yoast-seo-wordpress\/ -->\n<title>malenki.net | Finger (Digitalized by Google) | Dieter Froelich<\/title>\n<meta name=\"description\" content=\"&#039;Finger (Digitalized by Google)&#039; von Dieter Froelich bei malenki.net\" \/>\n<meta name=\"robots\" content=\"index, follow, max-snippet:-1, max-image-preview:large, max-video-preview:-1\" \/>\n<link rel=\"canonical\" href=\"https:\/\/malenki.net\/de\/produkt\/finger-digitalized-by-google\/\" \/>\n<meta property=\"og:locale\" content=\"de_DE\" \/>\n<meta property=\"og:type\" content=\"article\" \/>\n<meta property=\"og:title\" content=\"malenki.net | Finger (Digitalized by Google) | Dieter Froelich\" \/>\n<meta property=\"og:description\" content=\"&#039;Finger (Digitalized by Google)&#039; von Dieter Froelich bei malenki.net\" \/>\n<meta property=\"og:url\" content=\"https:\/\/malenki.net\/de\/produkt\/finger-digitalized-by-google\/\" \/>\n<meta property=\"og:site_name\" content=\"malenki.net\" \/>\n<meta property=\"article:publisher\" content=\"https:\/\/www.facebook.com\/malenki.editionen\/\" \/>\n<meta property=\"article:modified_time\" content=\"2026-01-24T17:36:05+00:00\" \/>\n<meta property=\"og:image\" content=\"https:\/\/malenki.net\/wp-content\/uploads\/2026\/01\/DFroelich-Finger-01.jpg\" \/>\n\t<meta property=\"og:image:width\" content=\"750\" \/>\n\t<meta property=\"og:image:height\" content=\"600\" \/>\n\t<meta property=\"og:image:type\" content=\"image\/jpeg\" \/>\n<meta name=\"twitter:card\" content=\"summary_large_image\" \/>\n<script type=\"application\/ld+json\" class=\"yoast-schema-graph\">{\"@context\":\"https:\/\/schema.org\",\"@graph\":[{\"@type\":\"WebPage\",\"@id\":\"https:\/\/malenki.net\/de\/produkt\/finger-digitalized-by-google\/\",\"url\":\"https:\/\/malenki.net\/de\/produkt\/finger-digitalized-by-google\/\",\"name\":\"malenki.net | Finger (Digitalized by Google) | Dieter Froelich\",\"isPartOf\":{\"@id\":\"https:\/\/malenki.net\/de\/#website\"},\"primaryImageOfPage\":{\"@id\":\"https:\/\/malenki.net\/de\/produkt\/finger-digitalized-by-google\/#primaryimage\"},\"image\":{\"@id\":\"https:\/\/malenki.net\/de\/produkt\/finger-digitalized-by-google\/#primaryimage\"},\"thumbnailUrl\":\"https:\/\/malenki.net\/wp-content\/uploads\/2026\/01\/DFroelich-Finger-01.jpg\",\"datePublished\":\"2025-01-12T12:12:17+00:00\",\"dateModified\":\"2026-01-24T17:36:05+00:00\",\"description\":\"'Finger (Digitalized by Google)' von Dieter Froelich bei malenki.net\",\"breadcrumb\":{\"@id\":\"https:\/\/malenki.net\/de\/produkt\/finger-digitalized-by-google\/#breadcrumb\"},\"inLanguage\":\"de\",\"potentialAction\":[{\"@type\":\"ReadAction\",\"target\":[\"https:\/\/malenki.net\/de\/produkt\/finger-digitalized-by-google\/\"]}]},{\"@type\":\"ImageObject\",\"inLanguage\":\"de\",\"@id\":\"https:\/\/malenki.net\/de\/produkt\/finger-digitalized-by-google\/#primaryimage\",\"url\":\"https:\/\/malenki.net\/wp-content\/uploads\/2026\/01\/DFroelich-Finger-01.jpg\",\"contentUrl\":\"https:\/\/malenki.net\/wp-content\/uploads\/2026\/01\/DFroelich-Finger-01.jpg\",\"width\":750,\"height\":600,\"caption\":\"Dieter Froelich \u2014 Finger\"},{\"@type\":\"BreadcrumbList\",\"@id\":\"https:\/\/malenki.net\/de\/produkt\/finger-digitalized-by-google\/#breadcrumb\",\"itemListElement\":[{\"@type\":\"ListItem\",\"position\":1,\"name\":\"Home\",\"item\":\"https:\/\/malenki.net\/de\/\"},{\"@type\":\"ListItem\",\"position\":2,\"name\":\"Editionen\",\"item\":\"https:\/\/malenki.net\/de\/\"},{\"@type\":\"ListItem\",\"position\":3,\"name\":\"Finger (Digitalized by Google)\"}]},{\"@type\":\"WebSite\",\"@id\":\"https:\/\/malenki.net\/de\/#website\",\"url\":\"https:\/\/malenki.net\/de\/\",\"name\":\"malenki.net\",\"description\":\"Fotografie Editionen\",\"publisher\":{\"@id\":\"https:\/\/malenki.net\/de\/#organization\"},\"potentialAction\":[{\"@type\":\"SearchAction\",\"target\":{\"@type\":\"EntryPoint\",\"urlTemplate\":\"https:\/\/malenki.net\/de\/?s={search_term_string}\"},\"query-input\":{\"@type\":\"PropertyValueSpecification\",\"valueRequired\":true,\"valueName\":\"search_term_string\"}}],\"inLanguage\":\"de\"},{\"@type\":\"Organization\",\"@id\":\"https:\/\/malenki.net\/de\/#organization\",\"name\":\"malenki.net\",\"url\":\"https:\/\/malenki.net\/de\/\",\"logo\":{\"@type\":\"ImageObject\",\"inLanguage\":\"de\",\"@id\":\"https:\/\/malenki.net\/de\/#\/schema\/logo\/image\/\",\"url\":\"https:\/\/malenki.net\/wp-content\/uploads\/2023\/03\/malenki-logo-2019.gif\",\"contentUrl\":\"https:\/\/malenki.net\/wp-content\/uploads\/2023\/03\/malenki-logo-2019.gif\",\"width\":524,\"height\":138,\"caption\":\"malenki.net\"},\"image\":{\"@id\":\"https:\/\/malenki.net\/de\/#\/schema\/logo\/image\/\"},\"sameAs\":[\"https:\/\/www.facebook.com\/malenki.editionen\/\",\"https:\/\/www.instagram.com\/malenkinet\/\"]}]}<\/script>\n<!-- \/ Yoast SEO plugin. -->","yoast_head_json":{"title":"malenki.net | Finger (Digitalized by Google) | Dieter Froelich","description":"'Finger (Digitalized by Google)' von Dieter Froelich bei malenki.net","robots":{"index":"index","follow":"follow","max-snippet":"max-snippet:-1","max-image-preview":"max-image-preview:large","max-video-preview":"max-video-preview:-1"},"canonical":"https:\/\/malenki.net\/de\/produkt\/finger-digitalized-by-google\/","og_locale":"de_DE","og_type":"article","og_title":"malenki.net | Finger (Digitalized by Google) | Dieter Froelich","og_description":"'Finger (Digitalized by Google)' von Dieter Froelich bei malenki.net","og_url":"https:\/\/malenki.net\/de\/produkt\/finger-digitalized-by-google\/","og_site_name":"malenki.net","article_publisher":"https:\/\/www.facebook.com\/malenki.editionen\/","article_modified_time":"2026-01-24T17:36:05+00:00","og_image":[{"width":750,"height":600,"url":"https:\/\/malenki.net\/wp-content\/uploads\/2026\/01\/DFroelich-Finger-01.jpg","type":"image\/jpeg"}],"twitter_card":"summary_large_image","schema":{"@context":"https:\/\/schema.org","@graph":[{"@type":"WebPage","@id":"https:\/\/malenki.net\/de\/produkt\/finger-digitalized-by-google\/","url":"https:\/\/malenki.net\/de\/produkt\/finger-digitalized-by-google\/","name":"malenki.net | Finger (Digitalized by Google) | Dieter Froelich","isPartOf":{"@id":"https:\/\/malenki.net\/de\/#website"},"primaryImageOfPage":{"@id":"https:\/\/malenki.net\/de\/produkt\/finger-digitalized-by-google\/#primaryimage"},"image":{"@id":"https:\/\/malenki.net\/de\/produkt\/finger-digitalized-by-google\/#primaryimage"},"thumbnailUrl":"https:\/\/malenki.net\/wp-content\/uploads\/2026\/01\/DFroelich-Finger-01.jpg","datePublished":"2025-01-12T12:12:17+00:00","dateModified":"2026-01-24T17:36:05+00:00","description":"'Finger (Digitalized by Google)' von Dieter Froelich bei malenki.net","breadcrumb":{"@id":"https:\/\/malenki.net\/de\/produkt\/finger-digitalized-by-google\/#breadcrumb"},"inLanguage":"de","potentialAction":[{"@type":"ReadAction","target":["https:\/\/malenki.net\/de\/produkt\/finger-digitalized-by-google\/"]}]},{"@type":"ImageObject","inLanguage":"de","@id":"https:\/\/malenki.net\/de\/produkt\/finger-digitalized-by-google\/#primaryimage","url":"https:\/\/malenki.net\/wp-content\/uploads\/2026\/01\/DFroelich-Finger-01.jpg","contentUrl":"https:\/\/malenki.net\/wp-content\/uploads\/2026\/01\/DFroelich-Finger-01.jpg","width":750,"height":600,"caption":"Dieter Froelich \u2014 Finger"},{"@type":"BreadcrumbList","@id":"https:\/\/malenki.net\/de\/produkt\/finger-digitalized-by-google\/#breadcrumb","itemListElement":[{"@type":"ListItem","position":1,"name":"Home","item":"https:\/\/malenki.net\/de\/"},{"@type":"ListItem","position":2,"name":"Editionen","item":"https:\/\/malenki.net\/de\/"},{"@type":"ListItem","position":3,"name":"Finger (Digitalized by Google)"}]},{"@type":"WebSite","@id":"https:\/\/malenki.net\/de\/#website","url":"https:\/\/malenki.net\/de\/","name":"malenki.net","description":"Fotografie Editionen","publisher":{"@id":"https:\/\/malenki.net\/de\/#organization"},"potentialAction":[{"@type":"SearchAction","target":{"@type":"EntryPoint","urlTemplate":"https:\/\/malenki.net\/de\/?s={search_term_string}"},"query-input":{"@type":"PropertyValueSpecification","valueRequired":true,"valueName":"search_term_string"}}],"inLanguage":"de"},{"@type":"Organization","@id":"https:\/\/malenki.net\/de\/#organization","name":"malenki.net","url":"https:\/\/malenki.net\/de\/","logo":{"@type":"ImageObject","inLanguage":"de","@id":"https:\/\/malenki.net\/de\/#\/schema\/logo\/image\/","url":"https:\/\/malenki.net\/wp-content\/uploads\/2023\/03\/malenki-logo-2019.gif","contentUrl":"https:\/\/malenki.net\/wp-content\/uploads\/2023\/03\/malenki-logo-2019.gif","width":524,"height":138,"caption":"malenki.net"},"image":{"@id":"https:\/\/malenki.net\/de\/#\/schema\/logo\/image\/"},"sameAs":["https:\/\/www.facebook.com\/malenki.editionen\/","https:\/\/www.instagram.com\/malenkinet\/"]}]}},"wps_subtitle":"Dieter Froelich","_links":{"self":[{"href":"https:\/\/malenki.net\/de\/wp-json\/wp\/v2\/product\/11123","targetHints":{"allow":["GET"]}}],"collection":[{"href":"https:\/\/malenki.net\/de\/wp-json\/wp\/v2\/product"}],"about":[{"href":"https:\/\/malenki.net\/de\/wp-json\/wp\/v2\/types\/product"}],"wp:featuredmedia":[{"embeddable":true,"href":"https:\/\/malenki.net\/de\/wp-json\/wp\/v2\/media\/12012"}],"wp:attachment":[{"href":"https:\/\/malenki.net\/de\/wp-json\/wp\/v2\/media?parent=11123"}],"wp:term":[{"taxonomy":"product_brand","embeddable":true,"href":"https:\/\/malenki.net\/de\/wp-json\/wp\/v2\/product_brand?post=11123"},{"taxonomy":"product_cat","embeddable":true,"href":"https:\/\/malenki.net\/de\/wp-json\/wp\/v2\/product_cat?post=11123"},{"taxonomy":"product_tag","embeddable":true,"href":"https:\/\/malenki.net\/de\/wp-json\/wp\/v2\/product_tag?post=11123"}],"curies":[{"name":"wp","href":"https:\/\/api.w.org\/{rel}","templated":true}]}}