{"id":11121,"date":"2025-01-07T20:39:59","date_gmt":"2025-01-07T19:39:59","guid":{"rendered":"https:\/\/malenki.net\/product\/la-ville-invisible\/"},"modified":"2025-02-14T11:21:22","modified_gmt":"2025-02-14T10:21:22","slug":"la-ville-invisible","status":"publish","type":"product","link":"https:\/\/malenki.net\/de\/produkt\/la-ville-invisible\/","title":{"rendered":"La Ville Invisible"},"content":{"rendered":"<p>\u00bbDie Geschichte eines einzelnen Geb\u00e4udes kann Schichten der Stadt freilegen, die einmal war, und zeigen, wie sich R\u00e4ume st\u00e4ndig weiterentwickeln. Neue St\u00e4dte entstehen \u00fcber den alten und schaffen eine komplexe Landschaft aus urbanen Plateaus.\u00ab (aus dem Interview mit Ivan Vartanian)<br \/>\n<a href=\"https:\/\/malenki.net\/de\/product-category\/kuenstlerinnen\/katja-stuke-de-artists\/\">Katja Stuke<\/a> und <a href=\"https:\/\/malenki.net\/de\/product-category\/kuenstlerinnen\/oliver-sieber-de\/\">Oliver Sieber<\/a> arbeiten seit 2017 an \u00bbCartographie Dynamique\u00ab. \u00bbCartographie Dynamique\u00ab ist ein virtuelles Netzwerk, das St\u00e4dte in Japan, Deutschland, Frankreich, China oder Indien mit den jeweils unverwechselbaren fotografischen Arbeiten verbindet, die an jedem Ort entstehen und sich oft auf die Transformation der Stadt konzentrieren.<br \/>\nDas aktuelle Kapitel, La Ville Invisible, besch\u00e4ftigt sich mit der Frage, ob Gro\u00dfereignisse wie die Olympischen Spiele oder die EXPO Beschleuniger des urbanen Wandels sein k\u00f6nnen. Inwieweit sie dazu beitragen, das Verst\u00e4ndnis von privatem und \u00f6ffentlichem Raum zu ver\u00e4ndern. Spielen Ideen des Zusammenkommens, des Austauschs und des sportlichen Wettkampfs noch eine zentrale Rolle oder sind die Arenen und Pavillons nur weitere Ruinen der Zukunft? Das Buch enth\u00e4lt Bilder aus Osaka, Tokio, Paris, Seoul und Sarajevo, die seit 2014 aufgenommen wurden.<\/p>\n","protected":false},"excerpt":{"rendered":"<p>\u00bbDie Geschichte eines einzelnen Geb\u00e4udes kann Schichten der Stadt freilegen, die einmal war, und zeigen, wie sich R\u00e4ume st\u00e4ndig weiterentwickeln. Neue St\u00e4dte entstehen \u00fcber den alten und schaffen eine komplexe Landschaft aus urbanen Plateaus.\u00ab (aus dem Interview mit Ivan Vartanian) Katja Stuke und Oliver Sieber arbeiten seit 2017 an \u00bbCartographie Dynamique\u00ab. \u00bbCartographie Dynamique\u00ab ist ein&hellip; <a class=\"more-link\" href=\"https:\/\/malenki.net\/de\/produkt\/la-ville-invisible\/\"><span class=\"screen-reader-text\">La Ville Invisible<\/span> weiterlesen<\/a><\/p>\n","protected":false},"featured_media":11041,"template":"","meta":{"pgc_sgb_lightbox_settings":""},"product_brand":[],"product_cat":[5296,5344],"product_tag":[3982,5168,6177,6176,5172,5175,6178,6184,5176,6187,3059,6186,5179,6179,5081,6174,5181,6185,5522],"class_list":{"0":"post-11121","1":"product","2":"type-product","3":"status-publish","4":"has-post-thumbnail","6":"product_cat-katja-stuke-de-artists","7":"product_cat-oliver-sieber-de","8":"product_tag-architektur","9":"product_tag-bohm-kobayashi-de","10":"product_tag-ivan-vartanian-de","11":"product_tag-jochen-becker-de","12":"product_tag-katja-stuke-de","13":"product_tag-oliver-sieber-de","14":"product_tag-olympia-de","15":"product_tag-osaka-de","16":"product_tag-paris-de","17":"product_tag-sarajevo-de","18":"product_tag-schwarz-weiss","19":"product_tag-seoul-de","20":"product_tag-sieber-de","21":"product_tag-stadt","22":"product_tag-stadtlandschaft","23":"product_tag-stadtraum","24":"product_tag-stuke-de","25":"product_tag-tokio","26":"product_tag-urbaner-raum","27":"entry","29":"first","30":"outofstock","31":"shipping-taxable","32":"purchasable","33":"product-type-simple"},"yoast_head":"<!-- This site is optimized with the Yoast SEO plugin v27.2 - https:\/\/yoast.com\/product\/yoast-seo-wordpress\/ -->\n<title>malenki.net | La Ville Invisible | Katja Stuke &amp; Oliver Sieber<\/title>\n<meta name=\"description\" content=\"Das Buch &#039;La Ville Invisible&#039; von Katja Stuke &amp; Oliver Sieber enth\u00e4lt Fotografien aus Osaka, Tokyo, Paris, Seoul und Sarajevo.\" \/>\n<meta name=\"robots\" content=\"index, follow, max-snippet:-1, max-image-preview:large, max-video-preview:-1\" \/>\n<link rel=\"canonical\" href=\"https:\/\/malenki.net\/de\/produkt\/la-ville-invisible\/\" \/>\n<meta property=\"og:locale\" content=\"de_DE\" \/>\n<meta property=\"og:type\" content=\"article\" \/>\n<meta property=\"og:title\" content=\"malenki.net | La Ville Invisible | Katja Stuke &amp; Oliver Sieber\" \/>\n<meta property=\"og:description\" content=\"Das Buch &#039;La Ville Invisible&#039; von Katja Stuke &amp; Oliver Sieber enth\u00e4lt Fotografien aus Osaka, Tokyo, Paris, Seoul und Sarajevo.\" \/>\n<meta property=\"og:url\" content=\"https:\/\/malenki.net\/de\/produkt\/la-ville-invisible\/\" \/>\n<meta property=\"og:site_name\" content=\"malenki.net\" \/>\n<meta property=\"article:publisher\" content=\"https:\/\/www.facebook.com\/malenki.editionen\/\" \/>\n<meta property=\"article:modified_time\" content=\"2025-02-14T10:21:22+00:00\" \/>\n<meta property=\"og:image\" content=\"https:\/\/malenki.net\/wp-content\/uploads\/2025\/01\/Stuke-Sieber-LaVille-01.jpg\" \/>\n\t<meta property=\"og:image:width\" content=\"1024\" \/>\n\t<meta property=\"og:image:height\" content=\"819\" \/>\n\t<meta property=\"og:image:type\" content=\"image\/jpeg\" \/>\n<meta name=\"twitter:card\" content=\"summary_large_image\" \/>\n<meta name=\"twitter:label1\" content=\"Gesch\u00e4tzte Lesezeit\" \/>\n\t<meta name=\"twitter:data1\" content=\"1\u00a0Minute\" \/>\n<script type=\"application\/ld+json\" class=\"yoast-schema-graph\">{\"@context\":\"https:\/\/schema.org\",\"@graph\":[{\"@type\":\"WebPage\",\"@id\":\"https:\/\/malenki.net\/de\/produkt\/la-ville-invisible\/\",\"url\":\"https:\/\/malenki.net\/de\/produkt\/la-ville-invisible\/\",\"name\":\"malenki.net | La Ville Invisible | Katja Stuke &amp; Oliver Sieber\",\"isPartOf\":{\"@id\":\"https:\/\/malenki.net\/de\/#website\"},\"primaryImageOfPage\":{\"@id\":\"https:\/\/malenki.net\/de\/produkt\/la-ville-invisible\/#primaryimage\"},\"image\":{\"@id\":\"https:\/\/malenki.net\/de\/produkt\/la-ville-invisible\/#primaryimage\"},\"thumbnailUrl\":\"https:\/\/malenki.net\/wp-content\/uploads\/2025\/01\/Stuke-Sieber-LaVille-01.jpg\",\"datePublished\":\"2025-01-07T19:39:59+00:00\",\"dateModified\":\"2025-02-14T10:21:22+00:00\",\"description\":\"Das Buch 'La Ville Invisible' von Katja Stuke & Oliver Sieber enth\u00e4lt Fotografien aus Osaka, Tokyo, Paris, Seoul und Sarajevo.\",\"breadcrumb\":{\"@id\":\"https:\/\/malenki.net\/de\/produkt\/la-ville-invisible\/#breadcrumb\"},\"inLanguage\":\"de\",\"potentialAction\":[{\"@type\":\"ReadAction\",\"target\":[\"https:\/\/malenki.net\/de\/produkt\/la-ville-invisible\/\"]}]},{\"@type\":\"ImageObject\",\"inLanguage\":\"de\",\"@id\":\"https:\/\/malenki.net\/de\/produkt\/la-ville-invisible\/#primaryimage\",\"url\":\"https:\/\/malenki.net\/wp-content\/uploads\/2025\/01\/Stuke-Sieber-LaVille-01.jpg\",\"contentUrl\":\"https:\/\/malenki.net\/wp-content\/uploads\/2025\/01\/Stuke-Sieber-LaVille-01.jpg\",\"width\":1024,\"height\":819,\"caption\":\"Katja Stuke & Oliver Sieber \u2014 La Ville invisible\"},{\"@type\":\"BreadcrumbList\",\"@id\":\"https:\/\/malenki.net\/de\/produkt\/la-ville-invisible\/#breadcrumb\",\"itemListElement\":[{\"@type\":\"ListItem\",\"position\":1,\"name\":\"Home\",\"item\":\"https:\/\/malenki.net\/de\/\"},{\"@type\":\"ListItem\",\"position\":2,\"name\":\"Editionen\",\"item\":\"https:\/\/malenki.net\/de\/\"},{\"@type\":\"ListItem\",\"position\":3,\"name\":\"La Ville Invisible\"}]},{\"@type\":\"WebSite\",\"@id\":\"https:\/\/malenki.net\/de\/#website\",\"url\":\"https:\/\/malenki.net\/de\/\",\"name\":\"malenki.net\",\"description\":\"Fotografie Editionen\",\"publisher\":{\"@id\":\"https:\/\/malenki.net\/de\/#organization\"},\"potentialAction\":[{\"@type\":\"SearchAction\",\"target\":{\"@type\":\"EntryPoint\",\"urlTemplate\":\"https:\/\/malenki.net\/de\/?s={search_term_string}\"},\"query-input\":{\"@type\":\"PropertyValueSpecification\",\"valueRequired\":true,\"valueName\":\"search_term_string\"}}],\"inLanguage\":\"de\"},{\"@type\":\"Organization\",\"@id\":\"https:\/\/malenki.net\/de\/#organization\",\"name\":\"malenki.net\",\"url\":\"https:\/\/malenki.net\/de\/\",\"logo\":{\"@type\":\"ImageObject\",\"inLanguage\":\"de\",\"@id\":\"https:\/\/malenki.net\/de\/#\/schema\/logo\/image\/\",\"url\":\"https:\/\/malenki.net\/wp-content\/uploads\/2023\/03\/malenki-logo-2019.gif\",\"contentUrl\":\"https:\/\/malenki.net\/wp-content\/uploads\/2023\/03\/malenki-logo-2019.gif\",\"width\":524,\"height\":138,\"caption\":\"malenki.net\"},\"image\":{\"@id\":\"https:\/\/malenki.net\/de\/#\/schema\/logo\/image\/\"},\"sameAs\":[\"https:\/\/www.facebook.com\/malenki.editionen\/\",\"https:\/\/www.instagram.com\/malenkinet\/\"]}]}<\/script>\n<!-- \/ Yoast SEO plugin. -->","yoast_head_json":{"title":"malenki.net | La Ville Invisible | Katja Stuke &amp; Oliver Sieber","description":"Das Buch 'La Ville Invisible' von Katja Stuke & Oliver Sieber enth\u00e4lt Fotografien aus Osaka, Tokyo, Paris, Seoul und Sarajevo.","robots":{"index":"index","follow":"follow","max-snippet":"max-snippet:-1","max-image-preview":"max-image-preview:large","max-video-preview":"max-video-preview:-1"},"canonical":"https:\/\/malenki.net\/de\/produkt\/la-ville-invisible\/","og_locale":"de_DE","og_type":"article","og_title":"malenki.net | La Ville Invisible | Katja Stuke &amp; Oliver Sieber","og_description":"Das Buch 'La Ville Invisible' von Katja Stuke & Oliver Sieber enth\u00e4lt Fotografien aus Osaka, Tokyo, Paris, Seoul und Sarajevo.","og_url":"https:\/\/malenki.net\/de\/produkt\/la-ville-invisible\/","og_site_name":"malenki.net","article_publisher":"https:\/\/www.facebook.com\/malenki.editionen\/","article_modified_time":"2025-02-14T10:21:22+00:00","og_image":[{"width":1024,"height":819,"url":"https:\/\/malenki.net\/wp-content\/uploads\/2025\/01\/Stuke-Sieber-LaVille-01.jpg","type":"image\/jpeg"}],"twitter_card":"summary_large_image","twitter_misc":{"Gesch\u00e4tzte Lesezeit":"1\u00a0Minute"},"schema":{"@context":"https:\/\/schema.org","@graph":[{"@type":"WebPage","@id":"https:\/\/malenki.net\/de\/produkt\/la-ville-invisible\/","url":"https:\/\/malenki.net\/de\/produkt\/la-ville-invisible\/","name":"malenki.net | La Ville Invisible | Katja Stuke &amp; Oliver Sieber","isPartOf":{"@id":"https:\/\/malenki.net\/de\/#website"},"primaryImageOfPage":{"@id":"https:\/\/malenki.net\/de\/produkt\/la-ville-invisible\/#primaryimage"},"image":{"@id":"https:\/\/malenki.net\/de\/produkt\/la-ville-invisible\/#primaryimage"},"thumbnailUrl":"https:\/\/malenki.net\/wp-content\/uploads\/2025\/01\/Stuke-Sieber-LaVille-01.jpg","datePublished":"2025-01-07T19:39:59+00:00","dateModified":"2025-02-14T10:21:22+00:00","description":"Das Buch 'La Ville Invisible' von Katja Stuke & Oliver Sieber enth\u00e4lt Fotografien aus Osaka, Tokyo, Paris, Seoul und Sarajevo.","breadcrumb":{"@id":"https:\/\/malenki.net\/de\/produkt\/la-ville-invisible\/#breadcrumb"},"inLanguage":"de","potentialAction":[{"@type":"ReadAction","target":["https:\/\/malenki.net\/de\/produkt\/la-ville-invisible\/"]}]},{"@type":"ImageObject","inLanguage":"de","@id":"https:\/\/malenki.net\/de\/produkt\/la-ville-invisible\/#primaryimage","url":"https:\/\/malenki.net\/wp-content\/uploads\/2025\/01\/Stuke-Sieber-LaVille-01.jpg","contentUrl":"https:\/\/malenki.net\/wp-content\/uploads\/2025\/01\/Stuke-Sieber-LaVille-01.jpg","width":1024,"height":819,"caption":"Katja Stuke & Oliver Sieber \u2014 La Ville invisible"},{"@type":"BreadcrumbList","@id":"https:\/\/malenki.net\/de\/produkt\/la-ville-invisible\/#breadcrumb","itemListElement":[{"@type":"ListItem","position":1,"name":"Home","item":"https:\/\/malenki.net\/de\/"},{"@type":"ListItem","position":2,"name":"Editionen","item":"https:\/\/malenki.net\/de\/"},{"@type":"ListItem","position":3,"name":"La Ville Invisible"}]},{"@type":"WebSite","@id":"https:\/\/malenki.net\/de\/#website","url":"https:\/\/malenki.net\/de\/","name":"malenki.net","description":"Fotografie Editionen","publisher":{"@id":"https:\/\/malenki.net\/de\/#organization"},"potentialAction":[{"@type":"SearchAction","target":{"@type":"EntryPoint","urlTemplate":"https:\/\/malenki.net\/de\/?s={search_term_string}"},"query-input":{"@type":"PropertyValueSpecification","valueRequired":true,"valueName":"search_term_string"}}],"inLanguage":"de"},{"@type":"Organization","@id":"https:\/\/malenki.net\/de\/#organization","name":"malenki.net","url":"https:\/\/malenki.net\/de\/","logo":{"@type":"ImageObject","inLanguage":"de","@id":"https:\/\/malenki.net\/de\/#\/schema\/logo\/image\/","url":"https:\/\/malenki.net\/wp-content\/uploads\/2023\/03\/malenki-logo-2019.gif","contentUrl":"https:\/\/malenki.net\/wp-content\/uploads\/2023\/03\/malenki-logo-2019.gif","width":524,"height":138,"caption":"malenki.net"},"image":{"@id":"https:\/\/malenki.net\/de\/#\/schema\/logo\/image\/"},"sameAs":["https:\/\/www.facebook.com\/malenki.editionen\/","https:\/\/www.instagram.com\/malenkinet\/"]}]}},"wps_subtitle":"Katja Stuke &amp; Oliver Sieber","_links":{"self":[{"href":"https:\/\/malenki.net\/de\/wp-json\/wp\/v2\/product\/11121","targetHints":{"allow":["GET"]}}],"collection":[{"href":"https:\/\/malenki.net\/de\/wp-json\/wp\/v2\/product"}],"about":[{"href":"https:\/\/malenki.net\/de\/wp-json\/wp\/v2\/types\/product"}],"wp:featuredmedia":[{"embeddable":true,"href":"https:\/\/malenki.net\/de\/wp-json\/wp\/v2\/media\/11041"}],"wp:attachment":[{"href":"https:\/\/malenki.net\/de\/wp-json\/wp\/v2\/media?parent=11121"}],"wp:term":[{"taxonomy":"product_brand","embeddable":true,"href":"https:\/\/malenki.net\/de\/wp-json\/wp\/v2\/product_brand?post=11121"},{"taxonomy":"product_cat","embeddable":true,"href":"https:\/\/malenki.net\/de\/wp-json\/wp\/v2\/product_cat?post=11121"},{"taxonomy":"product_tag","embeddable":true,"href":"https:\/\/malenki.net\/de\/wp-json\/wp\/v2\/product_tag?post=11121"}],"curies":[{"name":"wp","href":"https:\/\/api.w.org\/{rel}","templated":true}]}}