{"id":11101,"date":"2025-01-12T11:57:19","date_gmt":"2025-01-12T10:57:19","guid":{"rendered":"https:\/\/malenki.net\/product\/tout-va-bien-maman\/"},"modified":"2025-01-18T18:44:19","modified_gmt":"2025-01-18T17:44:19","slug":"tout-va-bien-maman","status":"publish","type":"product","link":"https:\/\/malenki.net\/de\/produkt\/tout-va-bien-maman\/","title":{"rendered":"Tout va bien maman"},"content":{"rendered":"<p><em>Tout va bien maman<\/em> vereint 60 Fotografien, die <a href=\"https:\/\/malenki.net\/de\/product-category\/kuenstlerinnen\/sandrine-marc-de\/\">Sandrine Marc<\/a> w\u00e4hrend des Covid-bedingten Lockdowns im Fr\u00fchjahr 2020 in ihrem Viertel in Paris aufgenommen hat. Diese Fotografien zeigen die sich ver\u00e4ndernde Stadtlandschaft in Ivry-sur-Seine undNanterre. Das Zine, Tout va bien maman, in einer Auflage von 100 Exemplaren, ist handgefertigt. Die mit grauem Faden gebundenen Seiten wurden auf einem Xerox-Kopierer gedruckt. Dieses Zine wurde von Sandrine Marc anl\u00e4sslich ihrer Einzelausstellung in der Galerie du Crous (November 2022, PhotoSaintGermain Festival) ver\u00f6ffentlicht. Es ist eine Fortsetzung des Werks mit dem Titel \u201eChange plus vite que le c\u0153ur\u201c, das 2018 im Eigenverlag erschien.<\/p>\n","protected":false},"excerpt":{"rendered":"<p>Tout va bien maman vereint 60 Fotografien, die Sandrine Marc w\u00e4hrend des Covid-bedingten Lockdowns im Fr\u00fchjahr 2020 in ihrem Viertel in Paris aufgenommen hat. Diese Fotografien zeigen die sich ver\u00e4ndernde Stadtlandschaft in Ivry-sur-Seine undNanterre. Das Zine, Tout va bien maman, in einer Auflage von 100 Exemplaren, ist handgefertigt. Die mit grauem Faden gebundenen Seiten wurden&hellip; <a class=\"more-link\" href=\"https:\/\/malenki.net\/de\/produkt\/tout-va-bien-maman\/\"><span class=\"screen-reader-text\">Tout va bien maman<\/span> weiterlesen<\/a><\/p>\n","protected":false},"featured_media":11021,"template":"","meta":{"pgc_sgb_lightbox_settings":""},"product_brand":[],"product_cat":[6044],"product_tag":[4630,6213,6131,6214,5176,6122,3059,5081,6132,5584,5692,3054,3994],"class_list":{"0":"post-11101","1":"product","2":"type-product","3":"status-publish","4":"has-post-thumbnail","6":"product_cat-sandrine-marc-de","7":"product_tag-handgemacht","8":"product_tag-ivry-sur-seine-de","9":"product_tag-marc-de","10":"product_tag-nanterre-de","11":"product_tag-paris-de","12":"product_tag-sandrine-marc-de","13":"product_tag-schwarz-weiss","14":"product_tag-stadtlandschaft","15":"product_tag-stadtlandschaft-de","16":"product_tag-transformation-de","17":"product_tag-wanderung","18":"product_tag-xerox-de","19":"product_tag-zine-de","20":"entry","22":"first","23":"instock","24":"shipping-taxable","25":"purchasable","26":"product-type-simple"},"yoast_head":"<!-- This site is optimized with the Yoast SEO plugin v27.2 - https:\/\/yoast.com\/product\/yoast-seo-wordpress\/ -->\n<title>malenki.net | Tout va bien maman | Sandrine Marc<\/title>\n<meta name=\"description\" content=\"\u201eTout va bien maman\u201c der K\u00fcnstlerin Sandrine Marc vereint 60 Fotografien, die w\u00e4hrend des Covid-bedingten Lockdowns im Fr\u00fchjahr 2020 in Paris aufgenommen wurden.\" \/>\n<meta name=\"robots\" content=\"index, follow, max-snippet:-1, max-image-preview:large, max-video-preview:-1\" \/>\n<link rel=\"canonical\" href=\"https:\/\/malenki.net\/de\/produkt\/tout-va-bien-maman\/\" \/>\n<meta property=\"og:locale\" content=\"de_DE\" \/>\n<meta property=\"og:type\" content=\"article\" \/>\n<meta property=\"og:title\" content=\"malenki.net | Tout va bien maman | Sandrine Marc\" \/>\n<meta property=\"og:description\" content=\"\u201eTout va bien maman\u201c der K\u00fcnstlerin Sandrine Marc vereint 60 Fotografien, die w\u00e4hrend des Covid-bedingten Lockdowns im Fr\u00fchjahr 2020 in Paris aufgenommen wurden.\" \/>\n<meta property=\"og:url\" content=\"https:\/\/malenki.net\/de\/produkt\/tout-va-bien-maman\/\" \/>\n<meta property=\"og:site_name\" content=\"malenki.net\" \/>\n<meta property=\"article:publisher\" content=\"https:\/\/www.facebook.com\/malenki.editionen\/\" \/>\n<meta property=\"article:modified_time\" content=\"2025-01-18T17:44:19+00:00\" \/>\n<meta property=\"og:image\" content=\"https:\/\/malenki.net\/wp-content\/uploads\/2025\/01\/Sandrine-Marc-ToutVaBien01.jpg\" \/>\n\t<meta property=\"og:image:width\" content=\"1024\" \/>\n\t<meta property=\"og:image:height\" content=\"818\" \/>\n\t<meta property=\"og:image:type\" content=\"image\/jpeg\" \/>\n<meta name=\"twitter:card\" content=\"summary_large_image\" \/>\n<script type=\"application\/ld+json\" class=\"yoast-schema-graph\">{\"@context\":\"https:\/\/schema.org\",\"@graph\":[{\"@type\":\"WebPage\",\"@id\":\"https:\/\/malenki.net\/de\/produkt\/tout-va-bien-maman\/\",\"url\":\"https:\/\/malenki.net\/de\/produkt\/tout-va-bien-maman\/\",\"name\":\"malenki.net | Tout va bien maman | Sandrine Marc\",\"isPartOf\":{\"@id\":\"https:\/\/malenki.net\/de\/#website\"},\"primaryImageOfPage\":{\"@id\":\"https:\/\/malenki.net\/de\/produkt\/tout-va-bien-maman\/#primaryimage\"},\"image\":{\"@id\":\"https:\/\/malenki.net\/de\/produkt\/tout-va-bien-maman\/#primaryimage\"},\"thumbnailUrl\":\"https:\/\/malenki.net\/wp-content\/uploads\/2025\/01\/Sandrine-Marc-ToutVaBien01.jpg\",\"datePublished\":\"2025-01-12T10:57:19+00:00\",\"dateModified\":\"2025-01-18T17:44:19+00:00\",\"description\":\"\u201eTout va bien maman\u201c der K\u00fcnstlerin Sandrine Marc vereint 60 Fotografien, die w\u00e4hrend des Covid-bedingten Lockdowns im Fr\u00fchjahr 2020 in Paris aufgenommen wurden.\",\"breadcrumb\":{\"@id\":\"https:\/\/malenki.net\/de\/produkt\/tout-va-bien-maman\/#breadcrumb\"},\"inLanguage\":\"de\",\"potentialAction\":[{\"@type\":\"ReadAction\",\"target\":[\"https:\/\/malenki.net\/de\/produkt\/tout-va-bien-maman\/\"]}]},{\"@type\":\"ImageObject\",\"inLanguage\":\"de\",\"@id\":\"https:\/\/malenki.net\/de\/produkt\/tout-va-bien-maman\/#primaryimage\",\"url\":\"https:\/\/malenki.net\/wp-content\/uploads\/2025\/01\/Sandrine-Marc-ToutVaBien01.jpg\",\"contentUrl\":\"https:\/\/malenki.net\/wp-content\/uploads\/2025\/01\/Sandrine-Marc-ToutVaBien01.jpg\",\"width\":1024,\"height\":818,\"caption\":\"Sandrine Marc \u2013 Tout Va Bien Maman.\"},{\"@type\":\"BreadcrumbList\",\"@id\":\"https:\/\/malenki.net\/de\/produkt\/tout-va-bien-maman\/#breadcrumb\",\"itemListElement\":[{\"@type\":\"ListItem\",\"position\":1,\"name\":\"Home\",\"item\":\"https:\/\/malenki.net\/de\/\"},{\"@type\":\"ListItem\",\"position\":2,\"name\":\"Editionen\",\"item\":\"https:\/\/malenki.net\/de\/\"},{\"@type\":\"ListItem\",\"position\":3,\"name\":\"Tout va bien maman\"}]},{\"@type\":\"WebSite\",\"@id\":\"https:\/\/malenki.net\/de\/#website\",\"url\":\"https:\/\/malenki.net\/de\/\",\"name\":\"malenki.net\",\"description\":\"Fotografie Editionen\",\"publisher\":{\"@id\":\"https:\/\/malenki.net\/de\/#organization\"},\"potentialAction\":[{\"@type\":\"SearchAction\",\"target\":{\"@type\":\"EntryPoint\",\"urlTemplate\":\"https:\/\/malenki.net\/de\/?s={search_term_string}\"},\"query-input\":{\"@type\":\"PropertyValueSpecification\",\"valueRequired\":true,\"valueName\":\"search_term_string\"}}],\"inLanguage\":\"de\"},{\"@type\":\"Organization\",\"@id\":\"https:\/\/malenki.net\/de\/#organization\",\"name\":\"malenki.net\",\"url\":\"https:\/\/malenki.net\/de\/\",\"logo\":{\"@type\":\"ImageObject\",\"inLanguage\":\"de\",\"@id\":\"https:\/\/malenki.net\/de\/#\/schema\/logo\/image\/\",\"url\":\"https:\/\/malenki.net\/wp-content\/uploads\/2023\/03\/malenki-logo-2019.gif\",\"contentUrl\":\"https:\/\/malenki.net\/wp-content\/uploads\/2023\/03\/malenki-logo-2019.gif\",\"width\":524,\"height\":138,\"caption\":\"malenki.net\"},\"image\":{\"@id\":\"https:\/\/malenki.net\/de\/#\/schema\/logo\/image\/\"},\"sameAs\":[\"https:\/\/www.facebook.com\/malenki.editionen\/\",\"https:\/\/www.instagram.com\/malenkinet\/\"]}]}<\/script>\n<!-- \/ Yoast SEO plugin. -->","yoast_head_json":{"title":"malenki.net | Tout va bien maman | Sandrine Marc","description":"\u201eTout va bien maman\u201c der K\u00fcnstlerin Sandrine Marc vereint 60 Fotografien, die w\u00e4hrend des Covid-bedingten Lockdowns im Fr\u00fchjahr 2020 in Paris aufgenommen wurden.","robots":{"index":"index","follow":"follow","max-snippet":"max-snippet:-1","max-image-preview":"max-image-preview:large","max-video-preview":"max-video-preview:-1"},"canonical":"https:\/\/malenki.net\/de\/produkt\/tout-va-bien-maman\/","og_locale":"de_DE","og_type":"article","og_title":"malenki.net | Tout va bien maman | Sandrine Marc","og_description":"\u201eTout va bien maman\u201c der K\u00fcnstlerin Sandrine Marc vereint 60 Fotografien, die w\u00e4hrend des Covid-bedingten Lockdowns im Fr\u00fchjahr 2020 in Paris aufgenommen wurden.","og_url":"https:\/\/malenki.net\/de\/produkt\/tout-va-bien-maman\/","og_site_name":"malenki.net","article_publisher":"https:\/\/www.facebook.com\/malenki.editionen\/","article_modified_time":"2025-01-18T17:44:19+00:00","og_image":[{"width":1024,"height":818,"url":"https:\/\/malenki.net\/wp-content\/uploads\/2025\/01\/Sandrine-Marc-ToutVaBien01.jpg","type":"image\/jpeg"}],"twitter_card":"summary_large_image","schema":{"@context":"https:\/\/schema.org","@graph":[{"@type":"WebPage","@id":"https:\/\/malenki.net\/de\/produkt\/tout-va-bien-maman\/","url":"https:\/\/malenki.net\/de\/produkt\/tout-va-bien-maman\/","name":"malenki.net | Tout va bien maman | Sandrine Marc","isPartOf":{"@id":"https:\/\/malenki.net\/de\/#website"},"primaryImageOfPage":{"@id":"https:\/\/malenki.net\/de\/produkt\/tout-va-bien-maman\/#primaryimage"},"image":{"@id":"https:\/\/malenki.net\/de\/produkt\/tout-va-bien-maman\/#primaryimage"},"thumbnailUrl":"https:\/\/malenki.net\/wp-content\/uploads\/2025\/01\/Sandrine-Marc-ToutVaBien01.jpg","datePublished":"2025-01-12T10:57:19+00:00","dateModified":"2025-01-18T17:44:19+00:00","description":"\u201eTout va bien maman\u201c der K\u00fcnstlerin Sandrine Marc vereint 60 Fotografien, die w\u00e4hrend des Covid-bedingten Lockdowns im Fr\u00fchjahr 2020 in Paris aufgenommen wurden.","breadcrumb":{"@id":"https:\/\/malenki.net\/de\/produkt\/tout-va-bien-maman\/#breadcrumb"},"inLanguage":"de","potentialAction":[{"@type":"ReadAction","target":["https:\/\/malenki.net\/de\/produkt\/tout-va-bien-maman\/"]}]},{"@type":"ImageObject","inLanguage":"de","@id":"https:\/\/malenki.net\/de\/produkt\/tout-va-bien-maman\/#primaryimage","url":"https:\/\/malenki.net\/wp-content\/uploads\/2025\/01\/Sandrine-Marc-ToutVaBien01.jpg","contentUrl":"https:\/\/malenki.net\/wp-content\/uploads\/2025\/01\/Sandrine-Marc-ToutVaBien01.jpg","width":1024,"height":818,"caption":"Sandrine Marc \u2013 Tout Va Bien Maman."},{"@type":"BreadcrumbList","@id":"https:\/\/malenki.net\/de\/produkt\/tout-va-bien-maman\/#breadcrumb","itemListElement":[{"@type":"ListItem","position":1,"name":"Home","item":"https:\/\/malenki.net\/de\/"},{"@type":"ListItem","position":2,"name":"Editionen","item":"https:\/\/malenki.net\/de\/"},{"@type":"ListItem","position":3,"name":"Tout va bien maman"}]},{"@type":"WebSite","@id":"https:\/\/malenki.net\/de\/#website","url":"https:\/\/malenki.net\/de\/","name":"malenki.net","description":"Fotografie Editionen","publisher":{"@id":"https:\/\/malenki.net\/de\/#organization"},"potentialAction":[{"@type":"SearchAction","target":{"@type":"EntryPoint","urlTemplate":"https:\/\/malenki.net\/de\/?s={search_term_string}"},"query-input":{"@type":"PropertyValueSpecification","valueRequired":true,"valueName":"search_term_string"}}],"inLanguage":"de"},{"@type":"Organization","@id":"https:\/\/malenki.net\/de\/#organization","name":"malenki.net","url":"https:\/\/malenki.net\/de\/","logo":{"@type":"ImageObject","inLanguage":"de","@id":"https:\/\/malenki.net\/de\/#\/schema\/logo\/image\/","url":"https:\/\/malenki.net\/wp-content\/uploads\/2023\/03\/malenki-logo-2019.gif","contentUrl":"https:\/\/malenki.net\/wp-content\/uploads\/2023\/03\/malenki-logo-2019.gif","width":524,"height":138,"caption":"malenki.net"},"image":{"@id":"https:\/\/malenki.net\/de\/#\/schema\/logo\/image\/"},"sameAs":["https:\/\/www.facebook.com\/malenki.editionen\/","https:\/\/www.instagram.com\/malenkinet\/"]}]}},"wps_subtitle":"Sandrine Marc","_links":{"self":[{"href":"https:\/\/malenki.net\/de\/wp-json\/wp\/v2\/product\/11101","targetHints":{"allow":["GET"]}}],"collection":[{"href":"https:\/\/malenki.net\/de\/wp-json\/wp\/v2\/product"}],"about":[{"href":"https:\/\/malenki.net\/de\/wp-json\/wp\/v2\/types\/product"}],"wp:featuredmedia":[{"embeddable":true,"href":"https:\/\/malenki.net\/de\/wp-json\/wp\/v2\/media\/11021"}],"wp:attachment":[{"href":"https:\/\/malenki.net\/de\/wp-json\/wp\/v2\/media?parent=11101"}],"wp:term":[{"taxonomy":"product_brand","embeddable":true,"href":"https:\/\/malenki.net\/de\/wp-json\/wp\/v2\/product_brand?post=11101"},{"taxonomy":"product_cat","embeddable":true,"href":"https:\/\/malenki.net\/de\/wp-json\/wp\/v2\/product_cat?post=11101"},{"taxonomy":"product_tag","embeddable":true,"href":"https:\/\/malenki.net\/de\/wp-json\/wp\/v2\/product_tag?post=11101"}],"curies":[{"name":"wp","href":"https:\/\/api.w.org\/{rel}","templated":true}]}}