{"id":11099,"date":"2025-01-07T23:47:03","date_gmt":"2025-01-07T22:47:03","guid":{"rendered":"https:\/\/malenki.net\/product\/ecrire-avec-le-soleil\/"},"modified":"2025-01-12T12:38:37","modified_gmt":"2025-01-12T11:38:37","slug":"ecrire-avec-le-soleil","status":"publish","type":"product","link":"https:\/\/malenki.net\/de\/produkt\/ecrire-avec-le-soleil\/","title":{"rendered":"\u00c9crire avec le soleil"},"content":{"rendered":"<p><em>\u00c9crire avec le soleil<\/em> ist ein von <a href=\"https:\/\/malenki.net\/de\/product-category\/kuenstlerinnen\/sandrine-marc-de\/\">Sandrine Marc<\/a> gestaltetes K\u00fcnstlerbuch, das Arbeiten pr\u00e4sentiert, die w\u00e4hrend ihres Forschungs- und Schaffensaufenthalts im Mus\u00e9e Nic\u00e9phore-Ni\u00e9pce in Chalon-sur-Sa\u00f4ne entstanden sind. Die Bildfolge untersucht die physischen Erscheinungsformen von Licht und wirft einen Blick auf die Aufzeichnungsmedien des fotografischen Mediums seit dessen Erfindung. Es ist ein poetisches Experiment \u00fcber die Bedingungen des Erscheinens, der Konservierung und der Verbreitung von Bildern.<\/p>\n","protected":false},"excerpt":{"rendered":"<p>\u00c9crire avec le soleil ist ein von Sandrine Marc gestaltetes K\u00fcnstlerbuch, das Arbeiten pr\u00e4sentiert, die w\u00e4hrend ihres Forschungs- und Schaffensaufenthalts im Mus\u00e9e Nic\u00e9phore-Ni\u00e9pce in Chalon-sur-Sa\u00f4ne entstanden sind. Die Bildfolge untersucht die physischen Erscheinungsformen von Licht und wirft einen Blick auf die Aufzeichnungsmedien des fotografischen Mediums seit dessen Erfindung. Es ist ein poetisches Experiment \u00fcber die&hellip; <a class=\"more-link\" href=\"https:\/\/malenki.net\/de\/produkt\/ecrire-avec-le-soleil\/\"><span class=\"screen-reader-text\">\u00c9crire avec le soleil<\/span> weiterlesen<\/a><\/p>\n","protected":false},"featured_media":11033,"template":"","meta":{"pgc_sgb_lightbox_settings":""},"product_brand":[],"product_cat":[6044],"product_tag":[6124,3823,5018,6123,6125,6126,6122,5086],"class_list":{"0":"post-11099","1":"product","2":"type-product","3":"status-publish","4":"has-post-thumbnail","6":"product_cat-sandrine-marc-de","7":"product_tag-chalon-sur-saone-de","8":"product_tag-licht","9":"product_tag-medientheorie","10":"product_tag-musee-nicephore-niepce-de","11":"product_tag-nicephore-niepce-de","12":"product_tag-niepce-de","13":"product_tag-sandrine-marc-de","14":"product_tag-uber-fotografie","15":"entry","17":"first","18":"instock","19":"shipping-taxable","20":"purchasable","21":"product-type-simple"},"yoast_head":"<!-- This site is optimized with the Yoast SEO plugin v27.2 - https:\/\/yoast.com\/product\/yoast-seo-wordpress\/ -->\n<title>malenki.net | \u00c9crire avec le soleil | Sandrine Marc<\/title>\n<meta name=\"description\" content=\"\u201e\u00c9crire avec le soleil\u201c von Sandrine Marc ist ein poetisches Experiment \u00fcber die Bedingungen des Erscheinens, der Erhaltung und der Verbreitung von Bildern.\" \/>\n<meta name=\"robots\" content=\"index, follow, max-snippet:-1, max-image-preview:large, max-video-preview:-1\" \/>\n<link rel=\"canonical\" href=\"https:\/\/malenki.net\/de\/produkt\/ecrire-avec-le-soleil\/\" \/>\n<meta property=\"og:locale\" content=\"de_DE\" \/>\n<meta property=\"og:type\" content=\"article\" \/>\n<meta property=\"og:title\" content=\"malenki.net | \u00c9crire avec le soleil | Sandrine Marc\" \/>\n<meta property=\"og:description\" content=\"\u201e\u00c9crire avec le soleil\u201c von Sandrine Marc ist ein poetisches Experiment \u00fcber die Bedingungen des Erscheinens, der Erhaltung und der Verbreitung von Bildern.\" \/>\n<meta property=\"og:url\" content=\"https:\/\/malenki.net\/de\/produkt\/ecrire-avec-le-soleil\/\" \/>\n<meta property=\"og:site_name\" content=\"malenki.net\" \/>\n<meta property=\"article:publisher\" content=\"https:\/\/www.facebook.com\/malenki.editionen\/\" \/>\n<meta property=\"article:modified_time\" content=\"2025-01-12T11:38:37+00:00\" \/>\n<meta property=\"og:image\" content=\"https:\/\/malenki.net\/wp-content\/uploads\/2025\/01\/Sandrine-Marc-Ecrire02.jpg\" \/>\n\t<meta property=\"og:image:width\" content=\"1024\" \/>\n\t<meta property=\"og:image:height\" content=\"819\" \/>\n\t<meta property=\"og:image:type\" content=\"image\/jpeg\" \/>\n<meta name=\"twitter:card\" content=\"summary_large_image\" \/>\n<script type=\"application\/ld+json\" class=\"yoast-schema-graph\">{\"@context\":\"https:\/\/schema.org\",\"@graph\":[{\"@type\":\"WebPage\",\"@id\":\"https:\/\/malenki.net\/de\/produkt\/ecrire-avec-le-soleil\/\",\"url\":\"https:\/\/malenki.net\/de\/produkt\/ecrire-avec-le-soleil\/\",\"name\":\"malenki.net | \u00c9crire avec le soleil | Sandrine Marc\",\"isPartOf\":{\"@id\":\"https:\/\/malenki.net\/de\/#website\"},\"primaryImageOfPage\":{\"@id\":\"https:\/\/malenki.net\/de\/produkt\/ecrire-avec-le-soleil\/#primaryimage\"},\"image\":{\"@id\":\"https:\/\/malenki.net\/de\/produkt\/ecrire-avec-le-soleil\/#primaryimage\"},\"thumbnailUrl\":\"https:\/\/malenki.net\/wp-content\/uploads\/2025\/01\/Sandrine-Marc-Ecrire02.jpg\",\"datePublished\":\"2025-01-07T22:47:03+00:00\",\"dateModified\":\"2025-01-12T11:38:37+00:00\",\"description\":\"\u201e\u00c9crire avec le soleil\u201c von Sandrine Marc ist ein poetisches Experiment \u00fcber die Bedingungen des Erscheinens, der Erhaltung und der Verbreitung von Bildern.\",\"breadcrumb\":{\"@id\":\"https:\/\/malenki.net\/de\/produkt\/ecrire-avec-le-soleil\/#breadcrumb\"},\"inLanguage\":\"de\",\"potentialAction\":[{\"@type\":\"ReadAction\",\"target\":[\"https:\/\/malenki.net\/de\/produkt\/ecrire-avec-le-soleil\/\"]}]},{\"@type\":\"ImageObject\",\"inLanguage\":\"de\",\"@id\":\"https:\/\/malenki.net\/de\/produkt\/ecrire-avec-le-soleil\/#primaryimage\",\"url\":\"https:\/\/malenki.net\/wp-content\/uploads\/2025\/01\/Sandrine-Marc-Ecrire02.jpg\",\"contentUrl\":\"https:\/\/malenki.net\/wp-content\/uploads\/2025\/01\/Sandrine-Marc-Ecrire02.jpg\",\"width\":1024,\"height\":819,\"caption\":\"Sandrine Marc \u2013 Ecrire avec le soleil\"},{\"@type\":\"BreadcrumbList\",\"@id\":\"https:\/\/malenki.net\/de\/produkt\/ecrire-avec-le-soleil\/#breadcrumb\",\"itemListElement\":[{\"@type\":\"ListItem\",\"position\":1,\"name\":\"Home\",\"item\":\"https:\/\/malenki.net\/de\/\"},{\"@type\":\"ListItem\",\"position\":2,\"name\":\"Editionen\",\"item\":\"https:\/\/malenki.net\/de\/\"},{\"@type\":\"ListItem\",\"position\":3,\"name\":\"\u00c9crire avec le soleil\"}]},{\"@type\":\"WebSite\",\"@id\":\"https:\/\/malenki.net\/de\/#website\",\"url\":\"https:\/\/malenki.net\/de\/\",\"name\":\"malenki.net\",\"description\":\"Fotografie Editionen\",\"publisher\":{\"@id\":\"https:\/\/malenki.net\/de\/#organization\"},\"potentialAction\":[{\"@type\":\"SearchAction\",\"target\":{\"@type\":\"EntryPoint\",\"urlTemplate\":\"https:\/\/malenki.net\/de\/?s={search_term_string}\"},\"query-input\":{\"@type\":\"PropertyValueSpecification\",\"valueRequired\":true,\"valueName\":\"search_term_string\"}}],\"inLanguage\":\"de\"},{\"@type\":\"Organization\",\"@id\":\"https:\/\/malenki.net\/de\/#organization\",\"name\":\"malenki.net\",\"url\":\"https:\/\/malenki.net\/de\/\",\"logo\":{\"@type\":\"ImageObject\",\"inLanguage\":\"de\",\"@id\":\"https:\/\/malenki.net\/de\/#\/schema\/logo\/image\/\",\"url\":\"https:\/\/malenki.net\/wp-content\/uploads\/2023\/03\/malenki-logo-2019.gif\",\"contentUrl\":\"https:\/\/malenki.net\/wp-content\/uploads\/2023\/03\/malenki-logo-2019.gif\",\"width\":524,\"height\":138,\"caption\":\"malenki.net\"},\"image\":{\"@id\":\"https:\/\/malenki.net\/de\/#\/schema\/logo\/image\/\"},\"sameAs\":[\"https:\/\/www.facebook.com\/malenki.editionen\/\",\"https:\/\/www.instagram.com\/malenkinet\/\"]}]}<\/script>\n<!-- \/ Yoast SEO plugin. -->","yoast_head_json":{"title":"malenki.net | \u00c9crire avec le soleil | Sandrine Marc","description":"\u201e\u00c9crire avec le soleil\u201c von Sandrine Marc ist ein poetisches Experiment \u00fcber die Bedingungen des Erscheinens, der Erhaltung und der Verbreitung von Bildern.","robots":{"index":"index","follow":"follow","max-snippet":"max-snippet:-1","max-image-preview":"max-image-preview:large","max-video-preview":"max-video-preview:-1"},"canonical":"https:\/\/malenki.net\/de\/produkt\/ecrire-avec-le-soleil\/","og_locale":"de_DE","og_type":"article","og_title":"malenki.net | \u00c9crire avec le soleil | Sandrine Marc","og_description":"\u201e\u00c9crire avec le soleil\u201c von Sandrine Marc ist ein poetisches Experiment \u00fcber die Bedingungen des Erscheinens, der Erhaltung und der Verbreitung von Bildern.","og_url":"https:\/\/malenki.net\/de\/produkt\/ecrire-avec-le-soleil\/","og_site_name":"malenki.net","article_publisher":"https:\/\/www.facebook.com\/malenki.editionen\/","article_modified_time":"2025-01-12T11:38:37+00:00","og_image":[{"width":1024,"height":819,"url":"https:\/\/malenki.net\/wp-content\/uploads\/2025\/01\/Sandrine-Marc-Ecrire02.jpg","type":"image\/jpeg"}],"twitter_card":"summary_large_image","schema":{"@context":"https:\/\/schema.org","@graph":[{"@type":"WebPage","@id":"https:\/\/malenki.net\/de\/produkt\/ecrire-avec-le-soleil\/","url":"https:\/\/malenki.net\/de\/produkt\/ecrire-avec-le-soleil\/","name":"malenki.net | \u00c9crire avec le soleil | Sandrine Marc","isPartOf":{"@id":"https:\/\/malenki.net\/de\/#website"},"primaryImageOfPage":{"@id":"https:\/\/malenki.net\/de\/produkt\/ecrire-avec-le-soleil\/#primaryimage"},"image":{"@id":"https:\/\/malenki.net\/de\/produkt\/ecrire-avec-le-soleil\/#primaryimage"},"thumbnailUrl":"https:\/\/malenki.net\/wp-content\/uploads\/2025\/01\/Sandrine-Marc-Ecrire02.jpg","datePublished":"2025-01-07T22:47:03+00:00","dateModified":"2025-01-12T11:38:37+00:00","description":"\u201e\u00c9crire avec le soleil\u201c von Sandrine Marc ist ein poetisches Experiment \u00fcber die Bedingungen des Erscheinens, der Erhaltung und der Verbreitung von Bildern.","breadcrumb":{"@id":"https:\/\/malenki.net\/de\/produkt\/ecrire-avec-le-soleil\/#breadcrumb"},"inLanguage":"de","potentialAction":[{"@type":"ReadAction","target":["https:\/\/malenki.net\/de\/produkt\/ecrire-avec-le-soleil\/"]}]},{"@type":"ImageObject","inLanguage":"de","@id":"https:\/\/malenki.net\/de\/produkt\/ecrire-avec-le-soleil\/#primaryimage","url":"https:\/\/malenki.net\/wp-content\/uploads\/2025\/01\/Sandrine-Marc-Ecrire02.jpg","contentUrl":"https:\/\/malenki.net\/wp-content\/uploads\/2025\/01\/Sandrine-Marc-Ecrire02.jpg","width":1024,"height":819,"caption":"Sandrine Marc \u2013 Ecrire avec le soleil"},{"@type":"BreadcrumbList","@id":"https:\/\/malenki.net\/de\/produkt\/ecrire-avec-le-soleil\/#breadcrumb","itemListElement":[{"@type":"ListItem","position":1,"name":"Home","item":"https:\/\/malenki.net\/de\/"},{"@type":"ListItem","position":2,"name":"Editionen","item":"https:\/\/malenki.net\/de\/"},{"@type":"ListItem","position":3,"name":"\u00c9crire avec le soleil"}]},{"@type":"WebSite","@id":"https:\/\/malenki.net\/de\/#website","url":"https:\/\/malenki.net\/de\/","name":"malenki.net","description":"Fotografie Editionen","publisher":{"@id":"https:\/\/malenki.net\/de\/#organization"},"potentialAction":[{"@type":"SearchAction","target":{"@type":"EntryPoint","urlTemplate":"https:\/\/malenki.net\/de\/?s={search_term_string}"},"query-input":{"@type":"PropertyValueSpecification","valueRequired":true,"valueName":"search_term_string"}}],"inLanguage":"de"},{"@type":"Organization","@id":"https:\/\/malenki.net\/de\/#organization","name":"malenki.net","url":"https:\/\/malenki.net\/de\/","logo":{"@type":"ImageObject","inLanguage":"de","@id":"https:\/\/malenki.net\/de\/#\/schema\/logo\/image\/","url":"https:\/\/malenki.net\/wp-content\/uploads\/2023\/03\/malenki-logo-2019.gif","contentUrl":"https:\/\/malenki.net\/wp-content\/uploads\/2023\/03\/malenki-logo-2019.gif","width":524,"height":138,"caption":"malenki.net"},"image":{"@id":"https:\/\/malenki.net\/de\/#\/schema\/logo\/image\/"},"sameAs":["https:\/\/www.facebook.com\/malenki.editionen\/","https:\/\/www.instagram.com\/malenkinet\/"]}]}},"wps_subtitle":"Sandrine Marc","_links":{"self":[{"href":"https:\/\/malenki.net\/de\/wp-json\/wp\/v2\/product\/11099","targetHints":{"allow":["GET"]}}],"collection":[{"href":"https:\/\/malenki.net\/de\/wp-json\/wp\/v2\/product"}],"about":[{"href":"https:\/\/malenki.net\/de\/wp-json\/wp\/v2\/types\/product"}],"wp:featuredmedia":[{"embeddable":true,"href":"https:\/\/malenki.net\/de\/wp-json\/wp\/v2\/media\/11033"}],"wp:attachment":[{"href":"https:\/\/malenki.net\/de\/wp-json\/wp\/v2\/media?parent=11099"}],"wp:term":[{"taxonomy":"product_brand","embeddable":true,"href":"https:\/\/malenki.net\/de\/wp-json\/wp\/v2\/product_brand?post=11099"},{"taxonomy":"product_cat","embeddable":true,"href":"https:\/\/malenki.net\/de\/wp-json\/wp\/v2\/product_cat?post=11099"},{"taxonomy":"product_tag","embeddable":true,"href":"https:\/\/malenki.net\/de\/wp-json\/wp\/v2\/product_tag?post=11099"}],"curies":[{"name":"wp","href":"https:\/\/api.w.org\/{rel}","templated":true}]}}