{"id":11077,"date":"2025-01-07T21:15:17","date_gmt":"2025-01-07T20:15:17","guid":{"rendered":"https:\/\/malenki.net\/product\/puddle-watching\/"},"modified":"2025-11-28T10:31:13","modified_gmt":"2025-11-28T09:31:13","slug":"puddle-watching","status":"publish","type":"product","link":"https:\/\/malenki.net\/de\/produkt\/puddle-watching\/","title":{"rendered":"Puddle Watching"},"content":{"rendered":"<p>Eine Brosch\u00fcre \u00fcber die Natur und das Verhalten von Pf\u00fctzen in der Stadt. Neben Beobachtungen zu konkreten Pf\u00fctzen bietet das Buch von <a href=\"https:\/\/malenki.net\/de\/product-category\/kuenstlerinnen\/mirja-busch-de\/\">Mirja Busch<\/a> eine neue Terminologie und Sprache, um differenzierter \u00fcber Pf\u00fctzen zu sprechen. Mit integrierter Karte f\u00fcr einen selbstgef\u00fchrten Pf\u00fctzenspaziergang in Berlin.<\/p>\n<p>\u201ePf\u00fctzen sind fl\u00fcssig. Sie sind flach. Pf\u00fctzen sind fl\u00fcchtig und trotzdem best\u00e4ndig in ihrer Wiederkehr. Mal sind sie da, mal sind sie weg. Doch kehren sie zum immer gleichen Ort zur\u00fcck \u2014 ihrem Ort, ihrer Mulde, Senke, Loch. Sie sind treu, wenn auch nicht verl\u00e4sslich. \u2026\u201c<\/p>\n","protected":false},"excerpt":{"rendered":"<p>Eine Brosch\u00fcre \u00fcber die Natur und das Verhalten von Pf\u00fctzen in der Stadt. Neben Beobachtungen zu konkreten Pf\u00fctzen bietet das Buch von Mirja Busch eine neue Terminologie und Sprache, um differenzierter \u00fcber Pf\u00fctzen zu sprechen. Mit integrierter Karte f\u00fcr einen selbstgef\u00fchrten Pf\u00fctzenspaziergang in Berlin. \u201ePf\u00fctzen sind fl\u00fcssig. Sie sind flach. Pf\u00fctzen sind fl\u00fcchtig und trotzdem&hellip; <a class=\"more-link\" href=\"https:\/\/malenki.net\/de\/produkt\/puddle-watching\/\"><span class=\"screen-reader-text\">Puddle Watching<\/span> weiterlesen<\/a><\/p>\n","protected":false},"featured_media":11148,"template":"","meta":{"pgc_sgb_lightbox_settings":""},"product_brand":[],"product_cat":[6076],"product_tag":[6101,6221,6102,6103,6095,6096,6097,6179,5692],"class_list":{"0":"post-11077","1":"product","2":"type-product","3":"status-publish","4":"has-post-thumbnail","6":"product_cat-mirja-busch-de","7":"product_tag-anna-mandoki-de","8":"product_tag-berlin-de","9":"product_tag-david-e-selden-de","10":"product_tag-david-selden-de","11":"product_tag-mirja-busch-de","12":"product_tag-pfutze","13":"product_tag-pfutzen-beobachtung","14":"product_tag-stadt","15":"product_tag-wanderung","16":"entry","18":"first","19":"instock","20":"shipping-taxable","21":"purchasable","22":"product-type-variable","23":"has-default-attributes"},"yoast_head":"<!-- This site is optimized with the Yoast SEO plugin v27.2 - https:\/\/yoast.com\/product\/yoast-seo-wordpress\/ -->\n<title>malenki.net | Puddle Watching | Mirja Busch<\/title>\n<meta name=\"description\" content=\"&#039;Pf\u00fctzen&#039; von Mirja Busch bei malenki.net\" \/>\n<meta name=\"robots\" content=\"index, follow, max-snippet:-1, max-image-preview:large, max-video-preview:-1\" \/>\n<link rel=\"canonical\" href=\"https:\/\/malenki.net\/de\/produkt\/puddle-watching\/\" \/>\n<meta property=\"og:locale\" content=\"de_DE\" \/>\n<meta property=\"og:type\" content=\"article\" \/>\n<meta property=\"og:title\" content=\"malenki.net | Puddle Watching | Mirja Busch\" \/>\n<meta property=\"og:description\" content=\"&#039;Pf\u00fctzen&#039; von Mirja Busch bei malenki.net\" \/>\n<meta property=\"og:url\" content=\"https:\/\/malenki.net\/de\/produkt\/puddle-watching\/\" \/>\n<meta property=\"og:site_name\" content=\"malenki.net\" \/>\n<meta property=\"article:publisher\" content=\"https:\/\/www.facebook.com\/malenki.editionen\/\" \/>\n<meta property=\"article:modified_time\" content=\"2025-11-28T09:31:13+00:00\" \/>\n<meta property=\"og:image\" content=\"https:\/\/malenki.net\/wp-content\/uploads\/2025\/01\/Mirja-Busch-Puddle-01-750x600-1.jpg\" \/>\n\t<meta property=\"og:image:width\" content=\"750\" \/>\n\t<meta property=\"og:image:height\" content=\"600\" \/>\n\t<meta property=\"og:image:type\" content=\"image\/jpeg\" \/>\n<meta name=\"twitter:card\" content=\"summary_large_image\" \/>\n<meta name=\"twitter:label1\" content=\"Gesch\u00e4tzte Lesezeit\" \/>\n\t<meta name=\"twitter:data1\" content=\"1\u00a0Minute\" \/>\n<script type=\"application\/ld+json\" class=\"yoast-schema-graph\">{\"@context\":\"https:\/\/schema.org\",\"@graph\":[{\"@type\":\"WebPage\",\"@id\":\"https:\/\/malenki.net\/de\/produkt\/puddle-watching\/\",\"url\":\"https:\/\/malenki.net\/de\/produkt\/puddle-watching\/\",\"name\":\"malenki.net | Puddle Watching | Mirja Busch\",\"isPartOf\":{\"@id\":\"https:\/\/malenki.net\/de\/#website\"},\"primaryImageOfPage\":{\"@id\":\"https:\/\/malenki.net\/de\/produkt\/puddle-watching\/#primaryimage\"},\"image\":{\"@id\":\"https:\/\/malenki.net\/de\/produkt\/puddle-watching\/#primaryimage\"},\"thumbnailUrl\":\"https:\/\/malenki.net\/wp-content\/uploads\/2025\/01\/Mirja-Busch-Puddle-01-750x600-1.jpg\",\"datePublished\":\"2025-01-07T20:15:17+00:00\",\"dateModified\":\"2025-11-28T09:31:13+00:00\",\"description\":\"'Pf\u00fctzen' von Mirja Busch bei malenki.net\",\"breadcrumb\":{\"@id\":\"https:\/\/malenki.net\/de\/produkt\/puddle-watching\/#breadcrumb\"},\"inLanguage\":\"de\",\"potentialAction\":[{\"@type\":\"ReadAction\",\"target\":[\"https:\/\/malenki.net\/de\/produkt\/puddle-watching\/\"]}]},{\"@type\":\"ImageObject\",\"inLanguage\":\"de\",\"@id\":\"https:\/\/malenki.net\/de\/produkt\/puddle-watching\/#primaryimage\",\"url\":\"https:\/\/malenki.net\/wp-content\/uploads\/2025\/01\/Mirja-Busch-Puddle-01-750x600-1.jpg\",\"contentUrl\":\"https:\/\/malenki.net\/wp-content\/uploads\/2025\/01\/Mirja-Busch-Puddle-01-750x600-1.jpg\",\"width\":750,\"height\":600,\"caption\":\"Mirja Busch \u2013 Puddle Watching\"},{\"@type\":\"BreadcrumbList\",\"@id\":\"https:\/\/malenki.net\/de\/produkt\/puddle-watching\/#breadcrumb\",\"itemListElement\":[{\"@type\":\"ListItem\",\"position\":1,\"name\":\"Home\",\"item\":\"https:\/\/malenki.net\/de\/\"},{\"@type\":\"ListItem\",\"position\":2,\"name\":\"Editionen\",\"item\":\"https:\/\/malenki.net\/de\/\"},{\"@type\":\"ListItem\",\"position\":3,\"name\":\"Puddle Watching\"}]},{\"@type\":\"WebSite\",\"@id\":\"https:\/\/malenki.net\/de\/#website\",\"url\":\"https:\/\/malenki.net\/de\/\",\"name\":\"malenki.net\",\"description\":\"Fotografie Editionen\",\"publisher\":{\"@id\":\"https:\/\/malenki.net\/de\/#organization\"},\"potentialAction\":[{\"@type\":\"SearchAction\",\"target\":{\"@type\":\"EntryPoint\",\"urlTemplate\":\"https:\/\/malenki.net\/de\/?s={search_term_string}\"},\"query-input\":{\"@type\":\"PropertyValueSpecification\",\"valueRequired\":true,\"valueName\":\"search_term_string\"}}],\"inLanguage\":\"de\"},{\"@type\":\"Organization\",\"@id\":\"https:\/\/malenki.net\/de\/#organization\",\"name\":\"malenki.net\",\"url\":\"https:\/\/malenki.net\/de\/\",\"logo\":{\"@type\":\"ImageObject\",\"inLanguage\":\"de\",\"@id\":\"https:\/\/malenki.net\/de\/#\/schema\/logo\/image\/\",\"url\":\"https:\/\/malenki.net\/wp-content\/uploads\/2023\/03\/malenki-logo-2019.gif\",\"contentUrl\":\"https:\/\/malenki.net\/wp-content\/uploads\/2023\/03\/malenki-logo-2019.gif\",\"width\":524,\"height\":138,\"caption\":\"malenki.net\"},\"image\":{\"@id\":\"https:\/\/malenki.net\/de\/#\/schema\/logo\/image\/\"},\"sameAs\":[\"https:\/\/www.facebook.com\/malenki.editionen\/\",\"https:\/\/www.instagram.com\/malenkinet\/\"]}]}<\/script>\n<!-- \/ Yoast SEO plugin. -->","yoast_head_json":{"title":"malenki.net | Puddle Watching | Mirja Busch","description":"'Pf\u00fctzen' von Mirja Busch bei malenki.net","robots":{"index":"index","follow":"follow","max-snippet":"max-snippet:-1","max-image-preview":"max-image-preview:large","max-video-preview":"max-video-preview:-1"},"canonical":"https:\/\/malenki.net\/de\/produkt\/puddle-watching\/","og_locale":"de_DE","og_type":"article","og_title":"malenki.net | Puddle Watching | Mirja Busch","og_description":"'Pf\u00fctzen' von Mirja Busch bei malenki.net","og_url":"https:\/\/malenki.net\/de\/produkt\/puddle-watching\/","og_site_name":"malenki.net","article_publisher":"https:\/\/www.facebook.com\/malenki.editionen\/","article_modified_time":"2025-11-28T09:31:13+00:00","og_image":[{"width":750,"height":600,"url":"https:\/\/malenki.net\/wp-content\/uploads\/2025\/01\/Mirja-Busch-Puddle-01-750x600-1.jpg","type":"image\/jpeg"}],"twitter_card":"summary_large_image","twitter_misc":{"Gesch\u00e4tzte Lesezeit":"1\u00a0Minute"},"schema":{"@context":"https:\/\/schema.org","@graph":[{"@type":"WebPage","@id":"https:\/\/malenki.net\/de\/produkt\/puddle-watching\/","url":"https:\/\/malenki.net\/de\/produkt\/puddle-watching\/","name":"malenki.net | Puddle Watching | Mirja Busch","isPartOf":{"@id":"https:\/\/malenki.net\/de\/#website"},"primaryImageOfPage":{"@id":"https:\/\/malenki.net\/de\/produkt\/puddle-watching\/#primaryimage"},"image":{"@id":"https:\/\/malenki.net\/de\/produkt\/puddle-watching\/#primaryimage"},"thumbnailUrl":"https:\/\/malenki.net\/wp-content\/uploads\/2025\/01\/Mirja-Busch-Puddle-01-750x600-1.jpg","datePublished":"2025-01-07T20:15:17+00:00","dateModified":"2025-11-28T09:31:13+00:00","description":"'Pf\u00fctzen' von Mirja Busch bei malenki.net","breadcrumb":{"@id":"https:\/\/malenki.net\/de\/produkt\/puddle-watching\/#breadcrumb"},"inLanguage":"de","potentialAction":[{"@type":"ReadAction","target":["https:\/\/malenki.net\/de\/produkt\/puddle-watching\/"]}]},{"@type":"ImageObject","inLanguage":"de","@id":"https:\/\/malenki.net\/de\/produkt\/puddle-watching\/#primaryimage","url":"https:\/\/malenki.net\/wp-content\/uploads\/2025\/01\/Mirja-Busch-Puddle-01-750x600-1.jpg","contentUrl":"https:\/\/malenki.net\/wp-content\/uploads\/2025\/01\/Mirja-Busch-Puddle-01-750x600-1.jpg","width":750,"height":600,"caption":"Mirja Busch \u2013 Puddle Watching"},{"@type":"BreadcrumbList","@id":"https:\/\/malenki.net\/de\/produkt\/puddle-watching\/#breadcrumb","itemListElement":[{"@type":"ListItem","position":1,"name":"Home","item":"https:\/\/malenki.net\/de\/"},{"@type":"ListItem","position":2,"name":"Editionen","item":"https:\/\/malenki.net\/de\/"},{"@type":"ListItem","position":3,"name":"Puddle Watching"}]},{"@type":"WebSite","@id":"https:\/\/malenki.net\/de\/#website","url":"https:\/\/malenki.net\/de\/","name":"malenki.net","description":"Fotografie Editionen","publisher":{"@id":"https:\/\/malenki.net\/de\/#organization"},"potentialAction":[{"@type":"SearchAction","target":{"@type":"EntryPoint","urlTemplate":"https:\/\/malenki.net\/de\/?s={search_term_string}"},"query-input":{"@type":"PropertyValueSpecification","valueRequired":true,"valueName":"search_term_string"}}],"inLanguage":"de"},{"@type":"Organization","@id":"https:\/\/malenki.net\/de\/#organization","name":"malenki.net","url":"https:\/\/malenki.net\/de\/","logo":{"@type":"ImageObject","inLanguage":"de","@id":"https:\/\/malenki.net\/de\/#\/schema\/logo\/image\/","url":"https:\/\/malenki.net\/wp-content\/uploads\/2023\/03\/malenki-logo-2019.gif","contentUrl":"https:\/\/malenki.net\/wp-content\/uploads\/2023\/03\/malenki-logo-2019.gif","width":524,"height":138,"caption":"malenki.net"},"image":{"@id":"https:\/\/malenki.net\/de\/#\/schema\/logo\/image\/"},"sameAs":["https:\/\/www.facebook.com\/malenki.editionen\/","https:\/\/www.instagram.com\/malenkinet\/"]}]}},"wps_subtitle":"Mirja Busch","_links":{"self":[{"href":"https:\/\/malenki.net\/de\/wp-json\/wp\/v2\/product\/11077","targetHints":{"allow":["GET"]}}],"collection":[{"href":"https:\/\/malenki.net\/de\/wp-json\/wp\/v2\/product"}],"about":[{"href":"https:\/\/malenki.net\/de\/wp-json\/wp\/v2\/types\/product"}],"wp:featuredmedia":[{"embeddable":true,"href":"https:\/\/malenki.net\/de\/wp-json\/wp\/v2\/media\/11148"}],"wp:attachment":[{"href":"https:\/\/malenki.net\/de\/wp-json\/wp\/v2\/media?parent=11077"}],"wp:term":[{"taxonomy":"product_brand","embeddable":true,"href":"https:\/\/malenki.net\/de\/wp-json\/wp\/v2\/product_brand?post=11077"},{"taxonomy":"product_cat","embeddable":true,"href":"https:\/\/malenki.net\/de\/wp-json\/wp\/v2\/product_cat?post=11077"},{"taxonomy":"product_tag","embeddable":true,"href":"https:\/\/malenki.net\/de\/wp-json\/wp\/v2\/product_tag?post=11077"}],"curies":[{"name":"wp","href":"https:\/\/api.w.org\/{rel}","templated":true}]}}