{"id":11067,"date":"2024-12-12T15:23:34","date_gmt":"2024-12-12T14:23:34","guid":{"rendered":"https:\/\/malenki.net\/product\/sakae-osugi\/"},"modified":"2025-11-28T11:16:51","modified_gmt":"2025-11-28T10:16:51","slug":"sakae-osugi","status":"publish","type":"product","link":"https:\/\/malenki.net\/de\/produkt\/sakae-osugi\/","title":{"rendered":"Sakae Osugi"},"content":{"rendered":"<p>Sakae \u014csugi (*1885, \u20201923) war ein japanischer Anarchist. Er reiste 1923 nach Europa und hielt in Saint-Denis eine Rede zum 1. Mai. Dort wurde er von der Zivilpolizei verhaftet. Er wurde zu drei Wochen Gef\u00e4ngnis und Deportation wegen Passvergehen verurteilt. Am 2. Juni wurde er nach Japan zur\u00fcckgeschickt, wo er sp\u00e4ter beim \u00bbAmakasu-Zwischenfall\u00ab ermordet wurde. In seinem Buch \u00bbMeine Flucht aus Japan\u00ab erw\u00e4hnt er eine \u00bbArbeiterhalle\u00ab in der N\u00e4he der Basilika in Saint-Denis. H\u00f6chstwahrscheinlich meint er damit die \u00bbBourse du Travail\u00ab von Saint-Denis, die sich damals im Hotel de Ville befand. Im Februar 2023, fast 100 Jahre nach Sakae \u014csugis Erlebnissen in Saint-Denis, gingen <a href=\"https:\/\/malenki.net\/de\/product-category\/kuenstlerinnen\/katja-stuke-de-artists\/\">Katja Stuke<\/a> und <a href=\"hhttps:\/\/malenki.net\/de\/product-category\/kuenstlerinnen\/oliver-sieber-de\/\">Oliver Sieber<\/a> vom Hotel de Ville an Passage Saulger, Rue des Ursulines und Rue Suger vorbei, bis sie schlie\u00dflich die Rue G\u00e9nin erreichten, wo sich die heutige Bourse du Travail befindet\u00ab. Marie Tesson, die Autorin des Textes, hat einen Rundgang erstellt, der als Ausgangspunkt das Geb\u00e4ude nimmt, in dem Stuke und Sieber ihren Spaziergang beendet haben: die Bourse du Travail in Saint-Denis. Sie wandert durch dieses im Wandel begriffene Viertel, bis sie den Tour Pleyel erreicht, angezogen von der Melancholie seiner bereits veralteten Architektur.<\/p>\n","protected":false},"excerpt":{"rendered":"<p>Sakae \u014csugi (*1885, \u20201923) war ein japanischer Anarchist. Er reiste 1923 nach Europa und hielt in Saint-Denis eine Rede zum 1. Mai. Dort wurde er von der Zivilpolizei verhaftet. Er wurde zu drei Wochen Gef\u00e4ngnis und Deportation wegen Passvergehen verurteilt. Am 2. Juni wurde er nach Japan zur\u00fcckgeschickt, wo er sp\u00e4ter beim \u00bbAmakasu-Zwischenfall\u00ab ermordet wurde.&hellip; <a class=\"more-link\" href=\"https:\/\/malenki.net\/de\/produkt\/sakae-osugi\/\"><span class=\"screen-reader-text\">Sakae Osugi<\/span> weiterlesen<\/a><\/p>\n","protected":false},"featured_media":10982,"template":"","meta":{"pgc_sgb_lightbox_settings":""},"product_brand":[],"product_cat":[5296,5344],"product_tag":[5167,5168,5172,4865,5175,6068,5176,6069,6067,5179,5181,5692],"class_list":{"0":"post-11067","1":"product","2":"type-product","3":"status-publish","4":"has-post-thumbnail","6":"product_cat-katja-stuke-de-artists","7":"product_cat-oliver-sieber-de","8":"product_tag-boehm","9":"product_tag-bohm-kobayashi-de","10":"product_tag-katja-stuke-de","11":"product_tag-offentlicher-raum","12":"product_tag-oliver-sieber-de","13":"product_tag-osugi-de","14":"product_tag-paris-de","15":"product_tag-saint-denis-de","16":"product_tag-sakae-osugi-de","17":"product_tag-sieber-de","18":"product_tag-stuke-de","19":"product_tag-wanderung","20":"entry","22":"first","23":"instock","24":"shipping-taxable","25":"purchasable","26":"product-type-simple"},"yoast_head":"<!-- This site is optimized with the Yoast SEO plugin v27.2 - https:\/\/yoast.com\/product\/yoast-seo-wordpress\/ -->\n<title>malenki.net | Sakae Osugi | Katja Stuke &amp; Oliver Sieber<\/title>\n<meta name=\"description\" content=\"&#039;Sakae Osugi&#039; von Katja Stuke und Olver Sieber bei malenki.net\" \/>\n<meta name=\"robots\" content=\"index, follow, max-snippet:-1, max-image-preview:large, max-video-preview:-1\" \/>\n<link rel=\"canonical\" href=\"https:\/\/malenki.net\/de\/produkt\/sakae-osugi\/\" \/>\n<meta property=\"og:locale\" content=\"de_DE\" \/>\n<meta property=\"og:type\" content=\"article\" \/>\n<meta property=\"og:title\" content=\"malenki.net | Sakae Osugi | Katja Stuke &amp; Oliver Sieber\" \/>\n<meta property=\"og:description\" content=\"&#039;Sakae Osugi&#039; von Katja Stuke und Olver Sieber bei malenki.net\" \/>\n<meta property=\"og:url\" content=\"https:\/\/malenki.net\/de\/produkt\/sakae-osugi\/\" \/>\n<meta property=\"og:site_name\" content=\"malenki.net\" \/>\n<meta property=\"article:publisher\" content=\"https:\/\/www.facebook.com\/malenki.editionen\/\" \/>\n<meta property=\"article:modified_time\" content=\"2025-11-28T10:16:51+00:00\" \/>\n<meta property=\"og:image\" content=\"https:\/\/malenki.net\/wp-content\/uploads\/2025\/01\/Stuke-Sieber-Sakae-01.jpg\" \/>\n\t<meta property=\"og:image:width\" content=\"1024\" \/>\n\t<meta property=\"og:image:height\" content=\"822\" \/>\n\t<meta property=\"og:image:type\" content=\"image\/jpeg\" \/>\n<meta name=\"twitter:card\" content=\"summary_large_image\" \/>\n<meta name=\"twitter:label1\" content=\"Gesch\u00e4tzte Lesezeit\" \/>\n\t<meta name=\"twitter:data1\" content=\"1\u00a0Minute\" \/>\n<script type=\"application\/ld+json\" class=\"yoast-schema-graph\">{\"@context\":\"https:\/\/schema.org\",\"@graph\":[{\"@type\":\"WebPage\",\"@id\":\"https:\/\/malenki.net\/de\/produkt\/sakae-osugi\/\",\"url\":\"https:\/\/malenki.net\/de\/produkt\/sakae-osugi\/\",\"name\":\"malenki.net | Sakae Osugi | Katja Stuke &amp; Oliver Sieber\",\"isPartOf\":{\"@id\":\"https:\/\/malenki.net\/de\/#website\"},\"primaryImageOfPage\":{\"@id\":\"https:\/\/malenki.net\/de\/produkt\/sakae-osugi\/#primaryimage\"},\"image\":{\"@id\":\"https:\/\/malenki.net\/de\/produkt\/sakae-osugi\/#primaryimage\"},\"thumbnailUrl\":\"https:\/\/malenki.net\/wp-content\/uploads\/2025\/01\/Stuke-Sieber-Sakae-01.jpg\",\"datePublished\":\"2024-12-12T14:23:34+00:00\",\"dateModified\":\"2025-11-28T10:16:51+00:00\",\"description\":\"'Sakae Osugi' von Katja Stuke und Olver Sieber bei malenki.net\",\"breadcrumb\":{\"@id\":\"https:\/\/malenki.net\/de\/produkt\/sakae-osugi\/#breadcrumb\"},\"inLanguage\":\"de\",\"potentialAction\":[{\"@type\":\"ReadAction\",\"target\":[\"https:\/\/malenki.net\/de\/produkt\/sakae-osugi\/\"]}]},{\"@type\":\"ImageObject\",\"inLanguage\":\"de\",\"@id\":\"https:\/\/malenki.net\/de\/produkt\/sakae-osugi\/#primaryimage\",\"url\":\"https:\/\/malenki.net\/wp-content\/uploads\/2025\/01\/Stuke-Sieber-Sakae-01.jpg\",\"contentUrl\":\"https:\/\/malenki.net\/wp-content\/uploads\/2025\/01\/Stuke-Sieber-Sakae-01.jpg\",\"width\":1024,\"height\":822,\"caption\":\"Katja Stuke & Oliver Sieber \u2014 Sakae Osugi: Anarchiste Japonaise\"},{\"@type\":\"BreadcrumbList\",\"@id\":\"https:\/\/malenki.net\/de\/produkt\/sakae-osugi\/#breadcrumb\",\"itemListElement\":[{\"@type\":\"ListItem\",\"position\":1,\"name\":\"Home\",\"item\":\"https:\/\/malenki.net\/de\/\"},{\"@type\":\"ListItem\",\"position\":2,\"name\":\"Editionen\",\"item\":\"https:\/\/malenki.net\/de\/\"},{\"@type\":\"ListItem\",\"position\":3,\"name\":\"Sakae Osugi\"}]},{\"@type\":\"WebSite\",\"@id\":\"https:\/\/malenki.net\/de\/#website\",\"url\":\"https:\/\/malenki.net\/de\/\",\"name\":\"malenki.net\",\"description\":\"Fotografie Editionen\",\"publisher\":{\"@id\":\"https:\/\/malenki.net\/de\/#organization\"},\"potentialAction\":[{\"@type\":\"SearchAction\",\"target\":{\"@type\":\"EntryPoint\",\"urlTemplate\":\"https:\/\/malenki.net\/de\/?s={search_term_string}\"},\"query-input\":{\"@type\":\"PropertyValueSpecification\",\"valueRequired\":true,\"valueName\":\"search_term_string\"}}],\"inLanguage\":\"de\"},{\"@type\":\"Organization\",\"@id\":\"https:\/\/malenki.net\/de\/#organization\",\"name\":\"malenki.net\",\"url\":\"https:\/\/malenki.net\/de\/\",\"logo\":{\"@type\":\"ImageObject\",\"inLanguage\":\"de\",\"@id\":\"https:\/\/malenki.net\/de\/#\/schema\/logo\/image\/\",\"url\":\"https:\/\/malenki.net\/wp-content\/uploads\/2023\/03\/malenki-logo-2019.gif\",\"contentUrl\":\"https:\/\/malenki.net\/wp-content\/uploads\/2023\/03\/malenki-logo-2019.gif\",\"width\":524,\"height\":138,\"caption\":\"malenki.net\"},\"image\":{\"@id\":\"https:\/\/malenki.net\/de\/#\/schema\/logo\/image\/\"},\"sameAs\":[\"https:\/\/www.facebook.com\/malenki.editionen\/\",\"https:\/\/www.instagram.com\/malenkinet\/\"]}]}<\/script>\n<!-- \/ Yoast SEO plugin. -->","yoast_head_json":{"title":"malenki.net | Sakae Osugi | Katja Stuke &amp; Oliver Sieber","description":"'Sakae Osugi' von Katja Stuke und Olver Sieber bei malenki.net","robots":{"index":"index","follow":"follow","max-snippet":"max-snippet:-1","max-image-preview":"max-image-preview:large","max-video-preview":"max-video-preview:-1"},"canonical":"https:\/\/malenki.net\/de\/produkt\/sakae-osugi\/","og_locale":"de_DE","og_type":"article","og_title":"malenki.net | Sakae Osugi | Katja Stuke &amp; Oliver Sieber","og_description":"'Sakae Osugi' von Katja Stuke und Olver Sieber bei malenki.net","og_url":"https:\/\/malenki.net\/de\/produkt\/sakae-osugi\/","og_site_name":"malenki.net","article_publisher":"https:\/\/www.facebook.com\/malenki.editionen\/","article_modified_time":"2025-11-28T10:16:51+00:00","og_image":[{"width":1024,"height":822,"url":"https:\/\/malenki.net\/wp-content\/uploads\/2025\/01\/Stuke-Sieber-Sakae-01.jpg","type":"image\/jpeg"}],"twitter_card":"summary_large_image","twitter_misc":{"Gesch\u00e4tzte Lesezeit":"1\u00a0Minute"},"schema":{"@context":"https:\/\/schema.org","@graph":[{"@type":"WebPage","@id":"https:\/\/malenki.net\/de\/produkt\/sakae-osugi\/","url":"https:\/\/malenki.net\/de\/produkt\/sakae-osugi\/","name":"malenki.net | Sakae Osugi | Katja Stuke &amp; Oliver Sieber","isPartOf":{"@id":"https:\/\/malenki.net\/de\/#website"},"primaryImageOfPage":{"@id":"https:\/\/malenki.net\/de\/produkt\/sakae-osugi\/#primaryimage"},"image":{"@id":"https:\/\/malenki.net\/de\/produkt\/sakae-osugi\/#primaryimage"},"thumbnailUrl":"https:\/\/malenki.net\/wp-content\/uploads\/2025\/01\/Stuke-Sieber-Sakae-01.jpg","datePublished":"2024-12-12T14:23:34+00:00","dateModified":"2025-11-28T10:16:51+00:00","description":"'Sakae Osugi' von Katja Stuke und Olver Sieber bei malenki.net","breadcrumb":{"@id":"https:\/\/malenki.net\/de\/produkt\/sakae-osugi\/#breadcrumb"},"inLanguage":"de","potentialAction":[{"@type":"ReadAction","target":["https:\/\/malenki.net\/de\/produkt\/sakae-osugi\/"]}]},{"@type":"ImageObject","inLanguage":"de","@id":"https:\/\/malenki.net\/de\/produkt\/sakae-osugi\/#primaryimage","url":"https:\/\/malenki.net\/wp-content\/uploads\/2025\/01\/Stuke-Sieber-Sakae-01.jpg","contentUrl":"https:\/\/malenki.net\/wp-content\/uploads\/2025\/01\/Stuke-Sieber-Sakae-01.jpg","width":1024,"height":822,"caption":"Katja Stuke & Oliver Sieber \u2014 Sakae Osugi: Anarchiste Japonaise"},{"@type":"BreadcrumbList","@id":"https:\/\/malenki.net\/de\/produkt\/sakae-osugi\/#breadcrumb","itemListElement":[{"@type":"ListItem","position":1,"name":"Home","item":"https:\/\/malenki.net\/de\/"},{"@type":"ListItem","position":2,"name":"Editionen","item":"https:\/\/malenki.net\/de\/"},{"@type":"ListItem","position":3,"name":"Sakae Osugi"}]},{"@type":"WebSite","@id":"https:\/\/malenki.net\/de\/#website","url":"https:\/\/malenki.net\/de\/","name":"malenki.net","description":"Fotografie Editionen","publisher":{"@id":"https:\/\/malenki.net\/de\/#organization"},"potentialAction":[{"@type":"SearchAction","target":{"@type":"EntryPoint","urlTemplate":"https:\/\/malenki.net\/de\/?s={search_term_string}"},"query-input":{"@type":"PropertyValueSpecification","valueRequired":true,"valueName":"search_term_string"}}],"inLanguage":"de"},{"@type":"Organization","@id":"https:\/\/malenki.net\/de\/#organization","name":"malenki.net","url":"https:\/\/malenki.net\/de\/","logo":{"@type":"ImageObject","inLanguage":"de","@id":"https:\/\/malenki.net\/de\/#\/schema\/logo\/image\/","url":"https:\/\/malenki.net\/wp-content\/uploads\/2023\/03\/malenki-logo-2019.gif","contentUrl":"https:\/\/malenki.net\/wp-content\/uploads\/2023\/03\/malenki-logo-2019.gif","width":524,"height":138,"caption":"malenki.net"},"image":{"@id":"https:\/\/malenki.net\/de\/#\/schema\/logo\/image\/"},"sameAs":["https:\/\/www.facebook.com\/malenki.editionen\/","https:\/\/www.instagram.com\/malenkinet\/"]}]}},"wps_subtitle":"Katja Stuke &amp; Oliver Sieber","_links":{"self":[{"href":"https:\/\/malenki.net\/de\/wp-json\/wp\/v2\/product\/11067","targetHints":{"allow":["GET"]}}],"collection":[{"href":"https:\/\/malenki.net\/de\/wp-json\/wp\/v2\/product"}],"about":[{"href":"https:\/\/malenki.net\/de\/wp-json\/wp\/v2\/types\/product"}],"wp:featuredmedia":[{"embeddable":true,"href":"https:\/\/malenki.net\/de\/wp-json\/wp\/v2\/media\/10982"}],"wp:attachment":[{"href":"https:\/\/malenki.net\/de\/wp-json\/wp\/v2\/media?parent=11067"}],"wp:term":[{"taxonomy":"product_brand","embeddable":true,"href":"https:\/\/malenki.net\/de\/wp-json\/wp\/v2\/product_brand?post=11067"},{"taxonomy":"product_cat","embeddable":true,"href":"https:\/\/malenki.net\/de\/wp-json\/wp\/v2\/product_cat?post=11067"},{"taxonomy":"product_tag","embeddable":true,"href":"https:\/\/malenki.net\/de\/wp-json\/wp\/v2\/product_tag?post=11067"}],"curies":[{"name":"wp","href":"https:\/\/api.w.org\/{rel}","templated":true}]}}