{"id":11066,"date":"2024-12-14T07:28:19","date_gmt":"2024-12-14T06:28:19","guid":{"rendered":"https:\/\/malenki.net\/product\/ondes\/"},"modified":"2025-01-07T19:13:16","modified_gmt":"2025-01-07T18:13:16","slug":"ondes","status":"publish","type":"product","link":"https:\/\/malenki.net\/de\/produkt\/ondes\/","title":{"rendered":"Ondes"},"content":{"rendered":"<p><em>Ondes<\/em> dokumentiert die Energiefl\u00fcsse, die unser Leben pr\u00e4gen und unsere Wahrnehmungskr\u00e4fte \u00fcberfordern. Die Serie thematisiert die Verbindung zwischen unserem Ursprung und unserem endg\u00fcltigen Ziel. Dieselbe Verbindung, die uns in einem Gef\u00fchl der Verbundenheit und gegenseitigen Abh\u00e4ngigkeit mit fernen Zeiten, den ersten Lebensformen und dem Kosmos verbindet. <em>Ondes<\/em> von <a href=\"https:\/\/malenki.net\/de\/product-category\/kuenstlerinnen\/benedicte-blondeau-de\/\">B\u00e9n\u00e9dicte Blondeau<\/a> pr\u00e4sentiert eine Vision der Realit\u00e4t, die nicht vergisst, dass sie sich auch auf das bezieht, was wir nicht sehen k\u00f6nnen. Es ist eine Erforschung der Elemente, die auf dem Prinzip basiert, dass sich alles in st\u00e4ndiger Transformation befindet, ob wir es nun wahrnehmen k\u00f6nnen oder nicht.<\/p>\n<p>Das Projekt Ondes von B\u00e9n\u00e9dicte Blondeau wurde von der F\u00e9d\u00e9ration Wallonie-Bruxelles, der Rep\u00fablica Portuguesa DGArtes, dem Espace Contretype und der Mulhouse Photo Biennale unterst\u00fctzt.<\/p>\n","protected":false},"excerpt":{"rendered":"<p>Das Projekt <em>Ondes<\/em> von B\u00e9n\u00e9dicte Blondeau wurde von F\u00e9d\u00e9ration Wallonie-Bruxelles, Rep\u00fablica Portuguesa DGArtes, Espace Contretype, Mulhouse Photo Biennale unterst\u00fctzt.<\/p>\n","protected":false},"featured_media":10972,"template":"","meta":{"pgc_sgb_lightbox_settings":""},"product_brand":[],"product_cat":[3816],"product_tag":[3634,3819,3635,3825,6065,6064,3822,3818,6062,5630,3059,3830],"class_list":{"0":"post-11066","1":"product","2":"type-product","3":"status-publish","4":"has-post-thumbnail","6":"product_cat-benedicte-blondeau-de","7":"product_tag-benedicte-blondeau-de","8":"product_tag-berg","9":"product_tag-blondeau-de","10":"product_tag-dunkel","11":"product_tag-duraes-de","12":"product_tag-joana-duraes-de","13":"product_tag-meer","14":"product_tag-natur","15":"product_tag-ondes-de","16":"product_tag-poetisch","17":"product_tag-schwarz-weiss","18":"product_tag-xyzbooks-de","19":"entry","21":"first","22":"instock","23":"shipping-taxable","24":"purchasable","25":"product-type-simple"},"yoast_head":"<!-- This site is optimized with the Yoast SEO plugin v27.2 - https:\/\/yoast.com\/product\/yoast-seo-wordpress\/ -->\n<title>malenki.net | Ondes | B\u00e9n\u00e9dicte Blondeau<\/title>\n<meta name=\"description\" content=\"&#039;Ondes&#039; von B\u00e9n\u00e9dicte Blondeau bei malenki.net\" \/>\n<meta name=\"robots\" content=\"index, follow, max-snippet:-1, max-image-preview:large, max-video-preview:-1\" \/>\n<link rel=\"canonical\" href=\"https:\/\/malenki.net\/de\/produkt\/ondes\/\" \/>\n<meta property=\"og:locale\" content=\"de_DE\" \/>\n<meta property=\"og:type\" content=\"article\" \/>\n<meta property=\"og:title\" content=\"malenki.net | Ondes | B\u00e9n\u00e9dicte Blondeau\" \/>\n<meta property=\"og:description\" content=\"&#039;Ondes&#039; von B\u00e9n\u00e9dicte Blondeau bei malenki.net\" \/>\n<meta property=\"og:url\" content=\"https:\/\/malenki.net\/de\/produkt\/ondes\/\" \/>\n<meta property=\"og:site_name\" content=\"malenki.net\" \/>\n<meta property=\"article:publisher\" content=\"https:\/\/www.facebook.com\/malenki.editionen\/\" \/>\n<meta property=\"article:modified_time\" content=\"2025-01-07T18:13:16+00:00\" \/>\n<meta property=\"og:image\" content=\"https:\/\/malenki.net\/wp-content\/uploads\/2025\/01\/Ondes-Benedicte-Blondeau-01.jpg\" \/>\n\t<meta property=\"og:image:width\" content=\"1024\" \/>\n\t<meta property=\"og:image:height\" content=\"818\" \/>\n\t<meta property=\"og:image:type\" content=\"image\/jpeg\" \/>\n<meta name=\"twitter:card\" content=\"summary_large_image\" \/>\n<meta name=\"twitter:label1\" content=\"Gesch\u00e4tzte Lesezeit\" \/>\n\t<meta name=\"twitter:data1\" content=\"1\u00a0Minute\" \/>\n<script type=\"application\/ld+json\" class=\"yoast-schema-graph\">{\"@context\":\"https:\/\/schema.org\",\"@graph\":[{\"@type\":\"WebPage\",\"@id\":\"https:\/\/malenki.net\/de\/produkt\/ondes\/\",\"url\":\"https:\/\/malenki.net\/de\/produkt\/ondes\/\",\"name\":\"malenki.net | Ondes | B\u00e9n\u00e9dicte Blondeau\",\"isPartOf\":{\"@id\":\"https:\/\/malenki.net\/de\/#website\"},\"primaryImageOfPage\":{\"@id\":\"https:\/\/malenki.net\/de\/produkt\/ondes\/#primaryimage\"},\"image\":{\"@id\":\"https:\/\/malenki.net\/de\/produkt\/ondes\/#primaryimage\"},\"thumbnailUrl\":\"https:\/\/malenki.net\/wp-content\/uploads\/2025\/01\/Ondes-Benedicte-Blondeau-01.jpg\",\"datePublished\":\"2024-12-14T06:28:19+00:00\",\"dateModified\":\"2025-01-07T18:13:16+00:00\",\"description\":\"'Ondes' von B\u00e9n\u00e9dicte Blondeau bei malenki.net\",\"breadcrumb\":{\"@id\":\"https:\/\/malenki.net\/de\/produkt\/ondes\/#breadcrumb\"},\"inLanguage\":\"de\",\"potentialAction\":[{\"@type\":\"ReadAction\",\"target\":[\"https:\/\/malenki.net\/de\/produkt\/ondes\/\"]}]},{\"@type\":\"ImageObject\",\"inLanguage\":\"de\",\"@id\":\"https:\/\/malenki.net\/de\/produkt\/ondes\/#primaryimage\",\"url\":\"https:\/\/malenki.net\/wp-content\/uploads\/2025\/01\/Ondes-Benedicte-Blondeau-01.jpg\",\"contentUrl\":\"https:\/\/malenki.net\/wp-content\/uploads\/2025\/01\/Ondes-Benedicte-Blondeau-01.jpg\",\"width\":1024,\"height\":818,\"caption\":\"Ondes \u2014 Benedicte Blondeau\"},{\"@type\":\"BreadcrumbList\",\"@id\":\"https:\/\/malenki.net\/de\/produkt\/ondes\/#breadcrumb\",\"itemListElement\":[{\"@type\":\"ListItem\",\"position\":1,\"name\":\"Home\",\"item\":\"https:\/\/malenki.net\/de\/\"},{\"@type\":\"ListItem\",\"position\":2,\"name\":\"Editionen\",\"item\":\"https:\/\/malenki.net\/de\/\"},{\"@type\":\"ListItem\",\"position\":3,\"name\":\"Ondes\"}]},{\"@type\":\"WebSite\",\"@id\":\"https:\/\/malenki.net\/de\/#website\",\"url\":\"https:\/\/malenki.net\/de\/\",\"name\":\"malenki.net\",\"description\":\"Fotografie Editionen\",\"publisher\":{\"@id\":\"https:\/\/malenki.net\/de\/#organization\"},\"potentialAction\":[{\"@type\":\"SearchAction\",\"target\":{\"@type\":\"EntryPoint\",\"urlTemplate\":\"https:\/\/malenki.net\/de\/?s={search_term_string}\"},\"query-input\":{\"@type\":\"PropertyValueSpecification\",\"valueRequired\":true,\"valueName\":\"search_term_string\"}}],\"inLanguage\":\"de\"},{\"@type\":\"Organization\",\"@id\":\"https:\/\/malenki.net\/de\/#organization\",\"name\":\"malenki.net\",\"url\":\"https:\/\/malenki.net\/de\/\",\"logo\":{\"@type\":\"ImageObject\",\"inLanguage\":\"de\",\"@id\":\"https:\/\/malenki.net\/de\/#\/schema\/logo\/image\/\",\"url\":\"https:\/\/malenki.net\/wp-content\/uploads\/2023\/03\/malenki-logo-2019.gif\",\"contentUrl\":\"https:\/\/malenki.net\/wp-content\/uploads\/2023\/03\/malenki-logo-2019.gif\",\"width\":524,\"height\":138,\"caption\":\"malenki.net\"},\"image\":{\"@id\":\"https:\/\/malenki.net\/de\/#\/schema\/logo\/image\/\"},\"sameAs\":[\"https:\/\/www.facebook.com\/malenki.editionen\/\",\"https:\/\/www.instagram.com\/malenkinet\/\"]}]}<\/script>\n<!-- \/ Yoast SEO plugin. -->","yoast_head_json":{"title":"malenki.net | Ondes | B\u00e9n\u00e9dicte Blondeau","description":"'Ondes' von B\u00e9n\u00e9dicte Blondeau bei malenki.net","robots":{"index":"index","follow":"follow","max-snippet":"max-snippet:-1","max-image-preview":"max-image-preview:large","max-video-preview":"max-video-preview:-1"},"canonical":"https:\/\/malenki.net\/de\/produkt\/ondes\/","og_locale":"de_DE","og_type":"article","og_title":"malenki.net | Ondes | B\u00e9n\u00e9dicte Blondeau","og_description":"'Ondes' von B\u00e9n\u00e9dicte Blondeau bei malenki.net","og_url":"https:\/\/malenki.net\/de\/produkt\/ondes\/","og_site_name":"malenki.net","article_publisher":"https:\/\/www.facebook.com\/malenki.editionen\/","article_modified_time":"2025-01-07T18:13:16+00:00","og_image":[{"width":1024,"height":818,"url":"https:\/\/malenki.net\/wp-content\/uploads\/2025\/01\/Ondes-Benedicte-Blondeau-01.jpg","type":"image\/jpeg"}],"twitter_card":"summary_large_image","twitter_misc":{"Gesch\u00e4tzte Lesezeit":"1\u00a0Minute"},"schema":{"@context":"https:\/\/schema.org","@graph":[{"@type":"WebPage","@id":"https:\/\/malenki.net\/de\/produkt\/ondes\/","url":"https:\/\/malenki.net\/de\/produkt\/ondes\/","name":"malenki.net | Ondes | B\u00e9n\u00e9dicte Blondeau","isPartOf":{"@id":"https:\/\/malenki.net\/de\/#website"},"primaryImageOfPage":{"@id":"https:\/\/malenki.net\/de\/produkt\/ondes\/#primaryimage"},"image":{"@id":"https:\/\/malenki.net\/de\/produkt\/ondes\/#primaryimage"},"thumbnailUrl":"https:\/\/malenki.net\/wp-content\/uploads\/2025\/01\/Ondes-Benedicte-Blondeau-01.jpg","datePublished":"2024-12-14T06:28:19+00:00","dateModified":"2025-01-07T18:13:16+00:00","description":"'Ondes' von B\u00e9n\u00e9dicte Blondeau bei malenki.net","breadcrumb":{"@id":"https:\/\/malenki.net\/de\/produkt\/ondes\/#breadcrumb"},"inLanguage":"de","potentialAction":[{"@type":"ReadAction","target":["https:\/\/malenki.net\/de\/produkt\/ondes\/"]}]},{"@type":"ImageObject","inLanguage":"de","@id":"https:\/\/malenki.net\/de\/produkt\/ondes\/#primaryimage","url":"https:\/\/malenki.net\/wp-content\/uploads\/2025\/01\/Ondes-Benedicte-Blondeau-01.jpg","contentUrl":"https:\/\/malenki.net\/wp-content\/uploads\/2025\/01\/Ondes-Benedicte-Blondeau-01.jpg","width":1024,"height":818,"caption":"Ondes \u2014 Benedicte Blondeau"},{"@type":"BreadcrumbList","@id":"https:\/\/malenki.net\/de\/produkt\/ondes\/#breadcrumb","itemListElement":[{"@type":"ListItem","position":1,"name":"Home","item":"https:\/\/malenki.net\/de\/"},{"@type":"ListItem","position":2,"name":"Editionen","item":"https:\/\/malenki.net\/de\/"},{"@type":"ListItem","position":3,"name":"Ondes"}]},{"@type":"WebSite","@id":"https:\/\/malenki.net\/de\/#website","url":"https:\/\/malenki.net\/de\/","name":"malenki.net","description":"Fotografie Editionen","publisher":{"@id":"https:\/\/malenki.net\/de\/#organization"},"potentialAction":[{"@type":"SearchAction","target":{"@type":"EntryPoint","urlTemplate":"https:\/\/malenki.net\/de\/?s={search_term_string}"},"query-input":{"@type":"PropertyValueSpecification","valueRequired":true,"valueName":"search_term_string"}}],"inLanguage":"de"},{"@type":"Organization","@id":"https:\/\/malenki.net\/de\/#organization","name":"malenki.net","url":"https:\/\/malenki.net\/de\/","logo":{"@type":"ImageObject","inLanguage":"de","@id":"https:\/\/malenki.net\/de\/#\/schema\/logo\/image\/","url":"https:\/\/malenki.net\/wp-content\/uploads\/2023\/03\/malenki-logo-2019.gif","contentUrl":"https:\/\/malenki.net\/wp-content\/uploads\/2023\/03\/malenki-logo-2019.gif","width":524,"height":138,"caption":"malenki.net"},"image":{"@id":"https:\/\/malenki.net\/de\/#\/schema\/logo\/image\/"},"sameAs":["https:\/\/www.facebook.com\/malenki.editionen\/","https:\/\/www.instagram.com\/malenkinet\/"]}]}},"wps_subtitle":"B\u00e9n\u00e9dicte Blondeau","_links":{"self":[{"href":"https:\/\/malenki.net\/de\/wp-json\/wp\/v2\/product\/11066","targetHints":{"allow":["GET"]}}],"collection":[{"href":"https:\/\/malenki.net\/de\/wp-json\/wp\/v2\/product"}],"about":[{"href":"https:\/\/malenki.net\/de\/wp-json\/wp\/v2\/types\/product"}],"wp:featuredmedia":[{"embeddable":true,"href":"https:\/\/malenki.net\/de\/wp-json\/wp\/v2\/media\/10972"}],"wp:attachment":[{"href":"https:\/\/malenki.net\/de\/wp-json\/wp\/v2\/media?parent=11066"}],"wp:term":[{"taxonomy":"product_brand","embeddable":true,"href":"https:\/\/malenki.net\/de\/wp-json\/wp\/v2\/product_brand?post=11066"},{"taxonomy":"product_cat","embeddable":true,"href":"https:\/\/malenki.net\/de\/wp-json\/wp\/v2\/product_cat?post=11066"},{"taxonomy":"product_tag","embeddable":true,"href":"https:\/\/malenki.net\/de\/wp-json\/wp\/v2\/product_tag?post=11066"}],"curies":[{"name":"wp","href":"https:\/\/api.w.org\/{rel}","templated":true}]}}