{"id":10742,"date":"2024-08-03T11:42:42","date_gmt":"2024-08-03T09:42:42","guid":{"rendered":"https:\/\/malenki.net\/product\/the-perfect-crime-concerning-the-murder-of-reality\/"},"modified":"2024-09-26T10:56:41","modified_gmt":"2024-09-26T08:56:41","slug":"the-perfect-crime-concerning-the-murder-of-reality","status":"publish","type":"product","link":"https:\/\/malenki.net\/de\/produkt\/the-perfect-crime-concerning-the-murder-of-reality\/","title":{"rendered":"The Perfect Crime: Concerning The Murder Of Reality"},"content":{"rendered":"<p>Deutschland ist ein Krimiland. Fiktive Morde und Totschl\u00e4ge sind auf Wunsch t\u00e4glich mehrmals auf allen g\u00e4ngigen Fernsehkan\u00e4len zu sehen. Auf den sechs gr\u00f6\u00dften deutschen Sendern sind \u00fcber 238 Krimiserien verf\u00fcgbar. Diese \u00dcberrepr\u00e4sentation markiert den Ausgangspunkt unserer Diskussion \u00fcber m\u00f6gliche Auswirkungen von Kriminalromanen auf unsere Wahrnehmung und unser Verhalten. Auf unterschiedlichen Bildebenen erforschen wir, inwiefern vermeintliches Wissen \u00fcber die Polizeiarbeit, welche Orte potentielle Gefahren bergen und an welchen Merkmalen sich Opfer oder T\u00e4ter erkennen lassen, durch fiktive Darstellungen in Krimiserien verst\u00e4rkt wird.<\/p>\n<p>Die Wechselwirkung zwischen Fiktion und Realit\u00e4t wird zudem anhand unserer eigenen Bildproduktion und dem Realit\u00e4tsversprechen fotografischer Bilder untersucht.<\/p>\n<p>Deutscher Fotobuchpreis Bronze (Dummy) 2023<\/p>\n","protected":false},"excerpt":{"rendered":"<p>Deutschland ist ein Krimiland. Fiktive Morde und Totschl\u00e4ge sind auf Wunsch t\u00e4glich mehrmals auf allen g\u00e4ngigen Fernsehkan\u00e4len zu sehen. Auf den sechs gr\u00f6\u00dften deutschen Sendern sind \u00fcber 238 Krimiserien verf\u00fcgbar. Diese \u00dcberrepr\u00e4sentation markiert den Ausgangspunkt unserer Diskussion \u00fcber m\u00f6gliche Auswirkungen von Kriminalromanen auf unsere Wahrnehmung und unser Verhalten. Auf unterschiedlichen Bildebenen erforschen wir, inwiefern vermeintliches&hellip; <a class=\"more-link\" href=\"https:\/\/malenki.net\/de\/produkt\/the-perfect-crime-concerning-the-murder-of-reality\/\"><span class=\"screen-reader-text\">The Perfect Crime: Concerning The Murder Of Reality<\/span> weiterlesen<\/a><\/p>\n","protected":false},"featured_media":10706,"template":"","meta":{"pgc_sgb_lightbox_settings":""},"product_brand":[],"product_cat":[5956],"product_tag":[6034,6035,5021,5546,3929,5075,4380,6036,6033,5986,6037,5018,4389,5086,5987,3961],"class_list":{"0":"post-10742","1":"product","2":"type-product","3":"status-publish","4":"has-post-thumbnail","6":"product_cat-malte-uchtmann-de","7":"product_tag-aldo-legnaro-de","8":"product_tag-andrea-kretschmann-de","9":"product_tag-computerwissenschaft","10":"product_tag-deutschland","11":"product_tag-fiktion","12":"product_tag-filmisch","13":"product_tag-filmstill-de","14":"product_tag-jan-a-staiger-de","15":"product_tag-karen-fromm-de","16":"product_tag-malte-uchtmann-de","17":"product_tag-max-heinemann-de","18":"product_tag-medientheorie","19":"product_tag-storytelling-de","20":"product_tag-uber-fotografie","21":"product_tag-uchtmann-de","22":"product_tag-wahrnehmung","23":"entry","25":"first","26":"instock","27":"shipping-taxable","28":"purchasable","29":"product-type-simple"},"yoast_head":"<!-- This site is optimized with the Yoast SEO plugin v27.2 - https:\/\/yoast.com\/product\/yoast-seo-wordpress\/ -->\n<title>malenki.net | The Perfect Crime: Concerning The Murder Of Reality | Malte Uchtmann &amp; Jan A. Staiger<\/title>\n<meta name=\"description\" content=\"Deutscher Fotobuchpreis Bronze-Gewinner (Dummy) 2023 &#039;THE PERFECT CRIME: CONCERNING THE MURDER OF REALITY&#039; von Malte Uchtmann und Jan A. Staiger bei malenki.net\" \/>\n<meta name=\"robots\" content=\"index, follow, max-snippet:-1, max-image-preview:large, max-video-preview:-1\" \/>\n<link rel=\"canonical\" href=\"https:\/\/malenki.net\/de\/produkt\/the-perfect-crime-concerning-the-murder-of-reality\/\" \/>\n<meta property=\"og:locale\" content=\"de_DE\" \/>\n<meta property=\"og:type\" content=\"article\" \/>\n<meta property=\"og:title\" content=\"malenki.net | The Perfect Crime: Concerning The Murder Of Reality | Malte Uchtmann &amp; Jan A. Staiger\" \/>\n<meta property=\"og:description\" content=\"Deutscher Fotobuchpreis Bronze-Gewinner (Dummy) 2023 &#039;THE PERFECT CRIME: CONCERNING THE MURDER OF REALITY&#039; von Malte Uchtmann und Jan A. Staiger bei malenki.net\" \/>\n<meta property=\"og:url\" content=\"https:\/\/malenki.net\/de\/produkt\/the-perfect-crime-concerning-the-murder-of-reality\/\" \/>\n<meta property=\"og:site_name\" content=\"malenki.net\" \/>\n<meta property=\"article:publisher\" content=\"https:\/\/www.facebook.com\/malenki.editionen\/\" \/>\n<meta property=\"article:modified_time\" content=\"2024-09-26T08:56:41+00:00\" \/>\n<meta property=\"og:image\" content=\"https:\/\/malenki.net\/wp-content\/uploads\/2024\/08\/malte-uchtmann_the-perfect-crime_01.jpg\" \/>\n\t<meta property=\"og:image:width\" content=\"1024\" \/>\n\t<meta property=\"og:image:height\" content=\"820\" \/>\n\t<meta property=\"og:image:type\" content=\"image\/jpeg\" \/>\n<meta name=\"twitter:card\" content=\"summary_large_image\" \/>\n<meta name=\"twitter:label1\" content=\"Gesch\u00e4tzte Lesezeit\" \/>\n\t<meta name=\"twitter:data1\" content=\"1\u00a0Minute\" \/>\n<script type=\"application\/ld+json\" class=\"yoast-schema-graph\">{\"@context\":\"https:\/\/schema.org\",\"@graph\":[{\"@type\":\"WebPage\",\"@id\":\"https:\/\/malenki.net\/de\/produkt\/the-perfect-crime-concerning-the-murder-of-reality\/\",\"url\":\"https:\/\/malenki.net\/de\/produkt\/the-perfect-crime-concerning-the-murder-of-reality\/\",\"name\":\"malenki.net | The Perfect Crime: Concerning The Murder Of Reality | Malte Uchtmann &amp; Jan A. Staiger\",\"isPartOf\":{\"@id\":\"https:\/\/malenki.net\/de\/#website\"},\"primaryImageOfPage\":{\"@id\":\"https:\/\/malenki.net\/de\/produkt\/the-perfect-crime-concerning-the-murder-of-reality\/#primaryimage\"},\"image\":{\"@id\":\"https:\/\/malenki.net\/de\/produkt\/the-perfect-crime-concerning-the-murder-of-reality\/#primaryimage\"},\"thumbnailUrl\":\"https:\/\/malenki.net\/wp-content\/uploads\/2024\/08\/malte-uchtmann_the-perfect-crime_01.jpg\",\"datePublished\":\"2024-08-03T09:42:42+00:00\",\"dateModified\":\"2024-09-26T08:56:41+00:00\",\"description\":\"Deutscher Fotobuchpreis Bronze-Gewinner (Dummy) 2023 'THE PERFECT CRIME: CONCERNING THE MURDER OF REALITY' von Malte Uchtmann und Jan A. Staiger bei malenki.net\",\"breadcrumb\":{\"@id\":\"https:\/\/malenki.net\/de\/produkt\/the-perfect-crime-concerning-the-murder-of-reality\/#breadcrumb\"},\"inLanguage\":\"de\",\"potentialAction\":[{\"@type\":\"ReadAction\",\"target\":[\"https:\/\/malenki.net\/de\/produkt\/the-perfect-crime-concerning-the-murder-of-reality\/\"]}]},{\"@type\":\"ImageObject\",\"inLanguage\":\"de\",\"@id\":\"https:\/\/malenki.net\/de\/produkt\/the-perfect-crime-concerning-the-murder-of-reality\/#primaryimage\",\"url\":\"https:\/\/malenki.net\/wp-content\/uploads\/2024\/08\/malte-uchtmann_the-perfect-crime_01.jpg\",\"contentUrl\":\"https:\/\/malenki.net\/wp-content\/uploads\/2024\/08\/malte-uchtmann_the-perfect-crime_01.jpg\",\"width\":1024,\"height\":820,\"caption\":\"Malte Uchtmann \u2013 THE PERFECT CRIME: CONCERNING THE MURDER OF REALITY\"},{\"@type\":\"BreadcrumbList\",\"@id\":\"https:\/\/malenki.net\/de\/produkt\/the-perfect-crime-concerning-the-murder-of-reality\/#breadcrumb\",\"itemListElement\":[{\"@type\":\"ListItem\",\"position\":1,\"name\":\"Home\",\"item\":\"https:\/\/malenki.net\/de\/\"},{\"@type\":\"ListItem\",\"position\":2,\"name\":\"Editionen\",\"item\":\"https:\/\/malenki.net\/de\/\"},{\"@type\":\"ListItem\",\"position\":3,\"name\":\"The Perfect Crime: Concerning The Murder Of Reality\"}]},{\"@type\":\"WebSite\",\"@id\":\"https:\/\/malenki.net\/de\/#website\",\"url\":\"https:\/\/malenki.net\/de\/\",\"name\":\"malenki.net\",\"description\":\"Fotografie Editionen\",\"publisher\":{\"@id\":\"https:\/\/malenki.net\/de\/#organization\"},\"potentialAction\":[{\"@type\":\"SearchAction\",\"target\":{\"@type\":\"EntryPoint\",\"urlTemplate\":\"https:\/\/malenki.net\/de\/?s={search_term_string}\"},\"query-input\":{\"@type\":\"PropertyValueSpecification\",\"valueRequired\":true,\"valueName\":\"search_term_string\"}}],\"inLanguage\":\"de\"},{\"@type\":\"Organization\",\"@id\":\"https:\/\/malenki.net\/de\/#organization\",\"name\":\"malenki.net\",\"url\":\"https:\/\/malenki.net\/de\/\",\"logo\":{\"@type\":\"ImageObject\",\"inLanguage\":\"de\",\"@id\":\"https:\/\/malenki.net\/de\/#\/schema\/logo\/image\/\",\"url\":\"https:\/\/malenki.net\/wp-content\/uploads\/2023\/03\/malenki-logo-2019.gif\",\"contentUrl\":\"https:\/\/malenki.net\/wp-content\/uploads\/2023\/03\/malenki-logo-2019.gif\",\"width\":524,\"height\":138,\"caption\":\"malenki.net\"},\"image\":{\"@id\":\"https:\/\/malenki.net\/de\/#\/schema\/logo\/image\/\"},\"sameAs\":[\"https:\/\/www.facebook.com\/malenki.editionen\/\",\"https:\/\/www.instagram.com\/malenkinet\/\"]}]}<\/script>\n<!-- \/ Yoast SEO plugin. -->","yoast_head_json":{"title":"malenki.net | The Perfect Crime: Concerning The Murder Of Reality | Malte Uchtmann &amp; Jan A. Staiger","description":"Deutscher Fotobuchpreis Bronze-Gewinner (Dummy) 2023 'THE PERFECT CRIME: CONCERNING THE MURDER OF REALITY' von Malte Uchtmann und Jan A. Staiger bei malenki.net","robots":{"index":"index","follow":"follow","max-snippet":"max-snippet:-1","max-image-preview":"max-image-preview:large","max-video-preview":"max-video-preview:-1"},"canonical":"https:\/\/malenki.net\/de\/produkt\/the-perfect-crime-concerning-the-murder-of-reality\/","og_locale":"de_DE","og_type":"article","og_title":"malenki.net | The Perfect Crime: Concerning The Murder Of Reality | Malte Uchtmann &amp; Jan A. Staiger","og_description":"Deutscher Fotobuchpreis Bronze-Gewinner (Dummy) 2023 'THE PERFECT CRIME: CONCERNING THE MURDER OF REALITY' von Malte Uchtmann und Jan A. Staiger bei malenki.net","og_url":"https:\/\/malenki.net\/de\/produkt\/the-perfect-crime-concerning-the-murder-of-reality\/","og_site_name":"malenki.net","article_publisher":"https:\/\/www.facebook.com\/malenki.editionen\/","article_modified_time":"2024-09-26T08:56:41+00:00","og_image":[{"width":1024,"height":820,"url":"https:\/\/malenki.net\/wp-content\/uploads\/2024\/08\/malte-uchtmann_the-perfect-crime_01.jpg","type":"image\/jpeg"}],"twitter_card":"summary_large_image","twitter_misc":{"Gesch\u00e4tzte Lesezeit":"1\u00a0Minute"},"schema":{"@context":"https:\/\/schema.org","@graph":[{"@type":"WebPage","@id":"https:\/\/malenki.net\/de\/produkt\/the-perfect-crime-concerning-the-murder-of-reality\/","url":"https:\/\/malenki.net\/de\/produkt\/the-perfect-crime-concerning-the-murder-of-reality\/","name":"malenki.net | The Perfect Crime: Concerning The Murder Of Reality | Malte Uchtmann &amp; Jan A. Staiger","isPartOf":{"@id":"https:\/\/malenki.net\/de\/#website"},"primaryImageOfPage":{"@id":"https:\/\/malenki.net\/de\/produkt\/the-perfect-crime-concerning-the-murder-of-reality\/#primaryimage"},"image":{"@id":"https:\/\/malenki.net\/de\/produkt\/the-perfect-crime-concerning-the-murder-of-reality\/#primaryimage"},"thumbnailUrl":"https:\/\/malenki.net\/wp-content\/uploads\/2024\/08\/malte-uchtmann_the-perfect-crime_01.jpg","datePublished":"2024-08-03T09:42:42+00:00","dateModified":"2024-09-26T08:56:41+00:00","description":"Deutscher Fotobuchpreis Bronze-Gewinner (Dummy) 2023 'THE PERFECT CRIME: CONCERNING THE MURDER OF REALITY' von Malte Uchtmann und Jan A. Staiger bei malenki.net","breadcrumb":{"@id":"https:\/\/malenki.net\/de\/produkt\/the-perfect-crime-concerning-the-murder-of-reality\/#breadcrumb"},"inLanguage":"de","potentialAction":[{"@type":"ReadAction","target":["https:\/\/malenki.net\/de\/produkt\/the-perfect-crime-concerning-the-murder-of-reality\/"]}]},{"@type":"ImageObject","inLanguage":"de","@id":"https:\/\/malenki.net\/de\/produkt\/the-perfect-crime-concerning-the-murder-of-reality\/#primaryimage","url":"https:\/\/malenki.net\/wp-content\/uploads\/2024\/08\/malte-uchtmann_the-perfect-crime_01.jpg","contentUrl":"https:\/\/malenki.net\/wp-content\/uploads\/2024\/08\/malte-uchtmann_the-perfect-crime_01.jpg","width":1024,"height":820,"caption":"Malte Uchtmann \u2013 THE PERFECT CRIME: CONCERNING THE MURDER OF REALITY"},{"@type":"BreadcrumbList","@id":"https:\/\/malenki.net\/de\/produkt\/the-perfect-crime-concerning-the-murder-of-reality\/#breadcrumb","itemListElement":[{"@type":"ListItem","position":1,"name":"Home","item":"https:\/\/malenki.net\/de\/"},{"@type":"ListItem","position":2,"name":"Editionen","item":"https:\/\/malenki.net\/de\/"},{"@type":"ListItem","position":3,"name":"The Perfect Crime: Concerning The Murder Of Reality"}]},{"@type":"WebSite","@id":"https:\/\/malenki.net\/de\/#website","url":"https:\/\/malenki.net\/de\/","name":"malenki.net","description":"Fotografie Editionen","publisher":{"@id":"https:\/\/malenki.net\/de\/#organization"},"potentialAction":[{"@type":"SearchAction","target":{"@type":"EntryPoint","urlTemplate":"https:\/\/malenki.net\/de\/?s={search_term_string}"},"query-input":{"@type":"PropertyValueSpecification","valueRequired":true,"valueName":"search_term_string"}}],"inLanguage":"de"},{"@type":"Organization","@id":"https:\/\/malenki.net\/de\/#organization","name":"malenki.net","url":"https:\/\/malenki.net\/de\/","logo":{"@type":"ImageObject","inLanguage":"de","@id":"https:\/\/malenki.net\/de\/#\/schema\/logo\/image\/","url":"https:\/\/malenki.net\/wp-content\/uploads\/2023\/03\/malenki-logo-2019.gif","contentUrl":"https:\/\/malenki.net\/wp-content\/uploads\/2023\/03\/malenki-logo-2019.gif","width":524,"height":138,"caption":"malenki.net"},"image":{"@id":"https:\/\/malenki.net\/de\/#\/schema\/logo\/image\/"},"sameAs":["https:\/\/www.facebook.com\/malenki.editionen\/","https:\/\/www.instagram.com\/malenkinet\/"]}]}},"wps_subtitle":" Malte Uchtmann &amp; Jan A. Staiger","_links":{"self":[{"href":"https:\/\/malenki.net\/de\/wp-json\/wp\/v2\/product\/10742","targetHints":{"allow":["GET"]}}],"collection":[{"href":"https:\/\/malenki.net\/de\/wp-json\/wp\/v2\/product"}],"about":[{"href":"https:\/\/malenki.net\/de\/wp-json\/wp\/v2\/types\/product"}],"wp:featuredmedia":[{"embeddable":true,"href":"https:\/\/malenki.net\/de\/wp-json\/wp\/v2\/media\/10706"}],"wp:attachment":[{"href":"https:\/\/malenki.net\/de\/wp-json\/wp\/v2\/media?parent=10742"}],"wp:term":[{"taxonomy":"product_brand","embeddable":true,"href":"https:\/\/malenki.net\/de\/wp-json\/wp\/v2\/product_brand?post=10742"},{"taxonomy":"product_cat","embeddable":true,"href":"https:\/\/malenki.net\/de\/wp-json\/wp\/v2\/product_cat?post=10742"},{"taxonomy":"product_tag","embeddable":true,"href":"https:\/\/malenki.net\/de\/wp-json\/wp\/v2\/product_tag?post=10742"}],"curies":[{"name":"wp","href":"https:\/\/api.w.org\/{rel}","templated":true}]}}