{"id":10658,"date":"2024-08-03T11:29:14","date_gmt":"2024-08-03T09:29:14","guid":{"rendered":"https:\/\/malenki.net\/product\/opus-incertum-2\/"},"modified":"2025-11-16T14:18:19","modified_gmt":"2025-11-16T13:18:19","slug":"opus-incertum-2","status":"publish","type":"product","link":"https:\/\/malenki.net\/de\/produkt\/opus-incertum-2\/","title":{"rendered":"opus incertum"},"content":{"rendered":"<p>In opus incertum \u2013 ein aus dem r\u00f6mischen Mauerwerk entlehnter Begriff, der aus dem Bau von Mauern aus kleinen Bl\u00f6cken, zerbrochenen Ziegeln und einer Vielzahl von Ziegeln besteht \u2013 hinterfragt Daniel Wagener die Erinnerung an Zeit und Ort sowie die sozialen und funktionalen Ver\u00e4nderungen, die st\u00e4dtische Geb\u00e4ude erfahren.<br \/>\nopus incertum schildert eine neue Realit\u00e4t, versucht Episoden des St\u00e4dtebaus zu dokumentieren, deckt auf, was sich hinter der Zurschaustellung verbirgt, macht sichtbar, was nicht mehr zu sehen ist.<br \/>\nopus incertum ist auch eine Hommage an die kollektive Arbeit und das Engagement derjenigen, die w\u00e4hrend des Bauprozesses die Gesellschaft bilden, die die Weitergabe von Methoden und Kultur gew\u00e4hrleisten und in einem beispielhaften Zeichen der Solidarit\u00e4t den m\u00fcndlichen Austausch praktizieren und dabei unsichtbar bleiben.<\/p>\n","protected":false},"excerpt":{"rendered":"<p>In opus incertum \u2013 ein aus dem r\u00f6mischen Mauerwerk entlehnter Begriff, der aus dem Bau von Mauern aus kleinen Bl\u00f6cken, zerbrochenen Ziegeln und einer Vielzahl von Ziegeln besteht \u2013 hinterfragt Daniel Wagener die Erinnerung an Zeit und Ort sowie die sozialen und funktionalen Ver\u00e4nderungen, die st\u00e4dtische Geb\u00e4ude erfahren. opus incertum schildert eine neue Realit\u00e4t, versucht&hellip; <a class=\"more-link\" href=\"https:\/\/malenki.net\/de\/produkt\/opus-incertum-2\/\"><span class=\"screen-reader-text\">opus incertum<\/span> weiterlesen<\/a><\/p>\n","protected":false},"featured_media":10719,"template":"","meta":{"pgc_sgb_lightbox_settings":""},"product_brand":[],"product_cat":[3537],"product_tag":[5416,3982,4757,3667,6029,2789,6024,3539,6025,5427,5586,3665,4381,5894,5094,3052,3666,3671,2233,5130,5584],"class_list":{"0":"post-10658","1":"product","2":"type-product","3":"status-publish","4":"has-post-thumbnail","6":"product_cat-daniel-wagenr","7":"product_tag-anthropologisch","8":"product_tag-architektur","9":"product_tag-archiv","10":"product_tag-arles-de","11":"product_tag-centre-national-de-laudiovisuel-de","12":"product_tag-chez-rosi-de","13":"product_tag-cna-de","14":"product_tag-daniel-wagener-de","15":"product_tag-danielle-igniti-de","16":"product_tag-entdecken","17":"product_tag-gemeinschaft","18":"product_tag-les-rencontres-darles-de","19":"product_tag-letzarles-de","20":"product_tag-opus-incertum","21":"product_tag-raum","22":"product_tag-religion","23":"product_tag-rencontres-de","24":"product_tag-rencontresarles-de","25":"product_tag-riso-de","26":"product_tag-stein","27":"product_tag-transformation-de","28":"entry","30":"first","31":"instock","32":"shipping-taxable","33":"purchasable","34":"product-type-simple"},"yoast_head":"<!-- This site is optimized with the Yoast SEO plugin v27.2 - https:\/\/yoast.com\/product\/yoast-seo-wordpress\/ -->\n<title>malenki.net | opus incertum | Daniel Wagener<\/title>\n<meta name=\"description\" content=\"In &#039;opus incertum&#039; hinterfragt Daniel Wagener die Erinnerung an Zeit und Ort sowie die sozialen und funktionalen Ver\u00e4nderungen, die st\u00e4dtische Geb\u00e4ude erfahren.\" \/>\n<meta name=\"robots\" content=\"index, follow, max-snippet:-1, max-image-preview:large, max-video-preview:-1\" \/>\n<link rel=\"canonical\" href=\"https:\/\/malenki.net\/de\/produkt\/opus-incertum-2\/\" \/>\n<meta property=\"og:locale\" content=\"de_DE\" \/>\n<meta property=\"og:type\" content=\"article\" \/>\n<meta property=\"og:title\" content=\"malenki.net | opus incertum | Daniel Wagener\" \/>\n<meta property=\"og:description\" content=\"In &#039;opus incertum&#039; hinterfragt Daniel Wagener die Erinnerung an Zeit und Ort sowie die sozialen und funktionalen Ver\u00e4nderungen, die st\u00e4dtische Geb\u00e4ude erfahren.\" \/>\n<meta property=\"og:url\" content=\"https:\/\/malenki.net\/de\/produkt\/opus-incertum-2\/\" \/>\n<meta property=\"og:site_name\" content=\"malenki.net\" \/>\n<meta property=\"article:publisher\" content=\"https:\/\/www.facebook.com\/malenki.editionen\/\" \/>\n<meta property=\"article:modified_time\" content=\"2025-11-16T13:18:19+00:00\" \/>\n<meta property=\"og:image\" content=\"https:\/\/malenki.net\/wp-content\/uploads\/2024\/08\/daniel-wagener_opus-incertum_01.jpg\" \/>\n\t<meta property=\"og:image:width\" content=\"1024\" \/>\n\t<meta property=\"og:image:height\" content=\"820\" \/>\n\t<meta property=\"og:image:type\" content=\"image\/jpeg\" \/>\n<meta name=\"twitter:card\" content=\"summary_large_image\" \/>\n<meta name=\"twitter:label1\" content=\"Gesch\u00e4tzte Lesezeit\" \/>\n\t<meta name=\"twitter:data1\" content=\"1\u00a0Minute\" \/>\n<script type=\"application\/ld+json\" class=\"yoast-schema-graph\">{\"@context\":\"https:\/\/schema.org\",\"@graph\":[{\"@type\":\"WebPage\",\"@id\":\"https:\/\/malenki.net\/de\/produkt\/opus-incertum-2\/\",\"url\":\"https:\/\/malenki.net\/de\/produkt\/opus-incertum-2\/\",\"name\":\"malenki.net | opus incertum | Daniel Wagener\",\"isPartOf\":{\"@id\":\"https:\/\/malenki.net\/de\/#website\"},\"primaryImageOfPage\":{\"@id\":\"https:\/\/malenki.net\/de\/produkt\/opus-incertum-2\/#primaryimage\"},\"image\":{\"@id\":\"https:\/\/malenki.net\/de\/produkt\/opus-incertum-2\/#primaryimage\"},\"thumbnailUrl\":\"https:\/\/malenki.net\/wp-content\/uploads\/2024\/08\/daniel-wagener_opus-incertum_01.jpg\",\"datePublished\":\"2024-08-03T09:29:14+00:00\",\"dateModified\":\"2025-11-16T13:18:19+00:00\",\"description\":\"In 'opus incertum' hinterfragt Daniel Wagener die Erinnerung an Zeit und Ort sowie die sozialen und funktionalen Ver\u00e4nderungen, die st\u00e4dtische Geb\u00e4ude erfahren.\",\"breadcrumb\":{\"@id\":\"https:\/\/malenki.net\/de\/produkt\/opus-incertum-2\/#breadcrumb\"},\"inLanguage\":\"de\",\"potentialAction\":[{\"@type\":\"ReadAction\",\"target\":[\"https:\/\/malenki.net\/de\/produkt\/opus-incertum-2\/\"]}]},{\"@type\":\"ImageObject\",\"inLanguage\":\"de\",\"@id\":\"https:\/\/malenki.net\/de\/produkt\/opus-incertum-2\/#primaryimage\",\"url\":\"https:\/\/malenki.net\/wp-content\/uploads\/2024\/08\/daniel-wagener_opus-incertum_01.jpg\",\"contentUrl\":\"https:\/\/malenki.net\/wp-content\/uploads\/2024\/08\/daniel-wagener_opus-incertum_01.jpg\",\"width\":1024,\"height\":820,\"caption\":\"Daniel Wagener \u2013 opus incertum\"},{\"@type\":\"BreadcrumbList\",\"@id\":\"https:\/\/malenki.net\/de\/produkt\/opus-incertum-2\/#breadcrumb\",\"itemListElement\":[{\"@type\":\"ListItem\",\"position\":1,\"name\":\"Home\",\"item\":\"https:\/\/malenki.net\/de\/\"},{\"@type\":\"ListItem\",\"position\":2,\"name\":\"Editionen\",\"item\":\"https:\/\/malenki.net\/de\/\"},{\"@type\":\"ListItem\",\"position\":3,\"name\":\"opus incertum\"}]},{\"@type\":\"WebSite\",\"@id\":\"https:\/\/malenki.net\/de\/#website\",\"url\":\"https:\/\/malenki.net\/de\/\",\"name\":\"malenki.net\",\"description\":\"Fotografie Editionen\",\"publisher\":{\"@id\":\"https:\/\/malenki.net\/de\/#organization\"},\"potentialAction\":[{\"@type\":\"SearchAction\",\"target\":{\"@type\":\"EntryPoint\",\"urlTemplate\":\"https:\/\/malenki.net\/de\/?s={search_term_string}\"},\"query-input\":{\"@type\":\"PropertyValueSpecification\",\"valueRequired\":true,\"valueName\":\"search_term_string\"}}],\"inLanguage\":\"de\"},{\"@type\":\"Organization\",\"@id\":\"https:\/\/malenki.net\/de\/#organization\",\"name\":\"malenki.net\",\"url\":\"https:\/\/malenki.net\/de\/\",\"logo\":{\"@type\":\"ImageObject\",\"inLanguage\":\"de\",\"@id\":\"https:\/\/malenki.net\/de\/#\/schema\/logo\/image\/\",\"url\":\"https:\/\/malenki.net\/wp-content\/uploads\/2023\/03\/malenki-logo-2019.gif\",\"contentUrl\":\"https:\/\/malenki.net\/wp-content\/uploads\/2023\/03\/malenki-logo-2019.gif\",\"width\":524,\"height\":138,\"caption\":\"malenki.net\"},\"image\":{\"@id\":\"https:\/\/malenki.net\/de\/#\/schema\/logo\/image\/\"},\"sameAs\":[\"https:\/\/www.facebook.com\/malenki.editionen\/\",\"https:\/\/www.instagram.com\/malenkinet\/\"]}]}<\/script>\n<!-- \/ Yoast SEO plugin. -->","yoast_head_json":{"title":"malenki.net | opus incertum | Daniel Wagener","description":"In 'opus incertum' hinterfragt Daniel Wagener die Erinnerung an Zeit und Ort sowie die sozialen und funktionalen Ver\u00e4nderungen, die st\u00e4dtische Geb\u00e4ude erfahren.","robots":{"index":"index","follow":"follow","max-snippet":"max-snippet:-1","max-image-preview":"max-image-preview:large","max-video-preview":"max-video-preview:-1"},"canonical":"https:\/\/malenki.net\/de\/produkt\/opus-incertum-2\/","og_locale":"de_DE","og_type":"article","og_title":"malenki.net | opus incertum | Daniel Wagener","og_description":"In 'opus incertum' hinterfragt Daniel Wagener die Erinnerung an Zeit und Ort sowie die sozialen und funktionalen Ver\u00e4nderungen, die st\u00e4dtische Geb\u00e4ude erfahren.","og_url":"https:\/\/malenki.net\/de\/produkt\/opus-incertum-2\/","og_site_name":"malenki.net","article_publisher":"https:\/\/www.facebook.com\/malenki.editionen\/","article_modified_time":"2025-11-16T13:18:19+00:00","og_image":[{"width":1024,"height":820,"url":"https:\/\/malenki.net\/wp-content\/uploads\/2024\/08\/daniel-wagener_opus-incertum_01.jpg","type":"image\/jpeg"}],"twitter_card":"summary_large_image","twitter_misc":{"Gesch\u00e4tzte Lesezeit":"1\u00a0Minute"},"schema":{"@context":"https:\/\/schema.org","@graph":[{"@type":"WebPage","@id":"https:\/\/malenki.net\/de\/produkt\/opus-incertum-2\/","url":"https:\/\/malenki.net\/de\/produkt\/opus-incertum-2\/","name":"malenki.net | opus incertum | Daniel Wagener","isPartOf":{"@id":"https:\/\/malenki.net\/de\/#website"},"primaryImageOfPage":{"@id":"https:\/\/malenki.net\/de\/produkt\/opus-incertum-2\/#primaryimage"},"image":{"@id":"https:\/\/malenki.net\/de\/produkt\/opus-incertum-2\/#primaryimage"},"thumbnailUrl":"https:\/\/malenki.net\/wp-content\/uploads\/2024\/08\/daniel-wagener_opus-incertum_01.jpg","datePublished":"2024-08-03T09:29:14+00:00","dateModified":"2025-11-16T13:18:19+00:00","description":"In 'opus incertum' hinterfragt Daniel Wagener die Erinnerung an Zeit und Ort sowie die sozialen und funktionalen Ver\u00e4nderungen, die st\u00e4dtische Geb\u00e4ude erfahren.","breadcrumb":{"@id":"https:\/\/malenki.net\/de\/produkt\/opus-incertum-2\/#breadcrumb"},"inLanguage":"de","potentialAction":[{"@type":"ReadAction","target":["https:\/\/malenki.net\/de\/produkt\/opus-incertum-2\/"]}]},{"@type":"ImageObject","inLanguage":"de","@id":"https:\/\/malenki.net\/de\/produkt\/opus-incertum-2\/#primaryimage","url":"https:\/\/malenki.net\/wp-content\/uploads\/2024\/08\/daniel-wagener_opus-incertum_01.jpg","contentUrl":"https:\/\/malenki.net\/wp-content\/uploads\/2024\/08\/daniel-wagener_opus-incertum_01.jpg","width":1024,"height":820,"caption":"Daniel Wagener \u2013 opus incertum"},{"@type":"BreadcrumbList","@id":"https:\/\/malenki.net\/de\/produkt\/opus-incertum-2\/#breadcrumb","itemListElement":[{"@type":"ListItem","position":1,"name":"Home","item":"https:\/\/malenki.net\/de\/"},{"@type":"ListItem","position":2,"name":"Editionen","item":"https:\/\/malenki.net\/de\/"},{"@type":"ListItem","position":3,"name":"opus incertum"}]},{"@type":"WebSite","@id":"https:\/\/malenki.net\/de\/#website","url":"https:\/\/malenki.net\/de\/","name":"malenki.net","description":"Fotografie Editionen","publisher":{"@id":"https:\/\/malenki.net\/de\/#organization"},"potentialAction":[{"@type":"SearchAction","target":{"@type":"EntryPoint","urlTemplate":"https:\/\/malenki.net\/de\/?s={search_term_string}"},"query-input":{"@type":"PropertyValueSpecification","valueRequired":true,"valueName":"search_term_string"}}],"inLanguage":"de"},{"@type":"Organization","@id":"https:\/\/malenki.net\/de\/#organization","name":"malenki.net","url":"https:\/\/malenki.net\/de\/","logo":{"@type":"ImageObject","inLanguage":"de","@id":"https:\/\/malenki.net\/de\/#\/schema\/logo\/image\/","url":"https:\/\/malenki.net\/wp-content\/uploads\/2023\/03\/malenki-logo-2019.gif","contentUrl":"https:\/\/malenki.net\/wp-content\/uploads\/2023\/03\/malenki-logo-2019.gif","width":524,"height":138,"caption":"malenki.net"},"image":{"@id":"https:\/\/malenki.net\/de\/#\/schema\/logo\/image\/"},"sameAs":["https:\/\/www.facebook.com\/malenki.editionen\/","https:\/\/www.instagram.com\/malenkinet\/"]}]}},"wps_subtitle":"Daniel Wagener","_links":{"self":[{"href":"https:\/\/malenki.net\/de\/wp-json\/wp\/v2\/product\/10658","targetHints":{"allow":["GET"]}}],"collection":[{"href":"https:\/\/malenki.net\/de\/wp-json\/wp\/v2\/product"}],"about":[{"href":"https:\/\/malenki.net\/de\/wp-json\/wp\/v2\/types\/product"}],"wp:featuredmedia":[{"embeddable":true,"href":"https:\/\/malenki.net\/de\/wp-json\/wp\/v2\/media\/10719"}],"wp:attachment":[{"href":"https:\/\/malenki.net\/de\/wp-json\/wp\/v2\/media?parent=10658"}],"wp:term":[{"taxonomy":"product_brand","embeddable":true,"href":"https:\/\/malenki.net\/de\/wp-json\/wp\/v2\/product_brand?post=10658"},{"taxonomy":"product_cat","embeddable":true,"href":"https:\/\/malenki.net\/de\/wp-json\/wp\/v2\/product_cat?post=10658"},{"taxonomy":"product_tag","embeddable":true,"href":"https:\/\/malenki.net\/de\/wp-json\/wp\/v2\/product_tag?post=10658"}],"curies":[{"name":"wp","href":"https:\/\/api.w.org\/{rel}","templated":true}]}}