{"id":10646,"date":"2022-05-09T21:38:01","date_gmt":"2022-05-09T19:38:01","guid":{"rendered":"https:\/\/malenki.net\/product\/antfoto-mag-5\/"},"modified":"2025-01-12T18:29:17","modified_gmt":"2025-01-12T17:29:17","slug":"antfoto-mag-5","status":"publish","type":"product","link":"https:\/\/malenki.net\/de\/produkt\/antfoto-mag-5\/","title":{"rendered":"ANT!FOTO Mag #5"},"content":{"rendered":"<p>A magazine about Photography, Street &amp; City, Music &amp; Street Culture published by Katja Stuke &amp; Oliver Sieber<\/p>\n<p>Ant!foto #5 includes interviews with texts by Marc Feustel and Jeffrey Ladd. And interviews with Stefanie Diekmann, Regine Ehleiter, Christoph Hochh\u00e4usler, Felix Hoffman, Stefanie Pluta, Linnea Semmerling , Olivier Cablat and Emilie Lauriola<\/p>\n<p>Find further information about ANT!FOTO under <a href=\"http:\/\/antifoto.boehmkobayashi.de\/\" target=\"_blank\" rel=\"noopener\">http:\/\/antifoto.boehmkobayashi.de<\/a><\/p>\n","protected":false},"excerpt":{"rendered":"<p>A magazine about Photography, Street &amp; City, Music &amp; Street Culture published by Katja Stuke &amp; Oliver Sieber Ant!foto #5 includes interviews with texts by Marc Feustel and Jeffrey Ladd. And interviews with Stefanie Diekmann, Regine Ehleiter, Christoph Hochh\u00e4usler, Felix Hoffman, Stefanie Pluta, Linnea Semmerling , Olivier Cablat and Emilie Lauriola Find further information about&hellip; <a class=\"more-link\" href=\"https:\/\/malenki.net\/de\/produkt\/antfoto-mag-5\/\"><span class=\"screen-reader-text\">ANT!FOTO Mag #5<\/span> weiterlesen<\/a><\/p>\n","protected":false},"featured_media":10617,"template":"","meta":{"pgc_sgb_lightbox_settings":""},"product_brand":[],"product_cat":[5296,5344],"product_tag":[5345,5346,5347,5936,5941,5937,5943,5172,5939,5368,5942,5175,5940,5935,5179,5302,5938,5181],"class_list":{"0":"post-10646","1":"product","2":"type-product","3":"status-publish","4":"has-post-thumbnail","6":"product_cat-katja-stuke-de-artists","7":"product_cat-oliver-sieber-de","8":"product_tag-antifoto-de","9":"product_tag-antifoto-mag-de","10":"product_tag-antifoto-magazin","11":"product_tag-christoph-hochhausler-de","12":"product_tag-emilie-lauriola-de","13":"product_tag-felix-hoffman-de","14":"product_tag-jeffrey-ladd-de","15":"product_tag-katja-stuke-de","16":"product_tag-linnea-semmerling-de","17":"product_tag-magazin","18":"product_tag-marc-feustel-de","19":"product_tag-oliver-sieber-de","20":"product_tag-olivier-cabla-de","21":"product_tag-regine-ehleiter-de","22":"product_tag-sieber-de","23":"product_tag-stefanie-diekmann-de","24":"product_tag-stefanie-pluta-de","25":"product_tag-stuke-de","26":"product_shipping_class-fragil-groser-als-240-x-320-mm","27":"entry","29":"first","30":"instock","31":"shipping-taxable","32":"purchasable","33":"product-type-simple"},"yoast_head":"<!-- This site is optimized with the Yoast SEO plugin v27.2 - https:\/\/yoast.com\/product\/yoast-seo-wordpress\/ -->\n<title>malenki.net | ANT!FOTO Mag #5 | Katja Stuke &amp; Oliver Sieber<\/title>\n<meta name=\"description\" content=\"Ein Magazin \u00fcber Fotografie, Stra\u00dfe &amp; Stadt, Musik &amp; Stra\u00dfenkultur, herausgegeben von Katja Stuke &amp; Oliver Sieber mit Texten von Marc Feustel und Jeffrey Ladd\" \/>\n<meta name=\"robots\" content=\"index, follow, max-snippet:-1, max-image-preview:large, max-video-preview:-1\" \/>\n<link rel=\"canonical\" href=\"https:\/\/malenki.net\/de\/produkt\/antfoto-mag-5\/\" \/>\n<meta property=\"og:locale\" content=\"de_DE\" \/>\n<meta property=\"og:type\" content=\"article\" \/>\n<meta property=\"og:title\" content=\"malenki.net | ANT!FOTO Mag #5 | Katja Stuke &amp; Oliver Sieber\" \/>\n<meta property=\"og:description\" content=\"Ein Magazin \u00fcber Fotografie, Stra\u00dfe &amp; Stadt, Musik &amp; Stra\u00dfenkultur, herausgegeben von Katja Stuke &amp; Oliver Sieber mit Texten von Marc Feustel und Jeffrey Ladd\" \/>\n<meta property=\"og:url\" content=\"https:\/\/malenki.net\/de\/produkt\/antfoto-mag-5\/\" \/>\n<meta property=\"og:site_name\" content=\"malenki.net\" \/>\n<meta property=\"article:publisher\" content=\"https:\/\/www.facebook.com\/malenki.editionen\/\" \/>\n<meta property=\"article:modified_time\" content=\"2025-01-12T17:29:17+00:00\" \/>\n<meta property=\"og:image\" content=\"https:\/\/malenki.net\/wp-content\/uploads\/2024\/06\/katja-stuke_oliver-sieber_antifoto-5_01.jpg\" \/>\n\t<meta property=\"og:image:width\" content=\"1024\" \/>\n\t<meta property=\"og:image:height\" content=\"819\" \/>\n\t<meta property=\"og:image:type\" content=\"image\/jpeg\" \/>\n<meta name=\"twitter:card\" content=\"summary_large_image\" \/>\n<script type=\"application\/ld+json\" class=\"yoast-schema-graph\">{\"@context\":\"https:\/\/schema.org\",\"@graph\":[{\"@type\":\"WebPage\",\"@id\":\"https:\/\/malenki.net\/de\/produkt\/antfoto-mag-5\/\",\"url\":\"https:\/\/malenki.net\/de\/produkt\/antfoto-mag-5\/\",\"name\":\"malenki.net | ANT!FOTO Mag #5 | Katja Stuke &amp; Oliver Sieber\",\"isPartOf\":{\"@id\":\"https:\/\/malenki.net\/de\/#website\"},\"primaryImageOfPage\":{\"@id\":\"https:\/\/malenki.net\/de\/produkt\/antfoto-mag-5\/#primaryimage\"},\"image\":{\"@id\":\"https:\/\/malenki.net\/de\/produkt\/antfoto-mag-5\/#primaryimage\"},\"thumbnailUrl\":\"https:\/\/malenki.net\/wp-content\/uploads\/2024\/06\/katja-stuke_oliver-sieber_antifoto-5_01.jpg\",\"datePublished\":\"2022-05-09T19:38:01+00:00\",\"dateModified\":\"2025-01-12T17:29:17+00:00\",\"description\":\"Ein Magazin \u00fcber Fotografie, Stra\u00dfe & Stadt, Musik & Stra\u00dfenkultur, herausgegeben von Katja Stuke & Oliver Sieber mit Texten von Marc Feustel und Jeffrey Ladd\",\"breadcrumb\":{\"@id\":\"https:\/\/malenki.net\/de\/produkt\/antfoto-mag-5\/#breadcrumb\"},\"inLanguage\":\"de\",\"potentialAction\":[{\"@type\":\"ReadAction\",\"target\":[\"https:\/\/malenki.net\/de\/produkt\/antfoto-mag-5\/\"]}]},{\"@type\":\"ImageObject\",\"inLanguage\":\"de\",\"@id\":\"https:\/\/malenki.net\/de\/produkt\/antfoto-mag-5\/#primaryimage\",\"url\":\"https:\/\/malenki.net\/wp-content\/uploads\/2024\/06\/katja-stuke_oliver-sieber_antifoto-5_01.jpg\",\"contentUrl\":\"https:\/\/malenki.net\/wp-content\/uploads\/2024\/06\/katja-stuke_oliver-sieber_antifoto-5_01.jpg\",\"width\":1024,\"height\":819,\"caption\":\"Katja Stuke & Oliver Sieber \u2014 ANTIFOTO Mag #5\"},{\"@type\":\"BreadcrumbList\",\"@id\":\"https:\/\/malenki.net\/de\/produkt\/antfoto-mag-5\/#breadcrumb\",\"itemListElement\":[{\"@type\":\"ListItem\",\"position\":1,\"name\":\"Home\",\"item\":\"https:\/\/malenki.net\/de\/\"},{\"@type\":\"ListItem\",\"position\":2,\"name\":\"Editionen\",\"item\":\"https:\/\/malenki.net\/de\/\"},{\"@type\":\"ListItem\",\"position\":3,\"name\":\"ANT!FOTO Mag #5\"}]},{\"@type\":\"WebSite\",\"@id\":\"https:\/\/malenki.net\/de\/#website\",\"url\":\"https:\/\/malenki.net\/de\/\",\"name\":\"malenki.net\",\"description\":\"Fotografie Editionen\",\"publisher\":{\"@id\":\"https:\/\/malenki.net\/de\/#organization\"},\"potentialAction\":[{\"@type\":\"SearchAction\",\"target\":{\"@type\":\"EntryPoint\",\"urlTemplate\":\"https:\/\/malenki.net\/de\/?s={search_term_string}\"},\"query-input\":{\"@type\":\"PropertyValueSpecification\",\"valueRequired\":true,\"valueName\":\"search_term_string\"}}],\"inLanguage\":\"de\"},{\"@type\":\"Organization\",\"@id\":\"https:\/\/malenki.net\/de\/#organization\",\"name\":\"malenki.net\",\"url\":\"https:\/\/malenki.net\/de\/\",\"logo\":{\"@type\":\"ImageObject\",\"inLanguage\":\"de\",\"@id\":\"https:\/\/malenki.net\/de\/#\/schema\/logo\/image\/\",\"url\":\"https:\/\/malenki.net\/wp-content\/uploads\/2023\/03\/malenki-logo-2019.gif\",\"contentUrl\":\"https:\/\/malenki.net\/wp-content\/uploads\/2023\/03\/malenki-logo-2019.gif\",\"width\":524,\"height\":138,\"caption\":\"malenki.net\"},\"image\":{\"@id\":\"https:\/\/malenki.net\/de\/#\/schema\/logo\/image\/\"},\"sameAs\":[\"https:\/\/www.facebook.com\/malenki.editionen\/\",\"https:\/\/www.instagram.com\/malenkinet\/\"]}]}<\/script>\n<!-- \/ Yoast SEO plugin. -->","yoast_head_json":{"title":"malenki.net | ANT!FOTO Mag #5 | Katja Stuke &amp; Oliver Sieber","description":"Ein Magazin \u00fcber Fotografie, Stra\u00dfe & Stadt, Musik & Stra\u00dfenkultur, herausgegeben von Katja Stuke & Oliver Sieber mit Texten von Marc Feustel und Jeffrey Ladd","robots":{"index":"index","follow":"follow","max-snippet":"max-snippet:-1","max-image-preview":"max-image-preview:large","max-video-preview":"max-video-preview:-1"},"canonical":"https:\/\/malenki.net\/de\/produkt\/antfoto-mag-5\/","og_locale":"de_DE","og_type":"article","og_title":"malenki.net | ANT!FOTO Mag #5 | Katja Stuke &amp; Oliver Sieber","og_description":"Ein Magazin \u00fcber Fotografie, Stra\u00dfe & Stadt, Musik & Stra\u00dfenkultur, herausgegeben von Katja Stuke & Oliver Sieber mit Texten von Marc Feustel und Jeffrey Ladd","og_url":"https:\/\/malenki.net\/de\/produkt\/antfoto-mag-5\/","og_site_name":"malenki.net","article_publisher":"https:\/\/www.facebook.com\/malenki.editionen\/","article_modified_time":"2025-01-12T17:29:17+00:00","og_image":[{"width":1024,"height":819,"url":"https:\/\/malenki.net\/wp-content\/uploads\/2024\/06\/katja-stuke_oliver-sieber_antifoto-5_01.jpg","type":"image\/jpeg"}],"twitter_card":"summary_large_image","schema":{"@context":"https:\/\/schema.org","@graph":[{"@type":"WebPage","@id":"https:\/\/malenki.net\/de\/produkt\/antfoto-mag-5\/","url":"https:\/\/malenki.net\/de\/produkt\/antfoto-mag-5\/","name":"malenki.net | ANT!FOTO Mag #5 | Katja Stuke &amp; Oliver Sieber","isPartOf":{"@id":"https:\/\/malenki.net\/de\/#website"},"primaryImageOfPage":{"@id":"https:\/\/malenki.net\/de\/produkt\/antfoto-mag-5\/#primaryimage"},"image":{"@id":"https:\/\/malenki.net\/de\/produkt\/antfoto-mag-5\/#primaryimage"},"thumbnailUrl":"https:\/\/malenki.net\/wp-content\/uploads\/2024\/06\/katja-stuke_oliver-sieber_antifoto-5_01.jpg","datePublished":"2022-05-09T19:38:01+00:00","dateModified":"2025-01-12T17:29:17+00:00","description":"Ein Magazin \u00fcber Fotografie, Stra\u00dfe & Stadt, Musik & Stra\u00dfenkultur, herausgegeben von Katja Stuke & Oliver Sieber mit Texten von Marc Feustel und Jeffrey Ladd","breadcrumb":{"@id":"https:\/\/malenki.net\/de\/produkt\/antfoto-mag-5\/#breadcrumb"},"inLanguage":"de","potentialAction":[{"@type":"ReadAction","target":["https:\/\/malenki.net\/de\/produkt\/antfoto-mag-5\/"]}]},{"@type":"ImageObject","inLanguage":"de","@id":"https:\/\/malenki.net\/de\/produkt\/antfoto-mag-5\/#primaryimage","url":"https:\/\/malenki.net\/wp-content\/uploads\/2024\/06\/katja-stuke_oliver-sieber_antifoto-5_01.jpg","contentUrl":"https:\/\/malenki.net\/wp-content\/uploads\/2024\/06\/katja-stuke_oliver-sieber_antifoto-5_01.jpg","width":1024,"height":819,"caption":"Katja Stuke & Oliver Sieber \u2014 ANTIFOTO Mag #5"},{"@type":"BreadcrumbList","@id":"https:\/\/malenki.net\/de\/produkt\/antfoto-mag-5\/#breadcrumb","itemListElement":[{"@type":"ListItem","position":1,"name":"Home","item":"https:\/\/malenki.net\/de\/"},{"@type":"ListItem","position":2,"name":"Editionen","item":"https:\/\/malenki.net\/de\/"},{"@type":"ListItem","position":3,"name":"ANT!FOTO Mag #5"}]},{"@type":"WebSite","@id":"https:\/\/malenki.net\/de\/#website","url":"https:\/\/malenki.net\/de\/","name":"malenki.net","description":"Fotografie Editionen","publisher":{"@id":"https:\/\/malenki.net\/de\/#organization"},"potentialAction":[{"@type":"SearchAction","target":{"@type":"EntryPoint","urlTemplate":"https:\/\/malenki.net\/de\/?s={search_term_string}"},"query-input":{"@type":"PropertyValueSpecification","valueRequired":true,"valueName":"search_term_string"}}],"inLanguage":"de"},{"@type":"Organization","@id":"https:\/\/malenki.net\/de\/#organization","name":"malenki.net","url":"https:\/\/malenki.net\/de\/","logo":{"@type":"ImageObject","inLanguage":"de","@id":"https:\/\/malenki.net\/de\/#\/schema\/logo\/image\/","url":"https:\/\/malenki.net\/wp-content\/uploads\/2023\/03\/malenki-logo-2019.gif","contentUrl":"https:\/\/malenki.net\/wp-content\/uploads\/2023\/03\/malenki-logo-2019.gif","width":524,"height":138,"caption":"malenki.net"},"image":{"@id":"https:\/\/malenki.net\/de\/#\/schema\/logo\/image\/"},"sameAs":["https:\/\/www.facebook.com\/malenki.editionen\/","https:\/\/www.instagram.com\/malenkinet\/"]}]}},"wps_subtitle":"Katja Stuke &amp; Oliver Sieber","_links":{"self":[{"href":"https:\/\/malenki.net\/de\/wp-json\/wp\/v2\/product\/10646","targetHints":{"allow":["GET"]}}],"collection":[{"href":"https:\/\/malenki.net\/de\/wp-json\/wp\/v2\/product"}],"about":[{"href":"https:\/\/malenki.net\/de\/wp-json\/wp\/v2\/types\/product"}],"wp:featuredmedia":[{"embeddable":true,"href":"https:\/\/malenki.net\/de\/wp-json\/wp\/v2\/media\/10617"}],"wp:attachment":[{"href":"https:\/\/malenki.net\/de\/wp-json\/wp\/v2\/media?parent=10646"}],"wp:term":[{"taxonomy":"product_brand","embeddable":true,"href":"https:\/\/malenki.net\/de\/wp-json\/wp\/v2\/product_brand?post=10646"},{"taxonomy":"product_cat","embeddable":true,"href":"https:\/\/malenki.net\/de\/wp-json\/wp\/v2\/product_cat?post=10646"},{"taxonomy":"product_tag","embeddable":true,"href":"https:\/\/malenki.net\/de\/wp-json\/wp\/v2\/product_tag?post=10646"}],"curies":[{"name":"wp","href":"https:\/\/api.w.org\/{rel}","templated":true}]}}