{"id":10642,"date":"2024-06-11T19:33:40","date_gmt":"2024-06-11T17:33:40","guid":{"rendered":"https:\/\/malenki.net\/product\/wigs-gloves\/"},"modified":"2025-11-18T09:54:00","modified_gmt":"2025-11-18T08:54:00","slug":"wigs-gloves","status":"publish","type":"product","link":"https:\/\/malenki.net\/de\/produkt\/wigs-gloves\/","title":{"rendered":"Wigs &#038; Gloves"},"content":{"rendered":"<p>Drag, Burlesque, Queerlesque, Variet\u00e9, Kabarett, Zirkus, Bauchtanz und Akrobatik \u2013 K\u00fcnstler hinterfragen in ihren Auftritten Geschlechternormen. Sie schaffen einen queeren Raum, der Freiheit jenseits bin\u00e4rer Denkwelten schafft. Mit Humor, Erotik, Ironie und Tragik ist ihr Auftritt politisch und queerfeministisch. Im Loop des 16mm-Films werden Elemente gezeigt, die f\u00fcr Machtverh\u00e4ltnisse und feministische Bewegungen in unserer Geschichte stehen. Nostalgie, Popkultur und Modestile flie\u00dfen als Zitate in die Performance der K\u00fcnstlerinnen ein und so diskutieren sie immer wieder neu feministische Themen. Das Polaroid als ephemeres Medium visualisiert diese Retro-Nostalgie und verweist auf die Carte de la Visite, Karten, mit denen sich die ersten Burlesque-Darsteller Mitte des 19. Jahrhunderts pr\u00e4sentierten.<\/p>\n","protected":false},"excerpt":{"rendered":"<p>Drag, Burlesque, Queerlesque, Variet\u00e9, Kabarett, Zirkus, Bauchtanz und Akrobatik \u2013 K\u00fcnstler hinterfragen in ihren Auftritten Geschlechternormen. Sie schaffen einen queeren Raum, der Freiheit jenseits bin\u00e4rer Denkwelten schafft. Mit Humor, Erotik, Ironie und Tragik ist ihr Auftritt politisch und queerfeministisch. Im Loop des 16mm-Films werden Elemente gezeigt, die f\u00fcr Machtverh\u00e4ltnisse und feministische Bewegungen in unserer Geschichte&hellip; <a class=\"more-link\" href=\"https:\/\/malenki.net\/de\/produkt\/wigs-gloves\/\"><span class=\"screen-reader-text\">Wigs &#038; Gloves<\/span> weiterlesen<\/a><\/p>\n","protected":false},"featured_media":10630,"template":"","meta":{"pgc_sgb_lightbox_settings":""},"product_brand":[],"product_cat":[5916],"product_tag":[5929,5930,5932,5931],"class_list":{"0":"post-10642","1":"product","2":"type-product","3":"status-publish","4":"has-post-thumbnail","6":"product_cat-julia-gaes-de","7":"product_tag-joanna-staskiewicz-de","8":"product_tag-julia-gaes-de","9":"product_tag-mahlerbrandt-de","10":"product_tag-wigs-gloves-de","11":"entry","13":"first","14":"instock","15":"shipping-taxable","16":"purchasable","17":"product-type-simple"},"yoast_head":"<!-- This site is optimized with the Yoast SEO plugin v27.2 - https:\/\/yoast.com\/product\/yoast-seo-wordpress\/ -->\n<title>malenki.net | Wigs &amp; Gloves | Julia Gaes<\/title>\n<meta name=\"description\" content=\"Wigs &amp; Gloves von Julias Gaes bei malenki.net\" \/>\n<meta name=\"robots\" content=\"index, follow, max-snippet:-1, max-image-preview:large, max-video-preview:-1\" \/>\n<link rel=\"canonical\" href=\"https:\/\/malenki.net\/de\/produkt\/wigs-gloves\/\" \/>\n<meta property=\"og:locale\" content=\"de_DE\" \/>\n<meta property=\"og:type\" content=\"article\" \/>\n<meta property=\"og:title\" content=\"malenki.net | Wigs &amp; Gloves | Julia Gaes\" \/>\n<meta property=\"og:description\" content=\"Wigs &amp; Gloves von Julias Gaes bei malenki.net\" \/>\n<meta property=\"og:url\" content=\"https:\/\/malenki.net\/de\/produkt\/wigs-gloves\/\" \/>\n<meta property=\"og:site_name\" content=\"malenki.net\" \/>\n<meta property=\"article:publisher\" content=\"https:\/\/www.facebook.com\/malenki.editionen\/\" \/>\n<meta property=\"article:modified_time\" content=\"2025-11-18T08:54:00+00:00\" \/>\n<meta property=\"og:image\" content=\"https:\/\/malenki.net\/wp-content\/uploads\/2024\/06\/julia-gaes_wigs-and-gloves_01.jpg\" \/>\n\t<meta property=\"og:image:width\" content=\"1024\" \/>\n\t<meta property=\"og:image:height\" content=\"819\" \/>\n\t<meta property=\"og:image:type\" content=\"image\/jpeg\" \/>\n<meta name=\"twitter:card\" content=\"summary_large_image\" \/>\n<meta name=\"twitter:label1\" content=\"Gesch\u00e4tzte Lesezeit\" \/>\n\t<meta name=\"twitter:data1\" content=\"1\u00a0Minute\" \/>\n<script type=\"application\/ld+json\" class=\"yoast-schema-graph\">{\"@context\":\"https:\/\/schema.org\",\"@graph\":[{\"@type\":\"WebPage\",\"@id\":\"https:\/\/malenki.net\/de\/produkt\/wigs-gloves\/\",\"url\":\"https:\/\/malenki.net\/de\/produkt\/wigs-gloves\/\",\"name\":\"malenki.net | Wigs & Gloves | Julia Gaes\",\"isPartOf\":{\"@id\":\"https:\/\/malenki.net\/de\/#website\"},\"primaryImageOfPage\":{\"@id\":\"https:\/\/malenki.net\/de\/produkt\/wigs-gloves\/#primaryimage\"},\"image\":{\"@id\":\"https:\/\/malenki.net\/de\/produkt\/wigs-gloves\/#primaryimage\"},\"thumbnailUrl\":\"https:\/\/malenki.net\/wp-content\/uploads\/2024\/06\/julia-gaes_wigs-and-gloves_01.jpg\",\"datePublished\":\"2024-06-11T17:33:40+00:00\",\"dateModified\":\"2025-11-18T08:54:00+00:00\",\"description\":\"Wigs & Gloves von Julias Gaes bei malenki.net\",\"breadcrumb\":{\"@id\":\"https:\/\/malenki.net\/de\/produkt\/wigs-gloves\/#breadcrumb\"},\"inLanguage\":\"de\",\"potentialAction\":[{\"@type\":\"ReadAction\",\"target\":[\"https:\/\/malenki.net\/de\/produkt\/wigs-gloves\/\"]}]},{\"@type\":\"ImageObject\",\"inLanguage\":\"de\",\"@id\":\"https:\/\/malenki.net\/de\/produkt\/wigs-gloves\/#primaryimage\",\"url\":\"https:\/\/malenki.net\/wp-content\/uploads\/2024\/06\/julia-gaes_wigs-and-gloves_01.jpg\",\"contentUrl\":\"https:\/\/malenki.net\/wp-content\/uploads\/2024\/06\/julia-gaes_wigs-and-gloves_01.jpg\",\"width\":1024,\"height\":819,\"caption\":\"Julia Gaes\"},{\"@type\":\"BreadcrumbList\",\"@id\":\"https:\/\/malenki.net\/de\/produkt\/wigs-gloves\/#breadcrumb\",\"itemListElement\":[{\"@type\":\"ListItem\",\"position\":1,\"name\":\"Home\",\"item\":\"https:\/\/malenki.net\/de\/\"},{\"@type\":\"ListItem\",\"position\":2,\"name\":\"Editionen\",\"item\":\"https:\/\/malenki.net\/de\/\"},{\"@type\":\"ListItem\",\"position\":3,\"name\":\"Wigs &#038; Gloves\"}]},{\"@type\":\"WebSite\",\"@id\":\"https:\/\/malenki.net\/de\/#website\",\"url\":\"https:\/\/malenki.net\/de\/\",\"name\":\"malenki.net\",\"description\":\"Fotografie Editionen\",\"publisher\":{\"@id\":\"https:\/\/malenki.net\/de\/#organization\"},\"potentialAction\":[{\"@type\":\"SearchAction\",\"target\":{\"@type\":\"EntryPoint\",\"urlTemplate\":\"https:\/\/malenki.net\/de\/?s={search_term_string}\"},\"query-input\":{\"@type\":\"PropertyValueSpecification\",\"valueRequired\":true,\"valueName\":\"search_term_string\"}}],\"inLanguage\":\"de\"},{\"@type\":\"Organization\",\"@id\":\"https:\/\/malenki.net\/de\/#organization\",\"name\":\"malenki.net\",\"url\":\"https:\/\/malenki.net\/de\/\",\"logo\":{\"@type\":\"ImageObject\",\"inLanguage\":\"de\",\"@id\":\"https:\/\/malenki.net\/de\/#\/schema\/logo\/image\/\",\"url\":\"https:\/\/malenki.net\/wp-content\/uploads\/2023\/03\/malenki-logo-2019.gif\",\"contentUrl\":\"https:\/\/malenki.net\/wp-content\/uploads\/2023\/03\/malenki-logo-2019.gif\",\"width\":524,\"height\":138,\"caption\":\"malenki.net\"},\"image\":{\"@id\":\"https:\/\/malenki.net\/de\/#\/schema\/logo\/image\/\"},\"sameAs\":[\"https:\/\/www.facebook.com\/malenki.editionen\/\",\"https:\/\/www.instagram.com\/malenkinet\/\"]}]}<\/script>\n<!-- \/ Yoast SEO plugin. -->","yoast_head_json":{"title":"malenki.net | Wigs & Gloves | Julia Gaes","description":"Wigs & Gloves von Julias Gaes bei malenki.net","robots":{"index":"index","follow":"follow","max-snippet":"max-snippet:-1","max-image-preview":"max-image-preview:large","max-video-preview":"max-video-preview:-1"},"canonical":"https:\/\/malenki.net\/de\/produkt\/wigs-gloves\/","og_locale":"de_DE","og_type":"article","og_title":"malenki.net | Wigs & Gloves | Julia Gaes","og_description":"Wigs & Gloves von Julias Gaes bei malenki.net","og_url":"https:\/\/malenki.net\/de\/produkt\/wigs-gloves\/","og_site_name":"malenki.net","article_publisher":"https:\/\/www.facebook.com\/malenki.editionen\/","article_modified_time":"2025-11-18T08:54:00+00:00","og_image":[{"width":1024,"height":819,"url":"https:\/\/malenki.net\/wp-content\/uploads\/2024\/06\/julia-gaes_wigs-and-gloves_01.jpg","type":"image\/jpeg"}],"twitter_card":"summary_large_image","twitter_misc":{"Gesch\u00e4tzte Lesezeit":"1\u00a0Minute"},"schema":{"@context":"https:\/\/schema.org","@graph":[{"@type":"WebPage","@id":"https:\/\/malenki.net\/de\/produkt\/wigs-gloves\/","url":"https:\/\/malenki.net\/de\/produkt\/wigs-gloves\/","name":"malenki.net | Wigs & Gloves | Julia Gaes","isPartOf":{"@id":"https:\/\/malenki.net\/de\/#website"},"primaryImageOfPage":{"@id":"https:\/\/malenki.net\/de\/produkt\/wigs-gloves\/#primaryimage"},"image":{"@id":"https:\/\/malenki.net\/de\/produkt\/wigs-gloves\/#primaryimage"},"thumbnailUrl":"https:\/\/malenki.net\/wp-content\/uploads\/2024\/06\/julia-gaes_wigs-and-gloves_01.jpg","datePublished":"2024-06-11T17:33:40+00:00","dateModified":"2025-11-18T08:54:00+00:00","description":"Wigs & Gloves von Julias Gaes bei malenki.net","breadcrumb":{"@id":"https:\/\/malenki.net\/de\/produkt\/wigs-gloves\/#breadcrumb"},"inLanguage":"de","potentialAction":[{"@type":"ReadAction","target":["https:\/\/malenki.net\/de\/produkt\/wigs-gloves\/"]}]},{"@type":"ImageObject","inLanguage":"de","@id":"https:\/\/malenki.net\/de\/produkt\/wigs-gloves\/#primaryimage","url":"https:\/\/malenki.net\/wp-content\/uploads\/2024\/06\/julia-gaes_wigs-and-gloves_01.jpg","contentUrl":"https:\/\/malenki.net\/wp-content\/uploads\/2024\/06\/julia-gaes_wigs-and-gloves_01.jpg","width":1024,"height":819,"caption":"Julia Gaes"},{"@type":"BreadcrumbList","@id":"https:\/\/malenki.net\/de\/produkt\/wigs-gloves\/#breadcrumb","itemListElement":[{"@type":"ListItem","position":1,"name":"Home","item":"https:\/\/malenki.net\/de\/"},{"@type":"ListItem","position":2,"name":"Editionen","item":"https:\/\/malenki.net\/de\/"},{"@type":"ListItem","position":3,"name":"Wigs &#038; Gloves"}]},{"@type":"WebSite","@id":"https:\/\/malenki.net\/de\/#website","url":"https:\/\/malenki.net\/de\/","name":"malenki.net","description":"Fotografie Editionen","publisher":{"@id":"https:\/\/malenki.net\/de\/#organization"},"potentialAction":[{"@type":"SearchAction","target":{"@type":"EntryPoint","urlTemplate":"https:\/\/malenki.net\/de\/?s={search_term_string}"},"query-input":{"@type":"PropertyValueSpecification","valueRequired":true,"valueName":"search_term_string"}}],"inLanguage":"de"},{"@type":"Organization","@id":"https:\/\/malenki.net\/de\/#organization","name":"malenki.net","url":"https:\/\/malenki.net\/de\/","logo":{"@type":"ImageObject","inLanguage":"de","@id":"https:\/\/malenki.net\/de\/#\/schema\/logo\/image\/","url":"https:\/\/malenki.net\/wp-content\/uploads\/2023\/03\/malenki-logo-2019.gif","contentUrl":"https:\/\/malenki.net\/wp-content\/uploads\/2023\/03\/malenki-logo-2019.gif","width":524,"height":138,"caption":"malenki.net"},"image":{"@id":"https:\/\/malenki.net\/de\/#\/schema\/logo\/image\/"},"sameAs":["https:\/\/www.facebook.com\/malenki.editionen\/","https:\/\/www.instagram.com\/malenkinet\/"]}]}},"wps_subtitle":"Julia Gaes","_links":{"self":[{"href":"https:\/\/malenki.net\/de\/wp-json\/wp\/v2\/product\/10642","targetHints":{"allow":["GET"]}}],"collection":[{"href":"https:\/\/malenki.net\/de\/wp-json\/wp\/v2\/product"}],"about":[{"href":"https:\/\/malenki.net\/de\/wp-json\/wp\/v2\/types\/product"}],"wp:featuredmedia":[{"embeddable":true,"href":"https:\/\/malenki.net\/de\/wp-json\/wp\/v2\/media\/10630"}],"wp:attachment":[{"href":"https:\/\/malenki.net\/de\/wp-json\/wp\/v2\/media?parent=10642"}],"wp:term":[{"taxonomy":"product_brand","embeddable":true,"href":"https:\/\/malenki.net\/de\/wp-json\/wp\/v2\/product_brand?post=10642"},{"taxonomy":"product_cat","embeddable":true,"href":"https:\/\/malenki.net\/de\/wp-json\/wp\/v2\/product_cat?post=10642"},{"taxonomy":"product_tag","embeddable":true,"href":"https:\/\/malenki.net\/de\/wp-json\/wp\/v2\/product_tag?post=10642"}],"curies":[{"name":"wp","href":"https:\/\/api.w.org\/{rel}","templated":true}]}}