{"id":10585,"date":"2024-05-08T21:51:42","date_gmt":"2024-05-08T19:51:42","guid":{"rendered":"https:\/\/malenki.net\/product\/assyrians\/"},"modified":"2025-11-16T15:08:11","modified_gmt":"2025-11-16T14:08:11","slug":"assyrians","status":"publish","type":"product","link":"https:\/\/malenki.net\/de\/produkt\/assyrians\/","title":{"rendered":"Assyrians"},"content":{"rendered":"<p><a href=\"https:\/\/malenki.net\/de\/product-category\/kuenstlerinnen\/romane-iskaria-de\/\">Romane Iskaria<\/a> sammelte Zeugnisse von Mitgliedern der assyrischen Gemeinschaft zwischen Belgien und Frankreich und erg\u00e4nzte sie mit den Geschichten ihres eigenen Gro\u00dfvaters und den Notizb\u00fcchern ihres Urgro\u00dfvaters, der aus dem Iran nach Frankreich kam. Der Fotograf f\u00fchrte eine Recherche durch, indem er die Geschichten dieser aus verschiedenen Generationen bestehenden Diaspora sammelte. Es erscheinen Gegenst\u00e4nde, die im Exil transportiert wurden, Familienfotos, traditionelle Kleidung f\u00fcr Feste, Figuren von Schutzfiguren aus dem alten Mesopotamien, Landschaften und Karten. Durch die Verschmelzung von Vergangenheit und Gegenwart fotografiert Romane intuitiv und nutzt auch Fiktion, um diese Suche nach den Urspr\u00fcngen hervorzurufen, die in jedem von uns vorhanden sind. Ein Projekt, um eine Erinnerung, eine Spur zu bewahren. Darstellung eines verstreuten Volkes, das trotz der Entfernung versucht, seine Verbindungen aufrechtzuerhalten. Die Mitglieder der Gemeinschaft flohen aus ihren L\u00e4ndern: Syrien, T\u00fcrkei, Irak, Iran. Welche Spuren? Welche Erinnerungen haben sie an ihr Land? Wie kann man woanders wieder aufbauen? Sind sie in dem Land, in dem sie sich aufhalten, assimiliert? Wie kann man ihre Kultur und Sprache aufrechterhalten: Aram\u00e4isch? Durch diese Stimmen, die es ihr erz\u00e4hlen, entsteht ein kollektives Ged\u00e4chtnis.<\/p>\n","protected":false},"excerpt":{"rendered":"<p>Romane Iskaria sammelte Zeugnisse von Mitgliedern der assyrischen Gemeinschaft zwischen Belgien und Frankreich und erg\u00e4nzte sie mit den Geschichten ihres eigenen Gro\u00dfvaters und den Notizb\u00fcchern ihres Urgro\u00dfvaters, der aus dem Iran nach Frankreich kam. Der Fotograf f\u00fchrte eine Recherche durch, indem er die Geschichten dieser aus verschiedenen Generationen bestehenden Diaspora sammelte. Es erscheinen Gegenst\u00e4nde, die&hellip; <a class=\"more-link\" href=\"https:\/\/malenki.net\/de\/produkt\/assyrians\/\"><span class=\"screen-reader-text\">Assyrians<\/span> weiterlesen<\/a><\/p>\n","protected":false},"featured_media":10575,"template":"","meta":{"pgc_sgb_lightbox_settings":""},"product_brand":[],"product_cat":[5879],"product_tag":[5891,5888,5889,5890],"class_list":{"0":"post-10585","1":"product","2":"type-product","3":"status-publish","4":"has-post-thumbnail","6":"product_cat-romane-iskaria-de","7":"product_tag-assyrians-de","8":"product_tag-camille-carbonaro-de","9":"product_tag-macaroni-book-de","10":"product_tag-romane-iskaria-de","11":"entry","13":"first","14":"instock","15":"shipping-taxable","16":"purchasable","17":"product-type-simple"},"yoast_head":"<!-- This site is optimized with the Yoast SEO plugin v27.2 - https:\/\/yoast.com\/product\/yoast-seo-wordpress\/ -->\n<title>malenki.net | Assyrians | Romane Iskaria<\/title>\n<meta name=\"description\" content=\"&#039;Assyrians&#039; von Romane Iskaria bei malenki.net\" \/>\n<meta name=\"robots\" content=\"index, follow, max-snippet:-1, max-image-preview:large, max-video-preview:-1\" \/>\n<link rel=\"canonical\" href=\"https:\/\/malenki.net\/de\/produkt\/assyrians\/\" \/>\n<meta property=\"og:locale\" content=\"de_DE\" \/>\n<meta property=\"og:type\" content=\"article\" \/>\n<meta property=\"og:title\" content=\"malenki.net | Assyrians | Romane Iskaria\" \/>\n<meta property=\"og:description\" content=\"&#039;Assyrians&#039; von Romane Iskaria bei malenki.net\" \/>\n<meta property=\"og:url\" content=\"https:\/\/malenki.net\/de\/produkt\/assyrians\/\" \/>\n<meta property=\"og:site_name\" content=\"malenki.net\" \/>\n<meta property=\"article:publisher\" content=\"https:\/\/www.facebook.com\/malenki.editionen\/\" \/>\n<meta property=\"article:modified_time\" content=\"2025-11-16T14:08:11+00:00\" \/>\n<meta property=\"og:image\" content=\"https:\/\/malenki.net\/wp-content\/uploads\/2024\/04\/assyrians-romane-iskaria-01.jpg\" \/>\n\t<meta property=\"og:image:width\" content=\"1024\" \/>\n\t<meta property=\"og:image:height\" content=\"819\" \/>\n\t<meta property=\"og:image:type\" content=\"image\/jpeg\" \/>\n<meta name=\"twitter:card\" content=\"summary_large_image\" \/>\n<meta name=\"twitter:label1\" content=\"Gesch\u00e4tzte Lesezeit\" \/>\n\t<meta name=\"twitter:data1\" content=\"1\u00a0Minute\" \/>\n<script type=\"application\/ld+json\" class=\"yoast-schema-graph\">{\"@context\":\"https:\/\/schema.org\",\"@graph\":[{\"@type\":\"WebPage\",\"@id\":\"https:\/\/malenki.net\/de\/produkt\/assyrians\/\",\"url\":\"https:\/\/malenki.net\/de\/produkt\/assyrians\/\",\"name\":\"malenki.net | Assyrians | Romane Iskaria\",\"isPartOf\":{\"@id\":\"https:\/\/malenki.net\/de\/#website\"},\"primaryImageOfPage\":{\"@id\":\"https:\/\/malenki.net\/de\/produkt\/assyrians\/#primaryimage\"},\"image\":{\"@id\":\"https:\/\/malenki.net\/de\/produkt\/assyrians\/#primaryimage\"},\"thumbnailUrl\":\"https:\/\/malenki.net\/wp-content\/uploads\/2024\/04\/assyrians-romane-iskaria-01.jpg\",\"datePublished\":\"2024-05-08T19:51:42+00:00\",\"dateModified\":\"2025-11-16T14:08:11+00:00\",\"description\":\"'Assyrians' von Romane Iskaria bei malenki.net\",\"breadcrumb\":{\"@id\":\"https:\/\/malenki.net\/de\/produkt\/assyrians\/#breadcrumb\"},\"inLanguage\":\"de\",\"potentialAction\":[{\"@type\":\"ReadAction\",\"target\":[\"https:\/\/malenki.net\/de\/produkt\/assyrians\/\"]}]},{\"@type\":\"ImageObject\",\"inLanguage\":\"de\",\"@id\":\"https:\/\/malenki.net\/de\/produkt\/assyrians\/#primaryimage\",\"url\":\"https:\/\/malenki.net\/wp-content\/uploads\/2024\/04\/assyrians-romane-iskaria-01.jpg\",\"contentUrl\":\"https:\/\/malenki.net\/wp-content\/uploads\/2024\/04\/assyrians-romane-iskaria-01.jpg\",\"width\":1024,\"height\":819,\"caption\":\"Assyrians \u2014 Romane Iskaria\"},{\"@type\":\"BreadcrumbList\",\"@id\":\"https:\/\/malenki.net\/de\/produkt\/assyrians\/#breadcrumb\",\"itemListElement\":[{\"@type\":\"ListItem\",\"position\":1,\"name\":\"Home\",\"item\":\"https:\/\/malenki.net\/de\/\"},{\"@type\":\"ListItem\",\"position\":2,\"name\":\"Editionen\",\"item\":\"https:\/\/malenki.net\/de\/\"},{\"@type\":\"ListItem\",\"position\":3,\"name\":\"Assyrians\"}]},{\"@type\":\"WebSite\",\"@id\":\"https:\/\/malenki.net\/de\/#website\",\"url\":\"https:\/\/malenki.net\/de\/\",\"name\":\"malenki.net\",\"description\":\"Fotografie Editionen\",\"publisher\":{\"@id\":\"https:\/\/malenki.net\/de\/#organization\"},\"potentialAction\":[{\"@type\":\"SearchAction\",\"target\":{\"@type\":\"EntryPoint\",\"urlTemplate\":\"https:\/\/malenki.net\/de\/?s={search_term_string}\"},\"query-input\":{\"@type\":\"PropertyValueSpecification\",\"valueRequired\":true,\"valueName\":\"search_term_string\"}}],\"inLanguage\":\"de\"},{\"@type\":\"Organization\",\"@id\":\"https:\/\/malenki.net\/de\/#organization\",\"name\":\"malenki.net\",\"url\":\"https:\/\/malenki.net\/de\/\",\"logo\":{\"@type\":\"ImageObject\",\"inLanguage\":\"de\",\"@id\":\"https:\/\/malenki.net\/de\/#\/schema\/logo\/image\/\",\"url\":\"https:\/\/malenki.net\/wp-content\/uploads\/2023\/03\/malenki-logo-2019.gif\",\"contentUrl\":\"https:\/\/malenki.net\/wp-content\/uploads\/2023\/03\/malenki-logo-2019.gif\",\"width\":524,\"height\":138,\"caption\":\"malenki.net\"},\"image\":{\"@id\":\"https:\/\/malenki.net\/de\/#\/schema\/logo\/image\/\"},\"sameAs\":[\"https:\/\/www.facebook.com\/malenki.editionen\/\",\"https:\/\/www.instagram.com\/malenkinet\/\"]}]}<\/script>\n<!-- \/ Yoast SEO plugin. -->","yoast_head_json":{"title":"malenki.net | Assyrians | Romane Iskaria","description":"'Assyrians' von Romane Iskaria bei malenki.net","robots":{"index":"index","follow":"follow","max-snippet":"max-snippet:-1","max-image-preview":"max-image-preview:large","max-video-preview":"max-video-preview:-1"},"canonical":"https:\/\/malenki.net\/de\/produkt\/assyrians\/","og_locale":"de_DE","og_type":"article","og_title":"malenki.net | Assyrians | Romane Iskaria","og_description":"'Assyrians' von Romane Iskaria bei malenki.net","og_url":"https:\/\/malenki.net\/de\/produkt\/assyrians\/","og_site_name":"malenki.net","article_publisher":"https:\/\/www.facebook.com\/malenki.editionen\/","article_modified_time":"2025-11-16T14:08:11+00:00","og_image":[{"width":1024,"height":819,"url":"https:\/\/malenki.net\/wp-content\/uploads\/2024\/04\/assyrians-romane-iskaria-01.jpg","type":"image\/jpeg"}],"twitter_card":"summary_large_image","twitter_misc":{"Gesch\u00e4tzte Lesezeit":"1\u00a0Minute"},"schema":{"@context":"https:\/\/schema.org","@graph":[{"@type":"WebPage","@id":"https:\/\/malenki.net\/de\/produkt\/assyrians\/","url":"https:\/\/malenki.net\/de\/produkt\/assyrians\/","name":"malenki.net | Assyrians | Romane Iskaria","isPartOf":{"@id":"https:\/\/malenki.net\/de\/#website"},"primaryImageOfPage":{"@id":"https:\/\/malenki.net\/de\/produkt\/assyrians\/#primaryimage"},"image":{"@id":"https:\/\/malenki.net\/de\/produkt\/assyrians\/#primaryimage"},"thumbnailUrl":"https:\/\/malenki.net\/wp-content\/uploads\/2024\/04\/assyrians-romane-iskaria-01.jpg","datePublished":"2024-05-08T19:51:42+00:00","dateModified":"2025-11-16T14:08:11+00:00","description":"'Assyrians' von Romane Iskaria bei malenki.net","breadcrumb":{"@id":"https:\/\/malenki.net\/de\/produkt\/assyrians\/#breadcrumb"},"inLanguage":"de","potentialAction":[{"@type":"ReadAction","target":["https:\/\/malenki.net\/de\/produkt\/assyrians\/"]}]},{"@type":"ImageObject","inLanguage":"de","@id":"https:\/\/malenki.net\/de\/produkt\/assyrians\/#primaryimage","url":"https:\/\/malenki.net\/wp-content\/uploads\/2024\/04\/assyrians-romane-iskaria-01.jpg","contentUrl":"https:\/\/malenki.net\/wp-content\/uploads\/2024\/04\/assyrians-romane-iskaria-01.jpg","width":1024,"height":819,"caption":"Assyrians \u2014 Romane Iskaria"},{"@type":"BreadcrumbList","@id":"https:\/\/malenki.net\/de\/produkt\/assyrians\/#breadcrumb","itemListElement":[{"@type":"ListItem","position":1,"name":"Home","item":"https:\/\/malenki.net\/de\/"},{"@type":"ListItem","position":2,"name":"Editionen","item":"https:\/\/malenki.net\/de\/"},{"@type":"ListItem","position":3,"name":"Assyrians"}]},{"@type":"WebSite","@id":"https:\/\/malenki.net\/de\/#website","url":"https:\/\/malenki.net\/de\/","name":"malenki.net","description":"Fotografie Editionen","publisher":{"@id":"https:\/\/malenki.net\/de\/#organization"},"potentialAction":[{"@type":"SearchAction","target":{"@type":"EntryPoint","urlTemplate":"https:\/\/malenki.net\/de\/?s={search_term_string}"},"query-input":{"@type":"PropertyValueSpecification","valueRequired":true,"valueName":"search_term_string"}}],"inLanguage":"de"},{"@type":"Organization","@id":"https:\/\/malenki.net\/de\/#organization","name":"malenki.net","url":"https:\/\/malenki.net\/de\/","logo":{"@type":"ImageObject","inLanguage":"de","@id":"https:\/\/malenki.net\/de\/#\/schema\/logo\/image\/","url":"https:\/\/malenki.net\/wp-content\/uploads\/2023\/03\/malenki-logo-2019.gif","contentUrl":"https:\/\/malenki.net\/wp-content\/uploads\/2023\/03\/malenki-logo-2019.gif","width":524,"height":138,"caption":"malenki.net"},"image":{"@id":"https:\/\/malenki.net\/de\/#\/schema\/logo\/image\/"},"sameAs":["https:\/\/www.facebook.com\/malenki.editionen\/","https:\/\/www.instagram.com\/malenkinet\/"]}]}},"wps_subtitle":"Romane Iskaria","_links":{"self":[{"href":"https:\/\/malenki.net\/de\/wp-json\/wp\/v2\/product\/10585","targetHints":{"allow":["GET"]}}],"collection":[{"href":"https:\/\/malenki.net\/de\/wp-json\/wp\/v2\/product"}],"about":[{"href":"https:\/\/malenki.net\/de\/wp-json\/wp\/v2\/types\/product"}],"wp:featuredmedia":[{"embeddable":true,"href":"https:\/\/malenki.net\/de\/wp-json\/wp\/v2\/media\/10575"}],"wp:attachment":[{"href":"https:\/\/malenki.net\/de\/wp-json\/wp\/v2\/media?parent=10585"}],"wp:term":[{"taxonomy":"product_brand","embeddable":true,"href":"https:\/\/malenki.net\/de\/wp-json\/wp\/v2\/product_brand?post=10585"},{"taxonomy":"product_cat","embeddable":true,"href":"https:\/\/malenki.net\/de\/wp-json\/wp\/v2\/product_cat?post=10585"},{"taxonomy":"product_tag","embeddable":true,"href":"https:\/\/malenki.net\/de\/wp-json\/wp\/v2\/product_tag?post=10585"}],"curies":[{"name":"wp","href":"https:\/\/api.w.org\/{rel}","templated":true}]}}