{"id":10514,"date":"2024-04-24T06:30:53","date_gmt":"2024-04-24T04:30:53","guid":{"rendered":"https:\/\/malenki.net\/?post_type=product&#038;p=10514"},"modified":"2025-01-12T17:53:08","modified_gmt":"2025-01-12T16:53:08","slug":"periphic-copy","status":"publish","type":"product","link":"https:\/\/malenki.net\/de\/produkt\/periphic-copy\/","title":{"rendered":"periphic \u2013 collectors edition"},"content":{"rendered":"<p>Die Welt ist ein seltsamer Ort. Christoph Schieder n\u00e4hert sich ihr auf seine ganz eigene Weise. Auf den ersten Blick d\u00fcster und dystopisch, entfalten seine Bilder eine eigenartige Poesie des Zwischenstadiums. Die Orte seiner Fotos harren stumm zwischen Abriss und Neubau, Ernte und Aussaat, Verlassenheit und Wiederbelebung. So versteht Schieder seine Bilder auch als Betrachtung der sich widersprechenden Gef\u00fchle, dass sich etwas \u00e4ndern muss und alles bleiben soll, wie es ist.<\/p>\n<p>Die Collectors Edition periphic von Christoph Schieder enth\u00e4lt das im Eigenverlag erschienene Fotobuch zusammen mit zwei nicht im Buch ver\u00f6ffentlichten Fotografien, gedruckt auf Hahnem\u00fchle Bamboo Papier im Format 250 x 180 mm.<\/p>\n","protected":false},"excerpt":{"rendered":"<p>Die Welt ist ein seltsamer Ort. Christoph Schieder n\u00e4hert sich ihr auf seine ganz eigene Weise. Auf den ersten Blick d\u00fcster und dystopisch, entfalten seine Bilder eine eigenartige Poesie des Zwischenstadiums. Die Orte seiner Fotos harren stumm zwischen Abriss und Neubau, Ernte und Aussaat, Verlassenheit und Wiederbelebung. So versteht Schieder seine Bilder auch als Betrachtung&hellip; <a class=\"more-link\" href=\"https:\/\/malenki.net\/de\/produkt\/periphic-copy\/\"><span class=\"screen-reader-text\">periphic \u2013 collectors edition<\/span> weiterlesen<\/a><\/p>\n","protected":false},"featured_media":10527,"template":"","meta":{"pgc_sgb_lightbox_settings":""},"product_brand":[],"product_cat":[5248],"product_tag":[5249,3825,5252,3059,5522],"class_list":{"0":"post-10514","1":"product","2":"type-product","3":"status-publish","4":"has-post-thumbnail","6":"product_cat-christoph-schieder-de","7":"product_tag-christoph-schieder-de","8":"product_tag-dunkel","9":"product_tag-periphic-de","10":"product_tag-schwarz-weiss","11":"product_tag-urbaner-raum","12":"entry","14":"first","15":"instock","16":"shipping-taxable","17":"purchasable","18":"product-type-simple"},"yoast_head":"<!-- This site is optimized with the Yoast SEO plugin v27.2 - https:\/\/yoast.com\/product\/yoast-seo-wordpress\/ -->\n<title>malenki.net | periphic \u2013 collectors edition | Christoph Schieder<\/title>\n<meta name=\"robots\" content=\"index, follow, max-snippet:-1, max-image-preview:large, max-video-preview:-1\" \/>\n<link rel=\"canonical\" href=\"https:\/\/malenki.net\/de\/produkt\/periphic-copy\/\" \/>\n<meta property=\"og:locale\" content=\"de_DE\" \/>\n<meta property=\"og:type\" content=\"article\" \/>\n<meta property=\"og:title\" content=\"malenki.net | periphic \u2013 collectors edition | Christoph Schieder\" \/>\n<meta property=\"og:description\" content=\"Die Welt ist ein seltsamer Ort. Christoph Schieder n\u00e4hert sich ihr auf seine ganz eigene Weise. Auf den ersten Blick d\u00fcster und dystopisch, entfalten seine Bilder eine eigenartige Poesie des Zwischenstadiums. Die Orte seiner Fotos harren stumm zwischen Abriss und Neubau, Ernte und Aussaat, Verlassenheit und Wiederbelebung. So versteht Schieder seine Bilder auch als Betrachtung&hellip; periphic \u2013 collectors edition weiterlesen\" \/>\n<meta property=\"og:url\" content=\"https:\/\/malenki.net\/de\/produkt\/periphic-copy\/\" \/>\n<meta property=\"og:site_name\" content=\"malenki.net\" \/>\n<meta property=\"article:publisher\" content=\"https:\/\/www.facebook.com\/malenki.editionen\/\" \/>\n<meta property=\"article:modified_time\" content=\"2025-01-12T16:53:08+00:00\" \/>\n<meta property=\"og:image\" content=\"https:\/\/malenki.net\/wp-content\/uploads\/2024\/04\/periphic-christoph-schieder-ce-02.jpg\" \/>\n\t<meta property=\"og:image:width\" content=\"1024\" \/>\n\t<meta property=\"og:image:height\" content=\"819\" \/>\n\t<meta property=\"og:image:type\" content=\"image\/jpeg\" \/>\n<meta name=\"twitter:card\" content=\"summary_large_image\" \/>\n<meta name=\"twitter:label1\" content=\"Gesch\u00e4tzte Lesezeit\" \/>\n\t<meta name=\"twitter:data1\" content=\"1\u00a0Minute\" \/>\n<script type=\"application\/ld+json\" class=\"yoast-schema-graph\">{\"@context\":\"https:\/\/schema.org\",\"@graph\":[{\"@type\":\"WebPage\",\"@id\":\"https:\/\/malenki.net\/de\/produkt\/periphic-copy\/\",\"url\":\"https:\/\/malenki.net\/de\/produkt\/periphic-copy\/\",\"name\":\"malenki.net | periphic \u2013 collectors edition | Christoph Schieder\",\"isPartOf\":{\"@id\":\"https:\/\/malenki.net\/de\/#website\"},\"primaryImageOfPage\":{\"@id\":\"https:\/\/malenki.net\/de\/produkt\/periphic-copy\/#primaryimage\"},\"image\":{\"@id\":\"https:\/\/malenki.net\/de\/produkt\/periphic-copy\/#primaryimage\"},\"thumbnailUrl\":\"https:\/\/malenki.net\/wp-content\/uploads\/2024\/04\/periphic-christoph-schieder-ce-02.jpg\",\"datePublished\":\"2024-04-24T04:30:53+00:00\",\"dateModified\":\"2025-01-12T16:53:08+00:00\",\"breadcrumb\":{\"@id\":\"https:\/\/malenki.net\/de\/produkt\/periphic-copy\/#breadcrumb\"},\"inLanguage\":\"de\",\"potentialAction\":[{\"@type\":\"ReadAction\",\"target\":[\"https:\/\/malenki.net\/de\/produkt\/periphic-copy\/\"]}]},{\"@type\":\"ImageObject\",\"inLanguage\":\"de\",\"@id\":\"https:\/\/malenki.net\/de\/produkt\/periphic-copy\/#primaryimage\",\"url\":\"https:\/\/malenki.net\/wp-content\/uploads\/2024\/04\/periphic-christoph-schieder-ce-02.jpg\",\"contentUrl\":\"https:\/\/malenki.net\/wp-content\/uploads\/2024\/04\/periphic-christoph-schieder-ce-02.jpg\",\"width\":1024,\"height\":819,\"caption\":\"Christoph Schieder \u2014 periphic - collectors edition\"},{\"@type\":\"BreadcrumbList\",\"@id\":\"https:\/\/malenki.net\/de\/produkt\/periphic-copy\/#breadcrumb\",\"itemListElement\":[{\"@type\":\"ListItem\",\"position\":1,\"name\":\"Home\",\"item\":\"https:\/\/malenki.net\/de\/\"},{\"@type\":\"ListItem\",\"position\":2,\"name\":\"Editionen\",\"item\":\"https:\/\/malenki.net\/de\/\"},{\"@type\":\"ListItem\",\"position\":3,\"name\":\"periphic \u2013 collectors edition\"}]},{\"@type\":\"WebSite\",\"@id\":\"https:\/\/malenki.net\/de\/#website\",\"url\":\"https:\/\/malenki.net\/de\/\",\"name\":\"malenki.net\",\"description\":\"Fotografie Editionen\",\"publisher\":{\"@id\":\"https:\/\/malenki.net\/de\/#organization\"},\"potentialAction\":[{\"@type\":\"SearchAction\",\"target\":{\"@type\":\"EntryPoint\",\"urlTemplate\":\"https:\/\/malenki.net\/de\/?s={search_term_string}\"},\"query-input\":{\"@type\":\"PropertyValueSpecification\",\"valueRequired\":true,\"valueName\":\"search_term_string\"}}],\"inLanguage\":\"de\"},{\"@type\":\"Organization\",\"@id\":\"https:\/\/malenki.net\/de\/#organization\",\"name\":\"malenki.net\",\"url\":\"https:\/\/malenki.net\/de\/\",\"logo\":{\"@type\":\"ImageObject\",\"inLanguage\":\"de\",\"@id\":\"https:\/\/malenki.net\/de\/#\/schema\/logo\/image\/\",\"url\":\"https:\/\/malenki.net\/wp-content\/uploads\/2023\/03\/malenki-logo-2019.gif\",\"contentUrl\":\"https:\/\/malenki.net\/wp-content\/uploads\/2023\/03\/malenki-logo-2019.gif\",\"width\":524,\"height\":138,\"caption\":\"malenki.net\"},\"image\":{\"@id\":\"https:\/\/malenki.net\/de\/#\/schema\/logo\/image\/\"},\"sameAs\":[\"https:\/\/www.facebook.com\/malenki.editionen\/\",\"https:\/\/www.instagram.com\/malenkinet\/\"]}]}<\/script>\n<!-- \/ Yoast SEO plugin. -->","yoast_head_json":{"title":"malenki.net | periphic \u2013 collectors edition | Christoph Schieder","robots":{"index":"index","follow":"follow","max-snippet":"max-snippet:-1","max-image-preview":"max-image-preview:large","max-video-preview":"max-video-preview:-1"},"canonical":"https:\/\/malenki.net\/de\/produkt\/periphic-copy\/","og_locale":"de_DE","og_type":"article","og_title":"malenki.net | periphic \u2013 collectors edition | Christoph Schieder","og_description":"Die Welt ist ein seltsamer Ort. Christoph Schieder n\u00e4hert sich ihr auf seine ganz eigene Weise. Auf den ersten Blick d\u00fcster und dystopisch, entfalten seine Bilder eine eigenartige Poesie des Zwischenstadiums. Die Orte seiner Fotos harren stumm zwischen Abriss und Neubau, Ernte und Aussaat, Verlassenheit und Wiederbelebung. So versteht Schieder seine Bilder auch als Betrachtung&hellip; periphic \u2013 collectors edition weiterlesen","og_url":"https:\/\/malenki.net\/de\/produkt\/periphic-copy\/","og_site_name":"malenki.net","article_publisher":"https:\/\/www.facebook.com\/malenki.editionen\/","article_modified_time":"2025-01-12T16:53:08+00:00","og_image":[{"width":1024,"height":819,"url":"https:\/\/malenki.net\/wp-content\/uploads\/2024\/04\/periphic-christoph-schieder-ce-02.jpg","type":"image\/jpeg"}],"twitter_card":"summary_large_image","twitter_misc":{"Gesch\u00e4tzte Lesezeit":"1\u00a0Minute"},"schema":{"@context":"https:\/\/schema.org","@graph":[{"@type":"WebPage","@id":"https:\/\/malenki.net\/de\/produkt\/periphic-copy\/","url":"https:\/\/malenki.net\/de\/produkt\/periphic-copy\/","name":"malenki.net | periphic \u2013 collectors edition | Christoph Schieder","isPartOf":{"@id":"https:\/\/malenki.net\/de\/#website"},"primaryImageOfPage":{"@id":"https:\/\/malenki.net\/de\/produkt\/periphic-copy\/#primaryimage"},"image":{"@id":"https:\/\/malenki.net\/de\/produkt\/periphic-copy\/#primaryimage"},"thumbnailUrl":"https:\/\/malenki.net\/wp-content\/uploads\/2024\/04\/periphic-christoph-schieder-ce-02.jpg","datePublished":"2024-04-24T04:30:53+00:00","dateModified":"2025-01-12T16:53:08+00:00","breadcrumb":{"@id":"https:\/\/malenki.net\/de\/produkt\/periphic-copy\/#breadcrumb"},"inLanguage":"de","potentialAction":[{"@type":"ReadAction","target":["https:\/\/malenki.net\/de\/produkt\/periphic-copy\/"]}]},{"@type":"ImageObject","inLanguage":"de","@id":"https:\/\/malenki.net\/de\/produkt\/periphic-copy\/#primaryimage","url":"https:\/\/malenki.net\/wp-content\/uploads\/2024\/04\/periphic-christoph-schieder-ce-02.jpg","contentUrl":"https:\/\/malenki.net\/wp-content\/uploads\/2024\/04\/periphic-christoph-schieder-ce-02.jpg","width":1024,"height":819,"caption":"Christoph Schieder \u2014 periphic - collectors edition"},{"@type":"BreadcrumbList","@id":"https:\/\/malenki.net\/de\/produkt\/periphic-copy\/#breadcrumb","itemListElement":[{"@type":"ListItem","position":1,"name":"Home","item":"https:\/\/malenki.net\/de\/"},{"@type":"ListItem","position":2,"name":"Editionen","item":"https:\/\/malenki.net\/de\/"},{"@type":"ListItem","position":3,"name":"periphic \u2013 collectors edition"}]},{"@type":"WebSite","@id":"https:\/\/malenki.net\/de\/#website","url":"https:\/\/malenki.net\/de\/","name":"malenki.net","description":"Fotografie Editionen","publisher":{"@id":"https:\/\/malenki.net\/de\/#organization"},"potentialAction":[{"@type":"SearchAction","target":{"@type":"EntryPoint","urlTemplate":"https:\/\/malenki.net\/de\/?s={search_term_string}"},"query-input":{"@type":"PropertyValueSpecification","valueRequired":true,"valueName":"search_term_string"}}],"inLanguage":"de"},{"@type":"Organization","@id":"https:\/\/malenki.net\/de\/#organization","name":"malenki.net","url":"https:\/\/malenki.net\/de\/","logo":{"@type":"ImageObject","inLanguage":"de","@id":"https:\/\/malenki.net\/de\/#\/schema\/logo\/image\/","url":"https:\/\/malenki.net\/wp-content\/uploads\/2023\/03\/malenki-logo-2019.gif","contentUrl":"https:\/\/malenki.net\/wp-content\/uploads\/2023\/03\/malenki-logo-2019.gif","width":524,"height":138,"caption":"malenki.net"},"image":{"@id":"https:\/\/malenki.net\/de\/#\/schema\/logo\/image\/"},"sameAs":["https:\/\/www.facebook.com\/malenki.editionen\/","https:\/\/www.instagram.com\/malenkinet\/"]}]}},"wps_subtitle":"Christoph Schieder","_links":{"self":[{"href":"https:\/\/malenki.net\/de\/wp-json\/wp\/v2\/product\/10514","targetHints":{"allow":["GET"]}}],"collection":[{"href":"https:\/\/malenki.net\/de\/wp-json\/wp\/v2\/product"}],"about":[{"href":"https:\/\/malenki.net\/de\/wp-json\/wp\/v2\/types\/product"}],"wp:featuredmedia":[{"embeddable":true,"href":"https:\/\/malenki.net\/de\/wp-json\/wp\/v2\/media\/10527"}],"wp:attachment":[{"href":"https:\/\/malenki.net\/de\/wp-json\/wp\/v2\/media?parent=10514"}],"wp:term":[{"taxonomy":"product_brand","embeddable":true,"href":"https:\/\/malenki.net\/de\/wp-json\/wp\/v2\/product_brand?post=10514"},{"taxonomy":"product_cat","embeddable":true,"href":"https:\/\/malenki.net\/de\/wp-json\/wp\/v2\/product_cat?post=10514"},{"taxonomy":"product_tag","embeddable":true,"href":"https:\/\/malenki.net\/de\/wp-json\/wp\/v2\/product_tag?post=10514"}],"curies":[{"name":"wp","href":"https:\/\/api.w.org\/{rel}","templated":true}]}}