{"id":10456,"date":"2023-11-01T19:01:56","date_gmt":"2023-11-01T18:01:56","guid":{"rendered":"https:\/\/malenki.net\/product\/schneeball\/"},"modified":"2026-02-23T16:44:56","modified_gmt":"2026-02-23T15:44:56","slug":"schneeball","status":"publish","type":"product","link":"https:\/\/malenki.net\/de\/produkt\/schneeball\/","title":{"rendered":"Schneeball"},"content":{"rendered":"<p>Die Fotografien von <a href=\"https:\/\/malenki.net\/de\/produkt-kategorie\/kuenstlerinnen\/dorte-eisfeldt\/\">D\u00f6rte Ei\u00dffeldt<\/a> zeigen Materialien oder K\u00f6rper so, wie wir sie ber\u00fchren und wie sie sich einander n\u00e4hern. Ausgehend von einer einzigen Fotografie als Bas, einem Schneeball auf der Innenfl\u00e4che der Hand, werden wir durch die Vielfalt der Abz\u00fcge, die unterschiedlichen und kontrastierenden Variationen der Lichtverh\u00e4ltnisse und Dimensionen des Bides von einem kosmischen Spektakel \u2014 eine in einem dunklen Raum rollende Kugel \u2014 zu einem mehr intimen oder erotischen Erlebnis gef\u00fchrt. Obwohl der Titel in Form eines Wortspiels \u2014 Schnee-b-all oder All \u2014 auf ein eher kosmisches Poem anspielt, bilden die (Fotografien)&#8230; nicht den einheitlichen Raum etwa eines Sternenhimmels. &#8230; \u2014 Monique David-M\u00e9nard<\/p>\n","protected":false},"excerpt":{"rendered":"<p>Die Fotografien von D\u00f6rte Ei\u00dffeldt zeigen Materialien oder K\u00f6rper so, wie wir sie ber\u00fchren und wie sie sich einander n\u00e4hern. Ausgehend von einer einzigen Fotografie als Bas, einem Schneeball auf der Innenfl\u00e4che der Hand, werden wir durch die Vielfalt der Abz\u00fcge, die unterschiedlichen und kontrastierenden Variationen der Lichtverh\u00e4ltnisse und Dimensionen des Bides von einem kosmischen&hellip; <a class=\"more-link\" href=\"https:\/\/malenki.net\/de\/produkt\/schneeball\/\"><span class=\"screen-reader-text\">Schneeball<\/span> weiterlesen<\/a><\/p>\n","protected":false},"featured_media":10366,"template":"","meta":{"pgc_sgb_lightbox_settings":""},"product_brand":[],"product_cat":[5843],"product_tag":[4232,5850,5851,5852,5849,5848,5853,3059,3961],"class_list":{"0":"post-10456","1":"product","2":"type-product","3":"status-publish","4":"has-post-thumbnail","6":"product_cat-dorte-eisfeldt","7":"product_tag-abstraktion","8":"product_tag-dorte-eisfeldt-de","9":"product_tag-dorte-eissfeldt-de","10":"product_tag-eisfeldt-de","11":"product_tag-johan-van-der-keuken-de","12":"product_tag-monique-david-menard-de","13":"product_tag-schneeball-de","14":"product_tag-schwarz-weiss","15":"product_tag-wahrnehmung","16":"entry","18":"first","19":"instock","20":"shipping-taxable","21":"purchasable","22":"product-type-simple"},"yoast_head":"<!-- This site is optimized with the Yoast SEO plugin v27.2 - https:\/\/yoast.com\/product\/yoast-seo-wordpress\/ -->\n<title>malenki.net | Schneeball | D\u00f6rte Ei\u00dffeldt<\/title>\n<meta name=\"description\" content=\"&#039;Schneeball&#039; von D\u00f6rte Ei\u00dffeld bei malenki.net\" \/>\n<meta name=\"robots\" content=\"index, follow, max-snippet:-1, max-image-preview:large, max-video-preview:-1\" \/>\n<link rel=\"canonical\" href=\"https:\/\/malenki.net\/de\/produkt\/schneeball\/\" \/>\n<meta property=\"og:locale\" content=\"de_DE\" \/>\n<meta property=\"og:type\" content=\"article\" \/>\n<meta property=\"og:title\" content=\"malenki.net | Schneeball | D\u00f6rte Ei\u00dffeldt\" \/>\n<meta property=\"og:description\" content=\"&#039;Schneeball&#039; von D\u00f6rte Ei\u00dffeld bei malenki.net\" \/>\n<meta property=\"og:url\" content=\"https:\/\/malenki.net\/de\/produkt\/schneeball\/\" \/>\n<meta property=\"og:site_name\" content=\"malenki.net\" \/>\n<meta property=\"article:publisher\" content=\"https:\/\/www.facebook.com\/malenki.editionen\/\" \/>\n<meta property=\"article:modified_time\" content=\"2026-02-23T15:44:56+00:00\" \/>\n<meta property=\"og:image\" content=\"https:\/\/malenki.net\/wp-content\/uploads\/2023\/11\/schneeball-doerte-eissfeldt-02.jpg\" \/>\n\t<meta property=\"og:image:width\" content=\"1024\" \/>\n\t<meta property=\"og:image:height\" content=\"819\" \/>\n\t<meta property=\"og:image:type\" content=\"image\/jpeg\" \/>\n<meta name=\"twitter:card\" content=\"summary_large_image\" \/>\n<meta name=\"twitter:label1\" content=\"Gesch\u00e4tzte Lesezeit\" \/>\n\t<meta name=\"twitter:data1\" content=\"1\u00a0Minute\" \/>\n<script type=\"application\/ld+json\" class=\"yoast-schema-graph\">{\"@context\":\"https:\/\/schema.org\",\"@graph\":[{\"@type\":\"WebPage\",\"@id\":\"https:\/\/malenki.net\/de\/produkt\/schneeball\/\",\"url\":\"https:\/\/malenki.net\/de\/produkt\/schneeball\/\",\"name\":\"malenki.net | Schneeball | D\u00f6rte Ei\u00dffeldt\",\"isPartOf\":{\"@id\":\"https:\/\/malenki.net\/de\/#website\"},\"primaryImageOfPage\":{\"@id\":\"https:\/\/malenki.net\/de\/produkt\/schneeball\/#primaryimage\"},\"image\":{\"@id\":\"https:\/\/malenki.net\/de\/produkt\/schneeball\/#primaryimage\"},\"thumbnailUrl\":\"https:\/\/malenki.net\/wp-content\/uploads\/2023\/11\/schneeball-doerte-eissfeldt-02.jpg\",\"datePublished\":\"2023-11-01T18:01:56+00:00\",\"dateModified\":\"2026-02-23T15:44:56+00:00\",\"description\":\"'Schneeball' von D\u00f6rte Ei\u00dffeld bei malenki.net\",\"breadcrumb\":{\"@id\":\"https:\/\/malenki.net\/de\/produkt\/schneeball\/#breadcrumb\"},\"inLanguage\":\"de\",\"potentialAction\":[{\"@type\":\"ReadAction\",\"target\":[\"https:\/\/malenki.net\/de\/produkt\/schneeball\/\"]}]},{\"@type\":\"ImageObject\",\"inLanguage\":\"de\",\"@id\":\"https:\/\/malenki.net\/de\/produkt\/schneeball\/#primaryimage\",\"url\":\"https:\/\/malenki.net\/wp-content\/uploads\/2023\/11\/schneeball-doerte-eissfeldt-02.jpg\",\"contentUrl\":\"https:\/\/malenki.net\/wp-content\/uploads\/2023\/11\/schneeball-doerte-eissfeldt-02.jpg\",\"width\":1024,\"height\":819,\"caption\":\"Schneeball \u2014 D\u00f6rte Ei\u00dffeldt\"},{\"@type\":\"BreadcrumbList\",\"@id\":\"https:\/\/malenki.net\/de\/produkt\/schneeball\/#breadcrumb\",\"itemListElement\":[{\"@type\":\"ListItem\",\"position\":1,\"name\":\"Home\",\"item\":\"https:\/\/malenki.net\/de\/\"},{\"@type\":\"ListItem\",\"position\":2,\"name\":\"Editionen\",\"item\":\"https:\/\/malenki.net\/de\/\"},{\"@type\":\"ListItem\",\"position\":3,\"name\":\"Schneeball\"}]},{\"@type\":\"WebSite\",\"@id\":\"https:\/\/malenki.net\/de\/#website\",\"url\":\"https:\/\/malenki.net\/de\/\",\"name\":\"malenki.net\",\"description\":\"Fotografie Editionen\",\"publisher\":{\"@id\":\"https:\/\/malenki.net\/de\/#organization\"},\"potentialAction\":[{\"@type\":\"SearchAction\",\"target\":{\"@type\":\"EntryPoint\",\"urlTemplate\":\"https:\/\/malenki.net\/de\/?s={search_term_string}\"},\"query-input\":{\"@type\":\"PropertyValueSpecification\",\"valueRequired\":true,\"valueName\":\"search_term_string\"}}],\"inLanguage\":\"de\"},{\"@type\":\"Organization\",\"@id\":\"https:\/\/malenki.net\/de\/#organization\",\"name\":\"malenki.net\",\"url\":\"https:\/\/malenki.net\/de\/\",\"logo\":{\"@type\":\"ImageObject\",\"inLanguage\":\"de\",\"@id\":\"https:\/\/malenki.net\/de\/#\/schema\/logo\/image\/\",\"url\":\"https:\/\/malenki.net\/wp-content\/uploads\/2023\/03\/malenki-logo-2019.gif\",\"contentUrl\":\"https:\/\/malenki.net\/wp-content\/uploads\/2023\/03\/malenki-logo-2019.gif\",\"width\":524,\"height\":138,\"caption\":\"malenki.net\"},\"image\":{\"@id\":\"https:\/\/malenki.net\/de\/#\/schema\/logo\/image\/\"},\"sameAs\":[\"https:\/\/www.facebook.com\/malenki.editionen\/\",\"https:\/\/www.instagram.com\/malenkinet\/\"]}]}<\/script>\n<!-- \/ Yoast SEO plugin. -->","yoast_head_json":{"title":"malenki.net | Schneeball | D\u00f6rte Ei\u00dffeldt","description":"'Schneeball' von D\u00f6rte Ei\u00dffeld bei malenki.net","robots":{"index":"index","follow":"follow","max-snippet":"max-snippet:-1","max-image-preview":"max-image-preview:large","max-video-preview":"max-video-preview:-1"},"canonical":"https:\/\/malenki.net\/de\/produkt\/schneeball\/","og_locale":"de_DE","og_type":"article","og_title":"malenki.net | Schneeball | D\u00f6rte Ei\u00dffeldt","og_description":"'Schneeball' von D\u00f6rte Ei\u00dffeld bei malenki.net","og_url":"https:\/\/malenki.net\/de\/produkt\/schneeball\/","og_site_name":"malenki.net","article_publisher":"https:\/\/www.facebook.com\/malenki.editionen\/","article_modified_time":"2026-02-23T15:44:56+00:00","og_image":[{"width":1024,"height":819,"url":"https:\/\/malenki.net\/wp-content\/uploads\/2023\/11\/schneeball-doerte-eissfeldt-02.jpg","type":"image\/jpeg"}],"twitter_card":"summary_large_image","twitter_misc":{"Gesch\u00e4tzte Lesezeit":"1\u00a0Minute"},"schema":{"@context":"https:\/\/schema.org","@graph":[{"@type":"WebPage","@id":"https:\/\/malenki.net\/de\/produkt\/schneeball\/","url":"https:\/\/malenki.net\/de\/produkt\/schneeball\/","name":"malenki.net | Schneeball | D\u00f6rte Ei\u00dffeldt","isPartOf":{"@id":"https:\/\/malenki.net\/de\/#website"},"primaryImageOfPage":{"@id":"https:\/\/malenki.net\/de\/produkt\/schneeball\/#primaryimage"},"image":{"@id":"https:\/\/malenki.net\/de\/produkt\/schneeball\/#primaryimage"},"thumbnailUrl":"https:\/\/malenki.net\/wp-content\/uploads\/2023\/11\/schneeball-doerte-eissfeldt-02.jpg","datePublished":"2023-11-01T18:01:56+00:00","dateModified":"2026-02-23T15:44:56+00:00","description":"'Schneeball' von D\u00f6rte Ei\u00dffeld bei malenki.net","breadcrumb":{"@id":"https:\/\/malenki.net\/de\/produkt\/schneeball\/#breadcrumb"},"inLanguage":"de","potentialAction":[{"@type":"ReadAction","target":["https:\/\/malenki.net\/de\/produkt\/schneeball\/"]}]},{"@type":"ImageObject","inLanguage":"de","@id":"https:\/\/malenki.net\/de\/produkt\/schneeball\/#primaryimage","url":"https:\/\/malenki.net\/wp-content\/uploads\/2023\/11\/schneeball-doerte-eissfeldt-02.jpg","contentUrl":"https:\/\/malenki.net\/wp-content\/uploads\/2023\/11\/schneeball-doerte-eissfeldt-02.jpg","width":1024,"height":819,"caption":"Schneeball \u2014 D\u00f6rte Ei\u00dffeldt"},{"@type":"BreadcrumbList","@id":"https:\/\/malenki.net\/de\/produkt\/schneeball\/#breadcrumb","itemListElement":[{"@type":"ListItem","position":1,"name":"Home","item":"https:\/\/malenki.net\/de\/"},{"@type":"ListItem","position":2,"name":"Editionen","item":"https:\/\/malenki.net\/de\/"},{"@type":"ListItem","position":3,"name":"Schneeball"}]},{"@type":"WebSite","@id":"https:\/\/malenki.net\/de\/#website","url":"https:\/\/malenki.net\/de\/","name":"malenki.net","description":"Fotografie Editionen","publisher":{"@id":"https:\/\/malenki.net\/de\/#organization"},"potentialAction":[{"@type":"SearchAction","target":{"@type":"EntryPoint","urlTemplate":"https:\/\/malenki.net\/de\/?s={search_term_string}"},"query-input":{"@type":"PropertyValueSpecification","valueRequired":true,"valueName":"search_term_string"}}],"inLanguage":"de"},{"@type":"Organization","@id":"https:\/\/malenki.net\/de\/#organization","name":"malenki.net","url":"https:\/\/malenki.net\/de\/","logo":{"@type":"ImageObject","inLanguage":"de","@id":"https:\/\/malenki.net\/de\/#\/schema\/logo\/image\/","url":"https:\/\/malenki.net\/wp-content\/uploads\/2023\/03\/malenki-logo-2019.gif","contentUrl":"https:\/\/malenki.net\/wp-content\/uploads\/2023\/03\/malenki-logo-2019.gif","width":524,"height":138,"caption":"malenki.net"},"image":{"@id":"https:\/\/malenki.net\/de\/#\/schema\/logo\/image\/"},"sameAs":["https:\/\/www.facebook.com\/malenki.editionen\/","https:\/\/www.instagram.com\/malenkinet\/"]}]}},"wps_subtitle":"D\u00f6rte Ei\u00dffeldt","_links":{"self":[{"href":"https:\/\/malenki.net\/de\/wp-json\/wp\/v2\/product\/10456","targetHints":{"allow":["GET"]}}],"collection":[{"href":"https:\/\/malenki.net\/de\/wp-json\/wp\/v2\/product"}],"about":[{"href":"https:\/\/malenki.net\/de\/wp-json\/wp\/v2\/types\/product"}],"wp:featuredmedia":[{"embeddable":true,"href":"https:\/\/malenki.net\/de\/wp-json\/wp\/v2\/media\/10366"}],"wp:attachment":[{"href":"https:\/\/malenki.net\/de\/wp-json\/wp\/v2\/media?parent=10456"}],"wp:term":[{"taxonomy":"product_brand","embeddable":true,"href":"https:\/\/malenki.net\/de\/wp-json\/wp\/v2\/product_brand?post=10456"},{"taxonomy":"product_cat","embeddable":true,"href":"https:\/\/malenki.net\/de\/wp-json\/wp\/v2\/product_cat?post=10456"},{"taxonomy":"product_tag","embeddable":true,"href":"https:\/\/malenki.net\/de\/wp-json\/wp\/v2\/product_tag?post=10456"}],"curies":[{"name":"wp","href":"https:\/\/api.w.org\/{rel}","templated":true}]}}