{"id":10446,"date":"2023-01-05T00:12:58","date_gmt":"2023-01-04T23:12:58","guid":{"rendered":"https:\/\/malenki.net\/product\/blow-up-metoo\/"},"modified":"2025-10-20T18:46:25","modified_gmt":"2025-10-20T16:46:25","slug":"blow-up-metoo","status":"publish","type":"product","link":"https:\/\/malenki.net\/de\/produkt\/blow-up-metoo\/","title":{"rendered":"BLOW-UP (#MeToo)"},"content":{"rendered":"<p>In <em>BLOW-UP (#MeToo)<\/em> wirft die K\u00fcnstlerin und Kunsthistorikerin Claudia Christoffel einen zeitgen\u00f6ssischen Blick auf Antonionis vielzitierten Film von 1967.<br \/>\nIndem sie den Dialog der Einf\u00fchrungsszene zwischen dem Fotografen und dem Modell in der Schriftart des Films wiedergibt, thematisiert sie die erniedrigende Perspektive und entw\u00fcrdigende Sprache, die die Filmfigur des Fotografen in einer eigentlich als professionell konzipierten Arbeitssituation verwendet.<br \/>\nSp\u00e4testens seit MeToo wird die geschlechtsspezifische Machtposition von Produzent*innen und Regisseur*innen in der Film- und Kreativbranche breit diskutiert.<\/p>\n","protected":false},"excerpt":{"rendered":"<p>In BLOW-UP (#MeToo) wirft die K\u00fcnstlerin und Kunsthistorikerin Claudia Christoffel einen zeitgen\u00f6ssischen Blick auf Antonionis vielzitierten Film von 1967. Indem sie den Dialog der Einf\u00fchrungsszene zwischen dem Fotografen und dem Modell in der Schriftart des Films wiedergibt, thematisiert sie die erniedrigende Perspektive und entw\u00fcrdigende Sprache, die die Filmfigur des Fotografen in einer eigentlich als professionell&hellip; <a class=\"more-link\" href=\"https:\/\/malenki.net\/de\/produkt\/blow-up-metoo\/\"><span class=\"screen-reader-text\">BLOW-UP (#MeToo)<\/span> weiterlesen<\/a><\/p>\n","protected":false},"featured_media":10031,"template":"","meta":{"pgc_sgb_lightbox_settings":""},"product_brand":[],"product_cat":[5623],"product_tag":[5823,5824,4066,5818,5817,5075,2035,5582,5612],"class_list":{"0":"post-10446","1":"product","2":"type-product","3":"status-publish","4":"has-post-thumbnail","6":"product_cat-claudia-christoffel-de","7":"product_tag-alexandra-e-jeep-de","8":"product_tag-alexandra-jeep-de","9":"product_tag-bild-und-text","10":"product_tag-christoffel-de","11":"product_tag-claudia-christoffel-de","12":"product_tag-filmisch","13":"product_tag-geschlecht","14":"product_tag-patriarchat","15":"product_tag-sisterhood-de","16":"entry","18":"first","19":"instock","20":"shipping-taxable","21":"purchasable","22":"product-type-simple"},"yoast_head":"<!-- This site is optimized with the Yoast SEO plugin v27.2 - https:\/\/yoast.com\/product\/yoast-seo-wordpress\/ -->\n<title>malenki.net | BLOW-UP (#MeToo) | Claudia Christoffel<\/title>\n<meta name=\"robots\" content=\"index, follow, max-snippet:-1, max-image-preview:large, max-video-preview:-1\" \/>\n<link rel=\"canonical\" href=\"https:\/\/malenki.net\/de\/produkt\/blow-up-metoo\/\" \/>\n<meta property=\"og:locale\" content=\"de_DE\" \/>\n<meta property=\"og:type\" content=\"article\" \/>\n<meta property=\"og:title\" content=\"malenki.net | BLOW-UP (#MeToo) | Claudia Christoffel\" \/>\n<meta property=\"og:description\" content=\"In BLOW-UP (#MeToo) wirft die K\u00fcnstlerin und Kunsthistorikerin Claudia Christoffel einen zeitgen\u00f6ssischen Blick auf Antonionis vielzitierten Film von 1967. Indem sie den Dialog der Einf\u00fchrungsszene zwischen dem Fotografen und dem Modell in der Schriftart des Films wiedergibt, thematisiert sie die erniedrigende Perspektive und entw\u00fcrdigende Sprache, die die Filmfigur des Fotografen in einer eigentlich als professionell&hellip; BLOW-UP (#MeToo) weiterlesen\" \/>\n<meta property=\"og:url\" content=\"https:\/\/malenki.net\/de\/produkt\/blow-up-metoo\/\" \/>\n<meta property=\"og:site_name\" content=\"malenki.net\" \/>\n<meta property=\"article:publisher\" content=\"https:\/\/www.facebook.com\/malenki.editionen\/\" \/>\n<meta property=\"article:modified_time\" content=\"2025-10-20T16:46:25+00:00\" \/>\n<meta property=\"og:image\" content=\"https:\/\/malenki.net\/wp-content\/uploads\/2023\/01\/blow-up-claudia-christoffel-04.jpg\" \/>\n\t<meta property=\"og:image:width\" content=\"1024\" \/>\n\t<meta property=\"og:image:height\" content=\"819\" \/>\n\t<meta property=\"og:image:type\" content=\"image\/jpeg\" \/>\n<meta name=\"twitter:card\" content=\"summary_large_image\" \/>\n<script type=\"application\/ld+json\" class=\"yoast-schema-graph\">{\"@context\":\"https:\/\/schema.org\",\"@graph\":[{\"@type\":\"WebPage\",\"@id\":\"https:\/\/malenki.net\/de\/produkt\/blow-up-metoo\/\",\"url\":\"https:\/\/malenki.net\/de\/produkt\/blow-up-metoo\/\",\"name\":\"malenki.net | BLOW-UP (#MeToo) | Claudia Christoffel\",\"isPartOf\":{\"@id\":\"https:\/\/malenki.net\/de\/#website\"},\"primaryImageOfPage\":{\"@id\":\"https:\/\/malenki.net\/de\/produkt\/blow-up-metoo\/#primaryimage\"},\"image\":{\"@id\":\"https:\/\/malenki.net\/de\/produkt\/blow-up-metoo\/#primaryimage\"},\"thumbnailUrl\":\"https:\/\/malenki.net\/wp-content\/uploads\/2023\/01\/blow-up-claudia-christoffel-04.jpg\",\"datePublished\":\"2023-01-04T23:12:58+00:00\",\"dateModified\":\"2025-10-20T16:46:25+00:00\",\"breadcrumb\":{\"@id\":\"https:\/\/malenki.net\/de\/produkt\/blow-up-metoo\/#breadcrumb\"},\"inLanguage\":\"de\",\"potentialAction\":[{\"@type\":\"ReadAction\",\"target\":[\"https:\/\/malenki.net\/de\/produkt\/blow-up-metoo\/\"]}]},{\"@type\":\"ImageObject\",\"inLanguage\":\"de\",\"@id\":\"https:\/\/malenki.net\/de\/produkt\/blow-up-metoo\/#primaryimage\",\"url\":\"https:\/\/malenki.net\/wp-content\/uploads\/2023\/01\/blow-up-claudia-christoffel-04.jpg\",\"contentUrl\":\"https:\/\/malenki.net\/wp-content\/uploads\/2023\/01\/blow-up-claudia-christoffel-04.jpg\",\"width\":1024,\"height\":819,\"caption\":\"BLOW-UP (#MeToo) \u2014 Claudia Christoffel\"},{\"@type\":\"BreadcrumbList\",\"@id\":\"https:\/\/malenki.net\/de\/produkt\/blow-up-metoo\/#breadcrumb\",\"itemListElement\":[{\"@type\":\"ListItem\",\"position\":1,\"name\":\"Home\",\"item\":\"https:\/\/malenki.net\/de\/\"},{\"@type\":\"ListItem\",\"position\":2,\"name\":\"Editionen\",\"item\":\"https:\/\/malenki.net\/de\/\"},{\"@type\":\"ListItem\",\"position\":3,\"name\":\"BLOW-UP (#MeToo)\"}]},{\"@type\":\"WebSite\",\"@id\":\"https:\/\/malenki.net\/de\/#website\",\"url\":\"https:\/\/malenki.net\/de\/\",\"name\":\"malenki.net\",\"description\":\"Fotografie Editionen\",\"publisher\":{\"@id\":\"https:\/\/malenki.net\/de\/#organization\"},\"potentialAction\":[{\"@type\":\"SearchAction\",\"target\":{\"@type\":\"EntryPoint\",\"urlTemplate\":\"https:\/\/malenki.net\/de\/?s={search_term_string}\"},\"query-input\":{\"@type\":\"PropertyValueSpecification\",\"valueRequired\":true,\"valueName\":\"search_term_string\"}}],\"inLanguage\":\"de\"},{\"@type\":\"Organization\",\"@id\":\"https:\/\/malenki.net\/de\/#organization\",\"name\":\"malenki.net\",\"url\":\"https:\/\/malenki.net\/de\/\",\"logo\":{\"@type\":\"ImageObject\",\"inLanguage\":\"de\",\"@id\":\"https:\/\/malenki.net\/de\/#\/schema\/logo\/image\/\",\"url\":\"https:\/\/malenki.net\/wp-content\/uploads\/2023\/03\/malenki-logo-2019.gif\",\"contentUrl\":\"https:\/\/malenki.net\/wp-content\/uploads\/2023\/03\/malenki-logo-2019.gif\",\"width\":524,\"height\":138,\"caption\":\"malenki.net\"},\"image\":{\"@id\":\"https:\/\/malenki.net\/de\/#\/schema\/logo\/image\/\"},\"sameAs\":[\"https:\/\/www.facebook.com\/malenki.editionen\/\",\"https:\/\/www.instagram.com\/malenkinet\/\"]}]}<\/script>\n<!-- \/ Yoast SEO plugin. -->","yoast_head_json":{"title":"malenki.net | BLOW-UP (#MeToo) | Claudia Christoffel","robots":{"index":"index","follow":"follow","max-snippet":"max-snippet:-1","max-image-preview":"max-image-preview:large","max-video-preview":"max-video-preview:-1"},"canonical":"https:\/\/malenki.net\/de\/produkt\/blow-up-metoo\/","og_locale":"de_DE","og_type":"article","og_title":"malenki.net | BLOW-UP (#MeToo) | Claudia Christoffel","og_description":"In BLOW-UP (#MeToo) wirft die K\u00fcnstlerin und Kunsthistorikerin Claudia Christoffel einen zeitgen\u00f6ssischen Blick auf Antonionis vielzitierten Film von 1967. Indem sie den Dialog der Einf\u00fchrungsszene zwischen dem Fotografen und dem Modell in der Schriftart des Films wiedergibt, thematisiert sie die erniedrigende Perspektive und entw\u00fcrdigende Sprache, die die Filmfigur des Fotografen in einer eigentlich als professionell&hellip; BLOW-UP (#MeToo) weiterlesen","og_url":"https:\/\/malenki.net\/de\/produkt\/blow-up-metoo\/","og_site_name":"malenki.net","article_publisher":"https:\/\/www.facebook.com\/malenki.editionen\/","article_modified_time":"2025-10-20T16:46:25+00:00","og_image":[{"width":1024,"height":819,"url":"https:\/\/malenki.net\/wp-content\/uploads\/2023\/01\/blow-up-claudia-christoffel-04.jpg","type":"image\/jpeg"}],"twitter_card":"summary_large_image","schema":{"@context":"https:\/\/schema.org","@graph":[{"@type":"WebPage","@id":"https:\/\/malenki.net\/de\/produkt\/blow-up-metoo\/","url":"https:\/\/malenki.net\/de\/produkt\/blow-up-metoo\/","name":"malenki.net | BLOW-UP (#MeToo) | Claudia Christoffel","isPartOf":{"@id":"https:\/\/malenki.net\/de\/#website"},"primaryImageOfPage":{"@id":"https:\/\/malenki.net\/de\/produkt\/blow-up-metoo\/#primaryimage"},"image":{"@id":"https:\/\/malenki.net\/de\/produkt\/blow-up-metoo\/#primaryimage"},"thumbnailUrl":"https:\/\/malenki.net\/wp-content\/uploads\/2023\/01\/blow-up-claudia-christoffel-04.jpg","datePublished":"2023-01-04T23:12:58+00:00","dateModified":"2025-10-20T16:46:25+00:00","breadcrumb":{"@id":"https:\/\/malenki.net\/de\/produkt\/blow-up-metoo\/#breadcrumb"},"inLanguage":"de","potentialAction":[{"@type":"ReadAction","target":["https:\/\/malenki.net\/de\/produkt\/blow-up-metoo\/"]}]},{"@type":"ImageObject","inLanguage":"de","@id":"https:\/\/malenki.net\/de\/produkt\/blow-up-metoo\/#primaryimage","url":"https:\/\/malenki.net\/wp-content\/uploads\/2023\/01\/blow-up-claudia-christoffel-04.jpg","contentUrl":"https:\/\/malenki.net\/wp-content\/uploads\/2023\/01\/blow-up-claudia-christoffel-04.jpg","width":1024,"height":819,"caption":"BLOW-UP (#MeToo) \u2014 Claudia Christoffel"},{"@type":"BreadcrumbList","@id":"https:\/\/malenki.net\/de\/produkt\/blow-up-metoo\/#breadcrumb","itemListElement":[{"@type":"ListItem","position":1,"name":"Home","item":"https:\/\/malenki.net\/de\/"},{"@type":"ListItem","position":2,"name":"Editionen","item":"https:\/\/malenki.net\/de\/"},{"@type":"ListItem","position":3,"name":"BLOW-UP (#MeToo)"}]},{"@type":"WebSite","@id":"https:\/\/malenki.net\/de\/#website","url":"https:\/\/malenki.net\/de\/","name":"malenki.net","description":"Fotografie Editionen","publisher":{"@id":"https:\/\/malenki.net\/de\/#organization"},"potentialAction":[{"@type":"SearchAction","target":{"@type":"EntryPoint","urlTemplate":"https:\/\/malenki.net\/de\/?s={search_term_string}"},"query-input":{"@type":"PropertyValueSpecification","valueRequired":true,"valueName":"search_term_string"}}],"inLanguage":"de"},{"@type":"Organization","@id":"https:\/\/malenki.net\/de\/#organization","name":"malenki.net","url":"https:\/\/malenki.net\/de\/","logo":{"@type":"ImageObject","inLanguage":"de","@id":"https:\/\/malenki.net\/de\/#\/schema\/logo\/image\/","url":"https:\/\/malenki.net\/wp-content\/uploads\/2023\/03\/malenki-logo-2019.gif","contentUrl":"https:\/\/malenki.net\/wp-content\/uploads\/2023\/03\/malenki-logo-2019.gif","width":524,"height":138,"caption":"malenki.net"},"image":{"@id":"https:\/\/malenki.net\/de\/#\/schema\/logo\/image\/"},"sameAs":["https:\/\/www.facebook.com\/malenki.editionen\/","https:\/\/www.instagram.com\/malenkinet\/"]}]}},"wps_subtitle":"Claudia Christoffel","_links":{"self":[{"href":"https:\/\/malenki.net\/de\/wp-json\/wp\/v2\/product\/10446","targetHints":{"allow":["GET"]}}],"collection":[{"href":"https:\/\/malenki.net\/de\/wp-json\/wp\/v2\/product"}],"about":[{"href":"https:\/\/malenki.net\/de\/wp-json\/wp\/v2\/types\/product"}],"wp:featuredmedia":[{"embeddable":true,"href":"https:\/\/malenki.net\/de\/wp-json\/wp\/v2\/media\/10031"}],"wp:attachment":[{"href":"https:\/\/malenki.net\/de\/wp-json\/wp\/v2\/media?parent=10446"}],"wp:term":[{"taxonomy":"product_brand","embeddable":true,"href":"https:\/\/malenki.net\/de\/wp-json\/wp\/v2\/product_brand?post=10446"},{"taxonomy":"product_cat","embeddable":true,"href":"https:\/\/malenki.net\/de\/wp-json\/wp\/v2\/product_cat?post=10446"},{"taxonomy":"product_tag","embeddable":true,"href":"https:\/\/malenki.net\/de\/wp-json\/wp\/v2\/product_tag?post=10446"}],"curies":[{"name":"wp","href":"https:\/\/api.w.org\/{rel}","templated":true}]}}