{"id":10357,"date":"2023-09-22T22:09:00","date_gmt":"2023-09-22T20:09:00","guid":{"rendered":"https:\/\/malenki.net\/product\/hristina-tasheva-far-away-from-home\/"},"modified":"2026-03-29T18:44:32","modified_gmt":"2026-03-29T16:44:32","slug":"hristina-tasheva-far-away-from-home","status":"publish","type":"product","link":"https:\/\/malenki.net\/de\/produkt\/hristina-tasheva-far-away-from-home\/","title":{"rendered":"Far away from home: the voices, the body and the periphery"},"content":{"rendered":"<p>\u201eAlle Utopien sind deprimierend, weil sie dem Zufall, der Differenz und denen, die \u201aanders\u2018 sind, keinen Raum lassen. Alles ist geordnet, Ordnung herrscht. Hinter jeder Utopie verbirgt sich ein gro\u00dfartiger taxonomischer Entwurf: ein Platz f\u00fcr alles und alles an seinem Ort.&#8220; (Georges Perec, Thoughts of Sort \/ Eigene \u00dcbersetzung)<\/p>\n<p>Zwischen den Seiten jedes Buches ist eine Blume platziert, die w\u00e4hrend Hristina Tashevas Besuchen in den KZ-Gedenkst\u00e4tten Dachau und Mauthausen gesammelt wurde.<\/p>\n","protected":false},"excerpt":{"rendered":"<p>Zwischen den Seiten jedes Buches befindet sich eine Blume, die Hristina Tasheva bei ihren Besuchen in den KZ-Gedenkst\u00e4tten Dachau und Mauthausen gesammelt hat.<\/p>\n<p>Diese Ver\u00f6ffentlichung wurde dank eines finanziellen Beitrags des Mondriaan Fund, des Jaap Harten Fund und des Elisabeth Vermaat M\u00fcller Fund erm\u00f6glicht, die vom Prince Bernhard Cultuurfonds verwaltet werden.<\/p>\n","protected":false},"featured_media":10346,"template":"","meta":{"pgc_sgb_lightbox_settings":""},"product_brand":[],"product_cat":[3353],"product_tag":[4066,1492,5764,5771,3928,3354,4705,3355,4384,4777],"class_list":{"0":"post-10357","1":"product","2":"type-product","3":"status-publish","4":"has-post-thumbnail","6":"product_cat-hristina-tasheva-de","7":"product_tag-bild-und-text","8":"product_tag-cold-war-de","9":"product_tag-far-away-de","10":"product_tag-gedenkstatte","11":"product_tag-geschichte","12":"product_tag-hristina-tasheva-de","13":"product_tag-korper-de","14":"product_tag-tasheva-de","15":"product_tag-text-und-bild","16":"product_tag-westliche-gesellschaft","17":"entry","19":"first","20":"instock","21":"shipping-taxable","22":"purchasable","23":"product-type-simple"},"yoast_head":"<!-- This site is optimized with the Yoast SEO plugin v27.2 - https:\/\/yoast.com\/product\/yoast-seo-wordpress\/ -->\n<title>malenki.net | Far away from home: the voices, the body and the periphery | Hristina Tasheva<\/title>\n<meta name=\"description\" content=\"Das Buch &#039;Far away from home: the voices, the body and the periphery&#039; der K\u00fcnstlerin Hristina Tasheva bei malenki.net\" \/>\n<meta name=\"robots\" content=\"index, follow, max-snippet:-1, max-image-preview:large, max-video-preview:-1\" \/>\n<link rel=\"canonical\" href=\"https:\/\/malenki.net\/de\/produkt\/hristina-tasheva-far-away-from-home\/\" \/>\n<meta property=\"og:locale\" content=\"de_DE\" \/>\n<meta property=\"og:type\" content=\"article\" \/>\n<meta property=\"og:title\" content=\"malenki.net | Far away from home: the voices, the body and the periphery | Hristina Tasheva\" \/>\n<meta property=\"og:description\" content=\"Das Buch &#039;Far away from home: the voices, the body and the periphery&#039; der K\u00fcnstlerin Hristina Tasheva bei malenki.net\" \/>\n<meta property=\"og:url\" content=\"https:\/\/malenki.net\/de\/produkt\/hristina-tasheva-far-away-from-home\/\" \/>\n<meta property=\"og:site_name\" content=\"malenki.net\" \/>\n<meta property=\"article:publisher\" content=\"https:\/\/www.facebook.com\/malenki.editionen\/\" \/>\n<meta property=\"article:modified_time\" content=\"2026-03-29T16:44:32+00:00\" \/>\n<meta property=\"og:image\" content=\"https:\/\/malenki.net\/wp-content\/uploads\/2023\/06\/far-away-from-home-hristina-tasheva-01.jpg\" \/>\n\t<meta property=\"og:image:width\" content=\"1024\" \/>\n\t<meta property=\"og:image:height\" content=\"819\" \/>\n\t<meta property=\"og:image:type\" content=\"image\/jpeg\" \/>\n<meta name=\"twitter:card\" content=\"summary_large_image\" \/>\n<script type=\"application\/ld+json\" class=\"yoast-schema-graph\">{\"@context\":\"https:\/\/schema.org\",\"@graph\":[{\"@type\":\"WebPage\",\"@id\":\"https:\/\/malenki.net\/de\/produkt\/hristina-tasheva-far-away-from-home\/\",\"url\":\"https:\/\/malenki.net\/de\/produkt\/hristina-tasheva-far-away-from-home\/\",\"name\":\"malenki.net | Far away from home: the voices, the body and the periphery | Hristina Tasheva\",\"isPartOf\":{\"@id\":\"https:\/\/malenki.net\/de\/#website\"},\"primaryImageOfPage\":{\"@id\":\"https:\/\/malenki.net\/de\/produkt\/hristina-tasheva-far-away-from-home\/#primaryimage\"},\"image\":{\"@id\":\"https:\/\/malenki.net\/de\/produkt\/hristina-tasheva-far-away-from-home\/#primaryimage\"},\"thumbnailUrl\":\"https:\/\/malenki.net\/wp-content\/uploads\/2023\/06\/far-away-from-home-hristina-tasheva-01.jpg\",\"datePublished\":\"2023-09-22T20:09:00+00:00\",\"dateModified\":\"2026-03-29T16:44:32+00:00\",\"description\":\"Das Buch 'Far away from home: the voices, the body and the periphery' der K\u00fcnstlerin Hristina Tasheva bei malenki.net\",\"breadcrumb\":{\"@id\":\"https:\/\/malenki.net\/de\/produkt\/hristina-tasheva-far-away-from-home\/#breadcrumb\"},\"inLanguage\":\"de\",\"potentialAction\":[{\"@type\":\"ReadAction\",\"target\":[\"https:\/\/malenki.net\/de\/produkt\/hristina-tasheva-far-away-from-home\/\"]}]},{\"@type\":\"ImageObject\",\"inLanguage\":\"de\",\"@id\":\"https:\/\/malenki.net\/de\/produkt\/hristina-tasheva-far-away-from-home\/#primaryimage\",\"url\":\"https:\/\/malenki.net\/wp-content\/uploads\/2023\/06\/far-away-from-home-hristina-tasheva-01.jpg\",\"contentUrl\":\"https:\/\/malenki.net\/wp-content\/uploads\/2023\/06\/far-away-from-home-hristina-tasheva-01.jpg\",\"width\":1024,\"height\":819,\"caption\":\"Far away from home: the voices, the body and the periphery \u2014 Hristina Tasheva\"},{\"@type\":\"BreadcrumbList\",\"@id\":\"https:\/\/malenki.net\/de\/produkt\/hristina-tasheva-far-away-from-home\/#breadcrumb\",\"itemListElement\":[{\"@type\":\"ListItem\",\"position\":1,\"name\":\"Home\",\"item\":\"https:\/\/malenki.net\/de\/\"},{\"@type\":\"ListItem\",\"position\":2,\"name\":\"Editionen\",\"item\":\"https:\/\/malenki.net\/de\/\"},{\"@type\":\"ListItem\",\"position\":3,\"name\":\"Far away from home: the voices, the body and the periphery\"}]},{\"@type\":\"WebSite\",\"@id\":\"https:\/\/malenki.net\/de\/#website\",\"url\":\"https:\/\/malenki.net\/de\/\",\"name\":\"malenki.net\",\"description\":\"Fotografie Editionen\",\"publisher\":{\"@id\":\"https:\/\/malenki.net\/de\/#organization\"},\"potentialAction\":[{\"@type\":\"SearchAction\",\"target\":{\"@type\":\"EntryPoint\",\"urlTemplate\":\"https:\/\/malenki.net\/de\/?s={search_term_string}\"},\"query-input\":{\"@type\":\"PropertyValueSpecification\",\"valueRequired\":true,\"valueName\":\"search_term_string\"}}],\"inLanguage\":\"de\"},{\"@type\":\"Organization\",\"@id\":\"https:\/\/malenki.net\/de\/#organization\",\"name\":\"malenki.net\",\"url\":\"https:\/\/malenki.net\/de\/\",\"logo\":{\"@type\":\"ImageObject\",\"inLanguage\":\"de\",\"@id\":\"https:\/\/malenki.net\/de\/#\/schema\/logo\/image\/\",\"url\":\"https:\/\/malenki.net\/wp-content\/uploads\/2023\/03\/malenki-logo-2019.gif\",\"contentUrl\":\"https:\/\/malenki.net\/wp-content\/uploads\/2023\/03\/malenki-logo-2019.gif\",\"width\":524,\"height\":138,\"caption\":\"malenki.net\"},\"image\":{\"@id\":\"https:\/\/malenki.net\/de\/#\/schema\/logo\/image\/\"},\"sameAs\":[\"https:\/\/www.facebook.com\/malenki.editionen\/\",\"https:\/\/www.instagram.com\/malenkinet\/\"]}]}<\/script>\n<!-- \/ Yoast SEO plugin. -->","yoast_head_json":{"title":"malenki.net | Far away from home: the voices, the body and the periphery | Hristina Tasheva","description":"Das Buch 'Far away from home: the voices, the body and the periphery' der K\u00fcnstlerin Hristina Tasheva bei malenki.net","robots":{"index":"index","follow":"follow","max-snippet":"max-snippet:-1","max-image-preview":"max-image-preview:large","max-video-preview":"max-video-preview:-1"},"canonical":"https:\/\/malenki.net\/de\/produkt\/hristina-tasheva-far-away-from-home\/","og_locale":"de_DE","og_type":"article","og_title":"malenki.net | Far away from home: the voices, the body and the periphery | Hristina Tasheva","og_description":"Das Buch 'Far away from home: the voices, the body and the periphery' der K\u00fcnstlerin Hristina Tasheva bei malenki.net","og_url":"https:\/\/malenki.net\/de\/produkt\/hristina-tasheva-far-away-from-home\/","og_site_name":"malenki.net","article_publisher":"https:\/\/www.facebook.com\/malenki.editionen\/","article_modified_time":"2026-03-29T16:44:32+00:00","og_image":[{"width":1024,"height":819,"url":"https:\/\/malenki.net\/wp-content\/uploads\/2023\/06\/far-away-from-home-hristina-tasheva-01.jpg","type":"image\/jpeg"}],"twitter_card":"summary_large_image","schema":{"@context":"https:\/\/schema.org","@graph":[{"@type":"WebPage","@id":"https:\/\/malenki.net\/de\/produkt\/hristina-tasheva-far-away-from-home\/","url":"https:\/\/malenki.net\/de\/produkt\/hristina-tasheva-far-away-from-home\/","name":"malenki.net | Far away from home: the voices, the body and the periphery | Hristina Tasheva","isPartOf":{"@id":"https:\/\/malenki.net\/de\/#website"},"primaryImageOfPage":{"@id":"https:\/\/malenki.net\/de\/produkt\/hristina-tasheva-far-away-from-home\/#primaryimage"},"image":{"@id":"https:\/\/malenki.net\/de\/produkt\/hristina-tasheva-far-away-from-home\/#primaryimage"},"thumbnailUrl":"https:\/\/malenki.net\/wp-content\/uploads\/2023\/06\/far-away-from-home-hristina-tasheva-01.jpg","datePublished":"2023-09-22T20:09:00+00:00","dateModified":"2026-03-29T16:44:32+00:00","description":"Das Buch 'Far away from home: the voices, the body and the periphery' der K\u00fcnstlerin Hristina Tasheva bei malenki.net","breadcrumb":{"@id":"https:\/\/malenki.net\/de\/produkt\/hristina-tasheva-far-away-from-home\/#breadcrumb"},"inLanguage":"de","potentialAction":[{"@type":"ReadAction","target":["https:\/\/malenki.net\/de\/produkt\/hristina-tasheva-far-away-from-home\/"]}]},{"@type":"ImageObject","inLanguage":"de","@id":"https:\/\/malenki.net\/de\/produkt\/hristina-tasheva-far-away-from-home\/#primaryimage","url":"https:\/\/malenki.net\/wp-content\/uploads\/2023\/06\/far-away-from-home-hristina-tasheva-01.jpg","contentUrl":"https:\/\/malenki.net\/wp-content\/uploads\/2023\/06\/far-away-from-home-hristina-tasheva-01.jpg","width":1024,"height":819,"caption":"Far away from home: the voices, the body and the periphery \u2014 Hristina Tasheva"},{"@type":"BreadcrumbList","@id":"https:\/\/malenki.net\/de\/produkt\/hristina-tasheva-far-away-from-home\/#breadcrumb","itemListElement":[{"@type":"ListItem","position":1,"name":"Home","item":"https:\/\/malenki.net\/de\/"},{"@type":"ListItem","position":2,"name":"Editionen","item":"https:\/\/malenki.net\/de\/"},{"@type":"ListItem","position":3,"name":"Far away from home: the voices, the body and the periphery"}]},{"@type":"WebSite","@id":"https:\/\/malenki.net\/de\/#website","url":"https:\/\/malenki.net\/de\/","name":"malenki.net","description":"Fotografie Editionen","publisher":{"@id":"https:\/\/malenki.net\/de\/#organization"},"potentialAction":[{"@type":"SearchAction","target":{"@type":"EntryPoint","urlTemplate":"https:\/\/malenki.net\/de\/?s={search_term_string}"},"query-input":{"@type":"PropertyValueSpecification","valueRequired":true,"valueName":"search_term_string"}}],"inLanguage":"de"},{"@type":"Organization","@id":"https:\/\/malenki.net\/de\/#organization","name":"malenki.net","url":"https:\/\/malenki.net\/de\/","logo":{"@type":"ImageObject","inLanguage":"de","@id":"https:\/\/malenki.net\/de\/#\/schema\/logo\/image\/","url":"https:\/\/malenki.net\/wp-content\/uploads\/2023\/03\/malenki-logo-2019.gif","contentUrl":"https:\/\/malenki.net\/wp-content\/uploads\/2023\/03\/malenki-logo-2019.gif","width":524,"height":138,"caption":"malenki.net"},"image":{"@id":"https:\/\/malenki.net\/de\/#\/schema\/logo\/image\/"},"sameAs":["https:\/\/www.facebook.com\/malenki.editionen\/","https:\/\/www.instagram.com\/malenkinet\/"]}]}},"wps_subtitle":"Hristina Tasheva","_links":{"self":[{"href":"https:\/\/malenki.net\/de\/wp-json\/wp\/v2\/product\/10357","targetHints":{"allow":["GET"]}}],"collection":[{"href":"https:\/\/malenki.net\/de\/wp-json\/wp\/v2\/product"}],"about":[{"href":"https:\/\/malenki.net\/de\/wp-json\/wp\/v2\/types\/product"}],"wp:featuredmedia":[{"embeddable":true,"href":"https:\/\/malenki.net\/de\/wp-json\/wp\/v2\/media\/10346"}],"wp:attachment":[{"href":"https:\/\/malenki.net\/de\/wp-json\/wp\/v2\/media?parent=10357"}],"wp:term":[{"taxonomy":"product_brand","embeddable":true,"href":"https:\/\/malenki.net\/de\/wp-json\/wp\/v2\/product_brand?post=10357"},{"taxonomy":"product_cat","embeddable":true,"href":"https:\/\/malenki.net\/de\/wp-json\/wp\/v2\/product_cat?post=10357"},{"taxonomy":"product_tag","embeddable":true,"href":"https:\/\/malenki.net\/de\/wp-json\/wp\/v2\/product_tag?post=10357"}],"curies":[{"name":"wp","href":"https:\/\/api.w.org\/{rel}","templated":true}]}}