{"id":10284,"date":"2023-07-30T22:43:00","date_gmt":"2023-07-30T20:43:00","guid":{"rendered":"https:\/\/malenki.net\/product\/laura-padgett-open-equations\/"},"modified":"2026-03-29T18:48:28","modified_gmt":"2026-03-29T16:48:28","slug":"laura-padgett-open-equations","status":"publish","type":"product","link":"https:\/\/malenki.net\/de\/produkt\/laura-padgett-open-equations\/","title":{"rendered":"Open Equations"},"content":{"rendered":"<p>In ihrem j\u00fcngsten Werk \u201e<em>Open Equations<\/em>\u201c setzt <a href=\"https:\/\/malenki.net\/de\/produkt-kategorie\/kuenstlerinnen\/laura-j-padgett\/\">Laura J. Padgett<\/a> ihre Erkundung des \u00f6ffentlichen und privaten Raums und der Zwischenr\u00e4ume fort. Die Art und Weise, wie wir unsere Umwelt strukturieren und abgrenzen, ist stets Ausdruck unserer Beziehung zur Gesellschaft und geht mit dem Visuellen einher. In vielen Situationen ersetzt der Blick unsere physische F\u00e4higkeit, einen bestimmten Ort zu betreten.<br \/>\nDas Hauptthema des K\u00fcnstlers bleibt die F\u00e4higkeit der Fotografie, Dinge abzubilden und gleichzeitig konzeptuelle Erz\u00e4hlungen zu f\u00f6rdern, die durch Wahrnehmung erfahrbar werden.<br \/>\nWie verstehen wir Oberfl\u00e4chen und Raum? Wie k\u00f6nnen wir diese komplexen Bedingungen bewusst bew\u00e4ltigen? Das Sichtbare, Linien, Farben, Formen und Strukturen dr\u00fccken auch die Beziehung der Menschen zu ihrer unmittelbaren Umgebung und ihren Lebensbedingungen aus. Die Fotografien erschlie\u00dfen diese R\u00e4ume und machen sie begehbar.<\/p>\n","protected":false},"excerpt":{"rendered":"<p>In ihrem j\u00fcngsten Werk \u201eOpen Equations\u201c setzt Laura J. Padgett ihre Erkundung des \u00f6ffentlichen und privaten Raums und der Zwischenr\u00e4ume fort. Die Art und Weise, wie wir unsere Umwelt strukturieren und abgrenzen, ist stets Ausdruck unserer Beziehung zur Gesellschaft und geht mit dem Visuellen einher. In vielen Situationen ersetzt der Blick unsere physische F\u00e4higkeit, einen&hellip; <a class=\"more-link\" href=\"https:\/\/malenki.net\/de\/produkt\/laura-padgett-open-equations\/\"><span class=\"screen-reader-text\">Open Equations<\/span> weiterlesen<\/a><\/p>\n","protected":false},"featured_media":10241,"template":"","meta":{"pgc_sgb_lightbox_settings":""},"product_brand":[],"product_cat":[2762],"product_tag":[3869,3982,2716,2715,4865,2727,5094,3994],"class_list":{"0":"post-10284","1":"product","2":"type-product","3":"status-publish","4":"has-post-thumbnail","6":"product_cat-laura-j-padgett","7":"product_tag-alltaglich","8":"product_tag-architektur","9":"product_tag-laura-j-padgett-de","10":"product_tag-laura-padgett-de","11":"product_tag-offentlicher-raum","12":"product_tag-padgett-de","13":"product_tag-raum","14":"product_tag-zine-de","15":"entry","17":"first","18":"instock","19":"shipping-taxable","20":"purchasable","21":"product-type-simple"},"yoast_head":"<!-- This site is optimized with the Yoast SEO plugin v27.2 - https:\/\/yoast.com\/product\/yoast-seo-wordpress\/ -->\n<title>malenki.net | Open Equations | Laura J. Padgett<\/title>\n<meta name=\"description\" content=\"In ihrem j\u00fcngsten Werk \u201eOpen Equations\u201c setzt Laura J. Padgett ihre Erkundung des \u00f6ffentlichen und privaten Raums und der Zwischenr\u00e4ume fort.\" \/>\n<meta name=\"robots\" content=\"index, follow, max-snippet:-1, max-image-preview:large, max-video-preview:-1\" \/>\n<link rel=\"canonical\" href=\"https:\/\/malenki.net\/de\/produkt\/laura-padgett-open-equations\/\" \/>\n<meta property=\"og:locale\" content=\"de_DE\" \/>\n<meta property=\"og:type\" content=\"article\" \/>\n<meta property=\"og:title\" content=\"malenki.net | Open Equations | Laura J. Padgett\" \/>\n<meta property=\"og:description\" content=\"In ihrem j\u00fcngsten Werk \u201eOpen Equations\u201c setzt Laura J. Padgett ihre Erkundung des \u00f6ffentlichen und privaten Raums und der Zwischenr\u00e4ume fort.\" \/>\n<meta property=\"og:url\" content=\"https:\/\/malenki.net\/de\/produkt\/laura-padgett-open-equations\/\" \/>\n<meta property=\"og:site_name\" content=\"malenki.net\" \/>\n<meta property=\"article:publisher\" content=\"https:\/\/www.facebook.com\/malenki.editionen\/\" \/>\n<meta property=\"article:modified_time\" content=\"2026-03-29T16:48:28+00:00\" \/>\n<meta property=\"og:image\" content=\"https:\/\/malenki.net\/wp-content\/uploads\/2023\/07\/open-equations-laura-padgett-01.jpg\" \/>\n\t<meta property=\"og:image:width\" content=\"1024\" \/>\n\t<meta property=\"og:image:height\" content=\"819\" \/>\n\t<meta property=\"og:image:type\" content=\"image\/jpeg\" \/>\n<meta name=\"twitter:card\" content=\"summary_large_image\" \/>\n<meta name=\"twitter:label1\" content=\"Gesch\u00e4tzte Lesezeit\" \/>\n\t<meta name=\"twitter:data1\" content=\"1\u00a0Minute\" \/>\n<script type=\"application\/ld+json\" class=\"yoast-schema-graph\">{\"@context\":\"https:\/\/schema.org\",\"@graph\":[{\"@type\":\"WebPage\",\"@id\":\"https:\/\/malenki.net\/de\/produkt\/laura-padgett-open-equations\/\",\"url\":\"https:\/\/malenki.net\/de\/produkt\/laura-padgett-open-equations\/\",\"name\":\"malenki.net | Open Equations | Laura J. Padgett\",\"isPartOf\":{\"@id\":\"https:\/\/malenki.net\/de\/#website\"},\"primaryImageOfPage\":{\"@id\":\"https:\/\/malenki.net\/de\/produkt\/laura-padgett-open-equations\/#primaryimage\"},\"image\":{\"@id\":\"https:\/\/malenki.net\/de\/produkt\/laura-padgett-open-equations\/#primaryimage\"},\"thumbnailUrl\":\"https:\/\/malenki.net\/wp-content\/uploads\/2023\/07\/open-equations-laura-padgett-01.jpg\",\"datePublished\":\"2023-07-30T20:43:00+00:00\",\"dateModified\":\"2026-03-29T16:48:28+00:00\",\"description\":\"In ihrem j\u00fcngsten Werk \u201eOpen Equations\u201c setzt Laura J. Padgett ihre Erkundung des \u00f6ffentlichen und privaten Raums und der Zwischenr\u00e4ume fort.\",\"breadcrumb\":{\"@id\":\"https:\/\/malenki.net\/de\/produkt\/laura-padgett-open-equations\/#breadcrumb\"},\"inLanguage\":\"de\",\"potentialAction\":[{\"@type\":\"ReadAction\",\"target\":[\"https:\/\/malenki.net\/de\/produkt\/laura-padgett-open-equations\/\"]}]},{\"@type\":\"ImageObject\",\"inLanguage\":\"de\",\"@id\":\"https:\/\/malenki.net\/de\/produkt\/laura-padgett-open-equations\/#primaryimage\",\"url\":\"https:\/\/malenki.net\/wp-content\/uploads\/2023\/07\/open-equations-laura-padgett-01.jpg\",\"contentUrl\":\"https:\/\/malenki.net\/wp-content\/uploads\/2023\/07\/open-equations-laura-padgett-01.jpg\",\"width\":1024,\"height\":819,\"caption\":\"Open Equations \u2014 Laura J. Padgett\"},{\"@type\":\"BreadcrumbList\",\"@id\":\"https:\/\/malenki.net\/de\/produkt\/laura-padgett-open-equations\/#breadcrumb\",\"itemListElement\":[{\"@type\":\"ListItem\",\"position\":1,\"name\":\"Home\",\"item\":\"https:\/\/malenki.net\/de\/\"},{\"@type\":\"ListItem\",\"position\":2,\"name\":\"Editionen\",\"item\":\"https:\/\/malenki.net\/de\/\"},{\"@type\":\"ListItem\",\"position\":3,\"name\":\"Open Equations\"}]},{\"@type\":\"WebSite\",\"@id\":\"https:\/\/malenki.net\/de\/#website\",\"url\":\"https:\/\/malenki.net\/de\/\",\"name\":\"malenki.net\",\"description\":\"Fotografie Editionen\",\"publisher\":{\"@id\":\"https:\/\/malenki.net\/de\/#organization\"},\"potentialAction\":[{\"@type\":\"SearchAction\",\"target\":{\"@type\":\"EntryPoint\",\"urlTemplate\":\"https:\/\/malenki.net\/de\/?s={search_term_string}\"},\"query-input\":{\"@type\":\"PropertyValueSpecification\",\"valueRequired\":true,\"valueName\":\"search_term_string\"}}],\"inLanguage\":\"de\"},{\"@type\":\"Organization\",\"@id\":\"https:\/\/malenki.net\/de\/#organization\",\"name\":\"malenki.net\",\"url\":\"https:\/\/malenki.net\/de\/\",\"logo\":{\"@type\":\"ImageObject\",\"inLanguage\":\"de\",\"@id\":\"https:\/\/malenki.net\/de\/#\/schema\/logo\/image\/\",\"url\":\"https:\/\/malenki.net\/wp-content\/uploads\/2023\/03\/malenki-logo-2019.gif\",\"contentUrl\":\"https:\/\/malenki.net\/wp-content\/uploads\/2023\/03\/malenki-logo-2019.gif\",\"width\":524,\"height\":138,\"caption\":\"malenki.net\"},\"image\":{\"@id\":\"https:\/\/malenki.net\/de\/#\/schema\/logo\/image\/\"},\"sameAs\":[\"https:\/\/www.facebook.com\/malenki.editionen\/\",\"https:\/\/www.instagram.com\/malenkinet\/\"]}]}<\/script>\n<!-- \/ Yoast SEO plugin. -->","yoast_head_json":{"title":"malenki.net | Open Equations | Laura J. Padgett","description":"In ihrem j\u00fcngsten Werk \u201eOpen Equations\u201c setzt Laura J. Padgett ihre Erkundung des \u00f6ffentlichen und privaten Raums und der Zwischenr\u00e4ume fort.","robots":{"index":"index","follow":"follow","max-snippet":"max-snippet:-1","max-image-preview":"max-image-preview:large","max-video-preview":"max-video-preview:-1"},"canonical":"https:\/\/malenki.net\/de\/produkt\/laura-padgett-open-equations\/","og_locale":"de_DE","og_type":"article","og_title":"malenki.net | Open Equations | Laura J. Padgett","og_description":"In ihrem j\u00fcngsten Werk \u201eOpen Equations\u201c setzt Laura J. Padgett ihre Erkundung des \u00f6ffentlichen und privaten Raums und der Zwischenr\u00e4ume fort.","og_url":"https:\/\/malenki.net\/de\/produkt\/laura-padgett-open-equations\/","og_site_name":"malenki.net","article_publisher":"https:\/\/www.facebook.com\/malenki.editionen\/","article_modified_time":"2026-03-29T16:48:28+00:00","og_image":[{"width":1024,"height":819,"url":"https:\/\/malenki.net\/wp-content\/uploads\/2023\/07\/open-equations-laura-padgett-01.jpg","type":"image\/jpeg"}],"twitter_card":"summary_large_image","twitter_misc":{"Gesch\u00e4tzte Lesezeit":"1\u00a0Minute"},"schema":{"@context":"https:\/\/schema.org","@graph":[{"@type":"WebPage","@id":"https:\/\/malenki.net\/de\/produkt\/laura-padgett-open-equations\/","url":"https:\/\/malenki.net\/de\/produkt\/laura-padgett-open-equations\/","name":"malenki.net | Open Equations | Laura J. Padgett","isPartOf":{"@id":"https:\/\/malenki.net\/de\/#website"},"primaryImageOfPage":{"@id":"https:\/\/malenki.net\/de\/produkt\/laura-padgett-open-equations\/#primaryimage"},"image":{"@id":"https:\/\/malenki.net\/de\/produkt\/laura-padgett-open-equations\/#primaryimage"},"thumbnailUrl":"https:\/\/malenki.net\/wp-content\/uploads\/2023\/07\/open-equations-laura-padgett-01.jpg","datePublished":"2023-07-30T20:43:00+00:00","dateModified":"2026-03-29T16:48:28+00:00","description":"In ihrem j\u00fcngsten Werk \u201eOpen Equations\u201c setzt Laura J. Padgett ihre Erkundung des \u00f6ffentlichen und privaten Raums und der Zwischenr\u00e4ume fort.","breadcrumb":{"@id":"https:\/\/malenki.net\/de\/produkt\/laura-padgett-open-equations\/#breadcrumb"},"inLanguage":"de","potentialAction":[{"@type":"ReadAction","target":["https:\/\/malenki.net\/de\/produkt\/laura-padgett-open-equations\/"]}]},{"@type":"ImageObject","inLanguage":"de","@id":"https:\/\/malenki.net\/de\/produkt\/laura-padgett-open-equations\/#primaryimage","url":"https:\/\/malenki.net\/wp-content\/uploads\/2023\/07\/open-equations-laura-padgett-01.jpg","contentUrl":"https:\/\/malenki.net\/wp-content\/uploads\/2023\/07\/open-equations-laura-padgett-01.jpg","width":1024,"height":819,"caption":"Open Equations \u2014 Laura J. Padgett"},{"@type":"BreadcrumbList","@id":"https:\/\/malenki.net\/de\/produkt\/laura-padgett-open-equations\/#breadcrumb","itemListElement":[{"@type":"ListItem","position":1,"name":"Home","item":"https:\/\/malenki.net\/de\/"},{"@type":"ListItem","position":2,"name":"Editionen","item":"https:\/\/malenki.net\/de\/"},{"@type":"ListItem","position":3,"name":"Open Equations"}]},{"@type":"WebSite","@id":"https:\/\/malenki.net\/de\/#website","url":"https:\/\/malenki.net\/de\/","name":"malenki.net","description":"Fotografie Editionen","publisher":{"@id":"https:\/\/malenki.net\/de\/#organization"},"potentialAction":[{"@type":"SearchAction","target":{"@type":"EntryPoint","urlTemplate":"https:\/\/malenki.net\/de\/?s={search_term_string}"},"query-input":{"@type":"PropertyValueSpecification","valueRequired":true,"valueName":"search_term_string"}}],"inLanguage":"de"},{"@type":"Organization","@id":"https:\/\/malenki.net\/de\/#organization","name":"malenki.net","url":"https:\/\/malenki.net\/de\/","logo":{"@type":"ImageObject","inLanguage":"de","@id":"https:\/\/malenki.net\/de\/#\/schema\/logo\/image\/","url":"https:\/\/malenki.net\/wp-content\/uploads\/2023\/03\/malenki-logo-2019.gif","contentUrl":"https:\/\/malenki.net\/wp-content\/uploads\/2023\/03\/malenki-logo-2019.gif","width":524,"height":138,"caption":"malenki.net"},"image":{"@id":"https:\/\/malenki.net\/de\/#\/schema\/logo\/image\/"},"sameAs":["https:\/\/www.facebook.com\/malenki.editionen\/","https:\/\/www.instagram.com\/malenkinet\/"]}]}},"wps_subtitle":"Laura J. Padgett","_links":{"self":[{"href":"https:\/\/malenki.net\/de\/wp-json\/wp\/v2\/product\/10284","targetHints":{"allow":["GET"]}}],"collection":[{"href":"https:\/\/malenki.net\/de\/wp-json\/wp\/v2\/product"}],"about":[{"href":"https:\/\/malenki.net\/de\/wp-json\/wp\/v2\/types\/product"}],"wp:featuredmedia":[{"embeddable":true,"href":"https:\/\/malenki.net\/de\/wp-json\/wp\/v2\/media\/10241"}],"wp:attachment":[{"href":"https:\/\/malenki.net\/de\/wp-json\/wp\/v2\/media?parent=10284"}],"wp:term":[{"taxonomy":"product_brand","embeddable":true,"href":"https:\/\/malenki.net\/de\/wp-json\/wp\/v2\/product_brand?post=10284"},{"taxonomy":"product_cat","embeddable":true,"href":"https:\/\/malenki.net\/de\/wp-json\/wp\/v2\/product_cat?post=10284"},{"taxonomy":"product_tag","embeddable":true,"href":"https:\/\/malenki.net\/de\/wp-json\/wp\/v2\/product_tag?post=10284"}],"curies":[{"name":"wp","href":"https:\/\/api.w.org\/{rel}","templated":true}]}}