{"id":8510,"date":"2020-07-26T21:44:42","date_gmt":"2020-07-26T19:44:42","guid":{"rendered":"https:\/\/malenki.net\/?page_id=8510"},"modified":"2025-11-17T19:28:20","modified_gmt":"2025-11-17T18:28:20","slug":"gespraeche-vortraege-selfpublishing","status":"publish","type":"page","link":"https:\/\/malenki.net\/de\/vor-ort\/gespraeche-vortraege-selfpublishing\/","title":{"rendered":"talks and lectures on malenki.net and independent publishing within the arts"},"content":{"rendered":"\n<div class=\"wp-block-columns is-layout-flex wp-container-core-columns-is-layout-9d6595d7 wp-block-columns-is-layout-flex\">\n<div class=\"wp-block-column is-layout-flow wp-block-column-is-layout-flow\">\n<div class=\"wp-block-columns is-layout-flex wp-container-core-columns-is-layout-9d6595d7 wp-block-columns-is-layout-flex\">\n<div class=\"wp-block-column is-layout-flow wp-block-column-is-layout-flow\">\n<figure class=\"wp-block-gallery has-nested-images columns-default is-cropped wp-block-gallery-2 is-layout-flex wp-block-gallery-is-layout-flex\">\n<figure class=\"wp-block-image size-large\"><img loading=\"lazy\" decoding=\"async\" width=\"1000\" height=\"667\" data-id=\"8427\" src=\"https:\/\/malenki.net\/wp-content\/uploads\/2020\/07\/2018_TallinArtAcademy_A.jpg\" alt=\"\" class=\"wp-image-8427\"\/><figcaption class=\"wp-element-caption\">Atelierbesuch der Estnischen Kunstakademie, Tallinn, 2018. \u00a9 protected <\/figcaption><\/figure>\n\n\n\n<figure class=\"wp-block-image size-large\"><img loading=\"lazy\" decoding=\"async\" width=\"850\" height=\"567\" data-id=\"8429\" src=\"https:\/\/malenki.net\/wp-content\/uploads\/2020\/07\/2018_TallinArtAcademy_B.jpg\" alt=\"\" class=\"wp-image-8429\"\/><figcaption class=\"wp-element-caption\">Atelierbesuch der Estnischen Kunstakademie, Tallinn, 2018. \u00a9 protected <\/figcaption><\/figure>\n\n\n\n<figure class=\"wp-block-image size-large\"><img loading=\"lazy\" decoding=\"async\" width=\"2560\" height=\"1920\" data-id=\"8421\" src=\"https:\/\/malenki.net\/wp-content\/uploads\/2020\/07\/2017_LUCA_BRX02-scaled.jpg\" alt=\"\" class=\"wp-image-8421\"\/><figcaption class=\"wp-element-caption\">Vortrag an der LUCA, School of Arts, Br\u00fcssel \u00a9 gesch\u00fctzt<br\/><\/figcaption><\/figure>\n\n\n\n<figure class=\"wp-block-image size-large\"><img loading=\"lazy\" decoding=\"async\" width=\"2560\" height=\"1920\" data-id=\"8419\" src=\"https:\/\/malenki.net\/wp-content\/uploads\/2020\/07\/2017_LUCA_BRX01-scaled.jpg\" alt=\"\" class=\"wp-image-8419\"\/><figcaption class=\"wp-element-caption\">Vortrag an der LUCA, School of Arts, Br\u00fcssel \u00a9 gesch\u00fctzt<br\/><\/figcaption><\/figure>\n\n\n\n<figure class=\"wp-block-image size-large\"><img loading=\"lazy\" decoding=\"async\" width=\"540\" height=\"539\" data-id=\"8425\" src=\"https:\/\/malenki.net\/wp-content\/uploads\/2020\/07\/2017_PhotoBookSalon_Ddorf.jpg\" alt=\"\" class=\"wp-image-8425\" srcset=\"https:\/\/malenki.net\/wp-content\/uploads\/2020\/07\/2017_PhotoBookSalon_Ddorf.jpg 540w, https:\/\/malenki.net\/wp-content\/uploads\/2020\/07\/2017_PhotoBookSalon_Ddorf-100x100.jpg 100w, https:\/\/malenki.net\/wp-content\/uploads\/2020\/07\/2017_PhotoBookSalon_Ddorf-150x150.jpg 150w, https:\/\/malenki.net\/wp-content\/uploads\/2020\/07\/2017_PhotoBookSalon_Ddorf-200x200.jpg 200w\" sizes=\"auto, (max-width: 540px) 100vw, 540px\" \/><figcaption class=\"wp-element-caption\">Vortrag an der Hochschule D\u00fcsseldorf w\u00e4hrend der Photo D\u00fcsseldorf \u00a9 gesch\u00fctzt<\/figcaption><\/figure>\n\n\n\n<figure class=\"wp-block-image size-large\"><img loading=\"lazy\" decoding=\"async\" width=\"540\" height=\"541\" data-id=\"8433\" src=\"https:\/\/malenki.net\/wp-content\/uploads\/2020\/07\/Bildschirmfoto-2020-06-30-um-14.52.25.png\" alt=\"Vortrag &#xFC;ber self publishing und malenki.net\" class=\"wp-image-8433\" srcset=\"https:\/\/malenki.net\/wp-content\/uploads\/2020\/07\/Bildschirmfoto-2020-06-30-um-14.52.25.png 540w, https:\/\/malenki.net\/wp-content\/uploads\/2020\/07\/Bildschirmfoto-2020-06-30-um-14.52.25-100x100.png 100w, https:\/\/malenki.net\/wp-content\/uploads\/2020\/07\/Bildschirmfoto-2020-06-30-um-14.52.25-150x150.png 150w, https:\/\/malenki.net\/wp-content\/uploads\/2020\/07\/Bildschirmfoto-2020-06-30-um-14.52.25-200x200.png 200w\" sizes=\"auto, (max-width: 540px) 100vw, 540px\" \/><figcaption class=\"wp-element-caption\">Presentation at L\u2019\u00c9cole sup\u00e9rieure des arts Le 75, Brussels \u00a9 protected<\/figcaption><\/figure>\n\n\n\n<figure class=\"wp-block-image size-large\"><img loading=\"lazy\" decoding=\"async\" width=\"1634\" height=\"1080\" data-id=\"9824\" src=\"https:\/\/malenki.net\/wp-content\/uploads\/2022\/09\/RollingPaper4.jpg\" alt=\"\" class=\"wp-image-9824\" srcset=\"https:\/\/malenki.net\/wp-content\/uploads\/2022\/09\/RollingPaper4.jpg 1634w, https:\/\/malenki.net\/wp-content\/uploads\/2022\/09\/RollingPaper4-800x529.jpg 800w\" sizes=\"auto, (max-width: 1634px) 100vw, 1634px\" \/><figcaption class=\"wp-element-caption\">Rolling Paper #4 &#8211; Festival de l&#8217;\u00e9dition photo ind\u00e9pendante mit einer Pr\u00e4sentation von Luise Schroeder und einer Buchvorstellung von Guillaume Greff.<\/figcaption><\/figure>\n\n\n\n<figure class=\"wp-block-image size-large\"><img loading=\"lazy\" decoding=\"async\" width=\"960\" height=\"720\" data-id=\"8417\" src=\"https:\/\/malenki.net\/wp-content\/uploads\/2020\/07\/2016_Antwerp_ArtAcademy.jpg\" alt=\"\" class=\"wp-image-8417\"\/><figcaption class=\"wp-element-caption\">Pr\u00e4sentation bei der Artesia Plantijn Hogeschool, Antwerpen \u00a9 gesch\u00fctzt<\/figcaption><\/figure>\n\n\n\n<figure class=\"wp-block-image size-large\"><img loading=\"lazy\" decoding=\"async\" width=\"1440\" height=\"900\" data-id=\"8431\" src=\"https:\/\/malenki.net\/wp-content\/uploads\/2020\/07\/2020_malenki_at_fruit.jpg\" alt=\"\" class=\"wp-image-8431\"\/><figcaption class=\"wp-element-caption\">Pr\u00e4sentation w\u00e4hrend der FRUIT Virtual Market 2020 \u00a9 gesch\u00fctzt<\/figcaption><\/figure>\n<\/figure>\n<\/div>\n\n\n\n<div class=\"wp-block-column is-layout-flow wp-block-column-is-layout-flow\">\n<p>Wir werden regelm\u00e4\u00dfig von Bildungs- und Kultureinrichtungen sowie Initiativen eingeladen, Vortr\u00e4ge und Workshops zu den Themen unabh\u00e4ngiges Publizieren und Selbstver\u00f6ffentlichung zu halten, unsere K\u00fcnstlerinitiative malenki.net vorzustellen und (Foto-)Buch-Dummys sowie Portfolios von Kollegen und Fotobegeisterten zu begutachten. Bisher haben wir unter anderem mit folgenden Institutionen zusammengearbeitet: <\/p>\n\n\n\n<p><a href=\"https:\/\/www.ap.be\/\" target=\"_blank\" rel=\"noreferrer noopener\">Artesia Plantijn Hogeschool, Antwerp<\/a><br\/><a href=\"https:\/\/www.luca-arts.be\/en\" target=\"_blank\" rel=\"noreferrer noopener nofollow\">LUCA, School of Arts, Brussels<\/a><br\/><a href=\"https:\/\/www.artun.ee\/en\/home\/\" target=\"_blank\" rel=\"noreferrer noopener\">Estonian Academy of Arts, Tallinn<\/a><br\/>Advanced Master of Research in Art and Design, <a href=\"https:\/\/www.sintlucasantwerpen.be\/\" target=\"_blank\" rel=\"noreferrer noopener\">Sint Lucas, Antwerp<\/a><br\/><a href=\"https:\/\/www.facebook.com\/pages\/Ecole-sup%C3%A9rieure-des-arts-de-limage-Le-75\/102077519833673\" target=\"_blank\" rel=\"noreferrer noopener\">L\u2019\u00c9cole sup\u00e9rieure des arts Le 75, Brussels<\/a><br\/><a href=\"https:\/\/www.merz-akademie.de\/\" target=\"_blank\" rel=\"noreferrer noopener\">Merz Akademie, Stuttgart<\/a><br\/><a href=\"https:\/\/www.youtube.com\/watch?v=emS1rrLcPP0&amp;t=942s\" target=\"_blank\" rel=\"noreferrer noopener\">Fruit 8 &#8211; Virtual Market &#8211; organized by Fruit Exhibition<\/a><br\/><a href=\"https:\/\/www.f2fotofestival.de\/\" target=\"_blank\" rel=\"noreferrer noopener\">f2 Fotofestival Dortmund<\/a><\/p>\n\n\n\n<p>Bitte nehmen Sie Kontakt mit uns auf! Wir freuen uns auf Ihre Anfrage: malenki@malenki.net <\/p>\n\n\n<nav class=\"is-responsive items-justified-left is-vertical wp-block-navigation is-content-justification-left is-layout-flex wp-container-core-navigation-is-layout-aacc3761 wp-block-navigation-is-layout-flex\" aria-label=\"on site\" \n\t\t data-wp-interactive=\"core\/navigation\" data-wp-context='{\"overlayOpenedBy\":{\"click\":false,\"hover\":false,\"focus\":false},\"type\":\"overlay\",\"roleAttribute\":\"\",\"ariaLabel\":\"Men\\u00fc\"}'><button aria-haspopup=\"dialog\" aria-label=\"Men\u00fc \u00f6ffnen\" class=\"wp-block-navigation__responsive-container-open\" \n\t\t\t\tdata-wp-on--click=\"actions.openMenuOnClick\"\n\t\t\t\tdata-wp-on--keydown=\"actions.handleMenuKeydown\"\n\t\t\t><svg width=\"24\" height=\"24\" xmlns=\"http:\/\/www.w3.org\/2000\/svg\" viewBox=\"0 0 24 24\" aria-hidden=\"true\" focusable=\"false\"><path d=\"M4 7.5h16v1.5H4z\"><\/path><path d=\"M4 15h16v1.5H4z\"><\/path><\/svg><\/button>\n\t\t\t\t<div class=\"wp-block-navigation__responsive-container\"  id=\"modal-3\" \n\t\t\t\tdata-wp-class--has-modal-open=\"state.isMenuOpen\"\n\t\t\t\tdata-wp-class--is-menu-open=\"state.isMenuOpen\"\n\t\t\t\tdata-wp-watch=\"callbacks.initMenu\"\n\t\t\t\tdata-wp-on--keydown=\"actions.handleMenuKeydown\"\n\t\t\t\tdata-wp-on--focusout=\"actions.handleMenuFocusout\"\n\t\t\t\ttabindex=\"-1\"\n\t\t\t>\n\t\t\t\t\t<div class=\"wp-block-navigation__responsive-close\" tabindex=\"-1\">\n\t\t\t\t\t\t<div class=\"wp-block-navigation__responsive-dialog\" \n\t\t\t\tdata-wp-bind--aria-modal=\"state.ariaModal\"\n\t\t\t\tdata-wp-bind--aria-label=\"state.ariaLabel\"\n\t\t\t\tdata-wp-bind--role=\"state.roleAttribute\"\n\t\t\t>\n\t\t\t\t\t\t\t<button aria-label=\"Men\u00fc schlie\u00dfen\" class=\"wp-block-navigation__responsive-container-close\" \n\t\t\t\tdata-wp-on--click=\"actions.closeMenuOnClick\"\n\t\t\t><svg xmlns=\"http:\/\/www.w3.org\/2000\/svg\" viewBox=\"0 0 24 24\" width=\"24\" height=\"24\" aria-hidden=\"true\" focusable=\"false\"><path d=\"m13.06 12 6.47-6.47-1.06-1.06L12 10.94 5.53 4.47 4.47 5.53 10.94 12l-6.47 6.47 1.06 1.06L12 13.06l6.47 6.47 1.06-1.06L13.06 12Z\"><\/path><\/svg><\/button>\n\t\t\t\t\t\t\t<div class=\"wp-block-navigation__responsive-container-content\" \n\t\t\t\tdata-wp-watch=\"callbacks.focusFirstElement\"\n\t\t\t id=\"modal-3-content\">\n\t\t\t\t\t\t\t\t<ul class=\"wp-block-navigation__container is-responsive items-justified-left is-vertical wp-block-navigation\"><li class=\" wp-block-navigation-item wp-block-navigation-link\"><a class=\"wp-block-navigation-item__content\"  href=\"https:\/\/malenki.net\/on-site\/tique-salon-antwerp\/\"><span class=\"wp-block-navigation-item__label\">DIALOGUE \u2014 Tique Salon<\/span><\/a><\/li><li class=\" wp-block-navigation-item wp-block-navigation-link\"><a class=\"wp-block-navigation-item__content\"  href=\"https:\/\/malenki.net\/on-site\/malenki-net-tique-art-space-antwerp\/\"><span class=\"wp-block-navigation-item__label\">DISPLAY \/ DIALOGUE \u2014 malenki.NET #1<\/span><\/a><\/li><li class=\" wp-block-navigation-item wp-block-navigation-link\"><a class=\"wp-block-navigation-item__content\"  href=\"https:\/\/malenki.net\/on-site\/kijk-papers-warte-kunst\/\"><span class=\"wp-block-navigation-item__label\">DISPLAY \/ DIALOGUE \u2014 kijk:papers 2015<\/span><\/a><\/li><li class=\" wp-block-navigation-item wp-block-navigation-link\"><a class=\"wp-block-navigation-item__content\"  href=\"https:\/\/malenki.net\/on-site\/kijk-papers-2011\/\"><span class=\"wp-block-navigation-item__label\">DISPLAY \/ DIALOGUE \u2014 kijk:papers 2011<\/span><\/a><\/li><li class=\" wp-block-navigation-item wp-block-navigation-link\"><a class=\"wp-block-navigation-item__content\"  href=\"https:\/\/malenki.net\/on-site\/antwerp-academy-art-book-fair-2018\/\"><span class=\"wp-block-navigation-item__label\">BOOK FAIR \u2014 Antwerp Academy Art Book Fair 2018<\/span><\/a><\/li><li class=\" wp-block-navigation-item wp-block-navigation-link\"><a class=\"wp-block-navigation-item__content\"  href=\"https:\/\/malenki.net\/on-site\/antwerp-academy-art-book-fair\/\"><span class=\"wp-block-navigation-item__label\">BOOK FAIR \u2014 Antwerp Academy Art Book Fair 2017<\/span><\/a><\/li><li class=\" wp-block-navigation-item wp-block-navigation-link\"><a class=\"wp-block-navigation-item__content\"  href=\"https:\/\/malenki.net\/on-site\/workshop-from-idea-to-publication\/\"><span class=\"wp-block-navigation-item__label\">WORKSHOP \u2014 from idea to publication<\/span><\/a><\/li><li class=\" wp-block-navigation-item wp-block-navigation-link\"><a class=\"wp-block-navigation-item__content\"  href=\"https:\/\/malenki.net\/on-site\/workshop-on-collage-merz-akademie-stuttgart\/\"><span class=\"wp-block-navigation-item__label\">WORKSHOP \u2014  on collage<\/span><\/a><\/li><li class=\" wp-block-navigation-item wp-block-navigation-link\"><a class=\"wp-block-navigation-item__content\"  href=\"https:\/\/malenki.net\/on-site\/workshop-blue-printing-and-bookbinding\/\"><span class=\"wp-block-navigation-item__label\">WORKSHOP \u2014 on cyanotype and bookbinding<\/span><\/a><\/li><li class=\" wp-block-navigation-item wp-block-navigation-link\"><a class=\"wp-block-navigation-item__content\"  href=\"https:\/\/malenki.net\/on-site\/workshop-on-creative-writing-and-publishing\/\"><span class=\"wp-block-navigation-item__label\">WORKSHOP \u2014  on creative writing and publishing<\/span><\/a><\/li><li class=\" wp-block-navigation-item wp-block-navigation-link\"><a class=\"wp-block-navigation-item__content\"  href=\"https:\/\/malenki.net\/on-site\/talks-and-lectures-on-malenki-net-and-self-publishing\/\"><span class=\"wp-block-navigation-item__label\">TALKS \/ LECTURES \u2014 on malenki.net and self publishing<\/span><\/a><\/li><\/ul>\n\t\t\t\t\t\t\t<\/div>\n\t\t\t\t\t\t<\/div>\n\t\t\t\t\t<\/div>\n\t\t\t\t<\/div><\/nav><\/div>\n<\/div>\n<\/div>\n<\/div>\n","protected":false},"excerpt":{"rendered":"<p>Wir werden regelm\u00e4\u00dfig von Bildungs- und Kultureinrichtungen sowie Initiativen eingeladen, Vortr\u00e4ge und Workshops zu den Themen unabh\u00e4ngiges Publizieren und Selbstver\u00f6ffentlichung zu halten, unsere K\u00fcnstlerinitiative malenki.net vorzustellen und (Foto-)Buch-Dummys sowie Portfolios von Kollegen und Fotobegeisterten zu begutachten. Bisher haben wir unter anderem mit folgenden Institutionen zusammengearbeitet: Artesia Plantijn Hogeschool, AntwerpLUCA, School of Arts, BrusselsEstonian Academy of&hellip; <a class=\"more-link\" href=\"https:\/\/malenki.net\/de\/vor-ort\/gespraeche-vortraege-selfpublishing\/\"><span class=\"screen-reader-text\">talks and lectures on malenki.net and independent publishing within the arts<\/span> weiterlesen<\/a><\/p>\n","protected":false},"author":3,"featured_media":8428,"parent":5176,"menu_order":0,"comment_status":"closed","ping_status":"closed","template":"","meta":{"pgc_sgb_lightbox_settings":"","footnotes":""},"categories":[],"tags":[],"class_list":["post-8510","page","type-page","status-publish","has-post-thumbnail","hentry","entry"],"yoast_head":"<!-- This site is optimized with the Yoast SEO plugin v27.2 - https:\/\/yoast.com\/product\/yoast-seo-wordpress\/ -->\n<title>malenki.net | talks and lectures on malenki.net and independent publishing within the arts<\/title>\n<meta name=\"robots\" content=\"index, follow, max-snippet:-1, max-image-preview:large, max-video-preview:-1\" \/>\n<link rel=\"canonical\" href=\"https:\/\/malenki.net\/de\/vor-ort\/gespraeche-vortraege-selfpublishing\/\" \/>\n<meta property=\"og:locale\" content=\"de_DE\" \/>\n<meta property=\"og:type\" content=\"article\" \/>\n<meta property=\"og:title\" content=\"malenki.net | talks and lectures on malenki.net and independent publishing within the arts\" \/>\n<meta property=\"og:description\" content=\"Wir werden regelm\u00e4\u00dfig von Bildungs- und Kultureinrichtungen sowie Initiativen eingeladen, Vortr\u00e4ge und Workshops zu den Themen unabh\u00e4ngiges Publizieren und Selbstver\u00f6ffentlichung zu halten, unsere K\u00fcnstlerinitiative malenki.net vorzustellen und (Foto-)Buch-Dummys sowie Portfolios von Kollegen und Fotobegeisterten zu begutachten. Bisher haben wir unter anderem mit folgenden Institutionen zusammengearbeitet: Artesia Plantijn Hogeschool, AntwerpLUCA, School of Arts, BrusselsEstonian Academy of&hellip; talks and lectures on malenki.net and independent publishing within the arts weiterlesen\" \/>\n<meta property=\"og:url\" content=\"https:\/\/malenki.net\/de\/vor-ort\/gespraeche-vortraege-selfpublishing\/\" \/>\n<meta property=\"og:site_name\" content=\"malenki.net\" \/>\n<meta property=\"article:publisher\" content=\"https:\/\/www.facebook.com\/malenki.editionen\/\" \/>\n<meta property=\"article:modified_time\" content=\"2025-11-17T18:28:20+00:00\" \/>\n<meta property=\"og:image\" content=\"https:\/\/malenki.net\/wp-content\/uploads\/2020\/07\/2018_TallinArtAcademy_A.jpg\" \/>\n\t<meta property=\"og:image:width\" content=\"1000\" \/>\n\t<meta property=\"og:image:height\" content=\"667\" \/>\n\t<meta property=\"og:image:type\" content=\"image\/jpeg\" \/>\n<meta name=\"twitter:card\" content=\"summary_large_image\" \/>\n<meta name=\"twitter:label1\" content=\"Gesch\u00e4tzte Lesezeit\" \/>\n\t<meta name=\"twitter:data1\" content=\"1\u00a0Minute\" \/>\n<script type=\"application\/ld+json\" class=\"yoast-schema-graph\">{\"@context\":\"https:\/\/schema.org\",\"@graph\":[{\"@type\":\"WebPage\",\"@id\":\"https:\/\/malenki.net\/de\/vor-ort\/gespraeche-vortraege-selfpublishing\/\",\"url\":\"https:\/\/malenki.net\/de\/vor-ort\/gespraeche-vortraege-selfpublishing\/\",\"name\":\"malenki.net | talks and lectures on malenki.net and independent publishing within the arts\",\"isPartOf\":{\"@id\":\"https:\/\/malenki.net\/de\/#website\"},\"primaryImageOfPage\":{\"@id\":\"https:\/\/malenki.net\/de\/vor-ort\/gespraeche-vortraege-selfpublishing\/#primaryimage\"},\"image\":{\"@id\":\"https:\/\/malenki.net\/de\/vor-ort\/gespraeche-vortraege-selfpublishing\/#primaryimage\"},\"thumbnailUrl\":\"https:\/\/malenki.net\/wp-content\/uploads\/2020\/07\/2018_TallinArtAcademy_A.jpg\",\"datePublished\":\"2020-07-26T19:44:42+00:00\",\"dateModified\":\"2025-11-17T18:28:20+00:00\",\"breadcrumb\":{\"@id\":\"https:\/\/malenki.net\/de\/vor-ort\/gespraeche-vortraege-selfpublishing\/#breadcrumb\"},\"inLanguage\":\"de\",\"potentialAction\":[{\"@type\":\"ReadAction\",\"target\":[\"https:\/\/malenki.net\/de\/vor-ort\/gespraeche-vortraege-selfpublishing\/\"]}]},{\"@type\":\"ImageObject\",\"inLanguage\":\"de\",\"@id\":\"https:\/\/malenki.net\/de\/vor-ort\/gespraeche-vortraege-selfpublishing\/#primaryimage\",\"url\":\"https:\/\/malenki.net\/wp-content\/uploads\/2020\/07\/2018_TallinArtAcademy_A.jpg\",\"contentUrl\":\"https:\/\/malenki.net\/wp-content\/uploads\/2020\/07\/2018_TallinArtAcademy_A.jpg\",\"width\":1000,\"height\":667,\"caption\":\"Atelierbesuch der Estnischen Kunstakademie, Tallinn, 2018. \u00a9 protected\"},{\"@type\":\"BreadcrumbList\",\"@id\":\"https:\/\/malenki.net\/de\/vor-ort\/gespraeche-vortraege-selfpublishing\/#breadcrumb\",\"itemListElement\":[{\"@type\":\"ListItem\",\"position\":1,\"name\":\"Home\",\"item\":\"https:\/\/malenki.net\/de\/\"},{\"@type\":\"ListItem\",\"position\":2,\"name\":\"Vor Ort\",\"item\":\"https:\/\/malenki.net\/de\/vor-ort\/\"},{\"@type\":\"ListItem\",\"position\":3,\"name\":\"Gespr\u00e4che und Vortr\u00e4ge \u00fcber malenki.net und Selfpublishing\"}]},{\"@type\":\"WebSite\",\"@id\":\"https:\/\/malenki.net\/de\/#website\",\"url\":\"https:\/\/malenki.net\/de\/\",\"name\":\"malenki.net\",\"description\":\"Fotografie Editionen\",\"publisher\":{\"@id\":\"https:\/\/malenki.net\/de\/#organization\"},\"potentialAction\":[{\"@type\":\"SearchAction\",\"target\":{\"@type\":\"EntryPoint\",\"urlTemplate\":\"https:\/\/malenki.net\/de\/?s={search_term_string}\"},\"query-input\":{\"@type\":\"PropertyValueSpecification\",\"valueRequired\":true,\"valueName\":\"search_term_string\"}}],\"inLanguage\":\"de\"},{\"@type\":\"Organization\",\"@id\":\"https:\/\/malenki.net\/de\/#organization\",\"name\":\"malenki.net\",\"url\":\"https:\/\/malenki.net\/de\/\",\"logo\":{\"@type\":\"ImageObject\",\"inLanguage\":\"de\",\"@id\":\"https:\/\/malenki.net\/de\/#\/schema\/logo\/image\/\",\"url\":\"https:\/\/malenki.net\/wp-content\/uploads\/2023\/03\/malenki-logo-2019.gif\",\"contentUrl\":\"https:\/\/malenki.net\/wp-content\/uploads\/2023\/03\/malenki-logo-2019.gif\",\"width\":524,\"height\":138,\"caption\":\"malenki.net\"},\"image\":{\"@id\":\"https:\/\/malenki.net\/de\/#\/schema\/logo\/image\/\"},\"sameAs\":[\"https:\/\/www.facebook.com\/malenki.editionen\/\",\"https:\/\/www.instagram.com\/malenkinet\/\"]}]}<\/script>\n<!-- \/ Yoast SEO plugin. -->","yoast_head_json":{"title":"malenki.net | talks and lectures on malenki.net and independent publishing within the arts","robots":{"index":"index","follow":"follow","max-snippet":"max-snippet:-1","max-image-preview":"max-image-preview:large","max-video-preview":"max-video-preview:-1"},"canonical":"https:\/\/malenki.net\/de\/vor-ort\/gespraeche-vortraege-selfpublishing\/","og_locale":"de_DE","og_type":"article","og_title":"malenki.net | talks and lectures on malenki.net and independent publishing within the arts","og_description":"Wir werden regelm\u00e4\u00dfig von Bildungs- und Kultureinrichtungen sowie Initiativen eingeladen, Vortr\u00e4ge und Workshops zu den Themen unabh\u00e4ngiges Publizieren und Selbstver\u00f6ffentlichung zu halten, unsere K\u00fcnstlerinitiative malenki.net vorzustellen und (Foto-)Buch-Dummys sowie Portfolios von Kollegen und Fotobegeisterten zu begutachten. Bisher haben wir unter anderem mit folgenden Institutionen zusammengearbeitet: Artesia Plantijn Hogeschool, AntwerpLUCA, School of Arts, BrusselsEstonian Academy of&hellip; talks and lectures on malenki.net and independent publishing within the arts weiterlesen","og_url":"https:\/\/malenki.net\/de\/vor-ort\/gespraeche-vortraege-selfpublishing\/","og_site_name":"malenki.net","article_publisher":"https:\/\/www.facebook.com\/malenki.editionen\/","article_modified_time":"2025-11-17T18:28:20+00:00","og_image":[{"width":1000,"height":667,"url":"https:\/\/malenki.net\/wp-content\/uploads\/2020\/07\/2018_TallinArtAcademy_A.jpg","type":"image\/jpeg"}],"twitter_card":"summary_large_image","twitter_misc":{"Gesch\u00e4tzte Lesezeit":"1\u00a0Minute"},"schema":{"@context":"https:\/\/schema.org","@graph":[{"@type":"WebPage","@id":"https:\/\/malenki.net\/de\/vor-ort\/gespraeche-vortraege-selfpublishing\/","url":"https:\/\/malenki.net\/de\/vor-ort\/gespraeche-vortraege-selfpublishing\/","name":"malenki.net | talks and lectures on malenki.net and independent publishing within the arts","isPartOf":{"@id":"https:\/\/malenki.net\/de\/#website"},"primaryImageOfPage":{"@id":"https:\/\/malenki.net\/de\/vor-ort\/gespraeche-vortraege-selfpublishing\/#primaryimage"},"image":{"@id":"https:\/\/malenki.net\/de\/vor-ort\/gespraeche-vortraege-selfpublishing\/#primaryimage"},"thumbnailUrl":"https:\/\/malenki.net\/wp-content\/uploads\/2020\/07\/2018_TallinArtAcademy_A.jpg","datePublished":"2020-07-26T19:44:42+00:00","dateModified":"2025-11-17T18:28:20+00:00","breadcrumb":{"@id":"https:\/\/malenki.net\/de\/vor-ort\/gespraeche-vortraege-selfpublishing\/#breadcrumb"},"inLanguage":"de","potentialAction":[{"@type":"ReadAction","target":["https:\/\/malenki.net\/de\/vor-ort\/gespraeche-vortraege-selfpublishing\/"]}]},{"@type":"ImageObject","inLanguage":"de","@id":"https:\/\/malenki.net\/de\/vor-ort\/gespraeche-vortraege-selfpublishing\/#primaryimage","url":"https:\/\/malenki.net\/wp-content\/uploads\/2020\/07\/2018_TallinArtAcademy_A.jpg","contentUrl":"https:\/\/malenki.net\/wp-content\/uploads\/2020\/07\/2018_TallinArtAcademy_A.jpg","width":1000,"height":667,"caption":"Atelierbesuch der Estnischen Kunstakademie, Tallinn, 2018. \u00a9 protected"},{"@type":"BreadcrumbList","@id":"https:\/\/malenki.net\/de\/vor-ort\/gespraeche-vortraege-selfpublishing\/#breadcrumb","itemListElement":[{"@type":"ListItem","position":1,"name":"Home","item":"https:\/\/malenki.net\/de\/"},{"@type":"ListItem","position":2,"name":"Vor Ort","item":"https:\/\/malenki.net\/de\/vor-ort\/"},{"@type":"ListItem","position":3,"name":"Gespr\u00e4che und Vortr\u00e4ge \u00fcber malenki.net und Selfpublishing"}]},{"@type":"WebSite","@id":"https:\/\/malenki.net\/de\/#website","url":"https:\/\/malenki.net\/de\/","name":"malenki.net","description":"Fotografie Editionen","publisher":{"@id":"https:\/\/malenki.net\/de\/#organization"},"potentialAction":[{"@type":"SearchAction","target":{"@type":"EntryPoint","urlTemplate":"https:\/\/malenki.net\/de\/?s={search_term_string}"},"query-input":{"@type":"PropertyValueSpecification","valueRequired":true,"valueName":"search_term_string"}}],"inLanguage":"de"},{"@type":"Organization","@id":"https:\/\/malenki.net\/de\/#organization","name":"malenki.net","url":"https:\/\/malenki.net\/de\/","logo":{"@type":"ImageObject","inLanguage":"de","@id":"https:\/\/malenki.net\/de\/#\/schema\/logo\/image\/","url":"https:\/\/malenki.net\/wp-content\/uploads\/2023\/03\/malenki-logo-2019.gif","contentUrl":"https:\/\/malenki.net\/wp-content\/uploads\/2023\/03\/malenki-logo-2019.gif","width":524,"height":138,"caption":"malenki.net"},"image":{"@id":"https:\/\/malenki.net\/de\/#\/schema\/logo\/image\/"},"sameAs":["https:\/\/www.facebook.com\/malenki.editionen\/","https:\/\/www.instagram.com\/malenkinet\/"]}]}},"wps_subtitle":"an Akademien und Universit\u00e4ten, w\u00e4hrend Festivals und Veranstaltungen","_links":{"self":[{"href":"https:\/\/malenki.net\/de\/wp-json\/wp\/v2\/pages\/8510","targetHints":{"allow":["GET"]}}],"collection":[{"href":"https:\/\/malenki.net\/de\/wp-json\/wp\/v2\/pages"}],"about":[{"href":"https:\/\/malenki.net\/de\/wp-json\/wp\/v2\/types\/page"}],"author":[{"embeddable":true,"href":"https:\/\/malenki.net\/de\/wp-json\/wp\/v2\/users\/3"}],"replies":[{"embeddable":true,"href":"https:\/\/malenki.net\/de\/wp-json\/wp\/v2\/comments?post=8510"}],"version-history":[{"count":2,"href":"https:\/\/malenki.net\/de\/wp-json\/wp\/v2\/pages\/8510\/revisions"}],"predecessor-version":[{"id":11787,"href":"https:\/\/malenki.net\/de\/wp-json\/wp\/v2\/pages\/8510\/revisions\/11787"}],"up":[{"embeddable":true,"href":"https:\/\/malenki.net\/de\/wp-json\/wp\/v2\/pages\/5176"}],"wp:featuredmedia":[{"embeddable":true,"href":"https:\/\/malenki.net\/de\/wp-json\/wp\/v2\/media\/8428"}],"wp:attachment":[{"href":"https:\/\/malenki.net\/de\/wp-json\/wp\/v2\/media?parent=8510"}],"wp:term":[{"taxonomy":"category","embeddable":true,"href":"https:\/\/malenki.net\/de\/wp-json\/wp\/v2\/categories?post=8510"},{"taxonomy":"post_tag","embeddable":true,"href":"https:\/\/malenki.net\/de\/wp-json\/wp\/v2\/tags?post=8510"}],"curies":[{"name":"wp","href":"https:\/\/api.w.org\/{rel}","templated":true}]}}