{"id":5200,"date":"2017-09-04T20:37:38","date_gmt":"2017-09-04T18:37:38","guid":{"rendered":"https:\/\/malenki.net\/?page_id=5200\/"},"modified":"2020-08-28T14:45:20","modified_gmt":"2020-08-28T12:45:20","slug":"kijk-papers-2015-programm","status":"publish","type":"page","link":"https:\/\/malenki.net\/de\/vor-ort\/kijk-papers-2015\/kijk-papers-2015-programm\/","title":{"rendered":"kijk:papers 2015 \u2014 Programm"},"content":{"rendered":"<p>Explore self-published books, artist editions and recent publications from independent publishers with a focus on photography at the Warte f\u00fcr Kunst. kijk:papers will be accompanied by book launches, artist talks and presentations.<\/p>\n<h4>Hanna Z\u00e4nker, Sabine Niggemann und Natalie Richter im Gespr\u00e4ch<\/h4>\n<p><a href=\"https:\/\/malenki.net\/wp-content\/uploads\/2017\/09\/sabine-niggemann-hanna-zaenker-natalie-richter.jpg\"><img loading=\"lazy\" decoding=\"async\" class=\"alignleft size-full wp-image-4915\" src=\"https:\/\/malenki.net\/wp-content\/uploads\/2017\/09\/sabine-niggemann-hanna-zaenker-natalie-richter.jpg\" alt=\"Sabine Niggemann, Hanna Z\u00e4nker, Natalie Richter at kijk:papers 2015\" width=\"1024\" height=\"683\" \/><\/a><\/p>\n<p><a href=\"http:\/\/www.hannazaenker.com\/\" target=\"_blank\" rel=\"noopener noreferrer\">Hanna Z\u00e4nker<\/a>, <a href=\"http:\/\/www.sabineniggemann.de\/\" target=\"_blank\" rel=\"noopener noreferrer\">Sabine Niggemann<\/a> und <a href=\"http:\/\/www.natalierichter.de\/\" target=\"_blank\" rel=\"noopener noreferrer\">Natalie Richter<\/a> studierten Fotografie an der Folkwang Universit\u00e4t der K\u00fcnste Essen. Im Gespr\u00e4ch stellen sie aktuelle Publikationen vor.<\/p>\n<p>Donnerstag, 04. Juni 2015, 16:00 Uhr<\/p>\n<hr \/>\n<h4>Booklaunch &amp; signing mit Daniela Risch (DE)<\/h4>\n<p><a href=\"https:\/\/malenki.net\/wp-content\/uploads\/2017\/09\/daniela-risch.jpg\"><img loading=\"lazy\" decoding=\"async\" class=\"alignleft size-full wp-image-4919\" src=\"https:\/\/malenki.net\/wp-content\/uploads\/2017\/09\/daniela-risch.jpg\" alt=\"Daniela Risch at kijk:papers 2015\" width=\"1024\" height=\"683\" \/><\/a><\/p>\n<p><a href=\"http:\/\/www.filiale43.de\/\" target=\"_blank\" rel=\"noopener noreferrer\">Daniela Risch<\/a> pr\u00e4sentiert ihre aktuellste Publikation \u201avanishing into thin air\u2018 (2015), welche im Eigenverlag mit einem Gedicht von Ulrike Almut Sandig erscheint. Daniela Risch studierte an der Ostkreuzschule f\u00fcr Fotografie Berlin (Abschlu\u00dfklasse Prof. Ute Mahler), der Kunsthochschule f\u00fcr Medien K\u00f6ln und der Folkwang Universit\u00e4t der K\u00fcnste Essen. Im Jahr 2014 erhielt sie das Fotografie-Stipendium der Dresdner Stiftung Kunst &amp; Kultur der Osts\u00e4chsischen Sparkasse Dresden.<\/p>\n<p>Freitag, 05. Juni 2015, 14:00 Uhr<\/p>\n<h4>Sarah Pedde (DE) stellt ihre Arbeit \u201aHandlungen f\u00fcr ein zersplittertes Bild \u2013 Archiv der Gesten\u2018 vor<\/h4>\n<p><a href=\"https:\/\/malenki.net\/wp-content\/uploads\/2017\/09\/sarah-pedde.jpg\"><img loading=\"lazy\" decoding=\"async\" class=\"alignleft size-full wp-image-4921\" src=\"https:\/\/malenki.net\/wp-content\/uploads\/2017\/09\/sarah-pedde.jpg\" alt=\"Sarah Pedde at kijk:papers 2015\" width=\"1024\" height=\"683\" \/><\/a><\/p>\n<p><a href=\"http:\/\/www.sarahpedde.com\/\" target=\"_blank\" rel=\"noopener noreferrer\">Sarah Pedde<\/a> studierte bis 2014 Fotografie an der Fachhochschule Bielefeld und wird ab Herbst 2015 Bildende Kunst in Wien studieren. Ihr Interesse gilt der \u00dcbertragung und Verarbeitung von Bildern in verschiedenen Materialien und Medien. Gegenw\u00e4rtig besch\u00e4ftigt sie sich mit kunsthistorischen Publikationen und deren \u00dcbertragung ins Skulpturale.<\/p>\n<p>Freitag, 05. Juni 2015, 15:30 Uhr<\/p>\n<h4>Harvey Benge (NZ\/FR) p\u00e4sentiert aktuelle Arbeiten<\/h4>\n<p><a href=\"https:\/\/malenki.net\/wp-content\/uploads\/2017\/09\/harvey-benge.jpg\"><img loading=\"lazy\" decoding=\"async\" class=\"alignleft size-full wp-image-4923\" src=\"https:\/\/malenki.net\/wp-content\/uploads\/2017\/09\/harvey-benge.jpg\" alt=\"Harvey Benge at kijk:papers 2015\" width=\"1024\" height=\"683\" \/><\/a><\/p>\n<p>\u201eMy interest lies in the strange anthropology of cities, observing and making photographs of the unusual and overlooked in the human landscape where nothing is as it seems. I make photographic series which evolve into bookworms.\u201c <a href=\"http:\/\/harveybenge.com\/\" target=\"_blank\" rel=\"noopener noreferrer\">Harvey Benge<\/a> lebt und arbeitet zwischen Auckland (NZ) und Paris (FR). An der AUT University, Auckland und der Lichtblick Schule, K\u00f6ln leitete er zahlreiche Workshops gemeinsam mit K\u00fcnstlern wie Pieter Hugo, Rineke Dijkstra, Antoine d\u2019Agata und Lewis Baltz, um nur einige zu nennen. Die Liste seiner Publikationen ist noch um ein Vielfaches l\u00e4nger.<\/p>\n<p>Freitag, 05. Juni 2015, 18:00 Uhr<\/p>\n<h4>Tommaso Tanini und Marco Paltrinieri (IT) stellen Discipula Editions und die aktuelle Publikation \u201aH. said he loved us\u2018 vor<\/h4>\n<p><a href=\"https:\/\/malenki.net\/wp-content\/uploads\/2017\/09\/tommaso-tanini-marco-paltrinieri-2.jpg\"><img loading=\"lazy\" decoding=\"async\" class=\"alignleft size-full wp-image-4925\" src=\"https:\/\/malenki.net\/wp-content\/uploads\/2017\/09\/tommaso-tanini-marco-paltrinieri-2.jpg\" alt=\"Tommaso Tanini and Marco Paltrinieri at kijk:papers 2015\" width=\"1024\" height=\"683\" \/><\/a><\/p>\n<p><a href=\"https:\/\/www.discipula.com\/\" target=\"_blank\" rel=\"noopener noreferrer\">Discipula Editions<\/a> wurde im Jahr 2013 von M.F.G. Paltrinier, Mirko Smerdel und Tommaso Tanini gegr\u00fcndet und kann als Forschungsplattform und unabh\u00e4ngiges Verlagshaus im Bereich der Fotografie und visuellen Kultur verstanden werden. Der Fokus liegt dabei auf den Formen und Methoden der Erz\u00e4hlung und der Verflechtung von Realit\u00e4t und Fiktion.<\/p>\n<p>Freitag, 05. Juni 2015, 19:30 Uhr<\/p>\n<hr \/>\n<h4>Jan Wenzel (DE) \/ spector books im Gespr\u00e4ch mit Alina Schmuch und Jan Kiesswetter<\/h4>\n<p><a href=\"https:\/\/malenki.net\/wp-content\/uploads\/2017\/09\/jan-kiesswetter-alina-schmuch-jan-wenzel-2.jpg\"><img loading=\"lazy\" decoding=\"async\" class=\"alignleft size-full wp-image-4929\" src=\"https:\/\/malenki.net\/wp-content\/uploads\/2017\/09\/jan-kiesswetter-alina-schmuch-jan-wenzel-2.jpg\" alt=\"Jan Kiesswetter, Alina Schmuch &amp; Jan Wenzel at kijk papers 2015\" width=\"1024\" height=\"683\" \/><\/a><\/p>\n<p><a href=\"http:\/\/www.spectorbooks.com\/\" target=\"_blank\" rel=\"noopener noreferrer\">spector books<\/a><\/p>\n<p>Samstag, 06. Juni 2015, 15:00 Uhr<\/p>\n<h4>Lotte Reimann (DE\/NL) stellt ihre Bucharbeiten vor<\/h4>\n<p><a href=\"https:\/\/malenki.net\/wp-content\/uploads\/2017\/09\/lotte-reimann.jpg\"><img loading=\"lazy\" decoding=\"async\" class=\"alignleft size-full wp-image-4931\" src=\"https:\/\/malenki.net\/wp-content\/uploads\/2017\/09\/lotte-reimann.jpg\" alt=\"Lotte Reimann at kijk papers 2015\" width=\"1024\" height=\"683\" \/><\/a><\/p>\n<p><a href=\"http:\/\/www.lottereimann.de\/\" target=\"_blank\" rel=\"noopener noreferrer\">Lotte Reimann<\/a> studierte Fotografie an der Fachhochschule Bielefeld und an der Gerrit Rietveld Acad\u00e9mie, Amsterdam. Sie fand Unterst\u00fctzung durch namhafte Institutionen wie die Kunststiftung NRW, Stiftung Kunstfonds und den Mondriaan Fonds. Ihre Arbeiten \u201aJaunt\u2018 (2014), \u201aBis morgen im Nassen\u2018 (2013) und \u201aGuffaw\u2018 (2011) ver\u00f6ffentlichte sie in Eigenregie und in Kooperation mit Art Paper Editions (BE) und RVB Books (FR). Im Vortrag wird sie speziell auf ihren Umgang mit vorgefundenem Bildmaterial im Kontext ihrer k\u00fcnstlerischen Praxis eingehen.<\/p>\n<p>Samstag, 06. Juni 2015, 18:00 Uhr<\/p>\n<h4>Sven Lindhorst-Emme (DE) pr\u00e4sentiert seine Arbeit als Buchgestalter<\/h4>\n<p><a href=\"https:\/\/malenki.net\/wp-content\/uploads\/2017\/09\/sven-lindhorst-emme.jpg\"><img loading=\"lazy\" decoding=\"async\" class=\"alignleft size-full wp-image-4933\" src=\"https:\/\/malenki.net\/wp-content\/uploads\/2017\/09\/sven-lindhorst-emme.jpg\" alt=\"Sven Lindhorst-Emme at kijk papers 2015\" width=\"1024\" height=\"683\" \/><\/a><\/p>\n<p><a href=\"http:\/\/www.lindhorst-emme.de\/\" target=\"_blank\" rel=\"noopener noreferrer\">Sven Lindhorst-Emme<\/a> arbeitet als freier Grafiker und als Lehrbeauftragter f\u00fcr Kommunikationsdesign am Lette Verein in Berlin. Seine Arbeit konzentriert sich vor allem auf die Konzeption und Gestaltung von Fotob\u00fcchern. Mit \u201aBeyond Cold War\u2018 (2014), \u201aDear Clark\u2018 (2013), \u201aBe good\u2018 (2012) und \u201aBeyo\u011flu Blue \u2013 Purple Edition\u2018 (2010) sind bei kijk:papers gleich vier seiner Arbeiten vertreten. Anhand dieser und weiterer Arbeiten wird Sven Lindhorst-Emme die Wege zu seinen B\u00fcchern erl\u00e4utern.<\/p>\n<p>Samstag, 06. Juni 2015, 19:30 Uhr<\/p>\n<hr \/>\n<h4>Black coffee with malenki.net<\/h4>\n<p>Katrin Kamrau und Robert Schlotter stellen die Editionsplattform malenki.net und ihr Projekt kijk:papers vor. Alle Interessierten sind herzlich auf einen frischen Kaffee eingeladen.<\/p>\n<p>Sonntag, 07. Juni 2015, 13:00 Uhr<\/p>\n","protected":false},"excerpt":{"rendered":"<p>Explore self-published books, artist editions and recent publications from independent publishers with a focus on photography at the Warte f\u00fcr Kunst. kijk:papers will be accompanied by book launches, artist talks and presentations. Hanna Z\u00e4nker, Sabine Niggemann und Natalie Richter im Gespr\u00e4ch Hanna Z\u00e4nker, Sabine Niggemann und Natalie Richter studierten Fotografie an der Folkwang Universit\u00e4t der&hellip; <a class=\"more-link\" href=\"https:\/\/malenki.net\/de\/vor-ort\/kijk-papers-2015\/kijk-papers-2015-programm\/\"><span class=\"screen-reader-text\">kijk:papers 2015 \u2014 Programm<\/span> weiterlesen<\/a><\/p>\n","protected":false},"author":3,"featured_media":0,"parent":5202,"menu_order":0,"comment_status":"closed","ping_status":"closed","template":"","meta":{"pgc_sgb_lightbox_settings":"","footnotes":""},"categories":[],"tags":[],"class_list":["post-5200","page","type-page","status-publish","hentry","entry"],"yoast_head":"<!-- This site is optimized with the Yoast SEO plugin v27.2 - https:\/\/yoast.com\/product\/yoast-seo-wordpress\/ -->\n<title>malenki.net | kijk:papers 2015 \u2014 Programm<\/title>\n<meta name=\"robots\" content=\"index, follow, max-snippet:-1, max-image-preview:large, max-video-preview:-1\" \/>\n<link rel=\"canonical\" href=\"https:\/\/malenki.net\/de\/vor-ort\/kijk-papers-2015\/kijk-papers-2015-programm\/\" \/>\n<meta property=\"og:locale\" content=\"de_DE\" \/>\n<meta property=\"og:type\" content=\"article\" \/>\n<meta property=\"og:title\" content=\"malenki.net | kijk:papers 2015 \u2014 Programm\" \/>\n<meta property=\"og:description\" content=\"Explore self-published books, artist editions and recent publications from independent publishers with a focus on photography at the Warte f\u00fcr Kunst. kijk:papers will be accompanied by book launches, artist talks and presentations. Hanna Z\u00e4nker, Sabine Niggemann und Natalie Richter im Gespr\u00e4ch Hanna Z\u00e4nker, Sabine Niggemann und Natalie Richter studierten Fotografie an der Folkwang Universit\u00e4t der&hellip; kijk:papers 2015 \u2014 Programm weiterlesen\" \/>\n<meta property=\"og:url\" content=\"https:\/\/malenki.net\/de\/vor-ort\/kijk-papers-2015\/kijk-papers-2015-programm\/\" \/>\n<meta property=\"og:site_name\" content=\"malenki.net\" \/>\n<meta property=\"article:publisher\" content=\"https:\/\/www.facebook.com\/malenki.editionen\/\" \/>\n<meta property=\"article:modified_time\" content=\"2020-08-28T12:45:20+00:00\" \/>\n<meta property=\"og:image\" content=\"https:\/\/malenki.net\/wp-content\/uploads\/2017\/09\/sabine-niggemann-hanna-zaenker-natalie-richter.jpg\" \/>\n\t<meta property=\"og:image:width\" content=\"1024\" \/>\n\t<meta property=\"og:image:height\" content=\"683\" \/>\n\t<meta property=\"og:image:type\" content=\"image\/jpeg\" \/>\n<meta name=\"twitter:card\" content=\"summary_large_image\" \/>\n<meta name=\"twitter:label1\" content=\"Gesch\u00e4tzte Lesezeit\" \/>\n\t<meta name=\"twitter:data1\" content=\"3\u00a0Minuten\" \/>\n<script type=\"application\/ld+json\" class=\"yoast-schema-graph\">{\"@context\":\"https:\/\/schema.org\",\"@graph\":[{\"@type\":\"WebPage\",\"@id\":\"https:\/\/malenki.net\/de\/vor-ort\/kijk-papers-2015\/kijk-papers-2015-programm\/\",\"url\":\"https:\/\/malenki.net\/de\/vor-ort\/kijk-papers-2015\/kijk-papers-2015-programm\/\",\"name\":\"malenki.net | kijk:papers 2015 \u2014 Programm\",\"isPartOf\":{\"@id\":\"https:\/\/malenki.net\/de\/#website\"},\"primaryImageOfPage\":{\"@id\":\"https:\/\/malenki.net\/de\/vor-ort\/kijk-papers-2015\/kijk-papers-2015-programm\/#primaryimage\"},\"image\":{\"@id\":\"https:\/\/malenki.net\/de\/vor-ort\/kijk-papers-2015\/kijk-papers-2015-programm\/#primaryimage\"},\"thumbnailUrl\":\"https:\/\/malenki.net\/wp-content\/uploads\/2017\/09\/sabine-niggemann-hanna-zaenker-natalie-richter.jpg\",\"datePublished\":\"2017-09-04T18:37:38+00:00\",\"dateModified\":\"2020-08-28T12:45:20+00:00\",\"breadcrumb\":{\"@id\":\"https:\/\/malenki.net\/de\/vor-ort\/kijk-papers-2015\/kijk-papers-2015-programm\/#breadcrumb\"},\"inLanguage\":\"de\",\"potentialAction\":[{\"@type\":\"ReadAction\",\"target\":[\"https:\/\/malenki.net\/de\/vor-ort\/kijk-papers-2015\/kijk-papers-2015-programm\/\"]}]},{\"@type\":\"ImageObject\",\"inLanguage\":\"de\",\"@id\":\"https:\/\/malenki.net\/de\/vor-ort\/kijk-papers-2015\/kijk-papers-2015-programm\/#primaryimage\",\"url\":\"https:\/\/malenki.net\/wp-content\/uploads\/2017\/09\/sabine-niggemann-hanna-zaenker-natalie-richter.jpg\",\"contentUrl\":\"https:\/\/malenki.net\/wp-content\/uploads\/2017\/09\/sabine-niggemann-hanna-zaenker-natalie-richter.jpg\"},{\"@type\":\"BreadcrumbList\",\"@id\":\"https:\/\/malenki.net\/de\/vor-ort\/kijk-papers-2015\/kijk-papers-2015-programm\/#breadcrumb\",\"itemListElement\":[{\"@type\":\"ListItem\",\"position\":1,\"name\":\"Home\",\"item\":\"https:\/\/malenki.net\/de\/\"},{\"@type\":\"ListItem\",\"position\":2,\"name\":\"Vor Ort\",\"item\":\"https:\/\/malenki.net\/de\/vor-ort\/\"},{\"@type\":\"ListItem\",\"position\":3,\"name\":\"kijk:papers 2015\",\"item\":\"https:\/\/malenki.net\/de\/vor-ort\/kijk-papers-2015\/\"},{\"@type\":\"ListItem\",\"position\":4,\"name\":\"kijk:papers 2015 \u2014 Programm\"}]},{\"@type\":\"WebSite\",\"@id\":\"https:\/\/malenki.net\/de\/#website\",\"url\":\"https:\/\/malenki.net\/de\/\",\"name\":\"malenki.net\",\"description\":\"Fotografie Editionen\",\"publisher\":{\"@id\":\"https:\/\/malenki.net\/de\/#organization\"},\"potentialAction\":[{\"@type\":\"SearchAction\",\"target\":{\"@type\":\"EntryPoint\",\"urlTemplate\":\"https:\/\/malenki.net\/de\/?s={search_term_string}\"},\"query-input\":{\"@type\":\"PropertyValueSpecification\",\"valueRequired\":true,\"valueName\":\"search_term_string\"}}],\"inLanguage\":\"de\"},{\"@type\":\"Organization\",\"@id\":\"https:\/\/malenki.net\/de\/#organization\",\"name\":\"malenki.net\",\"url\":\"https:\/\/malenki.net\/de\/\",\"logo\":{\"@type\":\"ImageObject\",\"inLanguage\":\"de\",\"@id\":\"https:\/\/malenki.net\/de\/#\/schema\/logo\/image\/\",\"url\":\"https:\/\/malenki.net\/wp-content\/uploads\/2023\/03\/malenki-logo-2019.gif\",\"contentUrl\":\"https:\/\/malenki.net\/wp-content\/uploads\/2023\/03\/malenki-logo-2019.gif\",\"width\":524,\"height\":138,\"caption\":\"malenki.net\"},\"image\":{\"@id\":\"https:\/\/malenki.net\/de\/#\/schema\/logo\/image\/\"},\"sameAs\":[\"https:\/\/www.facebook.com\/malenki.editionen\/\",\"https:\/\/www.instagram.com\/malenkinet\/\"]}]}<\/script>\n<!-- \/ Yoast SEO plugin. -->","yoast_head_json":{"title":"malenki.net | kijk:papers 2015 \u2014 Programm","robots":{"index":"index","follow":"follow","max-snippet":"max-snippet:-1","max-image-preview":"max-image-preview:large","max-video-preview":"max-video-preview:-1"},"canonical":"https:\/\/malenki.net\/de\/vor-ort\/kijk-papers-2015\/kijk-papers-2015-programm\/","og_locale":"de_DE","og_type":"article","og_title":"malenki.net | kijk:papers 2015 \u2014 Programm","og_description":"Explore self-published books, artist editions and recent publications from independent publishers with a focus on photography at the Warte f\u00fcr Kunst. kijk:papers will be accompanied by book launches, artist talks and presentations. Hanna Z\u00e4nker, Sabine Niggemann und Natalie Richter im Gespr\u00e4ch Hanna Z\u00e4nker, Sabine Niggemann und Natalie Richter studierten Fotografie an der Folkwang Universit\u00e4t der&hellip; kijk:papers 2015 \u2014 Programm weiterlesen","og_url":"https:\/\/malenki.net\/de\/vor-ort\/kijk-papers-2015\/kijk-papers-2015-programm\/","og_site_name":"malenki.net","article_publisher":"https:\/\/www.facebook.com\/malenki.editionen\/","article_modified_time":"2020-08-28T12:45:20+00:00","og_image":[{"width":1024,"height":683,"url":"https:\/\/malenki.net\/wp-content\/uploads\/2017\/09\/sabine-niggemann-hanna-zaenker-natalie-richter.jpg","type":"image\/jpeg"}],"twitter_card":"summary_large_image","twitter_misc":{"Gesch\u00e4tzte Lesezeit":"3\u00a0Minuten"},"schema":{"@context":"https:\/\/schema.org","@graph":[{"@type":"WebPage","@id":"https:\/\/malenki.net\/de\/vor-ort\/kijk-papers-2015\/kijk-papers-2015-programm\/","url":"https:\/\/malenki.net\/de\/vor-ort\/kijk-papers-2015\/kijk-papers-2015-programm\/","name":"malenki.net | kijk:papers 2015 \u2014 Programm","isPartOf":{"@id":"https:\/\/malenki.net\/de\/#website"},"primaryImageOfPage":{"@id":"https:\/\/malenki.net\/de\/vor-ort\/kijk-papers-2015\/kijk-papers-2015-programm\/#primaryimage"},"image":{"@id":"https:\/\/malenki.net\/de\/vor-ort\/kijk-papers-2015\/kijk-papers-2015-programm\/#primaryimage"},"thumbnailUrl":"https:\/\/malenki.net\/wp-content\/uploads\/2017\/09\/sabine-niggemann-hanna-zaenker-natalie-richter.jpg","datePublished":"2017-09-04T18:37:38+00:00","dateModified":"2020-08-28T12:45:20+00:00","breadcrumb":{"@id":"https:\/\/malenki.net\/de\/vor-ort\/kijk-papers-2015\/kijk-papers-2015-programm\/#breadcrumb"},"inLanguage":"de","potentialAction":[{"@type":"ReadAction","target":["https:\/\/malenki.net\/de\/vor-ort\/kijk-papers-2015\/kijk-papers-2015-programm\/"]}]},{"@type":"ImageObject","inLanguage":"de","@id":"https:\/\/malenki.net\/de\/vor-ort\/kijk-papers-2015\/kijk-papers-2015-programm\/#primaryimage","url":"https:\/\/malenki.net\/wp-content\/uploads\/2017\/09\/sabine-niggemann-hanna-zaenker-natalie-richter.jpg","contentUrl":"https:\/\/malenki.net\/wp-content\/uploads\/2017\/09\/sabine-niggemann-hanna-zaenker-natalie-richter.jpg"},{"@type":"BreadcrumbList","@id":"https:\/\/malenki.net\/de\/vor-ort\/kijk-papers-2015\/kijk-papers-2015-programm\/#breadcrumb","itemListElement":[{"@type":"ListItem","position":1,"name":"Home","item":"https:\/\/malenki.net\/de\/"},{"@type":"ListItem","position":2,"name":"Vor Ort","item":"https:\/\/malenki.net\/de\/vor-ort\/"},{"@type":"ListItem","position":3,"name":"kijk:papers 2015","item":"https:\/\/malenki.net\/de\/vor-ort\/kijk-papers-2015\/"},{"@type":"ListItem","position":4,"name":"kijk:papers 2015 \u2014 Programm"}]},{"@type":"WebSite","@id":"https:\/\/malenki.net\/de\/#website","url":"https:\/\/malenki.net\/de\/","name":"malenki.net","description":"Fotografie Editionen","publisher":{"@id":"https:\/\/malenki.net\/de\/#organization"},"potentialAction":[{"@type":"SearchAction","target":{"@type":"EntryPoint","urlTemplate":"https:\/\/malenki.net\/de\/?s={search_term_string}"},"query-input":{"@type":"PropertyValueSpecification","valueRequired":true,"valueName":"search_term_string"}}],"inLanguage":"de"},{"@type":"Organization","@id":"https:\/\/malenki.net\/de\/#organization","name":"malenki.net","url":"https:\/\/malenki.net\/de\/","logo":{"@type":"ImageObject","inLanguage":"de","@id":"https:\/\/malenki.net\/de\/#\/schema\/logo\/image\/","url":"https:\/\/malenki.net\/wp-content\/uploads\/2023\/03\/malenki-logo-2019.gif","contentUrl":"https:\/\/malenki.net\/wp-content\/uploads\/2023\/03\/malenki-logo-2019.gif","width":524,"height":138,"caption":"malenki.net"},"image":{"@id":"https:\/\/malenki.net\/de\/#\/schema\/logo\/image\/"},"sameAs":["https:\/\/www.facebook.com\/malenki.editionen\/","https:\/\/www.instagram.com\/malenkinet\/"]}]}},"wps_subtitle":"Warte f\u00fcr Kunst, Kassel","_links":{"self":[{"href":"https:\/\/malenki.net\/de\/wp-json\/wp\/v2\/pages\/5200","targetHints":{"allow":["GET"]}}],"collection":[{"href":"https:\/\/malenki.net\/de\/wp-json\/wp\/v2\/pages"}],"about":[{"href":"https:\/\/malenki.net\/de\/wp-json\/wp\/v2\/types\/page"}],"author":[{"embeddable":true,"href":"https:\/\/malenki.net\/de\/wp-json\/wp\/v2\/users\/3"}],"replies":[{"embeddable":true,"href":"https:\/\/malenki.net\/de\/wp-json\/wp\/v2\/comments?post=5200"}],"version-history":[{"count":0,"href":"https:\/\/malenki.net\/de\/wp-json\/wp\/v2\/pages\/5200\/revisions"}],"up":[{"embeddable":true,"href":"https:\/\/malenki.net\/de\/wp-json\/wp\/v2\/pages\/5202"}],"wp:attachment":[{"href":"https:\/\/malenki.net\/de\/wp-json\/wp\/v2\/media?parent=5200"}],"wp:term":[{"taxonomy":"category","embeddable":true,"href":"https:\/\/malenki.net\/de\/wp-json\/wp\/v2\/categories?post=5200"},{"taxonomy":"post_tag","embeddable":true,"href":"https:\/\/malenki.net\/de\/wp-json\/wp\/v2\/tags?post=5200"}],"curies":[{"name":"wp","href":"https:\/\/api.w.org\/{rel}","templated":true}]}}