{"id":5190,"date":"2011-09-04T22:11:29","date_gmt":"2011-09-04T20:11:29","guid":{"rendered":"https:\/\/malenki.net\/?page_id=5190\/"},"modified":"2020-08-28T15:05:09","modified_gmt":"2020-08-28T13:05:09","slug":"kijk-papers-2011-programm","status":"publish","type":"page","link":"https:\/\/malenki.net\/de\/vor-ort\/kijk-papers-2011\/kijk-papers-2011-programm\/","title":{"rendered":"kijk:papers 2011 \u2014 Programm"},"content":{"rendered":"<h4><strong>Sarah Carlier (BE) pr\u00e4sentiert ihr Buch \u201aFour years, three deaths, sweaty armpits and a fetus\u2018<\/strong><\/h4>\n<p><a href=\"https:\/\/malenki.net\/wp-content\/uploads\/2017\/09\/sarah-carlier-kijk-papers.jpg\"><img loading=\"lazy\" decoding=\"async\" class=\"alignleft size-full wp-image-5027\" src=\"https:\/\/malenki.net\/wp-content\/uploads\/2017\/09\/sarah-carlier-kijk-papers.jpg\" alt=\"Sarah Carlier at kijk:papers 2011 in Kassel\" width=\"1392\" height=\"928\" \/><\/a><\/p>\n<p><a href=\"http:\/\/www.sarahcarlier.nl\/\" target=\"_blank\" rel=\"noopener noreferrer\">Sarah Carlier<\/a> studierte Fotografie an der K\u00f6niglichen Akademie f\u00fcr Bildende K\u00fcnste in Den Haag (NL) und an der AKV | St. Joost in Breda (NL). Ihr fotografisches Interesse gilt traditionellen Formen des Zusammenlebens inmitten unserer dynamischen modernen Welt. In ihrem selbstverlegten Buch <em>Four years, three deaths, sweaty armpits and a fetus<\/em> erz\u00e4hlt sie vom Leben einer Familie in Rum\u00e4nien.<\/p>\n<p>Donnerstag, 02. Juni 2011, 17:00 Uhr<\/p>\n<h4><strong>Marion Denis (DE) stellt ihr K\u00fcnstlerbuch O.T. vor<br \/>\n<\/strong><\/h4>\n<p><a href=\"https:\/\/malenki.net\/wp-content\/uploads\/2017\/09\/marion-denis-kijk-papers.jpg\"><img loading=\"lazy\" decoding=\"async\" class=\"alignleft size-full wp-image-5029\" src=\"https:\/\/malenki.net\/wp-content\/uploads\/2017\/09\/marion-denis-kijk-papers.jpg\" alt=\"Marion Denis at kijk:papers 2011 in Kassel\" width=\"1392\" height=\"928\" \/><\/a><\/p>\n<p><a href=\"http:\/\/www.mariondenis.de\/\">Marion Denis<\/a>\u00a0studierte Fotografie an der Fachhochschule Bielefeld und erhielt 2010 ein F\u00f6rderstipendium der Kunststiftung NRW. Marion Denis ist Mitglied der K\u00fcnstlergruppe kyep. Ihr erstes K\u00fcnstlerbuch <em>O.T.<\/em> erscheint in einer Auflage von 25 Exemplaren im Eigenverlag.<\/p>\n<p>Donnerstag, 02. Juni 2011, 18:00 Uhr<\/p>\n<h4><strong>Bruno Ceschel (UK), Laurence Vecten (FR), Anne Schwalbe (DE) und Maxwell Anderson (UK) im Gespr\u00e4ch<\/strong><\/h4>\n<p><a href=\"https:\/\/malenki.net\/wp-content\/uploads\/2017\/09\/opening-kijk-papers-12.jpg\"><img loading=\"lazy\" decoding=\"async\" class=\"alignleft size-full wp-image-5053\" src=\"https:\/\/malenki.net\/wp-content\/uploads\/2017\/09\/opening-kijk-papers-12.jpg\" alt=\"Maxwell Anderson, Bruno Ceschel, Anne Schwalbe and Laurence Vecten \u2014 kijk:papers 2011\" width=\"1392\" height=\"928\" \/><\/a><br \/>\n<a href=\"https:\/\/malenki.net\/wp-content\/uploads\/2017\/09\/opening-kijk-papers-03.jpg\"><img loading=\"lazy\" decoding=\"async\" class=\"alignleft size-full wp-image-5035\" src=\"https:\/\/malenki.net\/wp-content\/uploads\/2017\/09\/opening-kijk-papers-03.jpg\" alt=\"Maxwell Anderson, Bruno Ceschel, Anne Schwalbe and Laurence Vecten \u2014 kijk:papers 2011\" width=\"1392\" height=\"928\" \/><\/a><br \/>\n<a href=\"https:\/\/malenki.net\/wp-content\/uploads\/2017\/09\/opening-kijk-papers-06.jpg\"><img loading=\"lazy\" decoding=\"async\" class=\"alignleft size-full wp-image-5041\" src=\"https:\/\/malenki.net\/wp-content\/uploads\/2017\/09\/opening-kijk-papers-06.jpg\" alt=\"Maxwell Anderson, Bruno Ceschel, Anne Schwalbe and Laurence Vecten \u2014 kijk:papers 2011\" width=\"1392\" height=\"928\" \/><\/a><\/p>\n<p>&nbsp;<\/p>\n<p>Anl\u00e4sslich der Ausstellungser\u00f6ffnung von kijk:papers diskutieren Bruno Ceschel (<a href=\"http:\/\/selfpublishbehappy.com\/\" target=\"_blank\" rel=\"noopener noreferrer\">Self Publish, Be Happy<\/a>), Laurence Vecten (<a href=\"http:\/\/www.lozenup.com\/\" target=\"_blank\" rel=\"noopener noreferrer\">Lozen up<\/a>\u00a0\/ Publish it yourself), <a href=\"http:\/\/www.anneschwalbe.de\" target=\"_blank\" rel=\"noopener noreferrer\">Anne Schwalbe<\/a> (Fotografin) und <a href=\"http:\/\/www.maxwellanderson.co.uk\/\" target=\"_blank\" rel=\"noopener noreferrer\">Maxwell Anderson<\/a> (Fotograf \/ <a href=\"http:\/\/www.bemojake.eu\/\" target=\"_blank\" rel=\"noopener noreferrer\">Bemojake<\/a>) aus\u00a0verschiedenen Perspektiven\u00a0 zu Aspekten des Self Publishings.<\/p>\n<p>Donnerstag, 02. Juni 2011, 19:00 Uhr<\/p>\n<h4><strong>Conrad M\u00fcller (DE) und Karsten Kronas (DE) sind anwesend<br \/>\n<\/strong><\/h4>\n<p><a href=\"http:\/\/www.conradmueller.com\/\" target=\"_blank\" rel=\"noopener noreferrer\">Conrad M\u00fcller<\/a>\u00a0hat Fotografie an der Fachhochschule Bielefeld und Bildende Kunst an der Island Academy of the Arts in Reykjavik studiert und lebt in Berlin. Seine Arbeit besch\u00e4ftigt sich mit den Urspr\u00fcngen der Dinge vor ihrer Definition. Sie umfasst sowohl gegenst\u00e4ndliche Fotografien wie Stilleben als auch abstrakte Bilder in denen Farbe und Raum im Vordergrund stehen. Die Edition <em>Fotografien<\/em> zeigt Arbeiten aus den Jahren 2006-2010.<\/p>\n<p><a href=\"http:\/\/www.karstenkronas.com\/\" target=\"_blank\" rel=\"noopener noreferrer\">Karsten Kronas<\/a>\u00a0studierte Fotografie an der Fachhochschule Bielefeld und an der Marmara Universit\u00e4t in Istanbul. 2009 war er Stadtfotograf in Koblenz, wo seine Arbeit <em>Schenkendorfstra\u00dfe 1<\/em> entstand. <em>Beyo\u011flu Blue<\/em>, eine athmosp\u00e4risch dichte fotografische Erz\u00e4hlung \u00fcber den istanbuler Stadtteil Beyo\u011flu erschien 2010 im Kehrer Verlag.<\/p>\n<p>Freitag, 03. Juni 2011, 15:00 Uhr<\/p>\n<h4><strong>Helena Sch\u00e4tzle (DE) stellt zusammen mit den Gestalterinnen Lilly Nikolic und Eva Maria Kroder drei ihrer selbstpublizierten Fotob\u00fccher vor<\/strong><\/h4>\n<p><a href=\"https:\/\/malenki.net\/wp-content\/uploads\/2017\/09\/helena-schaetzle-kijk-papers-05.jpg\"><img loading=\"lazy\" decoding=\"async\" class=\"alignleft size-full wp-image-5153\" src=\"https:\/\/malenki.net\/wp-content\/uploads\/2017\/09\/helena-schaetzle-kijk-papers-05.jpg\" alt=\"Helena Sch\u00e4tzle, Lilly Nikolic and Eva Maria Kroder at kijk:papers 2011\" width=\"1392\" height=\"928\" \/><\/a><\/p>\n<p><a href=\"http:\/\/www.helenaschaetzle.de\" target=\"_blank\" rel=\"noopener noreferrer\">Helena Sch\u00e4tzle<\/a>\u00a0studierte Visuelle Kommunikation und Fotografie an der Kunsthochschule Kassel und an der Fachhochschule Hannover. Sie ist Preistr\u00e4gerin von\u00a0<em>gute aussichten \u2013 \u00a0junge deutsche fotografie 2010\/2011.<\/em> Mit ihrem handgefertigten Buch\u00a0<em>Die Zeit dazwischen \u2013 2621 Kilometer Erinnerung<\/em> wurde sie f\u00fcr den International Photobook Award 2011 nominiert.<\/p>\n<p>Freitag, 03. Juni 2011, 16:30 Uhr<\/p>\n<h4><strong>Mitko Mitkov (BG) stellt die K\u00fcnstlerb\u00fccher des\u00a01%ofONE Verlag aus Hamburg vor<br \/>\n<\/strong><\/h4>\n<p><a href=\"https:\/\/malenki.net\/wp-content\/uploads\/2017\/09\/mitko-mitkov-kijk-papers-04-546x819.jpg\"><img loading=\"lazy\" decoding=\"async\" class=\"alignnone wp-image-5155 size-large\" src=\"https:\/\/malenki.net\/wp-content\/uploads\/2017\/09\/mitko-mitkov-kijk-papers-04-546x819.jpg\" alt=\"Mitko Mitkov (oneofone) at kijk:papers 2011 in Kassel\" width=\"474\" height=\"711\" \/><\/a><\/p>\n<p>Der\u00a0<a href=\"http:\/\/www.oneofone-verlag.com\" target=\"_blank\" rel=\"noopener noreferrer\">1%ofONE Verlag<\/a> wurde im Februar 2011 von Mitko Mitkov als\u00a0 nicht-kommerzieller Verlag gegr\u00fcndet, in welchem er handgefertigte K\u00fcnstlerb\u00fccher in kleinster Auflage produziert. Die B\u00fccher entstehen in unterschiedlichen Druckverfahren wie beispielsweise Bleisatz und Siebdruck. Mitko Mitkov studiert seit 2009 Fotografie an der HfBK Hamburg.<\/p>\n<p>Freitag, 03. Juni 2011, 19:00 Uhr<\/p>\n<h4><strong>Marianne Hommersom (NL) ist anwesend<br \/>\n<\/strong><\/h4>\n<p><a href=\"http:\/\/www.mariannehommersom.be\" target=\"_blank\" rel=\"noopener noreferrer\">Marianne Hommersom<\/a>\u00a0studierte Fotografie an der KASK Gent (BE) und an der Fachhochschule Bielefeld (DE). Ihren Master in Filmtheorie machte sie an der Universit\u00e4t Antwerpen (BE).<em>\u00a0Scenes of wonder<\/em>\u00a0ist ein erstes K\u00fcnstlerbuch zu ihrem Langzeitprojekt mit selben Namen in welchem sie das fragile Zusammenspiel von Mensch und Landschaft untersucht.<\/p>\n<p>Samstag, 04. Juni 2011, 15:00 Uhr<\/p>\n<h4><strong>Maarten Dings (NL) und Joachim Naudts (NL) stellen die Arbeiten der K\u00fcnstlergruppe RE: vor<\/strong><\/h4>\n<p><a href=\"https:\/\/malenki.net\/wp-content\/uploads\/2017\/09\/re-collective-kijk-papers-06.jpg\"><img loading=\"lazy\" decoding=\"async\" class=\"alignleft size-full wp-image-5157\" src=\"https:\/\/malenki.net\/wp-content\/uploads\/2017\/09\/re-collective-kijk-papers-06.jpg\" alt=\"Maarten Dings and Joachim Naudts (re: collective) at kijk:papers 2011\" width=\"1392\" height=\"928\" \/><\/a> <a href=\"https:\/\/malenki.net\/wp-content\/uploads\/2017\/09\/re-collective-kijk-papers-07.jpg\"><img loading=\"lazy\" decoding=\"async\" class=\"alignleft size-full wp-image-5159\" src=\"https:\/\/malenki.net\/wp-content\/uploads\/2017\/09\/re-collective-kijk-papers-07.jpg\" alt=\"Maarten Dings and Joachim Naudts (re: collective) at kijk:papers 2011\" width=\"1392\" height=\"928\" \/><\/a><\/p>\n<p>Maarten Dings machte 2008 seinen Master in Fotografie an der KASK Gent. Gemeinsam mit Joachim Naudts und Egon Van Herreweghe gr\u00fcndete er die Gruppe RE: collective, in der die K\u00fcnstler gemeinsam arbeiten, publizieren und kuratieren.<\/p>\n<p>Samstag, 04. Juni 2011, 16:00 Uhr<\/p>\n<h4>Debby Huysmans (BE) ist anwesend<\/h4>\n<p><a href=\"http:\/\/www.debbyhuysmans.be\" target=\"_blank\" rel=\"noopener noreferrer\">Debby Huysmans<\/a> studierte Fotografie an der KASK Gent und an der Royal Academy of Fine Arts Antwerpen. <em>Sibir<\/em> (2008 \u2013 2010) ist ihre vierte Arbeit, welche am Rande Westeuropas entstanden ist. In ihr dokumentiert sie das Leben und die Landschaft nahe den Fl\u00fcssen Jenissej und Lena in Sibirien. 2010 gewann Debby Huysmans mit ihrem selbstverlegten Buch <em>Sibir<\/em> den PDN Photo Annual, New York.<\/p>\n<p>Samstag, 04. Juni 2011, 16:30 Uhr<\/p>\n<h4><strong>Kaffee schwarz mit malenki. Katrin Kamrau (DE) und Robert Schlotter (DE) stellen die Plattform malenki.net vor<br \/>\n<\/strong><\/h4>\n<p><a href=\"https:\/\/malenki.net\/wp-content\/uploads\/2017\/09\/malenki-kijk-papers-02.jpg\"><img loading=\"lazy\" decoding=\"async\" class=\"alignleft size-full wp-image-5170\" src=\"https:\/\/malenki.net\/wp-content\/uploads\/2017\/09\/malenki-kijk-papers-02.jpg\" alt=\"Katrin Kamrau and Robert Schlotter (malenki.net) at kijk:papers 2011\" width=\"1392\" height=\"928\" \/><\/a> <a href=\"https:\/\/malenki.net\/wp-content\/uploads\/2017\/09\/malenki-kijk-papers-06.jpg\"><img loading=\"lazy\" decoding=\"async\" class=\"alignleft size-full wp-image-5172\" src=\"https:\/\/malenki.net\/wp-content\/uploads\/2017\/09\/malenki-kijk-papers-06.jpg\" alt=\"Katrin Kamrau and Robert Schlotter (malenki.net) at kijk:papers 2011\" width=\"1392\" height=\"928\" \/><\/a><\/p>\n<p><a href=\"http:\/\/www.katrinkamrau.de\/\" target=\"_blank\" rel=\"noopener noreferrer\">Katrin Kamrau<\/a> und <a href=\"http:\/\/www.robertschlotter.com\/\" target=\"_blank\" rel=\"noopener noreferrer\">Robert Schlotter<\/a> studierten Fotografie an der Fachhochschule Bielefeld. Katrin ist Preistr\u00e4gerin von <em>gute aussichten \u2013 junge deutsche fotografie 2010\/2011<\/em> und lebt in Antwerpen (BE). Robert Schlotter erhielt 2010 f\u00fcr sein Projekt <em>Beyond Cold War<\/em> Arbeitsstipendien der Kunststiftung Sachsen-Anhalt und des DAAD. 2009 gr\u00fcndeten Katrin Kamrau und Robert Schlotter die Plattform malenki.net.<\/p>\n<p>Sonntag, 05. Juni 2011, 15:00 Uhr<\/p>\n<h4><strong>Jezabel Baudo (DE) stellt ihre Arbeit <em>Gef\u00fchlte Acht Grad<\/em> vor<br \/>\n<\/strong><\/h4>\n<p><a href=\"https:\/\/malenki.net\/wp-content\/uploads\/2017\/09\/jezabel-baudo-kijk-papers-546x819.jpg\"><img loading=\"lazy\" decoding=\"async\" class=\"alignnone wp-image-5168 size-large\" src=\"https:\/\/malenki.net\/wp-content\/uploads\/2017\/09\/jezabel-baudo-kijk-papers-546x819.jpg\" alt=\"Jezabel Baudo at kijk:papers 2011\" width=\"474\" height=\"711\" \/><\/a><\/p>\n<p><a href=\"https:\/\/malenki.net\/product\/huit-degres-ressentis-jezabel-baudo\/\" target=\"_blank\" rel=\"noopener noreferrer\">Jezabel Baudo<\/a> studierte Fotografie an der Fachhochschule Bielefeld und an der \u00c9cole sup\u00e9rieure des Beaux-Arts in Marseille. In<em> Gef\u00fchlte Acht Grad<\/em> arbeitet sie mit Fotografien, selbstgeschriebenen Texten und gefundenen Objekten. Die K\u00fcnstlerin lebt in Hamburg.<\/p>\n<p>Sonntag, 05. Juni 2011, 16:00 Uhr<\/p>\n","protected":false},"excerpt":{"rendered":"<p>Sarah Carlier (BE) pr\u00e4sentiert ihr Buch \u201aFour years, three deaths, sweaty armpits and a fetus\u2018 Sarah Carlier studierte Fotografie an der K\u00f6niglichen Akademie f\u00fcr Bildende K\u00fcnste in Den Haag (NL) und an der AKV | St. Joost in Breda (NL). Ihr fotografisches Interesse gilt traditionellen Formen des Zusammenlebens inmitten unserer dynamischen modernen Welt. In ihrem&hellip; <a class=\"more-link\" href=\"https:\/\/malenki.net\/de\/vor-ort\/kijk-papers-2011\/kijk-papers-2011-programm\/\"><span class=\"screen-reader-text\">kijk:papers 2011 \u2014 Programm<\/span> weiterlesen<\/a><\/p>\n","protected":false},"author":3,"featured_media":0,"parent":5187,"menu_order":0,"comment_status":"closed","ping_status":"closed","template":"","meta":{"pgc_sgb_lightbox_settings":"","footnotes":""},"categories":[],"tags":[],"class_list":["post-5190","page","type-page","status-publish","hentry","entry"],"yoast_head":"<!-- This site is optimized with the Yoast SEO plugin v27.2 - https:\/\/yoast.com\/product\/yoast-seo-wordpress\/ -->\n<title>malenki.net | kijk:papers 2011 \u2014 Programm<\/title>\n<meta name=\"robots\" content=\"index, follow, max-snippet:-1, max-image-preview:large, max-video-preview:-1\" \/>\n<link rel=\"canonical\" href=\"https:\/\/malenki.net\/de\/vor-ort\/kijk-papers-2011\/kijk-papers-2011-programm\/\" \/>\n<meta property=\"og:locale\" content=\"de_DE\" \/>\n<meta property=\"og:type\" content=\"article\" \/>\n<meta property=\"og:title\" content=\"malenki.net | kijk:papers 2011 \u2014 Programm\" \/>\n<meta property=\"og:description\" content=\"Sarah Carlier (BE) pr\u00e4sentiert ihr Buch \u201aFour years, three deaths, sweaty armpits and a fetus\u2018 Sarah Carlier studierte Fotografie an der K\u00f6niglichen Akademie f\u00fcr Bildende K\u00fcnste in Den Haag (NL) und an der AKV | St. Joost in Breda (NL). Ihr fotografisches Interesse gilt traditionellen Formen des Zusammenlebens inmitten unserer dynamischen modernen Welt. In ihrem&hellip; kijk:papers 2011 \u2014 Programm weiterlesen\" \/>\n<meta property=\"og:url\" content=\"https:\/\/malenki.net\/de\/vor-ort\/kijk-papers-2011\/kijk-papers-2011-programm\/\" \/>\n<meta property=\"og:site_name\" content=\"malenki.net\" \/>\n<meta property=\"article:publisher\" content=\"https:\/\/www.facebook.com\/malenki.editionen\/\" \/>\n<meta property=\"article:modified_time\" content=\"2020-08-28T13:05:09+00:00\" \/>\n<meta property=\"og:image\" content=\"https:\/\/malenki.net\/wp-content\/uploads\/2017\/09\/sarah-carlier-kijk-papers.jpg\" \/>\n<meta name=\"twitter:card\" content=\"summary_large_image\" \/>\n<meta name=\"twitter:label1\" content=\"Gesch\u00e4tzte Lesezeit\" \/>\n\t<meta name=\"twitter:data1\" content=\"4\u00a0Minuten\" \/>\n<script type=\"application\/ld+json\" class=\"yoast-schema-graph\">{\"@context\":\"https:\/\/schema.org\",\"@graph\":[{\"@type\":\"WebPage\",\"@id\":\"https:\/\/malenki.net\/de\/vor-ort\/kijk-papers-2011\/kijk-papers-2011-programm\/\",\"url\":\"https:\/\/malenki.net\/de\/vor-ort\/kijk-papers-2011\/kijk-papers-2011-programm\/\",\"name\":\"malenki.net | kijk:papers 2011 \u2014 Programm\",\"isPartOf\":{\"@id\":\"https:\/\/malenki.net\/de\/#website\"},\"primaryImageOfPage\":{\"@id\":\"https:\/\/malenki.net\/de\/vor-ort\/kijk-papers-2011\/kijk-papers-2011-programm\/#primaryimage\"},\"image\":{\"@id\":\"https:\/\/malenki.net\/de\/vor-ort\/kijk-papers-2011\/kijk-papers-2011-programm\/#primaryimage\"},\"thumbnailUrl\":\"https:\/\/malenki.net\/wp-content\/uploads\/2017\/09\/sarah-carlier-kijk-papers.jpg\",\"datePublished\":\"2011-09-04T20:11:29+00:00\",\"dateModified\":\"2020-08-28T13:05:09+00:00\",\"breadcrumb\":{\"@id\":\"https:\/\/malenki.net\/de\/vor-ort\/kijk-papers-2011\/kijk-papers-2011-programm\/#breadcrumb\"},\"inLanguage\":\"de\",\"potentialAction\":[{\"@type\":\"ReadAction\",\"target\":[\"https:\/\/malenki.net\/de\/vor-ort\/kijk-papers-2011\/kijk-papers-2011-programm\/\"]}]},{\"@type\":\"ImageObject\",\"inLanguage\":\"de\",\"@id\":\"https:\/\/malenki.net\/de\/vor-ort\/kijk-papers-2011\/kijk-papers-2011-programm\/#primaryimage\",\"url\":\"https:\/\/malenki.net\/wp-content\/uploads\/2017\/09\/sarah-carlier-kijk-papers.jpg\",\"contentUrl\":\"https:\/\/malenki.net\/wp-content\/uploads\/2017\/09\/sarah-carlier-kijk-papers.jpg\"},{\"@type\":\"BreadcrumbList\",\"@id\":\"https:\/\/malenki.net\/de\/vor-ort\/kijk-papers-2011\/kijk-papers-2011-programm\/#breadcrumb\",\"itemListElement\":[{\"@type\":\"ListItem\",\"position\":1,\"name\":\"Home\",\"item\":\"https:\/\/malenki.net\/de\/\"},{\"@type\":\"ListItem\",\"position\":2,\"name\":\"Vor Ort\",\"item\":\"https:\/\/malenki.net\/de\/vor-ort\/\"},{\"@type\":\"ListItem\",\"position\":3,\"name\":\"kijk:papers 2011\",\"item\":\"https:\/\/malenki.net\/de\/vor-ort\/kijk-papers-2011\/\"},{\"@type\":\"ListItem\",\"position\":4,\"name\":\"kijk:papers 2011 \u2014 Programm\"}]},{\"@type\":\"WebSite\",\"@id\":\"https:\/\/malenki.net\/de\/#website\",\"url\":\"https:\/\/malenki.net\/de\/\",\"name\":\"malenki.net\",\"description\":\"Fotografie Editionen\",\"publisher\":{\"@id\":\"https:\/\/malenki.net\/de\/#organization\"},\"potentialAction\":[{\"@type\":\"SearchAction\",\"target\":{\"@type\":\"EntryPoint\",\"urlTemplate\":\"https:\/\/malenki.net\/de\/?s={search_term_string}\"},\"query-input\":{\"@type\":\"PropertyValueSpecification\",\"valueRequired\":true,\"valueName\":\"search_term_string\"}}],\"inLanguage\":\"de\"},{\"@type\":\"Organization\",\"@id\":\"https:\/\/malenki.net\/de\/#organization\",\"name\":\"malenki.net\",\"url\":\"https:\/\/malenki.net\/de\/\",\"logo\":{\"@type\":\"ImageObject\",\"inLanguage\":\"de\",\"@id\":\"https:\/\/malenki.net\/de\/#\/schema\/logo\/image\/\",\"url\":\"https:\/\/malenki.net\/wp-content\/uploads\/2023\/03\/malenki-logo-2019.gif\",\"contentUrl\":\"https:\/\/malenki.net\/wp-content\/uploads\/2023\/03\/malenki-logo-2019.gif\",\"width\":524,\"height\":138,\"caption\":\"malenki.net\"},\"image\":{\"@id\":\"https:\/\/malenki.net\/de\/#\/schema\/logo\/image\/\"},\"sameAs\":[\"https:\/\/www.facebook.com\/malenki.editionen\/\",\"https:\/\/www.instagram.com\/malenkinet\/\"]}]}<\/script>\n<!-- \/ Yoast SEO plugin. -->","yoast_head_json":{"title":"malenki.net | kijk:papers 2011 \u2014 Programm","robots":{"index":"index","follow":"follow","max-snippet":"max-snippet:-1","max-image-preview":"max-image-preview:large","max-video-preview":"max-video-preview:-1"},"canonical":"https:\/\/malenki.net\/de\/vor-ort\/kijk-papers-2011\/kijk-papers-2011-programm\/","og_locale":"de_DE","og_type":"article","og_title":"malenki.net | kijk:papers 2011 \u2014 Programm","og_description":"Sarah Carlier (BE) pr\u00e4sentiert ihr Buch \u201aFour years, three deaths, sweaty armpits and a fetus\u2018 Sarah Carlier studierte Fotografie an der K\u00f6niglichen Akademie f\u00fcr Bildende K\u00fcnste in Den Haag (NL) und an der AKV | St. Joost in Breda (NL). Ihr fotografisches Interesse gilt traditionellen Formen des Zusammenlebens inmitten unserer dynamischen modernen Welt. In ihrem&hellip; kijk:papers 2011 \u2014 Programm weiterlesen","og_url":"https:\/\/malenki.net\/de\/vor-ort\/kijk-papers-2011\/kijk-papers-2011-programm\/","og_site_name":"malenki.net","article_publisher":"https:\/\/www.facebook.com\/malenki.editionen\/","article_modified_time":"2020-08-28T13:05:09+00:00","og_image":[{"url":"https:\/\/malenki.net\/wp-content\/uploads\/2017\/09\/sarah-carlier-kijk-papers.jpg","type":"","width":"","height":""}],"twitter_card":"summary_large_image","twitter_misc":{"Gesch\u00e4tzte Lesezeit":"4\u00a0Minuten"},"schema":{"@context":"https:\/\/schema.org","@graph":[{"@type":"WebPage","@id":"https:\/\/malenki.net\/de\/vor-ort\/kijk-papers-2011\/kijk-papers-2011-programm\/","url":"https:\/\/malenki.net\/de\/vor-ort\/kijk-papers-2011\/kijk-papers-2011-programm\/","name":"malenki.net | kijk:papers 2011 \u2014 Programm","isPartOf":{"@id":"https:\/\/malenki.net\/de\/#website"},"primaryImageOfPage":{"@id":"https:\/\/malenki.net\/de\/vor-ort\/kijk-papers-2011\/kijk-papers-2011-programm\/#primaryimage"},"image":{"@id":"https:\/\/malenki.net\/de\/vor-ort\/kijk-papers-2011\/kijk-papers-2011-programm\/#primaryimage"},"thumbnailUrl":"https:\/\/malenki.net\/wp-content\/uploads\/2017\/09\/sarah-carlier-kijk-papers.jpg","datePublished":"2011-09-04T20:11:29+00:00","dateModified":"2020-08-28T13:05:09+00:00","breadcrumb":{"@id":"https:\/\/malenki.net\/de\/vor-ort\/kijk-papers-2011\/kijk-papers-2011-programm\/#breadcrumb"},"inLanguage":"de","potentialAction":[{"@type":"ReadAction","target":["https:\/\/malenki.net\/de\/vor-ort\/kijk-papers-2011\/kijk-papers-2011-programm\/"]}]},{"@type":"ImageObject","inLanguage":"de","@id":"https:\/\/malenki.net\/de\/vor-ort\/kijk-papers-2011\/kijk-papers-2011-programm\/#primaryimage","url":"https:\/\/malenki.net\/wp-content\/uploads\/2017\/09\/sarah-carlier-kijk-papers.jpg","contentUrl":"https:\/\/malenki.net\/wp-content\/uploads\/2017\/09\/sarah-carlier-kijk-papers.jpg"},{"@type":"BreadcrumbList","@id":"https:\/\/malenki.net\/de\/vor-ort\/kijk-papers-2011\/kijk-papers-2011-programm\/#breadcrumb","itemListElement":[{"@type":"ListItem","position":1,"name":"Home","item":"https:\/\/malenki.net\/de\/"},{"@type":"ListItem","position":2,"name":"Vor Ort","item":"https:\/\/malenki.net\/de\/vor-ort\/"},{"@type":"ListItem","position":3,"name":"kijk:papers 2011","item":"https:\/\/malenki.net\/de\/vor-ort\/kijk-papers-2011\/"},{"@type":"ListItem","position":4,"name":"kijk:papers 2011 \u2014 Programm"}]},{"@type":"WebSite","@id":"https:\/\/malenki.net\/de\/#website","url":"https:\/\/malenki.net\/de\/","name":"malenki.net","description":"Fotografie Editionen","publisher":{"@id":"https:\/\/malenki.net\/de\/#organization"},"potentialAction":[{"@type":"SearchAction","target":{"@type":"EntryPoint","urlTemplate":"https:\/\/malenki.net\/de\/?s={search_term_string}"},"query-input":{"@type":"PropertyValueSpecification","valueRequired":true,"valueName":"search_term_string"}}],"inLanguage":"de"},{"@type":"Organization","@id":"https:\/\/malenki.net\/de\/#organization","name":"malenki.net","url":"https:\/\/malenki.net\/de\/","logo":{"@type":"ImageObject","inLanguage":"de","@id":"https:\/\/malenki.net\/de\/#\/schema\/logo\/image\/","url":"https:\/\/malenki.net\/wp-content\/uploads\/2023\/03\/malenki-logo-2019.gif","contentUrl":"https:\/\/malenki.net\/wp-content\/uploads\/2023\/03\/malenki-logo-2019.gif","width":524,"height":138,"caption":"malenki.net"},"image":{"@id":"https:\/\/malenki.net\/de\/#\/schema\/logo\/image\/"},"sameAs":["https:\/\/www.facebook.com\/malenki.editionen\/","https:\/\/www.instagram.com\/malenkinet\/"]}]}},"wps_subtitle":"Warte f\u00fcr Kunst, Kassel","_links":{"self":[{"href":"https:\/\/malenki.net\/de\/wp-json\/wp\/v2\/pages\/5190","targetHints":{"allow":["GET"]}}],"collection":[{"href":"https:\/\/malenki.net\/de\/wp-json\/wp\/v2\/pages"}],"about":[{"href":"https:\/\/malenki.net\/de\/wp-json\/wp\/v2\/types\/page"}],"author":[{"embeddable":true,"href":"https:\/\/malenki.net\/de\/wp-json\/wp\/v2\/users\/3"}],"replies":[{"embeddable":true,"href":"https:\/\/malenki.net\/de\/wp-json\/wp\/v2\/comments?post=5190"}],"version-history":[{"count":0,"href":"https:\/\/malenki.net\/de\/wp-json\/wp\/v2\/pages\/5190\/revisions"}],"up":[{"embeddable":true,"href":"https:\/\/malenki.net\/de\/wp-json\/wp\/v2\/pages\/5187"}],"wp:attachment":[{"href":"https:\/\/malenki.net\/de\/wp-json\/wp\/v2\/media?parent=5190"}],"wp:term":[{"taxonomy":"category","embeddable":true,"href":"https:\/\/malenki.net\/de\/wp-json\/wp\/v2\/categories?post=5190"},{"taxonomy":"post_tag","embeddable":true,"href":"https:\/\/malenki.net\/de\/wp-json\/wp\/v2\/tags?post=5190"}],"curies":[{"name":"wp","href":"https:\/\/api.w.org\/{rel}","templated":true}]}}