{"id":3204,"date":"2015-09-14T10:35:02","date_gmt":"2015-09-14T08:35:02","guid":{"rendered":"http:\/\/malenki.net\/wordpress\/?page_id=3204"},"modified":"2020-05-06T20:44:24","modified_gmt":"2020-05-06T18:44:24","slug":"newsletter-anmelden","status":"publish","type":"page","link":"https:\/\/malenki.net\/de\/newsletter-anmelden\/","title":{"rendered":"Newsletter"},"content":{"rendered":"<p>Wenn Sie aktuelle Informationen zu unserem Programm und Teilnahmen an Fotobuch Veranstaltungen erhalten m\u00f6chten, k\u00f6nnen Sie sich f\u00fcr unseren monatlichen Newsletter anmelden.<\/p>\n<p><div class=\"tnp tnp-subscription \">\n<form method=\"post\" action=\"https:\/\/malenki.net\/wp-admin\/admin-ajax.php?action=tnp&amp;na=s\">\n<input type=\"hidden\" name=\"nlang\" value=\"de\">\n<div class=\"tnp-field tnp-field-email\"><label for=\"tnp-1\">Email*<\/label>\n<input class=\"tnp-email\" type=\"email\" name=\"ne\" id=\"tnp-1\" value=\"\" placeholder=\"\" required><\/div>\n<div class=\"tnp-field tnp-privacy-field\"><label><input type=\"checkbox\" name=\"ny\" required class=\"tnp-privacy\"> <a target=\"_blank\" href=\"https:\/\/malenki.net\/privacy-policy\/\">By using this form you agree with the storage and handling of your data by this website.<\/a><\/label><\/div><div class=\"tnp-field tnp-field-button\" style=\"text-align: left\"><input class=\"tnp-submit\" type=\"submit\" value=\"Subscribe\" style=\"\">\n<\/div>\n<\/form>\n<\/div>\n<\/p>\n<p>Sollten Sie unseren Newsletter abbestellen wollen, k\u00f6nnen Sie dies jederzeit \u00fcber den Link in der Fu\u00dfzeile einer jeden Email tun. Nach Ihrer Anmeldung f\u00fcr unseren Newsletter, erhalten Sie eine Email um Ihre Anmeldung zu best\u00e4tigen. Unbest\u00e4tigte Anmeldungen werden innerhalb von vier Wochen automatisch gel\u00f6scht.<\/p>\n","protected":false},"excerpt":{"rendered":"<p>Wenn Sie aktuelle Informationen zu unserem Programm und Teilnahmen an Fotobuch Veranstaltungen erhalten m\u00f6chten, k\u00f6nnen Sie sich f\u00fcr unseren monatlichen Newsletter anmelden. Sollten Sie unseren Newsletter abbestellen wollen, k\u00f6nnen Sie dies jederzeit \u00fcber den Link in der Fu\u00dfzeile einer jeden Email tun. Nach Ihrer Anmeldung f\u00fcr unseren Newsletter, erhalten Sie eine Email um Ihre Anmeldung&hellip; <a class=\"more-link\" href=\"https:\/\/malenki.net\/de\/newsletter-anmelden\/\"><span class=\"screen-reader-text\">Newsletter<\/span> weiterlesen<\/a><\/p>\n","protected":false},"author":3,"featured_media":0,"parent":0,"menu_order":0,"comment_status":"closed","ping_status":"closed","template":"","meta":{"pgc_sgb_lightbox_settings":"","footnotes":""},"categories":[],"tags":[],"class_list":["post-3204","page","type-page","status-publish","hentry","entry"],"yoast_head":"<!-- This site is optimized with the Yoast SEO plugin v27.2 - https:\/\/yoast.com\/product\/yoast-seo-wordpress\/ -->\n<title>malenki.net | Newsletter<\/title>\n<meta name=\"description\" content=\"Melden Sie sich f\u00fcr den Newsletter von malenki.net an\" \/>\n<meta name=\"robots\" content=\"index, follow, max-snippet:-1, max-image-preview:large, max-video-preview:-1\" \/>\n<link rel=\"canonical\" href=\"https:\/\/malenki.net\/de\/newsletter-anmelden\/\" \/>\n<meta property=\"og:locale\" content=\"de_DE\" \/>\n<meta property=\"og:type\" content=\"article\" \/>\n<meta property=\"og:title\" content=\"malenki.net | Newsletter\" \/>\n<meta property=\"og:description\" content=\"Melden Sie sich f\u00fcr den Newsletter von malenki.net an\" \/>\n<meta property=\"og:url\" content=\"https:\/\/malenki.net\/de\/newsletter-anmelden\/\" \/>\n<meta property=\"og:site_name\" content=\"malenki.net\" \/>\n<meta property=\"article:publisher\" content=\"https:\/\/www.facebook.com\/malenki.editionen\/\" \/>\n<meta property=\"article:modified_time\" content=\"2020-05-06T18:44:24+00:00\" \/>\n<meta property=\"og:image\" content=\"https:\/\/malenki.net\/wp-content\/uploads\/2020\/04\/fb.jpg\" \/>\n\t<meta property=\"og:image:width\" content=\"1200\" \/>\n\t<meta property=\"og:image:height\" content=\"630\" \/>\n\t<meta property=\"og:image:type\" content=\"image\/jpeg\" \/>\n<meta name=\"twitter:card\" content=\"summary_large_image\" \/>\n<script type=\"application\/ld+json\" class=\"yoast-schema-graph\">{\"@context\":\"https:\/\/schema.org\",\"@graph\":[{\"@type\":\"WebPage\",\"@id\":\"https:\/\/malenki.net\/de\/newsletter-anmelden\/\",\"url\":\"https:\/\/malenki.net\/de\/newsletter-anmelden\/\",\"name\":\"malenki.net | Newsletter\",\"isPartOf\":{\"@id\":\"https:\/\/malenki.net\/de\/#website\"},\"datePublished\":\"2015-09-14T08:35:02+00:00\",\"dateModified\":\"2020-05-06T18:44:24+00:00\",\"description\":\"Melden Sie sich f\u00fcr den Newsletter von malenki.net an\",\"breadcrumb\":{\"@id\":\"https:\/\/malenki.net\/de\/newsletter-anmelden\/#breadcrumb\"},\"inLanguage\":\"de\",\"potentialAction\":[{\"@type\":\"ReadAction\",\"target\":[\"https:\/\/malenki.net\/de\/newsletter-anmelden\/\"]}]},{\"@type\":\"BreadcrumbList\",\"@id\":\"https:\/\/malenki.net\/de\/newsletter-anmelden\/#breadcrumb\",\"itemListElement\":[{\"@type\":\"ListItem\",\"position\":1,\"name\":\"Home\",\"item\":\"https:\/\/malenki.net\/de\/\"},{\"@type\":\"ListItem\",\"position\":2,\"name\":\"Newsletter\"}]},{\"@type\":\"WebSite\",\"@id\":\"https:\/\/malenki.net\/de\/#website\",\"url\":\"https:\/\/malenki.net\/de\/\",\"name\":\"malenki.net\",\"description\":\"Fotografie Editionen\",\"publisher\":{\"@id\":\"https:\/\/malenki.net\/de\/#organization\"},\"potentialAction\":[{\"@type\":\"SearchAction\",\"target\":{\"@type\":\"EntryPoint\",\"urlTemplate\":\"https:\/\/malenki.net\/de\/?s={search_term_string}\"},\"query-input\":{\"@type\":\"PropertyValueSpecification\",\"valueRequired\":true,\"valueName\":\"search_term_string\"}}],\"inLanguage\":\"de\"},{\"@type\":\"Organization\",\"@id\":\"https:\/\/malenki.net\/de\/#organization\",\"name\":\"malenki.net\",\"url\":\"https:\/\/malenki.net\/de\/\",\"logo\":{\"@type\":\"ImageObject\",\"inLanguage\":\"de\",\"@id\":\"https:\/\/malenki.net\/de\/#\/schema\/logo\/image\/\",\"url\":\"https:\/\/malenki.net\/wp-content\/uploads\/2023\/03\/malenki-logo-2019.gif\",\"contentUrl\":\"https:\/\/malenki.net\/wp-content\/uploads\/2023\/03\/malenki-logo-2019.gif\",\"width\":524,\"height\":138,\"caption\":\"malenki.net\"},\"image\":{\"@id\":\"https:\/\/malenki.net\/de\/#\/schema\/logo\/image\/\"},\"sameAs\":[\"https:\/\/www.facebook.com\/malenki.editionen\/\",\"https:\/\/www.instagram.com\/malenkinet\/\"]}]}<\/script>\n<!-- \/ Yoast SEO plugin. -->","yoast_head_json":{"title":"malenki.net | Newsletter","description":"Melden Sie sich f\u00fcr den Newsletter von malenki.net an","robots":{"index":"index","follow":"follow","max-snippet":"max-snippet:-1","max-image-preview":"max-image-preview:large","max-video-preview":"max-video-preview:-1"},"canonical":"https:\/\/malenki.net\/de\/newsletter-anmelden\/","og_locale":"de_DE","og_type":"article","og_title":"malenki.net | Newsletter","og_description":"Melden Sie sich f\u00fcr den Newsletter von malenki.net an","og_url":"https:\/\/malenki.net\/de\/newsletter-anmelden\/","og_site_name":"malenki.net","article_publisher":"https:\/\/www.facebook.com\/malenki.editionen\/","article_modified_time":"2020-05-06T18:44:24+00:00","og_image":[{"width":1200,"height":630,"url":"https:\/\/malenki.net\/wp-content\/uploads\/2020\/04\/fb.jpg","type":"image\/jpeg"}],"twitter_card":"summary_large_image","schema":{"@context":"https:\/\/schema.org","@graph":[{"@type":"WebPage","@id":"https:\/\/malenki.net\/de\/newsletter-anmelden\/","url":"https:\/\/malenki.net\/de\/newsletter-anmelden\/","name":"malenki.net | Newsletter","isPartOf":{"@id":"https:\/\/malenki.net\/de\/#website"},"datePublished":"2015-09-14T08:35:02+00:00","dateModified":"2020-05-06T18:44:24+00:00","description":"Melden Sie sich f\u00fcr den Newsletter von malenki.net an","breadcrumb":{"@id":"https:\/\/malenki.net\/de\/newsletter-anmelden\/#breadcrumb"},"inLanguage":"de","potentialAction":[{"@type":"ReadAction","target":["https:\/\/malenki.net\/de\/newsletter-anmelden\/"]}]},{"@type":"BreadcrumbList","@id":"https:\/\/malenki.net\/de\/newsletter-anmelden\/#breadcrumb","itemListElement":[{"@type":"ListItem","position":1,"name":"Home","item":"https:\/\/malenki.net\/de\/"},{"@type":"ListItem","position":2,"name":"Newsletter"}]},{"@type":"WebSite","@id":"https:\/\/malenki.net\/de\/#website","url":"https:\/\/malenki.net\/de\/","name":"malenki.net","description":"Fotografie Editionen","publisher":{"@id":"https:\/\/malenki.net\/de\/#organization"},"potentialAction":[{"@type":"SearchAction","target":{"@type":"EntryPoint","urlTemplate":"https:\/\/malenki.net\/de\/?s={search_term_string}"},"query-input":{"@type":"PropertyValueSpecification","valueRequired":true,"valueName":"search_term_string"}}],"inLanguage":"de"},{"@type":"Organization","@id":"https:\/\/malenki.net\/de\/#organization","name":"malenki.net","url":"https:\/\/malenki.net\/de\/","logo":{"@type":"ImageObject","inLanguage":"de","@id":"https:\/\/malenki.net\/de\/#\/schema\/logo\/image\/","url":"https:\/\/malenki.net\/wp-content\/uploads\/2023\/03\/malenki-logo-2019.gif","contentUrl":"https:\/\/malenki.net\/wp-content\/uploads\/2023\/03\/malenki-logo-2019.gif","width":524,"height":138,"caption":"malenki.net"},"image":{"@id":"https:\/\/malenki.net\/de\/#\/schema\/logo\/image\/"},"sameAs":["https:\/\/www.facebook.com\/malenki.editionen\/","https:\/\/www.instagram.com\/malenkinet\/"]}]}},"wps_subtitle":"","_links":{"self":[{"href":"https:\/\/malenki.net\/de\/wp-json\/wp\/v2\/pages\/3204","targetHints":{"allow":["GET"]}}],"collection":[{"href":"https:\/\/malenki.net\/de\/wp-json\/wp\/v2\/pages"}],"about":[{"href":"https:\/\/malenki.net\/de\/wp-json\/wp\/v2\/types\/page"}],"author":[{"embeddable":true,"href":"https:\/\/malenki.net\/de\/wp-json\/wp\/v2\/users\/3"}],"replies":[{"embeddable":true,"href":"https:\/\/malenki.net\/de\/wp-json\/wp\/v2\/comments?post=3204"}],"version-history":[{"count":0,"href":"https:\/\/malenki.net\/de\/wp-json\/wp\/v2\/pages\/3204\/revisions"}],"wp:attachment":[{"href":"https:\/\/malenki.net\/de\/wp-json\/wp\/v2\/media?parent=3204"}],"wp:term":[{"taxonomy":"category","embeddable":true,"href":"https:\/\/malenki.net\/de\/wp-json\/wp\/v2\/categories?post=3204"},{"taxonomy":"post_tag","embeddable":true,"href":"https:\/\/malenki.net\/de\/wp-json\/wp\/v2\/tags?post=3204"}],"curies":[{"name":"wp","href":"https:\/\/api.w.org\/{rel}","templated":true}]}}