{"id":11782,"date":"2020-06-25T00:03:44","date_gmt":"2020-06-24T22:03:44","guid":{"rendered":"https:\/\/malenki.net\/vor-ort\/workshop-collage\/"},"modified":"2025-11-17T17:48:36","modified_gmt":"2025-11-17T16:48:36","slug":"workshop-collage","status":"publish","type":"page","link":"https:\/\/malenki.net\/de\/vor-ort\/workshop-collage\/","title":{"rendered":"Workshop \u2014 Collage"},"content":{"rendered":"\n<div class=\"wp-block-columns is-layout-flex wp-container-core-columns-is-layout-9d6595d7 wp-block-columns-is-layout-flex\">\n<div class=\"wp-block-column is-layout-flow wp-block-column-is-layout-flow\">\n<figure class=\"wp-block-image size-large\"><a href=\"https:\/\/malenki.net\/wp-content\/uploads\/2020\/08\/merzakademie4.jpg\"><img loading=\"lazy\" decoding=\"async\" width=\"1134\" height=\"850\" src=\"https:\/\/malenki.net\/wp-content\/uploads\/2020\/08\/merzakademie4.jpg\" alt=\"Workshop &#x2014; &#xDC;ber Collage an der Merz Akademie - Hochschule f&#xFC;r Gestaltung, Kunst und Medien, Stuttgart\" class=\"wp-image-8567\" srcset=\"https:\/\/malenki.net\/wp-content\/uploads\/2020\/08\/merzakademie4.jpg 1134w, https:\/\/malenki.net\/wp-content\/uploads\/2020\/08\/merzakademie4-800x600.jpg 800w\" sizes=\"auto, (max-width: 1134px) 100vw, 1134px\" \/><\/a><figcaption class=\"wp-element-caption\">workshop \u2014 on collage at Merz Akademie &#8211; Hochschule f\u00fcr Gestaltung, Kunst und Medien, Stuttgart \u00a9 Katrin Kamrau<\/figcaption><\/figure>\n\n\n\n<figure class=\"wp-block-image size-large\"><a href=\"https:\/\/malenki.net\/wp-content\/uploads\/2020\/08\/merzakademie3.jpg\"><img loading=\"lazy\" decoding=\"async\" width=\"2000\" height=\"1500\" src=\"https:\/\/malenki.net\/wp-content\/uploads\/2020\/08\/merzakademie3.jpg\" alt=\"Workshop &#x2014; &#xDC;ber Collage an der Merz Akademie - Hochschule f&#xFC;r Gestaltung, Kunst und Medien, Stuttgart\" class=\"wp-image-8565\"\/><\/a><figcaption class=\"wp-element-caption\">workshop \u2014 on collage at Merz Akademie &#8211; Hochschule f\u00fcr Gestaltung, Kunst und Medien, Stuttgart \u00a9 Katrin Kamrau<\/figcaption><\/figure>\n\n\n\n<figure class=\"wp-block-image size-large\"><a href=\"https:\/\/malenki.net\/wp-content\/uploads\/2020\/07\/workshop-on-collage-merz-akademie-stuttgart-02.jpg\"><img loading=\"lazy\" decoding=\"async\" width=\"993\" height=\"744\" src=\"https:\/\/malenki.net\/wp-content\/uploads\/2020\/07\/workshop-on-collage-merz-akademie-stuttgart-02.jpg\" alt=\"Workshop &#x2014; &#xDC;ber Collage an der Merz Akademie - Hochschule f&#xFC;r Gestaltung, Kunst und Medien, Stuttgart\" class=\"wp-image-8392\"\/><\/a><figcaption class=\"wp-element-caption\">workshop \u2014 on collage at Merz Akademie &#8211; Hochschule f\u00fcr Gestaltung, Kunst und Medien, Stuttgart \u00a9 Katrin Kamrau<\/figcaption><\/figure>\n<\/div>\n\n\n\n<div class=\"wp-block-column is-layout-flow wp-block-column-is-layout-flow\">\n<div class=\"wp-block-columns is-layout-flex wp-container-core-columns-is-layout-9d6595d7 wp-block-columns-is-layout-flex\">\n<div class=\"wp-block-column is-layout-flow wp-block-column-is-layout-flow\">\n<p>Das gedruckte Bild \u2013 \u00fcber Fotografie und Verlagswesen<br\/>Ein ma\u00dfgeschneiderter einw\u00f6chiger Workshop f\u00fcr 20 Studierende aller Fachrichtungen der<br\/> <a href=\"https:\/\/campusnet.merz-akademie.de\" target=\"_blank\" rel=\"noreferrer noopener\">Merz Academy in Stuttgart \/ Germany.<\/a><\/p>\n\n\n\n<p>Magst du Zeitungsausschnitte und Zines? Begeistert dich die Verwendung von Schere, Kleber, Papier und die DIY-Kultur? Was interessiert dich aktuell an der Fotografie?  <br\/>In diesem einw\u00f6chigen Workshop unter der Leitung von Katrin Kamrau steht der Druck im Mittelpunkt. Wir schneiden, kopieren, reproduzieren und erstellen Collagen basierend auf unseren pers\u00f6nlichen Interessen an Fotografien. Als Material dienen uns Texte und Bilder aus Zeitungen, Zeitschriften, Webseiten, Werbung sowie B\u00fcchern oder aus Ihrem eigenen Archiv. Wir beginnen mit kleineren Gruppen\u00fcbungen, bevor wir uns unseren eigenen Projekten widmen. Publikationen von K\u00fcnstlerinnen wie Eva Kot&#8217;\u00e1tkov\u00e1, Lotte Reimann oder Rabih Mrou\u00e9 werden uns inspirieren. Zus\u00e4tzlich besteht die M\u00f6glichkeit, einfache Buchbindetechniken kennenzulernen.      <br\/>Am Ende der Woche wird dein eigenes Zine, deine Sammlung, deine Publikation oder dein Poster Realit\u00e4t!<\/p>\n<\/div>\n\n\n\n<div class=\"wp-block-column is-layout-flow wp-block-column-is-layout-flow\"><nav class=\"is-responsive items-justified-left is-vertical wp-block-navigation is-content-justification-left is-layout-flex wp-container-core-navigation-is-layout-c0ca7d81 wp-block-navigation-is-layout-flex\" aria-label=\"workshop\" \n\t\t data-wp-interactive=\"core\/navigation\" data-wp-context='{\"overlayOpenedBy\":{\"click\":false,\"hover\":false,\"focus\":false},\"type\":\"overlay\",\"roleAttribute\":\"\",\"ariaLabel\":\"Men\\u00fc\"}'><button aria-haspopup=\"dialog\" aria-label=\"Men\u00fc \u00f6ffnen\" class=\"wp-block-navigation__responsive-container-open\" \n\t\t\t\tdata-wp-on--click=\"actions.openMenuOnClick\"\n\t\t\t\tdata-wp-on--keydown=\"actions.handleMenuKeydown\"\n\t\t\t><svg width=\"24\" height=\"24\" xmlns=\"http:\/\/www.w3.org\/2000\/svg\" viewBox=\"0 0 24 24\" aria-hidden=\"true\" focusable=\"false\"><path d=\"M4 7.5h16v1.5H4z\"><\/path><path d=\"M4 15h16v1.5H4z\"><\/path><\/svg><\/button>\n\t\t\t\t<div class=\"wp-block-navigation__responsive-container\"  id=\"modal-2\" \n\t\t\t\tdata-wp-class--has-modal-open=\"state.isMenuOpen\"\n\t\t\t\tdata-wp-class--is-menu-open=\"state.isMenuOpen\"\n\t\t\t\tdata-wp-watch=\"callbacks.initMenu\"\n\t\t\t\tdata-wp-on--keydown=\"actions.handleMenuKeydown\"\n\t\t\t\tdata-wp-on--focusout=\"actions.handleMenuFocusout\"\n\t\t\t\ttabindex=\"-1\"\n\t\t\t>\n\t\t\t\t\t<div class=\"wp-block-navigation__responsive-close\" tabindex=\"-1\">\n\t\t\t\t\t\t<div class=\"wp-block-navigation__responsive-dialog\" \n\t\t\t\tdata-wp-bind--aria-modal=\"state.ariaModal\"\n\t\t\t\tdata-wp-bind--aria-label=\"state.ariaLabel\"\n\t\t\t\tdata-wp-bind--role=\"state.roleAttribute\"\n\t\t\t>\n\t\t\t\t\t\t\t<button aria-label=\"Men\u00fc schlie\u00dfen\" class=\"wp-block-navigation__responsive-container-close\" \n\t\t\t\tdata-wp-on--click=\"actions.closeMenuOnClick\"\n\t\t\t><svg xmlns=\"http:\/\/www.w3.org\/2000\/svg\" viewBox=\"0 0 24 24\" width=\"24\" height=\"24\" aria-hidden=\"true\" focusable=\"false\"><path d=\"m13.06 12 6.47-6.47-1.06-1.06L12 10.94 5.53 4.47 4.47 5.53 10.94 12l-6.47 6.47 1.06 1.06L12 13.06l6.47 6.47 1.06-1.06L13.06 12Z\"><\/path><\/svg><\/button>\n\t\t\t\t\t\t\t<div class=\"wp-block-navigation__responsive-container-content\" \n\t\t\t\tdata-wp-watch=\"callbacks.focusFirstElement\"\n\t\t\t id=\"modal-2-content\">\n\t\t\t\t\t\t\t\t<ul class=\"wp-block-navigation__container is-responsive items-justified-left is-vertical wp-block-navigation\"><li class=\" wp-block-navigation-item wp-block-navigation-link\"><a class=\"wp-block-navigation-item__content\"  href=\"https:\/\/malenki.net\/on-site\/workshop-from-idea-to-publication\/\"><span class=\"wp-block-navigation-item__label\">workshop \u2014 from idea to publication<\/span><\/a><\/li><li style=\"font-style:normal;font-weight:600;\" class=\" wp-block-navigation-item wp-block-navigation-link\"><a class=\"wp-block-navigation-item__content\"  href=\"https:\/\/malenki.net\/on-site\/workshop-on-collage-merz-akademie-stuttgart\/\"><span class=\"wp-block-navigation-item__label\">workshop \u2014 on collage<\/span><\/a><\/li><li class=\" wp-block-navigation-item wp-block-navigation-link\"><a class=\"wp-block-navigation-item__content\"  href=\"https:\/\/malenki.net\/on-site\/workshop-on-creative-writing-and-publishing\/\"><span class=\"wp-block-navigation-item__label\">workshop \u2014 on creative writing and publishing<\/span><\/a><\/li><li class=\" wp-block-navigation-item wp-block-navigation-link\"><a class=\"wp-block-navigation-item__content\"  href=\"https:\/\/malenki.net\/on-site\/workshop-blue-printing-and-bookbinding\/\"><span class=\"wp-block-navigation-item__label\">workshop \u2014 on cyanotype and bookbinding<\/span><\/a><\/li><\/ul>\n\t\t\t\t\t\t\t<\/div>\n\t\t\t\t\t\t<\/div>\n\t\t\t\t\t<\/div>\n\t\t\t\t<\/div><\/nav>\n\n\n<p>Sind Sie auch an ma\u00dfgeschneiderten Versionen dieses Workshops f\u00fcr Akademien, Institutionen, Initiativen und Gruppen interessiert? Dann kontaktieren Sie uns bitte: malenki@malenki.net <\/p>\n<\/div>\n<\/div>\n<\/div>\n<\/div>\n\n<p><\/p>\n","protected":false},"excerpt":{"rendered":"<p>Das gedruckte Bild \u2013 \u00fcber Fotografie und VerlagswesenEin ma\u00dfgeschneiderter einw\u00f6chiger Workshop f\u00fcr 20 Studierende aller Fachrichtungen der Merz Academy in Stuttgart \/ Germany. Magst du Zeitungsausschnitte und Zines? Begeistert dich die Verwendung von Schere, Kleber, Papier und die DIY-Kultur? Was interessiert dich aktuell an der Fotografie? In diesem einw\u00f6chigen Workshop unter der Leitung von Katrin&hellip; <a class=\"more-link\" href=\"https:\/\/malenki.net\/de\/vor-ort\/workshop-collage\/\"><span class=\"screen-reader-text\">Workshop \u2014 Collage<\/span> weiterlesen<\/a><\/p>\n","protected":false},"author":3,"featured_media":8395,"parent":5176,"menu_order":0,"comment_status":"closed","ping_status":"closed","template":"","meta":{"pgc_sgb_lightbox_settings":"","footnotes":""},"categories":[6456],"tags":[6472],"class_list":["post-11782","page","type-page","status-publish","has-post-thumbnail","hentry","category-vor-ort","tag-do-it-yourself","entry"],"yoast_head":"<!-- This site is optimized with the Yoast SEO plugin v27.2 - https:\/\/yoast.com\/product\/yoast-seo-wordpress\/ -->\n<title>malenki.net | Workshop \u2014 Collage<\/title>\n<meta name=\"description\" content=\"Impressionen vom Workshop zum Thema Collage mit Katrin Kamrau an der Merz Akademie \u2013 Hochschule f\u00fcr Gestaltung, Kunst und Medien, Stuttgart im Jahr 2018\" \/>\n<meta name=\"robots\" content=\"index, follow, max-snippet:-1, max-image-preview:large, max-video-preview:-1\" \/>\n<link rel=\"canonical\" href=\"https:\/\/malenki.net\/de\/vor-ort\/workshop-collage\/\" \/>\n<meta property=\"og:locale\" content=\"de_DE\" \/>\n<meta property=\"og:type\" content=\"article\" \/>\n<meta property=\"og:title\" content=\"malenki.net | Workshop \u2014 Collage\" \/>\n<meta property=\"og:description\" content=\"Impressionen vom Workshop zum Thema Collage mit Katrin Kamrau an der Merz Akademie \u2013 Hochschule f\u00fcr Gestaltung, Kunst und Medien, Stuttgart im Jahr 2018\" \/>\n<meta property=\"og:url\" content=\"https:\/\/malenki.net\/de\/vor-ort\/workshop-collage\/\" \/>\n<meta property=\"og:site_name\" content=\"malenki.net\" \/>\n<meta property=\"article:publisher\" content=\"https:\/\/www.facebook.com\/malenki.editionen\/\" \/>\n<meta property=\"article:modified_time\" content=\"2025-11-17T16:48:36+00:00\" \/>\n<meta property=\"og:image\" content=\"https:\/\/malenki.net\/wp-content\/uploads\/2020\/07\/workshop-on-collage-merz-akademie-stuttgart-01.jpg\" \/>\n\t<meta property=\"og:image:width\" content=\"1134\" \/>\n\t<meta property=\"og:image:height\" content=\"850\" \/>\n\t<meta property=\"og:image:type\" content=\"image\/jpeg\" \/>\n<meta name=\"twitter:card\" content=\"summary_large_image\" \/>\n<meta name=\"twitter:label1\" content=\"Gesch\u00e4tzte Lesezeit\" \/>\n\t<meta name=\"twitter:data1\" content=\"1\u00a0Minute\" \/>\n<script type=\"application\/ld+json\" class=\"yoast-schema-graph\">{\"@context\":\"https:\/\/schema.org\",\"@graph\":[{\"@type\":\"WebPage\",\"@id\":\"https:\/\/malenki.net\/de\/vor-ort\/workshop-collage\/\",\"url\":\"https:\/\/malenki.net\/de\/vor-ort\/workshop-collage\/\",\"name\":\"malenki.net | Workshop \u2014 Collage\",\"isPartOf\":{\"@id\":\"https:\/\/malenki.net\/de\/#website\"},\"primaryImageOfPage\":{\"@id\":\"https:\/\/malenki.net\/de\/vor-ort\/workshop-collage\/#primaryimage\"},\"image\":{\"@id\":\"https:\/\/malenki.net\/de\/vor-ort\/workshop-collage\/#primaryimage\"},\"thumbnailUrl\":\"https:\/\/malenki.net\/wp-content\/uploads\/2020\/07\/workshop-on-collage-merz-akademie-stuttgart-01.jpg\",\"datePublished\":\"2020-06-24T22:03:44+00:00\",\"dateModified\":\"2025-11-17T16:48:36+00:00\",\"description\":\"Impressionen vom Workshop zum Thema Collage mit Katrin Kamrau an der Merz Akademie \u2013 Hochschule f\u00fcr Gestaltung, Kunst und Medien, Stuttgart im Jahr 2018\",\"breadcrumb\":{\"@id\":\"https:\/\/malenki.net\/de\/vor-ort\/workshop-collage\/#breadcrumb\"},\"inLanguage\":\"de\",\"potentialAction\":[{\"@type\":\"ReadAction\",\"target\":[\"https:\/\/malenki.net\/de\/vor-ort\/workshop-collage\/\"]}]},{\"@type\":\"ImageObject\",\"inLanguage\":\"de\",\"@id\":\"https:\/\/malenki.net\/de\/vor-ort\/workshop-collage\/#primaryimage\",\"url\":\"https:\/\/malenki.net\/wp-content\/uploads\/2020\/07\/workshop-on-collage-merz-akademie-stuttgart-01.jpg\",\"contentUrl\":\"https:\/\/malenki.net\/wp-content\/uploads\/2020\/07\/workshop-on-collage-merz-akademie-stuttgart-01.jpg\",\"width\":1134,\"height\":850,\"caption\":\"\u00a9 Katrin Kamrau\"},{\"@type\":\"BreadcrumbList\",\"@id\":\"https:\/\/malenki.net\/de\/vor-ort\/workshop-collage\/#breadcrumb\",\"itemListElement\":[{\"@type\":\"ListItem\",\"position\":1,\"name\":\"Home\",\"item\":\"https:\/\/malenki.net\/de\/\"},{\"@type\":\"ListItem\",\"position\":2,\"name\":\"Vor Ort\",\"item\":\"https:\/\/malenki.net\/de\/vor-ort\/\"},{\"@type\":\"ListItem\",\"position\":3,\"name\":\"Workshop \u2014 Collage\"}]},{\"@type\":\"WebSite\",\"@id\":\"https:\/\/malenki.net\/de\/#website\",\"url\":\"https:\/\/malenki.net\/de\/\",\"name\":\"malenki.net\",\"description\":\"Fotografie Editionen\",\"publisher\":{\"@id\":\"https:\/\/malenki.net\/de\/#organization\"},\"potentialAction\":[{\"@type\":\"SearchAction\",\"target\":{\"@type\":\"EntryPoint\",\"urlTemplate\":\"https:\/\/malenki.net\/de\/?s={search_term_string}\"},\"query-input\":{\"@type\":\"PropertyValueSpecification\",\"valueRequired\":true,\"valueName\":\"search_term_string\"}}],\"inLanguage\":\"de\"},{\"@type\":\"Organization\",\"@id\":\"https:\/\/malenki.net\/de\/#organization\",\"name\":\"malenki.net\",\"url\":\"https:\/\/malenki.net\/de\/\",\"logo\":{\"@type\":\"ImageObject\",\"inLanguage\":\"de\",\"@id\":\"https:\/\/malenki.net\/de\/#\/schema\/logo\/image\/\",\"url\":\"https:\/\/malenki.net\/wp-content\/uploads\/2023\/03\/malenki-logo-2019.gif\",\"contentUrl\":\"https:\/\/malenki.net\/wp-content\/uploads\/2023\/03\/malenki-logo-2019.gif\",\"width\":524,\"height\":138,\"caption\":\"malenki.net\"},\"image\":{\"@id\":\"https:\/\/malenki.net\/de\/#\/schema\/logo\/image\/\"},\"sameAs\":[\"https:\/\/www.facebook.com\/malenki.editionen\/\",\"https:\/\/www.instagram.com\/malenkinet\/\"]}]}<\/script>\n<!-- \/ Yoast SEO plugin. -->","yoast_head_json":{"title":"malenki.net | Workshop \u2014 Collage","description":"Impressionen vom Workshop zum Thema Collage mit Katrin Kamrau an der Merz Akademie \u2013 Hochschule f\u00fcr Gestaltung, Kunst und Medien, Stuttgart im Jahr 2018","robots":{"index":"index","follow":"follow","max-snippet":"max-snippet:-1","max-image-preview":"max-image-preview:large","max-video-preview":"max-video-preview:-1"},"canonical":"https:\/\/malenki.net\/de\/vor-ort\/workshop-collage\/","og_locale":"de_DE","og_type":"article","og_title":"malenki.net | Workshop \u2014 Collage","og_description":"Impressionen vom Workshop zum Thema Collage mit Katrin Kamrau an der Merz Akademie \u2013 Hochschule f\u00fcr Gestaltung, Kunst und Medien, Stuttgart im Jahr 2018","og_url":"https:\/\/malenki.net\/de\/vor-ort\/workshop-collage\/","og_site_name":"malenki.net","article_publisher":"https:\/\/www.facebook.com\/malenki.editionen\/","article_modified_time":"2025-11-17T16:48:36+00:00","og_image":[{"width":1134,"height":850,"url":"https:\/\/malenki.net\/wp-content\/uploads\/2020\/07\/workshop-on-collage-merz-akademie-stuttgart-01.jpg","type":"image\/jpeg"}],"twitter_card":"summary_large_image","twitter_misc":{"Gesch\u00e4tzte Lesezeit":"1\u00a0Minute"},"schema":{"@context":"https:\/\/schema.org","@graph":[{"@type":"WebPage","@id":"https:\/\/malenki.net\/de\/vor-ort\/workshop-collage\/","url":"https:\/\/malenki.net\/de\/vor-ort\/workshop-collage\/","name":"malenki.net | Workshop \u2014 Collage","isPartOf":{"@id":"https:\/\/malenki.net\/de\/#website"},"primaryImageOfPage":{"@id":"https:\/\/malenki.net\/de\/vor-ort\/workshop-collage\/#primaryimage"},"image":{"@id":"https:\/\/malenki.net\/de\/vor-ort\/workshop-collage\/#primaryimage"},"thumbnailUrl":"https:\/\/malenki.net\/wp-content\/uploads\/2020\/07\/workshop-on-collage-merz-akademie-stuttgart-01.jpg","datePublished":"2020-06-24T22:03:44+00:00","dateModified":"2025-11-17T16:48:36+00:00","description":"Impressionen vom Workshop zum Thema Collage mit Katrin Kamrau an der Merz Akademie \u2013 Hochschule f\u00fcr Gestaltung, Kunst und Medien, Stuttgart im Jahr 2018","breadcrumb":{"@id":"https:\/\/malenki.net\/de\/vor-ort\/workshop-collage\/#breadcrumb"},"inLanguage":"de","potentialAction":[{"@type":"ReadAction","target":["https:\/\/malenki.net\/de\/vor-ort\/workshop-collage\/"]}]},{"@type":"ImageObject","inLanguage":"de","@id":"https:\/\/malenki.net\/de\/vor-ort\/workshop-collage\/#primaryimage","url":"https:\/\/malenki.net\/wp-content\/uploads\/2020\/07\/workshop-on-collage-merz-akademie-stuttgart-01.jpg","contentUrl":"https:\/\/malenki.net\/wp-content\/uploads\/2020\/07\/workshop-on-collage-merz-akademie-stuttgart-01.jpg","width":1134,"height":850,"caption":"\u00a9 Katrin Kamrau"},{"@type":"BreadcrumbList","@id":"https:\/\/malenki.net\/de\/vor-ort\/workshop-collage\/#breadcrumb","itemListElement":[{"@type":"ListItem","position":1,"name":"Home","item":"https:\/\/malenki.net\/de\/"},{"@type":"ListItem","position":2,"name":"Vor Ort","item":"https:\/\/malenki.net\/de\/vor-ort\/"},{"@type":"ListItem","position":3,"name":"Workshop \u2014 Collage"}]},{"@type":"WebSite","@id":"https:\/\/malenki.net\/de\/#website","url":"https:\/\/malenki.net\/de\/","name":"malenki.net","description":"Fotografie Editionen","publisher":{"@id":"https:\/\/malenki.net\/de\/#organization"},"potentialAction":[{"@type":"SearchAction","target":{"@type":"EntryPoint","urlTemplate":"https:\/\/malenki.net\/de\/?s={search_term_string}"},"query-input":{"@type":"PropertyValueSpecification","valueRequired":true,"valueName":"search_term_string"}}],"inLanguage":"de"},{"@type":"Organization","@id":"https:\/\/malenki.net\/de\/#organization","name":"malenki.net","url":"https:\/\/malenki.net\/de\/","logo":{"@type":"ImageObject","inLanguage":"de","@id":"https:\/\/malenki.net\/de\/#\/schema\/logo\/image\/","url":"https:\/\/malenki.net\/wp-content\/uploads\/2023\/03\/malenki-logo-2019.gif","contentUrl":"https:\/\/malenki.net\/wp-content\/uploads\/2023\/03\/malenki-logo-2019.gif","width":524,"height":138,"caption":"malenki.net"},"image":{"@id":"https:\/\/malenki.net\/de\/#\/schema\/logo\/image\/"},"sameAs":["https:\/\/www.facebook.com\/malenki.editionen\/","https:\/\/www.instagram.com\/malenkinet\/"]}]}},"wps_subtitle":"Merz Akademie - Hochschule f\u00fcr angewandte Kunst, Gestaltung und Medien Stuttgart","_links":{"self":[{"href":"https:\/\/malenki.net\/de\/wp-json\/wp\/v2\/pages\/11782","targetHints":{"allow":["GET"]}}],"collection":[{"href":"https:\/\/malenki.net\/de\/wp-json\/wp\/v2\/pages"}],"about":[{"href":"https:\/\/malenki.net\/de\/wp-json\/wp\/v2\/types\/page"}],"author":[{"embeddable":true,"href":"https:\/\/malenki.net\/de\/wp-json\/wp\/v2\/users\/3"}],"replies":[{"embeddable":true,"href":"https:\/\/malenki.net\/de\/wp-json\/wp\/v2\/comments?post=11782"}],"version-history":[{"count":1,"href":"https:\/\/malenki.net\/de\/wp-json\/wp\/v2\/pages\/11782\/revisions"}],"predecessor-version":[{"id":11783,"href":"https:\/\/malenki.net\/de\/wp-json\/wp\/v2\/pages\/11782\/revisions\/11783"}],"up":[{"embeddable":true,"href":"https:\/\/malenki.net\/de\/wp-json\/wp\/v2\/pages\/5176"}],"wp:featuredmedia":[{"embeddable":true,"href":"https:\/\/malenki.net\/de\/wp-json\/wp\/v2\/media\/8395"}],"wp:attachment":[{"href":"https:\/\/malenki.net\/de\/wp-json\/wp\/v2\/media?parent=11782"}],"wp:term":[{"taxonomy":"category","embeddable":true,"href":"https:\/\/malenki.net\/de\/wp-json\/wp\/v2\/categories?post=11782"},{"taxonomy":"post_tag","embeddable":true,"href":"https:\/\/malenki.net\/de\/wp-json\/wp\/v2\/tags?post=11782"}],"curies":[{"name":"wp","href":"https:\/\/api.w.org\/{rel}","templated":true}]}}